{"id":7435,"date":"2025-08-20T16:36:50","date_gmt":"2025-08-20T13:36:50","guid":{"rendered":"https:\/\/ecostera.com\/dk\/product\/gennemsigtigt-lingeri\/"},"modified":"2025-09-12T14:56:53","modified_gmt":"2025-09-12T11:56:53","slug":"gennemsigtigt-lingeri","status":"publish","type":"product","link":"https:\/\/ecostera.com\/dk\/product\/gennemsigtigt-lingeri\/","title":{"rendered":"Gennemsigtigt lingeri"},"content":{"rendered":"<p style=\"text-align: center\" data-start=\"99\" data-end=\"159\"><strong>Forf\u00f8relse m\u00f8der elegance i \u00e9t uimodst\u00e5eligt stykke \ud83d\udc8b\u2728<\/strong><\/p>\n<p style=\"text-align: center\" data-start=\"160\" data-end=\"437\">Dette gennemsigtige lingeri er designet til at f\u00e5 dig til at f\u00f8le dig selvsikker og ubesv\u00e6ret smuk. Med delikate blomsterblonder, et flatterende snit og en behagelig pasform er det perfekt til romantiske aftener eller til at tilf\u00f8je et strejf af glamour til din lingerisamling.<\/p>\n<p data-start=\"160\" data-end=\"437\"><img decoding=\"async\" class=\"size-full wp-image-31202 aligncenter\" src=\"https:\/\/keluvo.com\/template\/wp-content\/uploads\/sites\/5\/2025\/08\/Screenshot_1.png\" alt=\"\" \/><\/p>\n<h2 style=\"text-align: center\" data-start=\"444\" data-end=\"466\"><strong>Hovedfordele<\/strong><\/h2>\n<p data-start=\"469\" data-end=\"514\">\ud83c\udf38 Elegant blomstret blonde med gennemsigtige detaljer<\/p>\n<p data-start=\"517\" data-end=\"569\">\ud83d\udd25 Flatterende dyb V-udsk\u00e6ring<\/p>\n<p data-start=\"572\" data-end=\"622\">\ud83e\udeb6 Bl\u00f8dt, \u00e5ndbart stof til komfort hele natten<\/p>\n<p data-start=\"625\" data-end=\"700\">\ud83d\udc57 Alsidig &#8211; brug som lingeri eller under en blazer for et dristigt outfit<\/p>\n<p data-start=\"703\" data-end=\"758\">\ud83e\uddf5 Kvalitetss\u00f8mme for holdbarhed og perfekt pasform<\/p>\n<p data-start=\"703\" data-end=\"758\"><img decoding=\"async\" class=\"size-full wp-image-31206 aligncenter\" src=\"https:\/\/keluvo.com\/template\/wp-content\/uploads\/sites\/5\/2025\/08\/cffb2bc2059c9b07fe8de004f81ef1c4_800x.webp\" alt=\"\" \/><\/p>\n<h2 style=\"text-align: center\" data-start=\"765\" data-end=\"784\"><strong>S\u00e5dan bruges<\/strong><\/h2>\n<ol data-start=\"785\" data-end=\"950\">\n<li data-start=\"785\" data-end=\"843\">\n<p data-start=\"788\" data-end=\"843\">Slid ind i lingeriet, og juster stropperne for komfort.<\/p>\n<\/li>\n<li data-start=\"900\" data-end=\"950\">\n<p data-start=\"903\" data-end=\"950\">H\u00e5ndvask efter brug for at bevare blondernes kvalitet.<\/p>\n<\/li>\n<\/ol>\n<h2 style=\"text-align: center\" data-start=\"957\" data-end=\"981\"><strong>Produktdetaljer<\/strong><\/h2>\n<ul data-start=\"982\" data-end=\"1188\">\n<li data-start=\"982\" data-end=\"1022\">\n<p data-start=\"984\" data-end=\"1022\">Materiale: 95% polyester, 5% elastan<\/p>\n<\/li>\n<li data-start=\"1023\" data-end=\"1079\">\n<p data-start=\"1025\" data-end=\"1079\">St\u00f8rrelser: S, M, L, XL, XXL (se st\u00f8rrelsestabellen for m\u00e5l)<\/p>\n<\/li>\n<li data-start=\"1080\" data-end=\"1118\">\n<p data-start=\"1082\" data-end=\"1118\">Lukning: Trykknap i bunden<\/p>\n<\/li>\n<li data-start=\"1136\" data-end=\"1188\">\n<p data-start=\"1138\" data-end=\"1188\">Stretch: Let elasticitet for en behagelig pasform<\/p>\n<\/li>\n<\/ul>\n<h2 style=\"text-align: center\" data-start=\"1195\" data-end=\"1220\"><strong>Pakken indeholder<\/strong><\/h2>\n<ul data-start=\"1221\" data-end=\"1258\">\n<li data-start=\"1221\" data-end=\"1258\">\n<p data-start=\"1223\" data-end=\"1258\">1x gennemsigtigt lingeri.<\/p>\n<\/li>\n<\/ul>\n","protected":false},"excerpt":{"rendered":"<p>Forf\u00f8relse m\u00f8der elegance i \u00e9t uimodst\u00e5eligt stykke \ud83d\udc8b\u2728 Dette gennemsigtige lingeri er designet til at f\u00e5 dig til at f\u00f8le [&hellip;]<\/p>\n","protected":false},"featured_media":7431,"comment_status":"open","ping_status":"closed","template":"","meta":{"site-sidebar-layout":"default","site-content-layout":"","ast-site-content-layout":"default","site-content-style":"default","site-sidebar-style":"default","ast-global-header-display":"","ast-banner-title-visibility":"","ast-main-header-display":"","ast-hfb-above-header-display":"","ast-hfb-below-header-display":"","ast-hfb-mobile-header-display":"","site-post-title":"","ast-breadcrumbs-content":"","ast-featured-img":"","footer-sml-layout":"","theme-transparent-header-meta":"default","adv-header-id-meta":"","stick-header-meta":"","header-above-stick-meta":"","header-main-stick-meta":"","header-below-stick-meta":"","astra-migrate-meta-layouts":"set","ast-page-background-enabled":"default","ast-page-background-meta":{"desktop":{"background-color":"var(--ast-global-color-5)","background-image":"","background-repeat":"repeat","background-position":"center center","background-size":"auto","background-attachment":"scroll","background-type":"","background-media":"","overlay-type":"","overlay-color":"","overlay-opacity":"","overlay-gradient":""},"tablet":{"background-color":"","background-image":"","background-repeat":"repeat","background-position":"center center","background-size":"auto","background-attachment":"scroll","background-type":"","background-media":"","overlay-type":"","overlay-color":"","overlay-opacity":"","overlay-gradient":""},"mobile":{"background-color":"","background-image":"","background-repeat":"repeat","background-position":"center center","background-size":"auto","background-attachment":"scroll","background-type":"","background-media":"","overlay-type":"","overlay-color":"","overlay-opacity":"","overlay-gradient":""}},"ast-content-background-meta":{"desktop":{"background-color":"var(--ast-global-color-4)","background-image":"","background-repeat":"repeat","background-position":"center center","background-size":"auto","background-attachment":"scroll","background-type":"","background-media":"","overlay-type":"","overlay-color":"","overlay-opacity":"","overlay-gradient":""},"tablet":{"background-color":"var(--ast-global-color-4)","background-image":"","background-repeat":"repeat","background-position":"center center","background-size":"auto","background-attachment":"scroll","background-type":"","background-media":"","overlay-type":"","overlay-color":"","overlay-opacity":"","overlay-gradient":""},"mobile":{"background-color":"var(--ast-global-color-4)","background-image":"","background-repeat":"repeat","background-position":"center center","background-size":"auto","background-attachment":"scroll","background-type":"","background-media":"","overlay-type":"","overlay-color":"","overlay-opacity":"","overlay-gradient":""}}},"product_brand":[],"product_cat":[19],"product_tag":[],"class_list":{"0":"post-7435","1":"product","2":"type-product","3":"status-publish","4":"has-post-thumbnail","6":"product_cat-uncategorized","7":"pa_48259_bkaas46h-blaa","8":"pa_48259_bkaas46h-groen","9":"pa_48259_bkaas46h-hvid","10":"pa_48259_bkaas46h-roed","11":"pa_48259_bkaas46h-roedvin","12":"pa_48259_bkaas46h-sort","13":"pa_48259_xw5wg0qu-l","14":"pa_48259_xw5wg0qu-m","15":"pa_48259_xw5wg0qu-s","16":"pa_48259_xw5wg0qu-xl","17":"pa_48259_xw5wg0qu-xxl","18":"desktop-align-left","19":"tablet-align-left","20":"mobile-align-left","22":"first","23":"instock","24":"shipping-taxable","25":"purchasable","26":"product-type-variable","27":"has-default-attributes"},"_links":{"self":[{"href":"https:\/\/ecostera.com\/dk\/wp-json\/wp\/v2\/product\/7435","targetHints":{"allow":["GET"]}}],"collection":[{"href":"https:\/\/ecostera.com\/dk\/wp-json\/wp\/v2\/product"}],"about":[{"href":"https:\/\/ecostera.com\/dk\/wp-json\/wp\/v2\/types\/product"}],"replies":[{"embeddable":true,"href":"https:\/\/ecostera.com\/dk\/wp-json\/wp\/v2\/comments?post=7435"}],"wp:featuredmedia":[{"embeddable":true,"href":"https:\/\/ecostera.com\/dk\/wp-json\/wp\/v2\/media\/7431"}],"wp:attachment":[{"href":"https:\/\/ecostera.com\/dk\/wp-json\/wp\/v2\/media?parent=7435"}],"wp:term":[{"taxonomy":"product_brand","embeddable":true,"href":"https:\/\/ecostera.com\/dk\/wp-json\/wp\/v2\/product_brand?post=7435"},{"taxonomy":"product_cat","embeddable":true,"href":"https:\/\/ecostera.com\/dk\/wp-json\/wp\/v2\/product_cat?post=7435"},{"taxonomy":"product_tag","embeddable":true,"href":"https:\/\/ecostera.com\/dk\/wp-json\/wp\/v2\/product_tag?post=7435"}],"curies":[{"name":"wp","href":"https:\/\/api.w.org\/{rel}","templated":true}]}}