{"id":7783,"date":"2025-08-25T16:41:04","date_gmt":"2025-08-25T13:41:04","guid":{"rendered":"https:\/\/ecostera.com\/dk\/product\/afloebsholder-til-vask\/"},"modified":"2025-08-25T16:41:34","modified_gmt":"2025-08-25T13:41:34","slug":"afloebsholder-til-vask","status":"publish","type":"product","link":"https:\/\/ecostera.com\/dk\/product\/afloebsholder-til-vask\/","title":{"rendered":"Afl\u00f8bsholder til vask"},"content":{"rendered":"<h2 style=\"text-align: center\" data-start=\"0\" data-end=\"31\">St\u00e6rk og Rustbestandig<\/h2>\n<p style=\"text-align: center\" data-start=\"32\" data-end=\"218\">Vaskens afl\u00f8bsholder er lavet af rustfrit st\u00e5l, hvilket g\u00f8r den st\u00e6rk og langtidsholdbar. Det modst\u00e5r rust, selv under v\u00e5de k\u00f8kkenforhold. Det sikrer en p\u00e5lidelig og holdbar t\u00f8rrel\u00f8sning.<\/p>\n<p data-start=\"32\" data-end=\"218\"><img decoding=\"async\" class=\"alignnone size-medium wp-image-12169 aligncenter\" src=\"https:\/\/keluvo.com\/template\/wp-content\/uploads\/sites\/5\/2025\/03\/Se229d8b4f0cc41bea1280818bfea52c2C.jpeg\" alt=\"\" \/><\/p>\n<h2 style=\"text-align: center\" data-start=\"220\" data-end=\"251\">Sammenklappelig for Nem Opbevaring<\/h2>\n<p style=\"text-align: center\" data-start=\"252\" data-end=\"425\">Dette afl\u00f8bsstativ til vasken kan klappes sammen, n\u00e5r det ikke er i brug. Det fylder ikke meget, hvilket g\u00f8r det perfekt til sm\u00e5 k\u00f8kkener. Du skal blot rulle det sammen og opbevare det i en skuffe, n\u00e5r du har brug for det.<\/p>\n<p data-start=\"252\" data-end=\"425\"><img decoding=\"async\" class=\"alignnone size-medium wp-image-12163 aligncenter\" src=\"https:\/\/keluvo.com\/template\/wp-content\/uploads\/sites\/5\/2025\/03\/S1d1ce5d9812e46b88d33436fb12327084.jpeg\" alt=\"\" \/><\/p>\n","protected":false},"excerpt":{"rendered":"<p>St\u00e6rk og Rustbestandig Vaskens afl\u00f8bsholder er lavet af rustfrit st\u00e5l, hvilket g\u00f8r den st\u00e6rk og langtidsholdbar. Det modst\u00e5r rust, selv [&hellip;]<\/p>\n","protected":false},"featured_media":7779,"comment_status":"open","ping_status":"closed","template":"","meta":{"site-sidebar-layout":"default","site-content-layout":"","ast-site-content-layout":"default","site-content-style":"default","site-sidebar-style":"default","ast-global-header-display":"","ast-banner-title-visibility":"","ast-main-header-display":"","ast-hfb-above-header-display":"","ast-hfb-below-header-display":"","ast-hfb-mobile-header-display":"","site-post-title":"","ast-breadcrumbs-content":"","ast-featured-img":"","footer-sml-layout":"","theme-transparent-header-meta":"default","adv-header-id-meta":"","stick-header-meta":"","header-above-stick-meta":"","header-main-stick-meta":"","header-below-stick-meta":"","astra-migrate-meta-layouts":"set","ast-page-background-enabled":"default","ast-page-background-meta":{"desktop":{"background-color":"var(--ast-global-color-5)","background-image":"","background-repeat":"repeat","background-position":"center center","background-size":"auto","background-attachment":"scroll","background-type":"","background-media":"","overlay-type":"","overlay-color":"","overlay-opacity":"","overlay-gradient":""},"tablet":{"background-color":"","background-image":"","background-repeat":"repeat","background-position":"center center","background-size":"auto","background-attachment":"scroll","background-type":"","background-media":"","overlay-type":"","overlay-color":"","overlay-opacity":"","overlay-gradient":""},"mobile":{"background-color":"","background-image":"","background-repeat":"repeat","background-position":"center center","background-size":"auto","background-attachment":"scroll","background-type":"","background-media":"","overlay-type":"","overlay-color":"","overlay-opacity":"","overlay-gradient":""}},"ast-content-background-meta":{"desktop":{"background-color":"var(--ast-global-color-4)","background-image":"","background-repeat":"repeat","background-position":"center center","background-size":"auto","background-attachment":"scroll","background-type":"","background-media":"","overlay-type":"","overlay-color":"","overlay-opacity":"","overlay-gradient":""},"tablet":{"background-color":"var(--ast-global-color-4)","background-image":"","background-repeat":"repeat","background-position":"center center","background-size":"auto","background-attachment":"scroll","background-type":"","background-media":"","overlay-type":"","overlay-color":"","overlay-opacity":"","overlay-gradient":""},"mobile":{"background-color":"var(--ast-global-color-4)","background-image":"","background-repeat":"repeat","background-position":"center center","background-size":"auto","background-attachment":"scroll","background-type":"","background-media":"","overlay-type":"","overlay-color":"","overlay-opacity":"","overlay-gradient":""}}},"product_brand":[],"product_cat":[19],"product_tag":[],"class_list":{"0":"post-7783","1":"product","2":"type-product","3":"status-publish","4":"has-post-thumbnail","6":"product_cat-uncategorized","7":"pa_21113_58ac8bwh-groen","8":"pa_21113_58ac8bwh-sort","9":"pa_21113_sr23y3og-22x37cm","10":"pa_21113_sr23y3og-22x47cm","11":"pa_21113_sr23y3og-28x37cm","12":"pa_21113_sr23y3og-28x47cm","13":"desktop-align-left","14":"tablet-align-left","15":"mobile-align-left","17":"first","18":"instock","19":"shipping-taxable","20":"purchasable","21":"product-type-variable","22":"has-default-attributes"},"_links":{"self":[{"href":"https:\/\/ecostera.com\/dk\/wp-json\/wp\/v2\/product\/7783","targetHints":{"allow":["GET"]}}],"collection":[{"href":"https:\/\/ecostera.com\/dk\/wp-json\/wp\/v2\/product"}],"about":[{"href":"https:\/\/ecostera.com\/dk\/wp-json\/wp\/v2\/types\/product"}],"replies":[{"embeddable":true,"href":"https:\/\/ecostera.com\/dk\/wp-json\/wp\/v2\/comments?post=7783"}],"wp:featuredmedia":[{"embeddable":true,"href":"https:\/\/ecostera.com\/dk\/wp-json\/wp\/v2\/media\/7779"}],"wp:attachment":[{"href":"https:\/\/ecostera.com\/dk\/wp-json\/wp\/v2\/media?parent=7783"}],"wp:term":[{"taxonomy":"product_brand","embeddable":true,"href":"https:\/\/ecostera.com\/dk\/wp-json\/wp\/v2\/product_brand?post=7783"},{"taxonomy":"product_cat","embeddable":true,"href":"https:\/\/ecostera.com\/dk\/wp-json\/wp\/v2\/product_cat?post=7783"},{"taxonomy":"product_tag","embeddable":true,"href":"https:\/\/ecostera.com\/dk\/wp-json\/wp\/v2\/product_tag?post=7783"}],"curies":[{"name":"wp","href":"https:\/\/api.w.org\/{rel}","templated":true}]}}