{"id":7815,"date":"2025-08-25T16:42:29","date_gmt":"2025-08-25T13:42:29","guid":{"rendered":"https:\/\/ecostera.com\/dk\/product\/vaerktoej-til-fjernelse-af-ukrudt-2\/"},"modified":"2025-08-25T16:42:29","modified_gmt":"2025-08-25T13:42:29","slug":"vaerktoej-til-fjernelse-af-ukrudt-2","status":"publish","type":"product","link":"https:\/\/ecostera.com\/dk\/product\/vaerktoej-til-fjernelse-af-ukrudt-2\/","title":{"rendered":"V\u00e6rkt\u00f8j til fjernelse af ukrudt"},"content":{"rendered":"<h2 style=\"text-align: center\" data-start=\"0\" data-end=\"33\">Fjerner Ukrudt Hurtigt Og Nemt<\/h2>\n<p style=\"text-align: center\" data-start=\"34\" data-end=\"233\">Ukrudtfjerneren hj\u00e6lper dig med at slippe af med ukrudt hurtigt og med mindre indsats. Den sk\u00e6rer let gennem tykt gr\u00e6s og sm\u00e5 buske. Det f\u00e5r din have eller gr\u00e6spl\u00e6ne til at se ren og p\u00e6n ud p\u00e5 ingen tid.<\/p>\n<p data-start=\"34\" data-end=\"233\"><img decoding=\"async\" class=\"alignnone size-medium wp-image-12012 aligncenter\" src=\"https:\/\/keluvo.com\/template\/wp-content\/uploads\/sites\/5\/2025\/03\/S4f607dccfbe540ff8ac9aeca973188632.jpg_960x960q75.jpg_.jpeg\" alt=\"\" \/><\/p>\n<h2 style=\"text-align: center\" data-start=\"235\" data-end=\"264\">St\u00e6rk Og Langtidsholdbar<\/h2>\n<p style=\"text-align: center\" data-start=\"265\" data-end=\"446\">Lavet af h\u00e5rdt jern og st\u00e6rkt st\u00e5l er dette v\u00e6rkt\u00f8j bygget til at holde. Det forbliver skarpt selv efter mange anvendelser. Du kan stole p\u00e5, at det fjerner ukrudt uden at g\u00e5 i stykker eller blive slidt for tidligt.<\/p>\n<p data-start=\"265\" data-end=\"446\"><img decoding=\"async\" class=\"alignnone size-medium wp-image-12009 aligncenter\" src=\"https:\/\/keluvo.com\/template\/wp-content\/uploads\/sites\/5\/2025\/03\/5db7a7f9-f981-45f3-8c8d-993dc8bf98e4.webp\" alt=\"\" \/><\/p>\n","protected":false},"excerpt":{"rendered":"<p>Fjerner Ukrudt Hurtigt Og Nemt Ukrudtfjerneren hj\u00e6lper dig med at slippe af med ukrudt hurtigt og med mindre indsats. Den [&hellip;]<\/p>\n","protected":false},"featured_media":7811,"comment_status":"open","ping_status":"closed","template":"","meta":{"site-sidebar-layout":"default","site-content-layout":"","ast-site-content-layout":"default","site-content-style":"default","site-sidebar-style":"default","ast-global-header-display":"","ast-banner-title-visibility":"","ast-main-header-display":"","ast-hfb-above-header-display":"","ast-hfb-below-header-display":"","ast-hfb-mobile-header-display":"","site-post-title":"","ast-breadcrumbs-content":"","ast-featured-img":"","footer-sml-layout":"","theme-transparent-header-meta":"default","adv-header-id-meta":"","stick-header-meta":"","header-above-stick-meta":"","header-main-stick-meta":"","header-below-stick-meta":"","astra-migrate-meta-layouts":"set","ast-page-background-enabled":"default","ast-page-background-meta":{"desktop":{"background-color":"var(--ast-global-color-5)","background-image":"","background-repeat":"repeat","background-position":"center center","background-size":"auto","background-attachment":"scroll","background-type":"","background-media":"","overlay-type":"","overlay-color":"","overlay-opacity":"","overlay-gradient":""},"tablet":{"background-color":"","background-image":"","background-repeat":"repeat","background-position":"center center","background-size":"auto","background-attachment":"scroll","background-type":"","background-media":"","overlay-type":"","overlay-color":"","overlay-opacity":"","overlay-gradient":""},"mobile":{"background-color":"","background-image":"","background-repeat":"repeat","background-position":"center center","background-size":"auto","background-attachment":"scroll","background-type":"","background-media":"","overlay-type":"","overlay-color":"","overlay-opacity":"","overlay-gradient":""}},"ast-content-background-meta":{"desktop":{"background-color":"var(--ast-global-color-4)","background-image":"","background-repeat":"repeat","background-position":"center center","background-size":"auto","background-attachment":"scroll","background-type":"","background-media":"","overlay-type":"","overlay-color":"","overlay-opacity":"","overlay-gradient":""},"tablet":{"background-color":"var(--ast-global-color-4)","background-image":"","background-repeat":"repeat","background-position":"center center","background-size":"auto","background-attachment":"scroll","background-type":"","background-media":"","overlay-type":"","overlay-color":"","overlay-opacity":"","overlay-gradient":""},"mobile":{"background-color":"var(--ast-global-color-4)","background-image":"","background-repeat":"repeat","background-position":"center center","background-size":"auto","background-attachment":"scroll","background-type":"","background-media":"","overlay-type":"","overlay-color":"","overlay-opacity":"","overlay-gradient":""}}},"product_brand":[],"product_cat":[19],"product_tag":[],"class_list":{"0":"post-7815","1":"product","2":"type-product","3":"status-publish","4":"has-post-thumbnail","6":"product_cat-uncategorized","7":"desktop-align-left","8":"tablet-align-left","9":"mobile-align-left","11":"first","12":"instock","13":"shipping-taxable","14":"purchasable","15":"product-type-simple"},"_links":{"self":[{"href":"https:\/\/ecostera.com\/dk\/wp-json\/wp\/v2\/product\/7815","targetHints":{"allow":["GET"]}}],"collection":[{"href":"https:\/\/ecostera.com\/dk\/wp-json\/wp\/v2\/product"}],"about":[{"href":"https:\/\/ecostera.com\/dk\/wp-json\/wp\/v2\/types\/product"}],"replies":[{"embeddable":true,"href":"https:\/\/ecostera.com\/dk\/wp-json\/wp\/v2\/comments?post=7815"}],"wp:featuredmedia":[{"embeddable":true,"href":"https:\/\/ecostera.com\/dk\/wp-json\/wp\/v2\/media\/7811"}],"wp:attachment":[{"href":"https:\/\/ecostera.com\/dk\/wp-json\/wp\/v2\/media?parent=7815"}],"wp:term":[{"taxonomy":"product_brand","embeddable":true,"href":"https:\/\/ecostera.com\/dk\/wp-json\/wp\/v2\/product_brand?post=7815"},{"taxonomy":"product_cat","embeddable":true,"href":"https:\/\/ecostera.com\/dk\/wp-json\/wp\/v2\/product_cat?post=7815"},{"taxonomy":"product_tag","embeddable":true,"href":"https:\/\/ecostera.com\/dk\/wp-json\/wp\/v2\/product_tag?post=7815"}],"curies":[{"name":"wp","href":"https:\/\/api.w.org\/{rel}","templated":true}]}}