{"id":7842,"date":"2025-08-25T16:43:55","date_gmt":"2025-08-25T13:43:55","guid":{"rendered":"https:\/\/ecostera.com\/dk\/product\/baerbar-led-bordlampe\/"},"modified":"2025-08-25T16:43:55","modified_gmt":"2025-08-25T13:43:55","slug":"baerbar-led-bordlampe","status":"publish","type":"product","link":"https:\/\/ecostera.com\/dk\/product\/baerbar-led-bordlampe\/","title":{"rendered":"B\u00e6rbar LED-bordlampe"},"content":{"rendered":"<h2 style=\"text-align: center\">Elegant Og Moderne Design<\/h2>\n<p style=\"text-align: center\">Den b\u00e6rbare LED-bordlampe har et krystaldesign, der giver et strejf af elegance til ethvert rum. Dens slanke og moderne udseende g\u00f8r den perfekt til sovev\u00e6relser, stuer eller som et dekorativt element p\u00e5 bordet. Forbedr stemningen i dit hjem med denne stilfulde lampe.<\/p>\n<p><img decoding=\"async\" class=\"alignnone size-medium wp-image-4677 aligncenter\" src=\"https:\/\/keluvo.com\/template\/wp-content\/uploads\/sites\/5\/2024\/12\/Sd1d337edfc8e4310b41689b45d0b9ec6f.webp\" alt=\"\" \/><\/p>\n<h2 style=\"text-align: center\">Justerbare Belysningsmuligheder<\/h2>\n<p style=\"text-align: center\">Med en 3-vejs d\u00e6mpbar touch-funktion giver den b\u00e6rbare LED-bordlampe dig mulighed for at v\u00e6lge mellem varmt, hvidt og blandet lys. Skift nemt tilstand, s\u00e5 den passer til dit hum\u00f8r eller dine behov, uanset om det er til l\u00e6sning, afslapning eller dekoration. En fuld opladning giver 5-10 timers ledningsfri belysning, afh\u00e6ngigt af tilstanden.<\/p>\n<p><img decoding=\"async\" class=\"alignnone size-medium wp-image-4674 aligncenter\" src=\"https:\/\/keluvo.com\/template\/wp-content\/uploads\/sites\/5\/2024\/12\/Bar-Touch-Table-Lamp-Rechargeable-Wireless-Desk-Lamp-Portable-Bedroom-Night-Light-LED-Decor-Lights-for.jpg_.webp\" alt=\"\" \/><\/p>\n","protected":false},"excerpt":{"rendered":"<p>Elegant Og Moderne Design Den b\u00e6rbare LED-bordlampe har et krystaldesign, der giver et strejf af elegance til ethvert rum. Dens [&hellip;]<\/p>\n","protected":false},"featured_media":7838,"comment_status":"open","ping_status":"closed","template":"","meta":{"site-sidebar-layout":"default","site-content-layout":"","ast-site-content-layout":"default","site-content-style":"default","site-sidebar-style":"default","ast-global-header-display":"","ast-banner-title-visibility":"","ast-main-header-display":"","ast-hfb-above-header-display":"","ast-hfb-below-header-display":"","ast-hfb-mobile-header-display":"","site-post-title":"","ast-breadcrumbs-content":"","ast-featured-img":"","footer-sml-layout":"","theme-transparent-header-meta":"default","adv-header-id-meta":"","stick-header-meta":"","header-above-stick-meta":"","header-main-stick-meta":"","header-below-stick-meta":"","astra-migrate-meta-layouts":"set","ast-page-background-enabled":"default","ast-page-background-meta":{"desktop":{"background-color":"var(--ast-global-color-5)","background-image":"","background-repeat":"repeat","background-position":"center center","background-size":"auto","background-attachment":"scroll","background-type":"","background-media":"","overlay-type":"","overlay-color":"","overlay-opacity":"","overlay-gradient":""},"tablet":{"background-color":"","background-image":"","background-repeat":"repeat","background-position":"center center","background-size":"auto","background-attachment":"scroll","background-type":"","background-media":"","overlay-type":"","overlay-color":"","overlay-opacity":"","overlay-gradient":""},"mobile":{"background-color":"","background-image":"","background-repeat":"repeat","background-position":"center center","background-size":"auto","background-attachment":"scroll","background-type":"","background-media":"","overlay-type":"","overlay-color":"","overlay-opacity":"","overlay-gradient":""}},"ast-content-background-meta":{"desktop":{"background-color":"var(--ast-global-color-4)","background-image":"","background-repeat":"repeat","background-position":"center center","background-size":"auto","background-attachment":"scroll","background-type":"","background-media":"","overlay-type":"","overlay-color":"","overlay-opacity":"","overlay-gradient":""},"tablet":{"background-color":"var(--ast-global-color-4)","background-image":"","background-repeat":"repeat","background-position":"center center","background-size":"auto","background-attachment":"scroll","background-type":"","background-media":"","overlay-type":"","overlay-color":"","overlay-opacity":"","overlay-gradient":""},"mobile":{"background-color":"var(--ast-global-color-4)","background-image":"","background-repeat":"repeat","background-position":"center center","background-size":"auto","background-attachment":"scroll","background-type":"","background-media":"","overlay-type":"","overlay-color":"","overlay-opacity":"","overlay-gradient":""}}},"product_brand":[],"product_cat":[19],"product_tag":[],"class_list":{"0":"post-7842","1":"product","2":"type-product","3":"status-publish","4":"has-post-thumbnail","6":"product_cat-uncategorized","7":"desktop-align-left","8":"tablet-align-left","9":"mobile-align-left","11":"first","12":"instock","13":"shipping-taxable","14":"purchasable","15":"product-type-simple"},"_links":{"self":[{"href":"https:\/\/ecostera.com\/dk\/wp-json\/wp\/v2\/product\/7842","targetHints":{"allow":["GET"]}}],"collection":[{"href":"https:\/\/ecostera.com\/dk\/wp-json\/wp\/v2\/product"}],"about":[{"href":"https:\/\/ecostera.com\/dk\/wp-json\/wp\/v2\/types\/product"}],"replies":[{"embeddable":true,"href":"https:\/\/ecostera.com\/dk\/wp-json\/wp\/v2\/comments?post=7842"}],"wp:featuredmedia":[{"embeddable":true,"href":"https:\/\/ecostera.com\/dk\/wp-json\/wp\/v2\/media\/7838"}],"wp:attachment":[{"href":"https:\/\/ecostera.com\/dk\/wp-json\/wp\/v2\/media?parent=7842"}],"wp:term":[{"taxonomy":"product_brand","embeddable":true,"href":"https:\/\/ecostera.com\/dk\/wp-json\/wp\/v2\/product_brand?post=7842"},{"taxonomy":"product_cat","embeddable":true,"href":"https:\/\/ecostera.com\/dk\/wp-json\/wp\/v2\/product_cat?post=7842"},{"taxonomy":"product_tag","embeddable":true,"href":"https:\/\/ecostera.com\/dk\/wp-json\/wp\/v2\/product_tag?post=7842"}],"curies":[{"name":"wp","href":"https:\/\/api.w.org\/{rel}","templated":true}]}}