{"id":7847,"date":"2025-08-25T16:44:35","date_gmt":"2025-08-25T13:44:35","guid":{"rendered":"https:\/\/ecostera.com\/dk\/product\/telefonhylster\/"},"modified":"2025-08-25T16:45:05","modified_gmt":"2025-08-25T13:45:05","slug":"telefonhylster","status":"publish","type":"product","link":"https:\/\/ecostera.com\/dk\/product\/telefonhylster\/","title":{"rendered":"Telefonhylster"},"content":{"rendered":"<h2 style=\"text-align: center\" data-start=\"0\" data-end=\"35\">Holdbart og st\u00f8dsikkert design<\/h2>\n<p style=\"text-align: center\" data-start=\"36\" data-end=\"272\">Dette mobiletui giver st\u00e6rk beskyttelse mod fald, st\u00f8d og ridser. Det er lavet af materialer af h\u00f8j kvalitet og holder din telefon sikker, samtidig med at det har en slank profil. De forst\u00e6rkede kanter giver ekstra holdbarhed til hverdagsbrug.<\/p>\n<p data-start=\"36\" data-end=\"272\"><img decoding=\"async\" class=\"alignnone size-medium wp-image-12118 aligncenter\" src=\"https:\/\/keluvo.com\/template\/wp-content\/uploads\/sites\/5\/2025\/03\/Sf504d15b11cb43838c9595fad311e0a2l.jpg_960x960q75.jpg_.jpeg\" alt=\"\" \/><\/p>\n<h2 style=\"text-align: center\" data-start=\"274\" data-end=\"310\">Indbygget stativ for bekvemmelighed<\/h2>\n<p style=\"text-align: center\" data-start=\"311\" data-end=\"506\">Telefonetuiet har et robust indbygget stativ, s\u00e5 du kan se videoer eller foretage videoopkald h\u00e5ndfrit. Stativet er nemt at justere, s\u00e5 du f\u00e5r den perfekte synsvinkel til enhver aktivitet.<\/p>\n<p data-start=\"311\" data-end=\"506\"><img decoding=\"async\" class=\"alignnone size-medium wp-image-12116 aligncenter\" src=\"https:\/\/keluvo.com\/template\/wp-content\/uploads\/sites\/5\/2025\/03\/S1846ad10dea248899ea41782b279aba2o.jpg_960x960q75.jpg_.jpeg\" alt=\"\" \/><\/p>\n","protected":false},"excerpt":{"rendered":"<p>Holdbart og st\u00f8dsikkert design Dette mobiletui giver st\u00e6rk beskyttelse mod fald, st\u00f8d og ridser. Det er lavet af materialer af [&hellip;]<\/p>\n","protected":false},"featured_media":7843,"comment_status":"open","ping_status":"closed","template":"","meta":{"site-sidebar-layout":"default","site-content-layout":"","ast-site-content-layout":"default","site-content-style":"default","site-sidebar-style":"default","ast-global-header-display":"","ast-banner-title-visibility":"","ast-main-header-display":"","ast-hfb-above-header-display":"","ast-hfb-below-header-display":"","ast-hfb-mobile-header-display":"","site-post-title":"","ast-breadcrumbs-content":"","ast-featured-img":"","footer-sml-layout":"","theme-transparent-header-meta":"default","adv-header-id-meta":"","stick-header-meta":"","header-above-stick-meta":"","header-main-stick-meta":"","header-below-stick-meta":"","astra-migrate-meta-layouts":"set","ast-page-background-enabled":"default","ast-page-background-meta":{"desktop":{"background-color":"var(--ast-global-color-5)","background-image":"","background-repeat":"repeat","background-position":"center center","background-size":"auto","background-attachment":"scroll","background-type":"","background-media":"","overlay-type":"","overlay-color":"","overlay-opacity":"","overlay-gradient":""},"tablet":{"background-color":"","background-image":"","background-repeat":"repeat","background-position":"center center","background-size":"auto","background-attachment":"scroll","background-type":"","background-media":"","overlay-type":"","overlay-color":"","overlay-opacity":"","overlay-gradient":""},"mobile":{"background-color":"","background-image":"","background-repeat":"repeat","background-position":"center center","background-size":"auto","background-attachment":"scroll","background-type":"","background-media":"","overlay-type":"","overlay-color":"","overlay-opacity":"","overlay-gradient":""}},"ast-content-background-meta":{"desktop":{"background-color":"var(--ast-global-color-4)","background-image":"","background-repeat":"repeat","background-position":"center center","background-size":"auto","background-attachment":"scroll","background-type":"","background-media":"","overlay-type":"","overlay-color":"","overlay-opacity":"","overlay-gradient":""},"tablet":{"background-color":"var(--ast-global-color-4)","background-image":"","background-repeat":"repeat","background-position":"center center","background-size":"auto","background-attachment":"scroll","background-type":"","background-media":"","overlay-type":"","overlay-color":"","overlay-opacity":"","overlay-gradient":""},"mobile":{"background-color":"var(--ast-global-color-4)","background-image":"","background-repeat":"repeat","background-position":"center center","background-size":"auto","background-attachment":"scroll","background-type":"","background-media":"","overlay-type":"","overlay-color":"","overlay-opacity":"","overlay-gradient":""}}},"product_brand":[],"product_cat":[19],"product_tag":[],"class_list":{"0":"post-7847","1":"product","2":"type-product","3":"status-publish","4":"has-post-thumbnail","6":"product_cat-uncategorized","7":"pa_31725_0gd8090i-groen","8":"pa_31725_0gd8090i-hvid","9":"pa_31725_0gd8090i-roed","10":"pa_31725_0gd8090i-sort","11":"pa_31725_avr4699d-s23-ultra","12":"pa_31725_avr4699d-s24-ultra","13":"pa_31725_avr4699d-s25-ultra","14":"desktop-align-left","15":"tablet-align-left","16":"mobile-align-left","18":"first","19":"instock","20":"shipping-taxable","21":"purchasable","22":"product-type-variable","23":"has-default-attributes"},"_links":{"self":[{"href":"https:\/\/ecostera.com\/dk\/wp-json\/wp\/v2\/product\/7847","targetHints":{"allow":["GET"]}}],"collection":[{"href":"https:\/\/ecostera.com\/dk\/wp-json\/wp\/v2\/product"}],"about":[{"href":"https:\/\/ecostera.com\/dk\/wp-json\/wp\/v2\/types\/product"}],"replies":[{"embeddable":true,"href":"https:\/\/ecostera.com\/dk\/wp-json\/wp\/v2\/comments?post=7847"}],"wp:featuredmedia":[{"embeddable":true,"href":"https:\/\/ecostera.com\/dk\/wp-json\/wp\/v2\/media\/7843"}],"wp:attachment":[{"href":"https:\/\/ecostera.com\/dk\/wp-json\/wp\/v2\/media?parent=7847"}],"wp:term":[{"taxonomy":"product_brand","embeddable":true,"href":"https:\/\/ecostera.com\/dk\/wp-json\/wp\/v2\/product_brand?post=7847"},{"taxonomy":"product_cat","embeddable":true,"href":"https:\/\/ecostera.com\/dk\/wp-json\/wp\/v2\/product_cat?post=7847"},{"taxonomy":"product_tag","embeddable":true,"href":"https:\/\/ecostera.com\/dk\/wp-json\/wp\/v2\/product_tag?post=7847"}],"curies":[{"name":"wp","href":"https:\/\/api.w.org\/{rel}","templated":true}]}}