{"id":7900,"date":"2025-08-25T16:46:57","date_gmt":"2025-08-25T13:46:57","guid":{"rendered":"https:\/\/ecostera.com\/dk\/product\/vaerktoej-til-fjernelse-af-ukrudt-3\/"},"modified":"2025-08-25T16:46:57","modified_gmt":"2025-08-25T13:46:57","slug":"vaerktoej-til-fjernelse-af-ukrudt-3","status":"publish","type":"product","link":"https:\/\/ecostera.com\/dk\/product\/vaerktoej-til-fjernelse-af-ukrudt-3\/","title":{"rendered":"V\u00e6rkt\u00f8j til fjernelse af ukrudt"},"content":{"rendered":"<h2 style=\"text-align: center\" data-start=\"0\" data-end=\"26\">Fjerner nemt ukrudt<\/h2>\n<p style=\"text-align: center\" data-start=\"27\" data-end=\"231\">V\u00e6rkt\u00f8jet til ukrudtsfjernelse er designet til at fjerne ukrudt hurtigt og effektivt. Det fjerner ukrudt fra sm\u00e5 rum og revner uden at beskadige jorden. Sig farvel til genstridigt ukrudt med minimal indsats.<\/p>\n<p data-start=\"27\" data-end=\"231\"><img decoding=\"async\" class=\"alignnone size-medium wp-image-12205 aligncenter\" src=\"https:\/\/keluvo.com\/template\/wp-content\/uploads\/sites\/5\/2025\/03\/d2313fef-9fac-457a-b0a4-d13729b9b268.jpg\" alt=\"\" \/><\/p>\n<h2 style=\"text-align: center\" data-start=\"233\" data-end=\"256\">Ingen b\u00f8jning n\u00f8dvendig<\/h2>\n<p style=\"text-align: center\" data-start=\"257\" data-end=\"484\">Med sit justerbare h\u00e5ndtag giver ukrudtsfjerneren dig mulighed for at arbejde, mens du st\u00e5r op. Det hj\u00e6lper med at forebygge overbelastning af ryg og kn\u00e6 og g\u00f8r havearbejdet mere behageligt. Den er ideel til personer, der \u00f8nsker en enklere metode til at fjerne ukrudt.<\/p>\n<p data-start=\"257\" data-end=\"484\"><img decoding=\"async\" class=\"alignnone size-medium wp-image-12204 aligncenter\" src=\"https:\/\/keluvo.com\/template\/wp-content\/uploads\/sites\/5\/2025\/03\/612fc1a0-e67a-4f27-9795-29aaddeeb0dd.jpg\" alt=\"\" \/><\/p>\n","protected":false},"excerpt":{"rendered":"<p>Fjerner nemt ukrudt V\u00e6rkt\u00f8jet til ukrudtsfjernelse er designet til at fjerne ukrudt hurtigt og effektivt. Det fjerner ukrudt fra sm\u00e5 [&hellip;]<\/p>\n","protected":false},"featured_media":7896,"comment_status":"open","ping_status":"closed","template":"","meta":{"site-sidebar-layout":"default","site-content-layout":"","ast-site-content-layout":"default","site-content-style":"default","site-sidebar-style":"default","ast-global-header-display":"","ast-banner-title-visibility":"","ast-main-header-display":"","ast-hfb-above-header-display":"","ast-hfb-below-header-display":"","ast-hfb-mobile-header-display":"","site-post-title":"","ast-breadcrumbs-content":"","ast-featured-img":"","footer-sml-layout":"","theme-transparent-header-meta":"default","adv-header-id-meta":"","stick-header-meta":"","header-above-stick-meta":"","header-main-stick-meta":"","header-below-stick-meta":"","astra-migrate-meta-layouts":"set","ast-page-background-enabled":"default","ast-page-background-meta":{"desktop":{"background-color":"var(--ast-global-color-5)","background-image":"","background-repeat":"repeat","background-position":"center center","background-size":"auto","background-attachment":"scroll","background-type":"","background-media":"","overlay-type":"","overlay-color":"","overlay-opacity":"","overlay-gradient":""},"tablet":{"background-color":"","background-image":"","background-repeat":"repeat","background-position":"center center","background-size":"auto","background-attachment":"scroll","background-type":"","background-media":"","overlay-type":"","overlay-color":"","overlay-opacity":"","overlay-gradient":""},"mobile":{"background-color":"","background-image":"","background-repeat":"repeat","background-position":"center center","background-size":"auto","background-attachment":"scroll","background-type":"","background-media":"","overlay-type":"","overlay-color":"","overlay-opacity":"","overlay-gradient":""}},"ast-content-background-meta":{"desktop":{"background-color":"var(--ast-global-color-4)","background-image":"","background-repeat":"repeat","background-position":"center center","background-size":"auto","background-attachment":"scroll","background-type":"","background-media":"","overlay-type":"","overlay-color":"","overlay-opacity":"","overlay-gradient":""},"tablet":{"background-color":"var(--ast-global-color-4)","background-image":"","background-repeat":"repeat","background-position":"center center","background-size":"auto","background-attachment":"scroll","background-type":"","background-media":"","overlay-type":"","overlay-color":"","overlay-opacity":"","overlay-gradient":""},"mobile":{"background-color":"var(--ast-global-color-4)","background-image":"","background-repeat":"repeat","background-position":"center center","background-size":"auto","background-attachment":"scroll","background-type":"","background-media":"","overlay-type":"","overlay-color":"","overlay-opacity":"","overlay-gradient":""}}},"product_brand":[],"product_cat":[19],"product_tag":[],"class_list":{"0":"post-7900","1":"product","2":"type-product","3":"status-publish","4":"has-post-thumbnail","6":"product_cat-uncategorized","7":"desktop-align-left","8":"tablet-align-left","9":"mobile-align-left","11":"first","12":"instock","13":"shipping-taxable","14":"purchasable","15":"product-type-simple"},"_links":{"self":[{"href":"https:\/\/ecostera.com\/dk\/wp-json\/wp\/v2\/product\/7900","targetHints":{"allow":["GET"]}}],"collection":[{"href":"https:\/\/ecostera.com\/dk\/wp-json\/wp\/v2\/product"}],"about":[{"href":"https:\/\/ecostera.com\/dk\/wp-json\/wp\/v2\/types\/product"}],"replies":[{"embeddable":true,"href":"https:\/\/ecostera.com\/dk\/wp-json\/wp\/v2\/comments?post=7900"}],"wp:featuredmedia":[{"embeddable":true,"href":"https:\/\/ecostera.com\/dk\/wp-json\/wp\/v2\/media\/7896"}],"wp:attachment":[{"href":"https:\/\/ecostera.com\/dk\/wp-json\/wp\/v2\/media?parent=7900"}],"wp:term":[{"taxonomy":"product_brand","embeddable":true,"href":"https:\/\/ecostera.com\/dk\/wp-json\/wp\/v2\/product_brand?post=7900"},{"taxonomy":"product_cat","embeddable":true,"href":"https:\/\/ecostera.com\/dk\/wp-json\/wp\/v2\/product_cat?post=7900"},{"taxonomy":"product_tag","embeddable":true,"href":"https:\/\/ecostera.com\/dk\/wp-json\/wp\/v2\/product_tag?post=7900"}],"curies":[{"name":"wp","href":"https:\/\/api.w.org\/{rel}","templated":true}]}}