{"id":7910,"date":"2025-08-25T16:48:21","date_gmt":"2025-08-25T13:48:21","guid":{"rendered":"https:\/\/ecostera.com\/dk\/product\/daaseaabner\/"},"modified":"2025-08-25T16:48:21","modified_gmt":"2025-08-25T13:48:21","slug":"daaseaabner","status":"publish","type":"product","link":"https:\/\/ecostera.com\/dk\/product\/daaseaabner\/","title":{"rendered":"D\u00e5se\u00e5bner"},"content":{"rendered":"<h2 style=\"text-align: center\" data-start=\"0\" data-end=\"26\">\u00c5bner d\u00e5ser med lethed<\/h2>\n<p style=\"text-align: center\" data-start=\"27\" data-end=\"246\">D\u00e5se\u00e5bneren er designet til at \u00e5bne d\u00e5ser hurtigt og ubesv\u00e6ret. Det skarpe sk\u00e6rehjul sk\u00e6rer j\u00e6vnt gennem l\u00e5get uden at efterlade skarpe kanter. Den er perfekt til daglig brug i k\u00f8kkenet og g\u00f8r det nemt og sikkert at \u00e5bne d\u00e5ser.<\/p>\n<p data-start=\"27\" data-end=\"246\"><img decoding=\"async\" class=\"alignnone size-medium wp-image-12215 aligncenter\" src=\"https:\/\/keluvo.com\/template\/wp-content\/uploads\/sites\/5\/2025\/03\/WhatsApp-Image-2025-03-11-at-23.40.28_1017cef9.jpg\" alt=\"\" \/><\/p>\n<h2 style=\"text-align: center\" data-start=\"248\" data-end=\"281\">Komfortabel og nem at bruge<\/h2>\n<p style=\"text-align: center\" data-start=\"282\" data-end=\"496\">Med sit ergonomiske h\u00e5ndtag giver d\u00e5se\u00e5bneren et fast og behageligt greb. Den kr\u00e6ver minimal indsats, hvilket g\u00f8r den ideel til folk med svage h\u00e6nder. Nyd en problemfri madlavningsoplevelse med dette praktiske v\u00e6rkt\u00f8j.<\/p>\n<p data-start=\"282\" data-end=\"496\"><img decoding=\"async\" class=\"alignnone size-medium wp-image-12213 aligncenter\" src=\"https:\/\/keluvo.com\/template\/wp-content\/uploads\/sites\/5\/2025\/03\/S113a2d364f334fdc87d7be2f1b1548b1h.jpeg\" alt=\"\" \/><\/p>\n","protected":false},"excerpt":{"rendered":"<p>\u00c5bner d\u00e5ser med lethed D\u00e5se\u00e5bneren er designet til at \u00e5bne d\u00e5ser hurtigt og ubesv\u00e6ret. Det skarpe sk\u00e6rehjul sk\u00e6rer j\u00e6vnt gennem [&hellip;]<\/p>\n","protected":false},"featured_media":7906,"comment_status":"open","ping_status":"closed","template":"","meta":{"site-sidebar-layout":"default","site-content-layout":"","ast-site-content-layout":"default","site-content-style":"default","site-sidebar-style":"default","ast-global-header-display":"","ast-banner-title-visibility":"","ast-main-header-display":"","ast-hfb-above-header-display":"","ast-hfb-below-header-display":"","ast-hfb-mobile-header-display":"","site-post-title":"","ast-breadcrumbs-content":"","ast-featured-img":"","footer-sml-layout":"","theme-transparent-header-meta":"default","adv-header-id-meta":"","stick-header-meta":"","header-above-stick-meta":"","header-main-stick-meta":"","header-below-stick-meta":"","astra-migrate-meta-layouts":"set","ast-page-background-enabled":"default","ast-page-background-meta":{"desktop":{"background-color":"var(--ast-global-color-5)","background-image":"","background-repeat":"repeat","background-position":"center center","background-size":"auto","background-attachment":"scroll","background-type":"","background-media":"","overlay-type":"","overlay-color":"","overlay-opacity":"","overlay-gradient":""},"tablet":{"background-color":"","background-image":"","background-repeat":"repeat","background-position":"center center","background-size":"auto","background-attachment":"scroll","background-type":"","background-media":"","overlay-type":"","overlay-color":"","overlay-opacity":"","overlay-gradient":""},"mobile":{"background-color":"","background-image":"","background-repeat":"repeat","background-position":"center center","background-size":"auto","background-attachment":"scroll","background-type":"","background-media":"","overlay-type":"","overlay-color":"","overlay-opacity":"","overlay-gradient":""}},"ast-content-background-meta":{"desktop":{"background-color":"var(--ast-global-color-4)","background-image":"","background-repeat":"repeat","background-position":"center center","background-size":"auto","background-attachment":"scroll","background-type":"","background-media":"","overlay-type":"","overlay-color":"","overlay-opacity":"","overlay-gradient":""},"tablet":{"background-color":"var(--ast-global-color-4)","background-image":"","background-repeat":"repeat","background-position":"center center","background-size":"auto","background-attachment":"scroll","background-type":"","background-media":"","overlay-type":"","overlay-color":"","overlay-opacity":"","overlay-gradient":""},"mobile":{"background-color":"var(--ast-global-color-4)","background-image":"","background-repeat":"repeat","background-position":"center center","background-size":"auto","background-attachment":"scroll","background-type":"","background-media":"","overlay-type":"","overlay-color":"","overlay-opacity":"","overlay-gradient":""}}},"product_brand":[],"product_cat":[19],"product_tag":[],"class_list":{"0":"post-7910","1":"product","2":"type-product","3":"status-publish","4":"has-post-thumbnail","6":"product_cat-uncategorized","7":"desktop-align-left","8":"tablet-align-left","9":"mobile-align-left","11":"first","12":"instock","13":"shipping-taxable","14":"purchasable","15":"product-type-simple"},"_links":{"self":[{"href":"https:\/\/ecostera.com\/dk\/wp-json\/wp\/v2\/product\/7910","targetHints":{"allow":["GET"]}}],"collection":[{"href":"https:\/\/ecostera.com\/dk\/wp-json\/wp\/v2\/product"}],"about":[{"href":"https:\/\/ecostera.com\/dk\/wp-json\/wp\/v2\/types\/product"}],"replies":[{"embeddable":true,"href":"https:\/\/ecostera.com\/dk\/wp-json\/wp\/v2\/comments?post=7910"}],"wp:featuredmedia":[{"embeddable":true,"href":"https:\/\/ecostera.com\/dk\/wp-json\/wp\/v2\/media\/7906"}],"wp:attachment":[{"href":"https:\/\/ecostera.com\/dk\/wp-json\/wp\/v2\/media?parent=7910"}],"wp:term":[{"taxonomy":"product_brand","embeddable":true,"href":"https:\/\/ecostera.com\/dk\/wp-json\/wp\/v2\/product_brand?post=7910"},{"taxonomy":"product_cat","embeddable":true,"href":"https:\/\/ecostera.com\/dk\/wp-json\/wp\/v2\/product_cat?post=7910"},{"taxonomy":"product_tag","embeddable":true,"href":"https:\/\/ecostera.com\/dk\/wp-json\/wp\/v2\/product_tag?post=7910"}],"curies":[{"name":"wp","href":"https:\/\/api.w.org\/{rel}","templated":true}]}}