{"id":7969,"date":"2025-08-25T17:07:54","date_gmt":"2025-08-25T14:07:54","guid":{"rendered":"https:\/\/ecostera.com\/dk\/product\/slibemaskine-til-kaedesav\/"},"modified":"2025-08-25T17:08:02","modified_gmt":"2025-08-25T14:08:02","slug":"slibemaskine-til-kaedesav","status":"publish","type":"product","link":"https:\/\/ecostera.com\/dk\/product\/slibemaskine-til-kaedesav\/","title":{"rendered":"Slibemaskine til k\u00e6desav"},"content":{"rendered":"<h2 style=\"text-align: center\" data-start=\"0\" data-end=\"33\">Sk\u00e6rper Din Motorsav Hurtigt<\/h2>\n<p style=\"text-align: center\" data-start=\"34\" data-end=\"227\">K\u00e6desavssk\u00e6rperen hj\u00e6lper dig med at g\u00f8re din motorsav skarp igen p\u00e5 ingen tid. Det g\u00f8r dit arbejde lettere og sparer dig tid. Med blot et par enkle trin kan du g\u00f8re din motorsav klar til brug.<\/p>\n<p style=\"text-align: center\" data-start=\"34\" data-end=\"227\"><img decoding=\"async\" class=\"alignnone size-medium wp-image-11997\" src=\"https:\/\/keluvo.com\/template\/wp-content\/uploads\/sites\/5\/2025\/03\/12de5ce4-f362-4fb7-bc62-ea6a28c81a33.webp\" alt=\"\" \/><\/p>\n<h2 style=\"text-align: center\" data-start=\"444\" data-end=\"473\">St\u00e6rk Og Langtidsholdbar<\/h2>\n<p style=\"text-align: center\" data-start=\"474\" data-end=\"667\" data-is-last-node=\"\" data-is-only-node=\"\">Lavet af st\u00e6rkt rustfrit st\u00e5l og legering er k\u00e6desavssk\u00e6rperen bygget til at modst\u00e5 tidens tand. Den forbliver i god form selv efter mange anvendelser. Du kan stole p\u00e5, at den holder din k\u00e6desav skarp i lang tid.<\/p>\n<p style=\"text-align: center\" data-start=\"474\" data-end=\"667\" data-is-last-node=\"\" data-is-only-node=\"\"><img decoding=\"async\" class=\"alignnone size-medium wp-image-11999\" src=\"https:\/\/keluvo.com\/template\/wp-content\/uploads\/sites\/5\/2025\/03\/S71817c9f5d7749558a16e96ebaf897a0l.jpg_960x960q75.jpg_.jpeg\" alt=\"\" \/><\/p>\n","protected":false},"excerpt":{"rendered":"<p>Sk\u00e6rper Din Motorsav Hurtigt K\u00e6desavssk\u00e6rperen hj\u00e6lper dig med at g\u00f8re din motorsav skarp igen p\u00e5 ingen tid. Det g\u00f8r dit [&hellip;]<\/p>\n","protected":false},"featured_media":7965,"comment_status":"open","ping_status":"closed","template":"","meta":{"site-sidebar-layout":"default","site-content-layout":"","ast-site-content-layout":"default","site-content-style":"default","site-sidebar-style":"default","ast-global-header-display":"","ast-banner-title-visibility":"","ast-main-header-display":"","ast-hfb-above-header-display":"","ast-hfb-below-header-display":"","ast-hfb-mobile-header-display":"","site-post-title":"","ast-breadcrumbs-content":"","ast-featured-img":"","footer-sml-layout":"","theme-transparent-header-meta":"default","adv-header-id-meta":"","stick-header-meta":"","header-above-stick-meta":"","header-main-stick-meta":"","header-below-stick-meta":"","astra-migrate-meta-layouts":"set","ast-page-background-enabled":"default","ast-page-background-meta":{"desktop":{"background-color":"var(--ast-global-color-5)","background-image":"","background-repeat":"repeat","background-position":"center center","background-size":"auto","background-attachment":"scroll","background-type":"","background-media":"","overlay-type":"","overlay-color":"","overlay-opacity":"","overlay-gradient":""},"tablet":{"background-color":"","background-image":"","background-repeat":"repeat","background-position":"center center","background-size":"auto","background-attachment":"scroll","background-type":"","background-media":"","overlay-type":"","overlay-color":"","overlay-opacity":"","overlay-gradient":""},"mobile":{"background-color":"","background-image":"","background-repeat":"repeat","background-position":"center center","background-size":"auto","background-attachment":"scroll","background-type":"","background-media":"","overlay-type":"","overlay-color":"","overlay-opacity":"","overlay-gradient":""}},"ast-content-background-meta":{"desktop":{"background-color":"var(--ast-global-color-4)","background-image":"","background-repeat":"repeat","background-position":"center center","background-size":"auto","background-attachment":"scroll","background-type":"","background-media":"","overlay-type":"","overlay-color":"","overlay-opacity":"","overlay-gradient":""},"tablet":{"background-color":"var(--ast-global-color-4)","background-image":"","background-repeat":"repeat","background-position":"center center","background-size":"auto","background-attachment":"scroll","background-type":"","background-media":"","overlay-type":"","overlay-color":"","overlay-opacity":"","overlay-gradient":""},"mobile":{"background-color":"var(--ast-global-color-4)","background-image":"","background-repeat":"repeat","background-position":"center center","background-size":"auto","background-attachment":"scroll","background-type":"","background-media":"","overlay-type":"","overlay-color":"","overlay-opacity":"","overlay-gradient":""}}},"product_brand":[],"product_cat":[19],"product_tag":[],"class_list":{"0":"post-7969","1":"product","2":"type-product","3":"status-publish","4":"has-post-thumbnail","6":"product_cat-uncategorized","7":"pa_21402_b8g5gy54-blaa","8":"pa_21402_b8g5gy54-gul","9":"desktop-align-left","10":"tablet-align-left","11":"mobile-align-left","13":"first","14":"instock","15":"shipping-taxable","16":"purchasable","17":"product-type-variable"},"_links":{"self":[{"href":"https:\/\/ecostera.com\/dk\/wp-json\/wp\/v2\/product\/7969","targetHints":{"allow":["GET"]}}],"collection":[{"href":"https:\/\/ecostera.com\/dk\/wp-json\/wp\/v2\/product"}],"about":[{"href":"https:\/\/ecostera.com\/dk\/wp-json\/wp\/v2\/types\/product"}],"replies":[{"embeddable":true,"href":"https:\/\/ecostera.com\/dk\/wp-json\/wp\/v2\/comments?post=7969"}],"wp:featuredmedia":[{"embeddable":true,"href":"https:\/\/ecostera.com\/dk\/wp-json\/wp\/v2\/media\/7965"}],"wp:attachment":[{"href":"https:\/\/ecostera.com\/dk\/wp-json\/wp\/v2\/media?parent=7969"}],"wp:term":[{"taxonomy":"product_brand","embeddable":true,"href":"https:\/\/ecostera.com\/dk\/wp-json\/wp\/v2\/product_brand?post=7969"},{"taxonomy":"product_cat","embeddable":true,"href":"https:\/\/ecostera.com\/dk\/wp-json\/wp\/v2\/product_cat?post=7969"},{"taxonomy":"product_tag","embeddable":true,"href":"https:\/\/ecostera.com\/dk\/wp-json\/wp\/v2\/product_tag?post=7969"}],"curies":[{"name":"wp","href":"https:\/\/api.w.org\/{rel}","templated":true}]}}