{"id":8104,"date":"2025-08-27T14:16:40","date_gmt":"2025-08-27T11:16:40","guid":{"rendered":"https:\/\/ecostera.com\/dk\/product\/bamse-i-plys\/"},"modified":"2025-08-27T14:16:40","modified_gmt":"2025-08-27T11:16:40","slug":"bamse-i-plys","status":"publish","type":"product","link":"https:\/\/ecostera.com\/dk\/product\/bamse-i-plys\/","title":{"rendered":"Bamse i plys"},"content":{"rendered":"<h2 style=\"text-align: center\" data-start=\"0\" data-end=\"32\">Bl\u00f8d og hyggelig fornemmelse<\/h2>\n<p style=\"text-align: center\" data-start=\"33\" data-end=\"256\">Bamseplyset er lavet af bl\u00f8dt stof, som g\u00f8r det perfekt til at kramme. Dens blide tekstur f\u00f8les hyggelig og varm og giver b\u00e5de b\u00f8rn og voksne tryghed. En god f\u00f8lgesvend til sengetid, leg eller afslapning.<\/p>\n<p data-start=\"33\" data-end=\"256\"><img decoding=\"async\" class=\"alignnone size-medium wp-image-12755 aligncenter\" src=\"https:\/\/keluvo.com\/template\/wp-content\/uploads\/sites\/5\/2025\/03\/48a9bdd1-fc13-4cc5-8db5-36f7e9e22778.webp\" alt=\"\" \/><\/p>\n<h2 style=\"text-align: center\" data-start=\"258\" data-end=\"295\">S\u00f8dt og realistisk udseende<\/h2>\n<p style=\"text-align: center\" data-start=\"296\" data-end=\"529\">Designet med livagtige detaljer har bamseplyset et charmerende udtryk og s\u00f8de tr\u00e6k. Dens klassiske brune farve og skinnende \u00f8jne g\u00f8r den endnu mere elskelig. En perfekt dekoration til ethvert v\u00e6relse eller en s\u00e6rlig gave til dem, du holder af.<\/p>\n<p data-start=\"296\" data-end=\"529\"><img decoding=\"async\" class=\"alignnone size-medium wp-image-12757 aligncenter\" src=\"https:\/\/keluvo.com\/template\/wp-content\/uploads\/sites\/5\/2025\/03\/f2d87b34-1f9c-4e45-aa62-5c8d57beb461.webp\" alt=\"\" \/><\/p>\n","protected":false},"excerpt":{"rendered":"<p>Bl\u00f8d og hyggelig fornemmelse Bamseplyset er lavet af bl\u00f8dt stof, som g\u00f8r det perfekt til at kramme. Dens blide tekstur [&hellip;]<\/p>\n","protected":false},"featured_media":8100,"comment_status":"open","ping_status":"closed","template":"","meta":{"site-sidebar-layout":"default","site-content-layout":"","ast-site-content-layout":"default","site-content-style":"default","site-sidebar-style":"default","ast-global-header-display":"","ast-banner-title-visibility":"","ast-main-header-display":"","ast-hfb-above-header-display":"","ast-hfb-below-header-display":"","ast-hfb-mobile-header-display":"","site-post-title":"","ast-breadcrumbs-content":"","ast-featured-img":"","footer-sml-layout":"","theme-transparent-header-meta":"default","adv-header-id-meta":"","stick-header-meta":"","header-above-stick-meta":"","header-main-stick-meta":"","header-below-stick-meta":"","astra-migrate-meta-layouts":"set","ast-page-background-enabled":"default","ast-page-background-meta":{"desktop":{"background-color":"var(--ast-global-color-5)","background-image":"","background-repeat":"repeat","background-position":"center center","background-size":"auto","background-attachment":"scroll","background-type":"","background-media":"","overlay-type":"","overlay-color":"","overlay-opacity":"","overlay-gradient":""},"tablet":{"background-color":"","background-image":"","background-repeat":"repeat","background-position":"center center","background-size":"auto","background-attachment":"scroll","background-type":"","background-media":"","overlay-type":"","overlay-color":"","overlay-opacity":"","overlay-gradient":""},"mobile":{"background-color":"","background-image":"","background-repeat":"repeat","background-position":"center center","background-size":"auto","background-attachment":"scroll","background-type":"","background-media":"","overlay-type":"","overlay-color":"","overlay-opacity":"","overlay-gradient":""}},"ast-content-background-meta":{"desktop":{"background-color":"var(--ast-global-color-4)","background-image":"","background-repeat":"repeat","background-position":"center center","background-size":"auto","background-attachment":"scroll","background-type":"","background-media":"","overlay-type":"","overlay-color":"","overlay-opacity":"","overlay-gradient":""},"tablet":{"background-color":"var(--ast-global-color-4)","background-image":"","background-repeat":"repeat","background-position":"center center","background-size":"auto","background-attachment":"scroll","background-type":"","background-media":"","overlay-type":"","overlay-color":"","overlay-opacity":"","overlay-gradient":""},"mobile":{"background-color":"var(--ast-global-color-4)","background-image":"","background-repeat":"repeat","background-position":"center center","background-size":"auto","background-attachment":"scroll","background-type":"","background-media":"","overlay-type":"","overlay-color":"","overlay-opacity":"","overlay-gradient":""}}},"product_brand":[],"product_cat":[19],"product_tag":[],"class_list":{"0":"post-8104","1":"product","2":"type-product","3":"status-publish","4":"has-post-thumbnail","6":"product_cat-uncategorized","7":"desktop-align-left","8":"tablet-align-left","9":"mobile-align-left","11":"first","12":"instock","13":"shipping-taxable","14":"purchasable","15":"product-type-simple"},"_links":{"self":[{"href":"https:\/\/ecostera.com\/dk\/wp-json\/wp\/v2\/product\/8104","targetHints":{"allow":["GET"]}}],"collection":[{"href":"https:\/\/ecostera.com\/dk\/wp-json\/wp\/v2\/product"}],"about":[{"href":"https:\/\/ecostera.com\/dk\/wp-json\/wp\/v2\/types\/product"}],"replies":[{"embeddable":true,"href":"https:\/\/ecostera.com\/dk\/wp-json\/wp\/v2\/comments?post=8104"}],"wp:featuredmedia":[{"embeddable":true,"href":"https:\/\/ecostera.com\/dk\/wp-json\/wp\/v2\/media\/8100"}],"wp:attachment":[{"href":"https:\/\/ecostera.com\/dk\/wp-json\/wp\/v2\/media?parent=8104"}],"wp:term":[{"taxonomy":"product_brand","embeddable":true,"href":"https:\/\/ecostera.com\/dk\/wp-json\/wp\/v2\/product_brand?post=8104"},{"taxonomy":"product_cat","embeddable":true,"href":"https:\/\/ecostera.com\/dk\/wp-json\/wp\/v2\/product_cat?post=8104"},{"taxonomy":"product_tag","embeddable":true,"href":"https:\/\/ecostera.com\/dk\/wp-json\/wp\/v2\/product_tag?post=8104"}],"curies":[{"name":"wp","href":"https:\/\/api.w.org\/{rel}","templated":true}]}}