{"id":8124,"date":"2025-08-27T14:17:54","date_gmt":"2025-08-27T11:17:54","guid":{"rendered":"https:\/\/ecostera.com\/dk\/product\/form-til-aeggeomelet\/"},"modified":"2025-08-27T14:18:12","modified_gmt":"2025-08-27T11:18:12","slug":"form-til-aeggeomelet","status":"publish","type":"product","link":"https:\/\/ecostera.com\/dk\/product\/form-til-aeggeomelet\/","title":{"rendered":"Form til \u00e6ggeomelet"},"content":{"rendered":"<h2 style=\"text-align: center\" data-start=\"0\" data-end=\"34\">Sjove Former Til Morgenmaden<\/h2>\n<p style=\"text-align: center\" data-start=\"35\" data-end=\"210\">G\u00f8r dine morgener sp\u00e6ndende med \u00e6ggeomeletformen. Den former \u00e6g i s\u00f8de designs som ugler, kranier og blomster. Perfekt til b\u00f8rn og voksne, der elsker kreative m\u00e5ltider.<\/p>\n<p data-start=\"35\" data-end=\"210\"><img decoding=\"async\" class=\"alignnone size-medium wp-image-12734 aligncenter\" src=\"https:\/\/keluvo.com\/template\/wp-content\/uploads\/sites\/5\/2025\/03\/77a0ea56-e5da-46e7-a929-92420d414cbf.webp\" alt=\"\" \/><\/p>\n<h2 style=\"text-align: center\" data-start=\"212\" data-end=\"242\">Sikker Og Nem At Bruge<\/h2>\n<p style=\"text-align: center\" data-start=\"243\" data-end=\"453\">Fremstillet af f\u00f8devaregodkendt silikone er \u00e6ggeomeletformen sikker og non-stick. Den kan klare b\u00e5de h\u00f8je og lave temperaturer, hvilket g\u00f8r den perfekt til at stege \u00e6g og pandekager. Reng\u00f8ring er hurtig og nem med vand.<\/p>\n<p data-start=\"243\" data-end=\"453\"><img decoding=\"async\" class=\"alignnone size-medium wp-image-12737 aligncenter\" src=\"https:\/\/keluvo.com\/template\/wp-content\/uploads\/sites\/5\/2025\/03\/H47a1d251c28a4aa9bb35b717cd104a04W.jpg_960x960q75.jpg_.jpeg\" alt=\"\" \/><\/p>\n","protected":false},"excerpt":{"rendered":"<p>Sjove Former Til Morgenmaden G\u00f8r dine morgener sp\u00e6ndende med \u00e6ggeomeletformen. Den former \u00e6g i s\u00f8de designs som ugler, kranier og [&hellip;]<\/p>\n","protected":false},"featured_media":8120,"comment_status":"open","ping_status":"closed","template":"","meta":{"site-sidebar-layout":"default","site-content-layout":"","ast-site-content-layout":"default","site-content-style":"default","site-sidebar-style":"default","ast-global-header-display":"","ast-banner-title-visibility":"","ast-main-header-display":"","ast-hfb-above-header-display":"","ast-hfb-below-header-display":"","ast-hfb-mobile-header-display":"","site-post-title":"","ast-breadcrumbs-content":"","ast-featured-img":"","footer-sml-layout":"","theme-transparent-header-meta":"default","adv-header-id-meta":"","stick-header-meta":"","header-above-stick-meta":"","header-main-stick-meta":"","header-below-stick-meta":"","astra-migrate-meta-layouts":"set","ast-page-background-enabled":"default","ast-page-background-meta":{"desktop":{"background-color":"var(--ast-global-color-5)","background-image":"","background-repeat":"repeat","background-position":"center center","background-size":"auto","background-attachment":"scroll","background-type":"","background-media":"","overlay-type":"","overlay-color":"","overlay-opacity":"","overlay-gradient":""},"tablet":{"background-color":"","background-image":"","background-repeat":"repeat","background-position":"center center","background-size":"auto","background-attachment":"scroll","background-type":"","background-media":"","overlay-type":"","overlay-color":"","overlay-opacity":"","overlay-gradient":""},"mobile":{"background-color":"","background-image":"","background-repeat":"repeat","background-position":"center center","background-size":"auto","background-attachment":"scroll","background-type":"","background-media":"","overlay-type":"","overlay-color":"","overlay-opacity":"","overlay-gradient":""}},"ast-content-background-meta":{"desktop":{"background-color":"var(--ast-global-color-4)","background-image":"","background-repeat":"repeat","background-position":"center center","background-size":"auto","background-attachment":"scroll","background-type":"","background-media":"","overlay-type":"","overlay-color":"","overlay-opacity":"","overlay-gradient":""},"tablet":{"background-color":"var(--ast-global-color-4)","background-image":"","background-repeat":"repeat","background-position":"center center","background-size":"auto","background-attachment":"scroll","background-type":"","background-media":"","overlay-type":"","overlay-color":"","overlay-opacity":"","overlay-gradient":""},"mobile":{"background-color":"var(--ast-global-color-4)","background-image":"","background-repeat":"repeat","background-position":"center center","background-size":"auto","background-attachment":"scroll","background-type":"","background-media":"","overlay-type":"","overlay-color":"","overlay-opacity":"","overlay-gradient":""}}},"product_brand":[],"product_cat":[19],"product_tag":[],"class_list":{"0":"post-8124","1":"product","2":"type-product","3":"status-publish","4":"has-post-thumbnail","6":"product_cat-uncategorized","7":"pa_30342_yks8umml-ansigt","8":"pa_30342_yks8umml-kanin","9":"pa_30342_yks8umml-kranium","10":"pa_30342_yks8umml-solsikke","11":"pa_30342_yks8umml-ugle","12":"desktop-align-left","13":"tablet-align-left","14":"mobile-align-left","16":"first","17":"instock","18":"shipping-taxable","19":"purchasable","20":"product-type-variable"},"_links":{"self":[{"href":"https:\/\/ecostera.com\/dk\/wp-json\/wp\/v2\/product\/8124","targetHints":{"allow":["GET"]}}],"collection":[{"href":"https:\/\/ecostera.com\/dk\/wp-json\/wp\/v2\/product"}],"about":[{"href":"https:\/\/ecostera.com\/dk\/wp-json\/wp\/v2\/types\/product"}],"replies":[{"embeddable":true,"href":"https:\/\/ecostera.com\/dk\/wp-json\/wp\/v2\/comments?post=8124"}],"wp:featuredmedia":[{"embeddable":true,"href":"https:\/\/ecostera.com\/dk\/wp-json\/wp\/v2\/media\/8120"}],"wp:attachment":[{"href":"https:\/\/ecostera.com\/dk\/wp-json\/wp\/v2\/media?parent=8124"}],"wp:term":[{"taxonomy":"product_brand","embeddable":true,"href":"https:\/\/ecostera.com\/dk\/wp-json\/wp\/v2\/product_brand?post=8124"},{"taxonomy":"product_cat","embeddable":true,"href":"https:\/\/ecostera.com\/dk\/wp-json\/wp\/v2\/product_cat?post=8124"},{"taxonomy":"product_tag","embeddable":true,"href":"https:\/\/ecostera.com\/dk\/wp-json\/wp\/v2\/product_tag?post=8124"}],"curies":[{"name":"wp","href":"https:\/\/api.w.org\/{rel}","templated":true}]}}