{"id":8139,"date":"2025-08-27T14:19:21","date_gmt":"2025-08-27T11:19:21","guid":{"rendered":"https:\/\/ecostera.com\/dk\/product\/spaende-med-blonder\/"},"modified":"2025-09-12T14:35:55","modified_gmt":"2025-09-12T11:35:55","slug":"spaende-med-blonder","status":"publish","type":"product","link":"https:\/\/ecostera.com\/dk\/product\/spaende-med-blonder\/","title":{"rendered":"Sp\u00e6nde med blonder"},"content":{"rendered":"<h2 style=\"text-align: center\" data-start=\"0\" data-end=\"32\">Holder sn\u00f8reb\u00e5ndene p\u00e5 plads<\/h2>\n<p style=\"text-align: center\" data-start=\"33\" data-end=\"246\">Sn\u00f8resp\u00e6ndet har et l\u00e5sesystem, der holder dine sn\u00f8reb\u00e5nd p\u00e5 plads. Du skal ikke l\u00e6ngere bekymre dig om l\u00f8se sn\u00f8reb\u00e5nd, mens du g\u00e5r eller l\u00f8ber. Det giver et st\u00e6rkt greb, s\u00e5 dine sko forbliver behagelige og sikre hele dagen.<\/p>\n<p style=\"text-align: center\" data-start=\"33\" data-end=\"246\"><img decoding=\"async\" class=\"alignnone size-medium wp-image-12689\" src=\"https:\/\/keluvo.com\/template\/wp-content\/uploads\/sites\/5\/2025\/03\/Sf4be79d3788c4c46a1831a5689af8b885.jpg_960x960q75.jpg_.jpeg\" alt=\"\" \/><\/p>\n<h2 style=\"text-align: center\" data-start=\"248\" data-end=\"280\">Let at bruge og justere<\/h2>\n<p style=\"text-align: center\" data-start=\"281\" data-end=\"481\">Dette sn\u00f8resp\u00e6nde er let at installere og justere til din foretrukne pasform. Bare skub sn\u00f8reb\u00e5ndene gennem sp\u00e6ndet, og stram dem efter behov. Det sparer tid og g\u00f8r det hurtigt og problemfrit at tage sko p\u00e5.<\/p>\n<p data-start=\"281\" data-end=\"481\"><img decoding=\"async\" class=\"alignnone size-medium wp-image-12687 aligncenter\" src=\"https:\/\/keluvo.com\/template\/wp-content\/uploads\/sites\/5\/2025\/03\/Sb0510ac590ce4e21b3fada8d596847a3Q.jpg_960x960q75.jpg_.jpeg\" alt=\"\" \/><\/p>\n","protected":false},"excerpt":{"rendered":"<p>Holder sn\u00f8reb\u00e5ndene p\u00e5 plads Sn\u00f8resp\u00e6ndet har et l\u00e5sesystem, der holder dine sn\u00f8reb\u00e5nd p\u00e5 plads. Du skal ikke l\u00e6ngere bekymre dig [&hellip;]<\/p>\n","protected":false},"featured_media":8135,"comment_status":"open","ping_status":"closed","template":"","meta":{"site-sidebar-layout":"default","site-content-layout":"","ast-site-content-layout":"default","site-content-style":"default","site-sidebar-style":"default","ast-global-header-display":"","ast-banner-title-visibility":"","ast-main-header-display":"","ast-hfb-above-header-display":"","ast-hfb-below-header-display":"","ast-hfb-mobile-header-display":"","site-post-title":"","ast-breadcrumbs-content":"","ast-featured-img":"","footer-sml-layout":"","theme-transparent-header-meta":"default","adv-header-id-meta":"","stick-header-meta":"","header-above-stick-meta":"","header-main-stick-meta":"","header-below-stick-meta":"","astra-migrate-meta-layouts":"set","ast-page-background-enabled":"default","ast-page-background-meta":{"desktop":{"background-color":"var(--ast-global-color-5)","background-image":"","background-repeat":"repeat","background-position":"center center","background-size":"auto","background-attachment":"scroll","background-type":"","background-media":"","overlay-type":"","overlay-color":"","overlay-opacity":"","overlay-gradient":""},"tablet":{"background-color":"","background-image":"","background-repeat":"repeat","background-position":"center center","background-size":"auto","background-attachment":"scroll","background-type":"","background-media":"","overlay-type":"","overlay-color":"","overlay-opacity":"","overlay-gradient":""},"mobile":{"background-color":"","background-image":"","background-repeat":"repeat","background-position":"center center","background-size":"auto","background-attachment":"scroll","background-type":"","background-media":"","overlay-type":"","overlay-color":"","overlay-opacity":"","overlay-gradient":""}},"ast-content-background-meta":{"desktop":{"background-color":"var(--ast-global-color-4)","background-image":"","background-repeat":"repeat","background-position":"center center","background-size":"auto","background-attachment":"scroll","background-type":"","background-media":"","overlay-type":"","overlay-color":"","overlay-opacity":"","overlay-gradient":""},"tablet":{"background-color":"var(--ast-global-color-4)","background-image":"","background-repeat":"repeat","background-position":"center center","background-size":"auto","background-attachment":"scroll","background-type":"","background-media":"","overlay-type":"","overlay-color":"","overlay-opacity":"","overlay-gradient":""},"mobile":{"background-color":"var(--ast-global-color-4)","background-image":"","background-repeat":"repeat","background-position":"center center","background-size":"auto","background-attachment":"scroll","background-type":"","background-media":"","overlay-type":"","overlay-color":"","overlay-opacity":"","overlay-gradient":""}}},"product_brand":[],"product_cat":[19],"product_tag":[],"class_list":{"0":"post-8139","1":"product","2":"type-product","3":"status-publish","4":"has-post-thumbnail","6":"product_cat-uncategorized","7":"pa_31905_qe5gsigx-blaa","8":"pa_31905_qe5gsigx-groen","9":"pa_31905_qe5gsigx-gul","10":"pa_31905_qe5gsigx-hvid","11":"pa_31905_qe5gsigx-lyseroed","12":"pa_31905_qe5gsigx-orange","13":"pa_31905_qe5gsigx-roed","14":"pa_31905_qe5gsigx-sort","15":"desktop-align-left","16":"tablet-align-left","17":"mobile-align-left","19":"first","20":"instock","21":"shipping-taxable","22":"purchasable","23":"product-type-variable"},"_links":{"self":[{"href":"https:\/\/ecostera.com\/dk\/wp-json\/wp\/v2\/product\/8139","targetHints":{"allow":["GET"]}}],"collection":[{"href":"https:\/\/ecostera.com\/dk\/wp-json\/wp\/v2\/product"}],"about":[{"href":"https:\/\/ecostera.com\/dk\/wp-json\/wp\/v2\/types\/product"}],"replies":[{"embeddable":true,"href":"https:\/\/ecostera.com\/dk\/wp-json\/wp\/v2\/comments?post=8139"}],"wp:featuredmedia":[{"embeddable":true,"href":"https:\/\/ecostera.com\/dk\/wp-json\/wp\/v2\/media\/8135"}],"wp:attachment":[{"href":"https:\/\/ecostera.com\/dk\/wp-json\/wp\/v2\/media?parent=8139"}],"wp:term":[{"taxonomy":"product_brand","embeddable":true,"href":"https:\/\/ecostera.com\/dk\/wp-json\/wp\/v2\/product_brand?post=8139"},{"taxonomy":"product_cat","embeddable":true,"href":"https:\/\/ecostera.com\/dk\/wp-json\/wp\/v2\/product_cat?post=8139"},{"taxonomy":"product_tag","embeddable":true,"href":"https:\/\/ecostera.com\/dk\/wp-json\/wp\/v2\/product_tag?post=8139"}],"curies":[{"name":"wp","href":"https:\/\/api.w.org\/{rel}","templated":true}]}}