{"id":8160,"date":"2025-08-27T14:20:22","date_gmt":"2025-08-27T11:20:22","guid":{"rendered":"https:\/\/ecostera.com\/dk\/product\/traadloest-sjippetov\/"},"modified":"2025-08-27T14:20:39","modified_gmt":"2025-08-27T11:20:39","slug":"traadloest-sjippetov","status":"publish","type":"product","link":"https:\/\/ecostera.com\/dk\/product\/traadloest-sjippetov\/","title":{"rendered":"Tr\u00e5dl\u00f8st sjippetov"},"content":{"rendered":"<h2 style=\"text-align: center\">F\u00f8lg Dine Fitnessfremskridt<\/h2>\n<p style=\"text-align: center\">Det tr\u00e5dl\u00f8se sjippetov har et LCD-display, der viser v\u00e6gt, tid, antal og forbr\u00e6ndte kalorier. Det g\u00f8r det nemt at overv\u00e5ge din tr\u00e6ning og holde dig motiveret, mens du arbejder p\u00e5 at n\u00e5 dine fitnessm\u00e5l.<\/p>\n<p><img decoding=\"async\" class=\"alignnone size-medium wp-image-5320 aligncenter\" src=\"https:\/\/keluvo.com\/template\/wp-content\/uploads\/sites\/5\/2024\/12\/S1d907f75a2c3422ab1bbb8f78f993cd9I.jpg_960x960q75.jpg_.webp\" \/><\/p>\n<h2 style=\"text-align: center\">B\u00e6rbart Og Filtfrit<\/h2>\n<p style=\"text-align: center\">Med sit tovl\u00f8se design er det tr\u00e5dl\u00f8se sjippetov perfekt til indend\u00f8rs og udend\u00f8rs brug. Den kompakte st\u00f8rrelse g\u00f8r, at du kan tage det med overalt, hvilket g\u00f8r det ideelt til tr\u00e6ning derhjemme, i fitnesscenteret eller p\u00e5 farten.<\/p>\n<p><img decoding=\"async\" class=\"alignnone size-medium wp-image-5313 aligncenter\" src=\"https:\/\/keluvo.com\/template\/wp-content\/uploads\/sites\/5\/2024\/12\/fc6dd4f6-75ec-4495-b0b6-d1a37cd900e0.webp\" alt=\"\" \/><\/p>\n","protected":false},"excerpt":{"rendered":"<p>F\u00f8lg Dine Fitnessfremskridt Det tr\u00e5dl\u00f8se sjippetov har et LCD-display, der viser v\u00e6gt, tid, antal og forbr\u00e6ndte kalorier. Det g\u00f8r det [&hellip;]<\/p>\n","protected":false},"featured_media":8156,"comment_status":"open","ping_status":"closed","template":"","meta":{"site-sidebar-layout":"default","site-content-layout":"","ast-site-content-layout":"default","site-content-style":"default","site-sidebar-style":"default","ast-global-header-display":"","ast-banner-title-visibility":"","ast-main-header-display":"","ast-hfb-above-header-display":"","ast-hfb-below-header-display":"","ast-hfb-mobile-header-display":"","site-post-title":"","ast-breadcrumbs-content":"","ast-featured-img":"","footer-sml-layout":"","theme-transparent-header-meta":"default","adv-header-id-meta":"","stick-header-meta":"","header-above-stick-meta":"","header-main-stick-meta":"","header-below-stick-meta":"","astra-migrate-meta-layouts":"set","ast-page-background-enabled":"default","ast-page-background-meta":{"desktop":{"background-color":"var(--ast-global-color-5)","background-image":"","background-repeat":"repeat","background-position":"center center","background-size":"auto","background-attachment":"scroll","background-type":"","background-media":"","overlay-type":"","overlay-color":"","overlay-opacity":"","overlay-gradient":""},"tablet":{"background-color":"","background-image":"","background-repeat":"repeat","background-position":"center center","background-size":"auto","background-attachment":"scroll","background-type":"","background-media":"","overlay-type":"","overlay-color":"","overlay-opacity":"","overlay-gradient":""},"mobile":{"background-color":"","background-image":"","background-repeat":"repeat","background-position":"center center","background-size":"auto","background-attachment":"scroll","background-type":"","background-media":"","overlay-type":"","overlay-color":"","overlay-opacity":"","overlay-gradient":""}},"ast-content-background-meta":{"desktop":{"background-color":"var(--ast-global-color-4)","background-image":"","background-repeat":"repeat","background-position":"center center","background-size":"auto","background-attachment":"scroll","background-type":"","background-media":"","overlay-type":"","overlay-color":"","overlay-opacity":"","overlay-gradient":""},"tablet":{"background-color":"var(--ast-global-color-4)","background-image":"","background-repeat":"repeat","background-position":"center center","background-size":"auto","background-attachment":"scroll","background-type":"","background-media":"","overlay-type":"","overlay-color":"","overlay-opacity":"","overlay-gradient":""},"mobile":{"background-color":"var(--ast-global-color-4)","background-image":"","background-repeat":"repeat","background-position":"center center","background-size":"auto","background-attachment":"scroll","background-type":"","background-media":"","overlay-type":"","overlay-color":"","overlay-opacity":"","overlay-gradient":""}}},"product_brand":[],"product_cat":[19],"product_tag":[],"class_list":{"0":"post-8160","1":"product","2":"type-product","3":"status-publish","4":"has-post-thumbnail","6":"product_cat-uncategorized","7":"pa_38124_2zbbn1mt-blaa","8":"pa_38124_2zbbn1mt-lysegroen","9":"pa_38124_2zbbn1mt-lyseroed","10":"pa_38124_2zbbn1mt-lyseroed-hvid","11":"pa_38124_2zbbn1mt-sort","12":"pa_38124_2zbbn1mt-sort-groen","13":"pa_38124_2zbbn1mt-sort-hvid","14":"desktop-align-left","15":"tablet-align-left","16":"mobile-align-left","18":"first","19":"instock","20":"shipping-taxable","21":"purchasable","22":"product-type-variable"},"_links":{"self":[{"href":"https:\/\/ecostera.com\/dk\/wp-json\/wp\/v2\/product\/8160","targetHints":{"allow":["GET"]}}],"collection":[{"href":"https:\/\/ecostera.com\/dk\/wp-json\/wp\/v2\/product"}],"about":[{"href":"https:\/\/ecostera.com\/dk\/wp-json\/wp\/v2\/types\/product"}],"replies":[{"embeddable":true,"href":"https:\/\/ecostera.com\/dk\/wp-json\/wp\/v2\/comments?post=8160"}],"wp:featuredmedia":[{"embeddable":true,"href":"https:\/\/ecostera.com\/dk\/wp-json\/wp\/v2\/media\/8156"}],"wp:attachment":[{"href":"https:\/\/ecostera.com\/dk\/wp-json\/wp\/v2\/media?parent=8160"}],"wp:term":[{"taxonomy":"product_brand","embeddable":true,"href":"https:\/\/ecostera.com\/dk\/wp-json\/wp\/v2\/product_brand?post=8160"},{"taxonomy":"product_cat","embeddable":true,"href":"https:\/\/ecostera.com\/dk\/wp-json\/wp\/v2\/product_cat?post=8160"},{"taxonomy":"product_tag","embeddable":true,"href":"https:\/\/ecostera.com\/dk\/wp-json\/wp\/v2\/product_tag?post=8160"}],"curies":[{"name":"wp","href":"https:\/\/api.w.org\/{rel}","templated":true}]}}