{"id":8193,"date":"2025-08-27T14:22:21","date_gmt":"2025-08-27T11:22:21","guid":{"rendered":"https:\/\/ecostera.com\/dk\/product\/legetoej-til-biltransformatorer\/"},"modified":"2025-11-03T12:02:16","modified_gmt":"2025-11-03T10:02:16","slug":"legetoej-til-biltransformatorer","status":"publish","type":"product","link":"https:\/\/ecostera.com\/dk\/product\/legetoej-til-biltransformatorer\/","title":{"rendered":"Leget\u00f8j til biltransformatorer"},"content":{"rendered":"<h2 style=\"text-align: center\" data-start=\"0\" data-end=\"27\">Forvandles p\u00e5 f\u00e5 sekunder<\/h2>\n<p style=\"text-align: center\" data-start=\"28\" data-end=\"249\">Biltransformator-leget\u00f8jet forvandles hurtigt fra en bil til en robot med bare \u00e9n bev\u00e6gelse. Denne sp\u00e6ndende funktion g\u00f8r legen sjovere og holder b\u00f8rnene engagerede. Det er nemt at skifte mellem tilstande, hvilket giver endel\u00f8s underholdning.<\/p>\n<p data-start=\"28\" data-end=\"249\"><img decoding=\"async\" class=\"alignnone size-medium wp-image-12524 aligncenter\" src=\"https:\/\/keluvo.com\/template\/wp-content\/uploads\/sites\/5\/2025\/03\/c81c6d0e-8714-431b-aa95-995f0a58772e.webp\" alt=\"\" \/><\/p>\n<h2 style=\"text-align: center\" data-start=\"251\" data-end=\"285\">Fjernbetjening til nem leg<\/h2>\n<p style=\"text-align: center\" data-start=\"286\" data-end=\"523\">Med en simpel fjernbetjening kan b\u00f8rn nemt k\u00f8re biltransformatorleget\u00f8jet frem, tilbage og dreje. Betjeningen er enkel at bruge, hvilket g\u00f8r den perfekt til b\u00f8rn i alle aldre. Nyd timevis af sjov med at k\u00f8re og forvandle leget\u00f8jet.<\/p>\n<p data-start=\"286\" data-end=\"523\"><img decoding=\"async\" class=\"alignnone size-medium wp-image-12522 aligncenter\" src=\"https:\/\/keluvo.com\/template\/wp-content\/uploads\/sites\/5\/2025\/03\/7c61591e-a97f-48a8-8327-7edfaf369f9b.webp\" alt=\"\" \/><\/p>\n","protected":false},"excerpt":{"rendered":"<p>Forvandles p\u00e5 f\u00e5 sekunder Biltransformator-leget\u00f8jet forvandles hurtigt fra en bil til en robot med bare \u00e9n bev\u00e6gelse. Denne sp\u00e6ndende funktion [&hellip;]<\/p>\n","protected":false},"featured_media":8189,"comment_status":"open","ping_status":"closed","template":"","meta":{"site-sidebar-layout":"default","site-content-layout":"","ast-site-content-layout":"default","site-content-style":"default","site-sidebar-style":"default","ast-global-header-display":"","ast-banner-title-visibility":"","ast-main-header-display":"","ast-hfb-above-header-display":"","ast-hfb-below-header-display":"","ast-hfb-mobile-header-display":"","site-post-title":"","ast-breadcrumbs-content":"","ast-featured-img":"","footer-sml-layout":"","theme-transparent-header-meta":"default","adv-header-id-meta":"","stick-header-meta":"","header-above-stick-meta":"","header-main-stick-meta":"","header-below-stick-meta":"","astra-migrate-meta-layouts":"set","ast-page-background-enabled":"default","ast-page-background-meta":{"desktop":{"background-color":"var(--ast-global-color-5)","background-image":"","background-repeat":"repeat","background-position":"center center","background-size":"auto","background-attachment":"scroll","background-type":"","background-media":"","overlay-type":"","overlay-color":"","overlay-opacity":"","overlay-gradient":""},"tablet":{"background-color":"","background-image":"","background-repeat":"repeat","background-position":"center center","background-size":"auto","background-attachment":"scroll","background-type":"","background-media":"","overlay-type":"","overlay-color":"","overlay-opacity":"","overlay-gradient":""},"mobile":{"background-color":"","background-image":"","background-repeat":"repeat","background-position":"center center","background-size":"auto","background-attachment":"scroll","background-type":"","background-media":"","overlay-type":"","overlay-color":"","overlay-opacity":"","overlay-gradient":""}},"ast-content-background-meta":{"desktop":{"background-color":"var(--ast-global-color-4)","background-image":"","background-repeat":"repeat","background-position":"center center","background-size":"auto","background-attachment":"scroll","background-type":"","background-media":"","overlay-type":"","overlay-color":"","overlay-opacity":"","overlay-gradient":""},"tablet":{"background-color":"var(--ast-global-color-4)","background-image":"","background-repeat":"repeat","background-position":"center center","background-size":"auto","background-attachment":"scroll","background-type":"","background-media":"","overlay-type":"","overlay-color":"","overlay-opacity":"","overlay-gradient":""},"mobile":{"background-color":"var(--ast-global-color-4)","background-image":"","background-repeat":"repeat","background-position":"center center","background-size":"auto","background-attachment":"scroll","background-type":"","background-media":"","overlay-type":"","overlay-color":"","overlay-opacity":"","overlay-gradient":""}}},"product_brand":[],"product_cat":[19],"product_tag":[],"class_list":{"0":"post-8193","1":"product","2":"type-product","3":"status-publish","4":"has-post-thumbnail","6":"product_cat-uncategorized","7":"pa_43097_5n6bshdc-blaa","8":"pa_43097_5n6bshdc-blaa-hvid","9":"pa_43097_5n6bshdc-gul","10":"pa_43097_5n6bshdc-orange","11":"pa_43097_5n6bshdc-roed","12":"desktop-align-left","13":"tablet-align-left","14":"mobile-align-left","16":"first","17":"instock","18":"shipping-taxable","19":"purchasable","20":"product-type-variable"},"_links":{"self":[{"href":"https:\/\/ecostera.com\/dk\/wp-json\/wp\/v2\/product\/8193","targetHints":{"allow":["GET"]}}],"collection":[{"href":"https:\/\/ecostera.com\/dk\/wp-json\/wp\/v2\/product"}],"about":[{"href":"https:\/\/ecostera.com\/dk\/wp-json\/wp\/v2\/types\/product"}],"replies":[{"embeddable":true,"href":"https:\/\/ecostera.com\/dk\/wp-json\/wp\/v2\/comments?post=8193"}],"wp:featuredmedia":[{"embeddable":true,"href":"https:\/\/ecostera.com\/dk\/wp-json\/wp\/v2\/media\/8189"}],"wp:attachment":[{"href":"https:\/\/ecostera.com\/dk\/wp-json\/wp\/v2\/media?parent=8193"}],"wp:term":[{"taxonomy":"product_brand","embeddable":true,"href":"https:\/\/ecostera.com\/dk\/wp-json\/wp\/v2\/product_brand?post=8193"},{"taxonomy":"product_cat","embeddable":true,"href":"https:\/\/ecostera.com\/dk\/wp-json\/wp\/v2\/product_cat?post=8193"},{"taxonomy":"product_tag","embeddable":true,"href":"https:\/\/ecostera.com\/dk\/wp-json\/wp\/v2\/product_tag?post=8193"}],"curies":[{"name":"wp","href":"https:\/\/api.w.org\/{rel}","templated":true}]}}