{"id":8218,"date":"2025-08-27T14:23:13","date_gmt":"2025-08-27T11:23:13","guid":{"rendered":"https:\/\/ecostera.com\/dk\/product\/dumpling-maskine\/"},"modified":"2025-08-27T14:23:13","modified_gmt":"2025-08-27T11:23:13","slug":"dumpling-maskine","status":"publish","type":"product","link":"https:\/\/ecostera.com\/dk\/product\/dumpling-maskine\/","title":{"rendered":"Dumpling-maskine"},"content":{"rendered":"<h2 style=\"text-align: center\">Hurtige og nemme dumplings<\/h2>\n<p style=\"text-align: center\">Dumplingsmaskinen giver dig mulighed for at lave to dumplings ad gangen, s\u00e5 du sparer tid og kr\u00e6fter i k\u00f8kkenet. Placer blot indpakningen og fyldet p\u00e5 plads, tryk ned, og nyd perfekt formede dumplings. Der kr\u00e6ves ingen s\u00e6rlige f\u00e6rdigheder, hvilket g\u00f8r den ideel til alle, ogs\u00e5 begyndere.<\/p>\n<p><img decoding=\"async\" class=\"alignnone size-medium wp-image-9127 aligncenter\" src=\"https:\/\/keluvo.com\/template\/wp-content\/uploads\/sites\/5\/2025\/01\/181ed5d3-02d7-47f5-8874-a9f65ada5ecf.webp\" alt=\"\" \/><\/p>\n<h2 style=\"text-align: center\">Holdbart og sikkert materiale<\/h2>\n<p style=\"text-align: center\">Bollemaskinen er fremstillet af rustfrit st\u00e5l af h\u00f8j kvalitet og er robust, langtidsholdbar og sikker at bruge. Materialet er let at reng\u00f8re &#8211; bare skyl den under vand efter brug. Den st\u00e6rke konstruktion sikrer, at du kan nyde at lave dumplings i mange \u00e5r fremover.<\/p>\n<p><img decoding=\"async\" class=\"alignnone size-medium wp-image-9126 aligncenter\" src=\"https:\/\/keluvo.com\/template\/wp-content\/uploads\/sites\/5\/2025\/01\/c93a5e6c-1a06-4bb1-a6b6-843e3ae8868f.webp\" alt=\"\" \/><\/p>\n","protected":false},"excerpt":{"rendered":"<p>Hurtige og nemme dumplings Dumplingsmaskinen giver dig mulighed for at lave to dumplings ad gangen, s\u00e5 du sparer tid og [&hellip;]<\/p>\n","protected":false},"featured_media":8214,"comment_status":"open","ping_status":"closed","template":"","meta":{"site-sidebar-layout":"default","site-content-layout":"","ast-site-content-layout":"default","site-content-style":"default","site-sidebar-style":"default","ast-global-header-display":"","ast-banner-title-visibility":"","ast-main-header-display":"","ast-hfb-above-header-display":"","ast-hfb-below-header-display":"","ast-hfb-mobile-header-display":"","site-post-title":"","ast-breadcrumbs-content":"","ast-featured-img":"","footer-sml-layout":"","theme-transparent-header-meta":"default","adv-header-id-meta":"","stick-header-meta":"","header-above-stick-meta":"","header-main-stick-meta":"","header-below-stick-meta":"","astra-migrate-meta-layouts":"set","ast-page-background-enabled":"default","ast-page-background-meta":{"desktop":{"background-color":"var(--ast-global-color-5)","background-image":"","background-repeat":"repeat","background-position":"center center","background-size":"auto","background-attachment":"scroll","background-type":"","background-media":"","overlay-type":"","overlay-color":"","overlay-opacity":"","overlay-gradient":""},"tablet":{"background-color":"","background-image":"","background-repeat":"repeat","background-position":"center center","background-size":"auto","background-attachment":"scroll","background-type":"","background-media":"","overlay-type":"","overlay-color":"","overlay-opacity":"","overlay-gradient":""},"mobile":{"background-color":"","background-image":"","background-repeat":"repeat","background-position":"center center","background-size":"auto","background-attachment":"scroll","background-type":"","background-media":"","overlay-type":"","overlay-color":"","overlay-opacity":"","overlay-gradient":""}},"ast-content-background-meta":{"desktop":{"background-color":"var(--ast-global-color-4)","background-image":"","background-repeat":"repeat","background-position":"center center","background-size":"auto","background-attachment":"scroll","background-type":"","background-media":"","overlay-type":"","overlay-color":"","overlay-opacity":"","overlay-gradient":""},"tablet":{"background-color":"var(--ast-global-color-4)","background-image":"","background-repeat":"repeat","background-position":"center center","background-size":"auto","background-attachment":"scroll","background-type":"","background-media":"","overlay-type":"","overlay-color":"","overlay-opacity":"","overlay-gradient":""},"mobile":{"background-color":"var(--ast-global-color-4)","background-image":"","background-repeat":"repeat","background-position":"center center","background-size":"auto","background-attachment":"scroll","background-type":"","background-media":"","overlay-type":"","overlay-color":"","overlay-opacity":"","overlay-gradient":""}}},"product_brand":[],"product_cat":[19],"product_tag":[],"class_list":{"0":"post-8218","1":"product","2":"type-product","3":"status-publish","4":"has-post-thumbnail","6":"product_cat-uncategorized","7":"desktop-align-left","8":"tablet-align-left","9":"mobile-align-left","11":"first","12":"instock","13":"shipping-taxable","14":"purchasable","15":"product-type-simple"},"_links":{"self":[{"href":"https:\/\/ecostera.com\/dk\/wp-json\/wp\/v2\/product\/8218","targetHints":{"allow":["GET"]}}],"collection":[{"href":"https:\/\/ecostera.com\/dk\/wp-json\/wp\/v2\/product"}],"about":[{"href":"https:\/\/ecostera.com\/dk\/wp-json\/wp\/v2\/types\/product"}],"replies":[{"embeddable":true,"href":"https:\/\/ecostera.com\/dk\/wp-json\/wp\/v2\/comments?post=8218"}],"wp:featuredmedia":[{"embeddable":true,"href":"https:\/\/ecostera.com\/dk\/wp-json\/wp\/v2\/media\/8214"}],"wp:attachment":[{"href":"https:\/\/ecostera.com\/dk\/wp-json\/wp\/v2\/media?parent=8218"}],"wp:term":[{"taxonomy":"product_brand","embeddable":true,"href":"https:\/\/ecostera.com\/dk\/wp-json\/wp\/v2\/product_brand?post=8218"},{"taxonomy":"product_cat","embeddable":true,"href":"https:\/\/ecostera.com\/dk\/wp-json\/wp\/v2\/product_cat?post=8218"},{"taxonomy":"product_tag","embeddable":true,"href":"https:\/\/ecostera.com\/dk\/wp-json\/wp\/v2\/product_tag?post=8218"}],"curies":[{"name":"wp","href":"https:\/\/api.w.org\/{rel}","templated":true}]}}