{"id":8223,"date":"2025-08-27T14:23:37","date_gmt":"2025-08-27T11:23:37","guid":{"rendered":"https:\/\/ecostera.com\/dk\/product\/blaa-boelge-ring\/"},"modified":"2025-09-13T16:12:46","modified_gmt":"2025-09-13T13:12:46","slug":"blaa-boelge-ring","status":"publish","type":"product","link":"https:\/\/ecostera.com\/dk\/product\/blaa-boelge-ring\/","title":{"rendered":"Bl\u00e5 b\u00f8lge-ring"},"content":{"rendered":"<h2 style=\"text-align: center;\">Elegant Bl\u00e5t B\u00f8lgedesign<\/h2>\n<p style=\"text-align: center;\">Den bl\u00e5 b\u00f8lgering har et fantastisk b\u00f8lgeinspireret m\u00f8nster i en sart bl\u00e5 farve. Dens unikke design tilf\u00f8jer et strejf af elegance til ethvert outfit.<\/p>\n<p><img decoding=\"async\" class=\"alignnone size-medium wp-image-8052 aligncenter\" src=\"https:\/\/keluvo.com\/template\/wp-content\/uploads\/sites\/5\/2025\/01\/cccf3dac-0fb8-43cb-8e74-98c385ef25ef.webp\" alt=\"\" \/><\/p>\n<h2 style=\"text-align: center;\">Perfekt Til S\u00e6rlige Lejligheder<\/h2>\n<p style=\"text-align: center;\">Denne ring er et ideelt tilbeh\u00f8r til fester eller fejringer. Dens funklende zirkoner g\u00f8r den til en opsigtsv\u00e6kkende tilf\u00f8jelse til din smykkesamling.<\/p>\n<p><img decoding=\"async\" class=\"alignnone size-medium wp-image-8053 aligncenter\" src=\"https:\/\/keluvo.com\/template\/wp-content\/uploads\/sites\/5\/2025\/01\/d40d744a-b16e-407d-8707-626e1a818dd4.webp\" alt=\"\" \/><\/p>\n","protected":false},"excerpt":{"rendered":"<p>Elegant Bl\u00e5t B\u00f8lgedesign Den bl\u00e5 b\u00f8lgering har et fantastisk b\u00f8lgeinspireret m\u00f8nster i en sart bl\u00e5 farve. Dens unikke design tilf\u00f8jer [&hellip;]<\/p>\n","protected":false},"featured_media":8219,"comment_status":"open","ping_status":"closed","template":"","meta":{"site-sidebar-layout":"default","site-content-layout":"","ast-site-content-layout":"default","site-content-style":"default","site-sidebar-style":"default","ast-global-header-display":"","ast-banner-title-visibility":"","ast-main-header-display":"","ast-hfb-above-header-display":"","ast-hfb-below-header-display":"","ast-hfb-mobile-header-display":"","site-post-title":"","ast-breadcrumbs-content":"","ast-featured-img":"","footer-sml-layout":"","theme-transparent-header-meta":"default","adv-header-id-meta":"","stick-header-meta":"","header-above-stick-meta":"","header-main-stick-meta":"","header-below-stick-meta":"","astra-migrate-meta-layouts":"set","ast-page-background-enabled":"default","ast-page-background-meta":{"desktop":{"background-color":"var(--ast-global-color-5)","background-image":"","background-repeat":"repeat","background-position":"center center","background-size":"auto","background-attachment":"scroll","background-type":"","background-media":"","overlay-type":"","overlay-color":"","overlay-opacity":"","overlay-gradient":""},"tablet":{"background-color":"","background-image":"","background-repeat":"repeat","background-position":"center center","background-size":"auto","background-attachment":"scroll","background-type":"","background-media":"","overlay-type":"","overlay-color":"","overlay-opacity":"","overlay-gradient":""},"mobile":{"background-color":"","background-image":"","background-repeat":"repeat","background-position":"center center","background-size":"auto","background-attachment":"scroll","background-type":"","background-media":"","overlay-type":"","overlay-color":"","overlay-opacity":"","overlay-gradient":""}},"ast-content-background-meta":{"desktop":{"background-color":"var(--ast-global-color-4)","background-image":"","background-repeat":"repeat","background-position":"center center","background-size":"auto","background-attachment":"scroll","background-type":"","background-media":"","overlay-type":"","overlay-color":"","overlay-opacity":"","overlay-gradient":""},"tablet":{"background-color":"var(--ast-global-color-4)","background-image":"","background-repeat":"repeat","background-position":"center center","background-size":"auto","background-attachment":"scroll","background-type":"","background-media":"","overlay-type":"","overlay-color":"","overlay-opacity":"","overlay-gradient":""},"mobile":{"background-color":"var(--ast-global-color-4)","background-image":"","background-repeat":"repeat","background-position":"center center","background-size":"auto","background-attachment":"scroll","background-type":"","background-media":"","overlay-type":"","overlay-color":"","overlay-opacity":"","overlay-gradient":""}}},"product_brand":[],"product_cat":[19],"product_tag":[],"class_list":{"0":"post-8223","1":"product","2":"type-product","3":"status-publish","4":"has-post-thumbnail","6":"product_cat-uncategorized","7":"pa_45334_za124gd6-1106","8":"pa_45334_za124gd6-1107","9":"pa_45334_za124gd6-1108","10":"pa_45334_za124gd6-1109","11":"desktop-align-left","12":"tablet-align-left","13":"mobile-align-left","15":"first","16":"instock","17":"shipping-taxable","18":"purchasable","19":"product-type-variable"},"_links":{"self":[{"href":"https:\/\/ecostera.com\/dk\/wp-json\/wp\/v2\/product\/8223","targetHints":{"allow":["GET"]}}],"collection":[{"href":"https:\/\/ecostera.com\/dk\/wp-json\/wp\/v2\/product"}],"about":[{"href":"https:\/\/ecostera.com\/dk\/wp-json\/wp\/v2\/types\/product"}],"replies":[{"embeddable":true,"href":"https:\/\/ecostera.com\/dk\/wp-json\/wp\/v2\/comments?post=8223"}],"wp:featuredmedia":[{"embeddable":true,"href":"https:\/\/ecostera.com\/dk\/wp-json\/wp\/v2\/media\/8219"}],"wp:attachment":[{"href":"https:\/\/ecostera.com\/dk\/wp-json\/wp\/v2\/media?parent=8223"}],"wp:term":[{"taxonomy":"product_brand","embeddable":true,"href":"https:\/\/ecostera.com\/dk\/wp-json\/wp\/v2\/product_brand?post=8223"},{"taxonomy":"product_cat","embeddable":true,"href":"https:\/\/ecostera.com\/dk\/wp-json\/wp\/v2\/product_cat?post=8223"},{"taxonomy":"product_tag","embeddable":true,"href":"https:\/\/ecostera.com\/dk\/wp-json\/wp\/v2\/product_tag?post=8223"}],"curies":[{"name":"wp","href":"https:\/\/api.w.org\/{rel}","templated":true}]}}