{"id":8292,"date":"2025-08-27T14:30:04","date_gmt":"2025-08-27T11:30:04","guid":{"rendered":"https:\/\/ecostera.com\/dk\/product\/batteridrevet-sproejtemaskine-batteri-medfoelger\/"},"modified":"2025-08-27T14:30:04","modified_gmt":"2025-08-27T11:30:04","slug":"batteridrevet-sproejtemaskine-batteri-medfoelger","status":"publish","type":"product","link":"https:\/\/ecostera.com\/dk\/product\/batteridrevet-sproejtemaskine-batteri-medfoelger\/","title":{"rendered":"Batteridrevet spr\u00f8jtemaskine (batteri medf\u00f8lger)"},"content":{"rendered":"<h2 style=\"text-align: center\" data-start=\"0\" data-end=\"32\">Nem og ledningsfri maling<\/h2>\n<p style=\"text-align: center\" data-start=\"33\" data-end=\"227\">Den ledningsfri spr\u00f8jtemaskine giver dig mulighed for at male uden besv\u00e6r med ledninger. Det genopladelige batteri giver dig fuld bev\u00e6gelsesfrihed. Perfekt til maling af d\u00f8re, v\u00e6gge, m\u00f8bler og meget mere.<\/p>\n<p data-start=\"33\" data-end=\"227\"><img decoding=\"async\" class=\"alignnone size-medium wp-image-11764 aligncenter\" src=\"https:\/\/keluvo.com\/template\/wp-content\/uploads\/sites\/5\/2025\/02\/S2bc3cd523d6e4066b4bfa9be7851323f4.jpeg\" alt=\"\" \/><\/p>\n<h3 style=\"text-align: center\" data-start=\"229\" data-end=\"260\">Justerbare spr\u00f8jtem\u00f8nstre<\/h3>\n<p style=\"text-align: center\" data-start=\"261\" data-end=\"451\">Denne batteridrevne spr\u00f8jtemaskine har tre spr\u00f8jtetyper: rund, lodret og vandret. Juster dysen for at f\u00e5 det perfekte malingsflow. Det hj\u00e6lper med at spare materialer og sikrer en j\u00e6vn d\u00e6kning.<\/p>\n<p data-start=\"261\" data-end=\"451\"><img decoding=\"async\" class=\"alignnone size-medium wp-image-11772 aligncenter\" src=\"https:\/\/keluvo.com\/template\/wp-content\/uploads\/sites\/5\/2025\/02\/S303a205546f04875babe4d98f03aef55A-2.jpeg\" alt=\"\" \/><\/p>\n","protected":false},"excerpt":{"rendered":"<p>Nem og ledningsfri maling Den ledningsfri spr\u00f8jtemaskine giver dig mulighed for at male uden besv\u00e6r med ledninger. Det genopladelige batteri [&hellip;]<\/p>\n","protected":false},"featured_media":8288,"comment_status":"open","ping_status":"closed","template":"","meta":{"site-sidebar-layout":"default","site-content-layout":"","ast-site-content-layout":"default","site-content-style":"default","site-sidebar-style":"default","ast-global-header-display":"","ast-banner-title-visibility":"","ast-main-header-display":"","ast-hfb-above-header-display":"","ast-hfb-below-header-display":"","ast-hfb-mobile-header-display":"","site-post-title":"","ast-breadcrumbs-content":"","ast-featured-img":"","footer-sml-layout":"","theme-transparent-header-meta":"default","adv-header-id-meta":"","stick-header-meta":"","header-above-stick-meta":"","header-main-stick-meta":"","header-below-stick-meta":"","astra-migrate-meta-layouts":"set","ast-page-background-enabled":"default","ast-page-background-meta":{"desktop":{"background-color":"var(--ast-global-color-5)","background-image":"","background-repeat":"repeat","background-position":"center center","background-size":"auto","background-attachment":"scroll","background-type":"","background-media":"","overlay-type":"","overlay-color":"","overlay-opacity":"","overlay-gradient":""},"tablet":{"background-color":"","background-image":"","background-repeat":"repeat","background-position":"center center","background-size":"auto","background-attachment":"scroll","background-type":"","background-media":"","overlay-type":"","overlay-color":"","overlay-opacity":"","overlay-gradient":""},"mobile":{"background-color":"","background-image":"","background-repeat":"repeat","background-position":"center center","background-size":"auto","background-attachment":"scroll","background-type":"","background-media":"","overlay-type":"","overlay-color":"","overlay-opacity":"","overlay-gradient":""}},"ast-content-background-meta":{"desktop":{"background-color":"var(--ast-global-color-4)","background-image":"","background-repeat":"repeat","background-position":"center center","background-size":"auto","background-attachment":"scroll","background-type":"","background-media":"","overlay-type":"","overlay-color":"","overlay-opacity":"","overlay-gradient":""},"tablet":{"background-color":"var(--ast-global-color-4)","background-image":"","background-repeat":"repeat","background-position":"center center","background-size":"auto","background-attachment":"scroll","background-type":"","background-media":"","overlay-type":"","overlay-color":"","overlay-opacity":"","overlay-gradient":""},"mobile":{"background-color":"var(--ast-global-color-4)","background-image":"","background-repeat":"repeat","background-position":"center center","background-size":"auto","background-attachment":"scroll","background-type":"","background-media":"","overlay-type":"","overlay-color":"","overlay-opacity":"","overlay-gradient":""}}},"product_brand":[],"product_cat":[19],"product_tag":[],"class_list":{"0":"post-8292","1":"product","2":"type-product","3":"status-publish","4":"has-post-thumbnail","6":"product_cat-uncategorized","7":"desktop-align-left","8":"tablet-align-left","9":"mobile-align-left","11":"first","12":"instock","13":"shipping-taxable","14":"purchasable","15":"product-type-simple"},"_links":{"self":[{"href":"https:\/\/ecostera.com\/dk\/wp-json\/wp\/v2\/product\/8292","targetHints":{"allow":["GET"]}}],"collection":[{"href":"https:\/\/ecostera.com\/dk\/wp-json\/wp\/v2\/product"}],"about":[{"href":"https:\/\/ecostera.com\/dk\/wp-json\/wp\/v2\/types\/product"}],"replies":[{"embeddable":true,"href":"https:\/\/ecostera.com\/dk\/wp-json\/wp\/v2\/comments?post=8292"}],"wp:featuredmedia":[{"embeddable":true,"href":"https:\/\/ecostera.com\/dk\/wp-json\/wp\/v2\/media\/8288"}],"wp:attachment":[{"href":"https:\/\/ecostera.com\/dk\/wp-json\/wp\/v2\/media?parent=8292"}],"wp:term":[{"taxonomy":"product_brand","embeddable":true,"href":"https:\/\/ecostera.com\/dk\/wp-json\/wp\/v2\/product_brand?post=8292"},{"taxonomy":"product_cat","embeddable":true,"href":"https:\/\/ecostera.com\/dk\/wp-json\/wp\/v2\/product_cat?post=8292"},{"taxonomy":"product_tag","embeddable":true,"href":"https:\/\/ecostera.com\/dk\/wp-json\/wp\/v2\/product_tag?post=8292"}],"curies":[{"name":"wp","href":"https:\/\/api.w.org\/{rel}","templated":true}]}}