{"id":8298,"date":"2025-08-27T14:30:27","date_gmt":"2025-08-27T11:30:27","guid":{"rendered":"https:\/\/ecostera.com\/dk\/product\/saet-med-haandvasknoegler\/"},"modified":"2025-08-27T14:30:36","modified_gmt":"2025-08-27T11:30:36","slug":"saet-med-haandvasknoegler","status":"publish","type":"product","link":"https:\/\/ecostera.com\/dk\/product\/saet-med-haandvasknoegler\/","title":{"rendered":"S\u00e6t med h\u00e5ndvaskn\u00f8gler"},"content":{"rendered":"<h2 style=\"text-align: center\" data-start=\"0\" data-end=\"33\">St\u00e6rkt og holdbart materiale<\/h2>\n<p class=\"\" style=\"text-align: center\" data-start=\"34\" data-end=\"248\">Vaskn\u00f8gles\u00e6ttet er lavet af kulstofst\u00e5l, hvilket g\u00f8r det st\u00e6rkt og langtidsholdbart. Det kan klare h\u00e5rde VVS-opgaver uden at b\u00f8je eller g\u00e5 i stykker. Det g\u00f8r det til et p\u00e5lideligt v\u00e6rkt\u00f8j til reparationer i hjemmet og til professionel brug.<\/p>\n<p data-start=\"38\" data-end=\"374\"><img decoding=\"async\" class=\"alignnone size-medium wp-image-12819 aligncenter\" src=\"https:\/\/keluvo.com\/template\/wp-content\/uploads\/sites\/5\/2025\/03\/S26290f7fa80b44af8b79e6811b9ee896T.jpg_960x960q75.jpg_.jpeg\" alt=\"\" \/><\/p>\n<h2 style=\"text-align: center\" data-start=\"250\" data-end=\"267\">Let at bruge<\/h2>\n<p class=\"\" style=\"text-align: center\" data-start=\"268\" data-end=\"498\">Dette skruen\u00f8gles\u00e6t er designet til at passe til forskellige vaske- og r\u00f8rst\u00f8rrelser, hvilket g\u00f8r det nemt at bruge. Dets firkloede og sekskantede design hj\u00e6lper dig med at gribe og dreje m\u00f8trikker og bolte med lethed. Det g\u00f8r VVS-reparationer hurtigere og mere bekvemme.<\/p>\n<p data-start=\"411\" data-end=\"694\"><img decoding=\"async\" class=\"alignnone size-medium wp-image-12821 aligncenter\" src=\"https:\/\/keluvo.com\/template\/wp-content\/uploads\/sites\/5\/2025\/03\/Sb4035ee2d2b842eaab728063e38a0b275.jpg_960x960q75.jpg_.jpeg\" alt=\"\" \/><\/p>\n","protected":false},"excerpt":{"rendered":"<p>St\u00e6rkt og holdbart materiale Vaskn\u00f8gles\u00e6ttet er lavet af kulstofst\u00e5l, hvilket g\u00f8r det st\u00e6rkt og langtidsholdbart. Det kan klare h\u00e5rde VVS-opgaver [&hellip;]<\/p>\n","protected":false},"featured_media":8294,"comment_status":"open","ping_status":"closed","template":"","meta":{"site-sidebar-layout":"default","site-content-layout":"","ast-site-content-layout":"default","site-content-style":"default","site-sidebar-style":"default","ast-global-header-display":"","ast-banner-title-visibility":"","ast-main-header-display":"","ast-hfb-above-header-display":"","ast-hfb-below-header-display":"","ast-hfb-mobile-header-display":"","site-post-title":"","ast-breadcrumbs-content":"","ast-featured-img":"","footer-sml-layout":"","ast-disable-related-posts":"","theme-transparent-header-meta":"default","adv-header-id-meta":"","stick-header-meta":"","header-above-stick-meta":"","header-main-stick-meta":"","header-below-stick-meta":"","astra-migrate-meta-layouts":"set","ast-page-background-enabled":"default","ast-page-background-meta":{"desktop":{"background-color":"var(--ast-global-color-5)","background-image":"","background-repeat":"repeat","background-position":"center center","background-size":"auto","background-attachment":"scroll","background-type":"","background-media":"","overlay-type":"","overlay-color":"","overlay-opacity":"","overlay-gradient":""},"tablet":{"background-color":"","background-image":"","background-repeat":"repeat","background-position":"center center","background-size":"auto","background-attachment":"scroll","background-type":"","background-media":"","overlay-type":"","overlay-color":"","overlay-opacity":"","overlay-gradient":""},"mobile":{"background-color":"","background-image":"","background-repeat":"repeat","background-position":"center center","background-size":"auto","background-attachment":"scroll","background-type":"","background-media":"","overlay-type":"","overlay-color":"","overlay-opacity":"","overlay-gradient":""}},"ast-content-background-meta":{"desktop":{"background-color":"var(--ast-global-color-4)","background-image":"","background-repeat":"repeat","background-position":"center center","background-size":"auto","background-attachment":"scroll","background-type":"","background-media":"","overlay-type":"","overlay-color":"","overlay-opacity":"","overlay-gradient":""},"tablet":{"background-color":"var(--ast-global-color-4)","background-image":"","background-repeat":"repeat","background-position":"center center","background-size":"auto","background-attachment":"scroll","background-type":"","background-media":"","overlay-type":"","overlay-color":"","overlay-opacity":"","overlay-gradient":""},"mobile":{"background-color":"var(--ast-global-color-4)","background-image":"","background-repeat":"repeat","background-position":"center center","background-size":"auto","background-attachment":"scroll","background-type":"","background-media":"","overlay-type":"","overlay-color":"","overlay-opacity":"","overlay-gradient":""}}},"product_brand":[],"product_cat":[19],"product_tag":[],"class_list":{"0":"post-8298","1":"product","2":"type-product","3":"status-publish","4":"has-post-thumbnail","6":"product_cat-uncategorized","7":"pa_18369_eebvf5xv-a","8":"pa_18369_eebvf5xv-b","9":"desktop-align-left","10":"tablet-align-left","11":"mobile-align-left","13":"first","14":"instock","15":"shipping-taxable","16":"purchasable","17":"product-type-variable"},"_links":{"self":[{"href":"https:\/\/ecostera.com\/dk\/wp-json\/wp\/v2\/product\/8298","targetHints":{"allow":["GET"]}}],"collection":[{"href":"https:\/\/ecostera.com\/dk\/wp-json\/wp\/v2\/product"}],"about":[{"href":"https:\/\/ecostera.com\/dk\/wp-json\/wp\/v2\/types\/product"}],"replies":[{"embeddable":true,"href":"https:\/\/ecostera.com\/dk\/wp-json\/wp\/v2\/comments?post=8298"}],"wp:featuredmedia":[{"embeddable":true,"href":"https:\/\/ecostera.com\/dk\/wp-json\/wp\/v2\/media\/8294"}],"wp:attachment":[{"href":"https:\/\/ecostera.com\/dk\/wp-json\/wp\/v2\/media?parent=8298"}],"wp:term":[{"taxonomy":"product_brand","embeddable":true,"href":"https:\/\/ecostera.com\/dk\/wp-json\/wp\/v2\/product_brand?post=8298"},{"taxonomy":"product_cat","embeddable":true,"href":"https:\/\/ecostera.com\/dk\/wp-json\/wp\/v2\/product_cat?post=8298"},{"taxonomy":"product_tag","embeddable":true,"href":"https:\/\/ecostera.com\/dk\/wp-json\/wp\/v2\/product_tag?post=8298"}],"curies":[{"name":"wp","href":"https:\/\/api.w.org\/{rel}","templated":true}]}}