{"id":8307,"date":"2025-08-27T14:31:37","date_gmt":"2025-08-27T11:31:37","guid":{"rendered":"https:\/\/ecostera.com\/dk\/product\/sammenklappelige-laesebriller\/"},"modified":"2025-08-27T14:31:48","modified_gmt":"2025-08-27T11:31:48","slug":"sammenklappelige-laesebriller","status":"publish","type":"product","link":"https:\/\/ecostera.com\/dk\/product\/sammenklappelige-laesebriller\/","title":{"rendered":"Sammenklappelige l\u00e6sebriller"},"content":{"rendered":"<h3 class=\"\" style=\"text-align: center\" data-start=\"90\" data-end=\"132\">\ud83d\udd11 <strong data-start=\"97\" data-end=\"132\">Altid Med Dig \u2013 Etui Til N\u00f8glering<\/strong><\/h3>\n<p class=\"\" style=\"text-align: center\" data-start=\"133\" data-end=\"446\">Du skal aldrig undv\u00e6re dine l\u00e6sebriller igen! Disse ultratynde, lette l\u00e6sebriller passer elegant ind i et kompakt n\u00f8gleringsetui, s\u00e5 du kan s\u00e6tte dem fast p\u00e5 dine n\u00f8gler for ultimativ b\u00e6rbarhed. N\u00f8gleringen f\u00e5s i elegant sort og s\u00f8lvfarvet b\u00f8rstet metal og sikrer, at dine briller altid er inden for r\u00e6kkevidde.<\/p>\n<p data-start=\"133\" data-end=\"446\"><img decoding=\"async\" class=\"size-medium wp-image-13247 aligncenter\" src=\"https:\/\/keluvo.com\/template\/wp-content\/uploads\/sites\/5\/2025\/03\/foldablereadingglasses-ezgif.com-gif-to-webp-converter.webp\" alt=\"\" \/><\/p>\n<h3 class=\"\" style=\"text-align: center\" data-start=\"453\" data-end=\"496\">\ud83d\udd76\ufe0f <strong data-start=\"461\" data-end=\"496\">Light &amp; Behagelig Pasform<\/strong><\/h3>\n<p class=\"\" style=\"text-align: center\" data-start=\"497\" data-end=\"739\">Designet med din komfort for \u00f8je griber disse l\u00e6sebriller blidt fat og kan justeres op eller ned ad n\u00e6sen for at f\u00e5 en optimal pasform. Det nyligt opgraderede n\u00e6sestykke i silikone forbedrer komforten og sikrer en sikker og behagelig oplevelse ved l\u00e6ngere tids brug.<\/p>\n<p data-start=\"497\" data-end=\"739\"><img decoding=\"async\" class=\"size-medium wp-image-13243 aligncenter\" src=\"https:\/\/keluvo.com\/template\/wp-content\/uploads\/sites\/5\/2025\/03\/main-image-4-1.jpeg\" alt=\"\" \/><\/p>\n<h3 class=\"\" style=\"text-align: center\" data-start=\"746\" data-end=\"789\">\ud83d\udee1\ufe0f <strong data-start=\"754\" data-end=\"789\">Holdbar Og P\u00e5lidelig Konstruktion<\/strong><\/h3>\n<p class=\"\" style=\"text-align: center\" data-start=\"790\" data-end=\"1064\">Disse briller er fremstillet af brudsikkert, termoinjektionsst\u00f8bt polykarbonat af optisk kvalitet og er bygget til at holde. Broen best\u00e5r af Nitinol, et metal med formhukommelse, der er 10 gange mere elastisk end fjederst\u00e5l, indkapslet i silikoneslanger af medicinsk kvalitet for ekstra holdbarhed.<\/p>\n<p data-start=\"790\" data-end=\"1064\"><img decoding=\"async\" class=\"size-medium wp-image-13242 aligncenter\" src=\"https:\/\/keluvo.com\/template\/wp-content\/uploads\/sites\/5\/2025\/03\/main-image-3-2.jpeg\" alt=\"\" \/><\/p>\n<h3 class=\"\" style=\"text-align: center\" data-start=\"1071\" data-end=\"1108\">\ud83d\udccf <strong data-start=\"1078\" data-end=\"1108\">Den Passer Til Alle N\u00e6ser<\/strong><\/h3>\n<p class=\"\" style=\"text-align: center\" data-start=\"1109\" data-end=\"1325\">Udf\u00f8rligt testet p\u00e5 tv\u00e6rs af forskellige n\u00e6seformer og -st\u00f8rrelser kan disse l\u00e6sebriller placeres h\u00f8jere eller lavere p\u00e5 n\u00e6sen, s\u00e5 de passer til dine pr\u00e6ferencer. Det gennemt\u00e6nkte design passer komfortabelt til langt de fleste brugere.<\/p>\n<h2 data-start=\"1429\" data-end=\"1450\"><img decoding=\"async\" class=\"size-medium wp-image-13248 aligncenter\" src=\"https:\/\/keluvo.com\/template\/wp-content\/uploads\/sites\/5\/2025\/03\/71SNFqZbLaL._AC_SX679_.jpg\" alt=\"\" \/><\/h2>\n<p>&nbsp;<\/p>\n<h2 style=\"text-align: center\" data-start=\"1429\" data-end=\"1450\"><strong data-start=\"1429\" data-end=\"1450\">Styrkeindstillinger:<\/strong><\/h2>\n<p class=\"\" style=\"text-align: center\" data-start=\"1455\" data-end=\"1495\">100 grader [Anbefales til 45-49 \u00e5r]<\/p>\n<p class=\"\" style=\"text-align: center\" data-start=\"1500\" data-end=\"1540\">150 grader [Anbefales til 50-54 \u00e5r]<\/p>\n<p class=\"\" style=\"text-align: center\" data-start=\"1545\" data-end=\"1585\">200 grader [Anbefales til 55-59 \u00e5r]<\/p>\n<p class=\"\" style=\"text-align: center\" data-start=\"1590\" data-end=\"1630\">250 grader [Anbefales til 60-64 \u00e5r]<\/p>\n<p class=\"\" style=\"text-align: center\" data-start=\"1635\" data-end=\"1675\">300 grader [Anbefales til 65-69 \u00e5r]<\/p>\n<h3 class=\"\" style=\"text-align: center\" data-start=\"1682\" data-end=\"1696\">\u2753 <strong data-start=\"1688\" data-end=\"1696\">Ofte Stillede Sp\u00f8rgsm\u00e5l<\/strong><\/h3>\n<p class=\"\" style=\"text-align: center\" data-start=\"1697\" data-end=\"1875\"><strong data-start=\"1697\" data-end=\"1737\">Hvor Kompakt Er N\u00f8gleringsetuiet?<\/strong><br data-start=\"1737\" data-end=\"1740\" \/>Etuiet er let og kompakt, p\u00e5 st\u00f8rrelse med en cigarett\u00e6nder, hvilket g\u00f8r det nemt at have med i lommen eller kufferten.<\/p>\n<p class=\"\" style=\"text-align: center\" data-start=\"1877\" data-end=\"2053\"><strong data-start=\"1877\" data-end=\"1937\">Kan Brillerne Justeres Til Forskellige N\u00e6seformer?<\/strong><br data-start=\"1937\" data-end=\"1940\" \/>Ja, de kan placeres h\u00f8jere eller lavere p\u00e5 n\u00e6sen for at sikre en behagelig og sikker pasform for de fleste brugere.<\/p>\n<p class=\"\" style=\"text-align: center\" data-start=\"2055\" data-end=\"2199\"><strong data-start=\"2055\" data-end=\"2100\">Hvad Hvis De Ikke Passer Mig Komfortabelt?<\/strong><br data-start=\"2100\" data-end=\"2103\" \/>Vi tilbyder 30 dages fuld returret for at sikre, at du er tilfreds med pasformen og komforten.<\/p>\n","protected":false},"excerpt":{"rendered":"<p>\ud83d\udd11 Altid Med Dig \u2013 Etui Til N\u00f8glering Du skal aldrig undv\u00e6re dine l\u00e6sebriller igen! Disse ultratynde, lette l\u00e6sebriller passer [&hellip;]<\/p>\n","protected":false},"featured_media":8303,"comment_status":"open","ping_status":"closed","template":"","meta":{"site-sidebar-layout":"default","site-content-layout":"","ast-site-content-layout":"default","site-content-style":"default","site-sidebar-style":"default","ast-global-header-display":"","ast-banner-title-visibility":"","ast-main-header-display":"","ast-hfb-above-header-display":"","ast-hfb-below-header-display":"","ast-hfb-mobile-header-display":"","site-post-title":"","ast-breadcrumbs-content":"","ast-featured-img":"","footer-sml-layout":"","theme-transparent-header-meta":"default","adv-header-id-meta":"","stick-header-meta":"","header-above-stick-meta":"","header-main-stick-meta":"","header-below-stick-meta":"","astra-migrate-meta-layouts":"set","ast-page-background-enabled":"default","ast-page-background-meta":{"desktop":{"background-color":"var(--ast-global-color-5)","background-image":"","background-repeat":"repeat","background-position":"center center","background-size":"auto","background-attachment":"scroll","background-type":"","background-media":"","overlay-type":"","overlay-color":"","overlay-opacity":"","overlay-gradient":""},"tablet":{"background-color":"","background-image":"","background-repeat":"repeat","background-position":"center center","background-size":"auto","background-attachment":"scroll","background-type":"","background-media":"","overlay-type":"","overlay-color":"","overlay-opacity":"","overlay-gradient":""},"mobile":{"background-color":"","background-image":"","background-repeat":"repeat","background-position":"center center","background-size":"auto","background-attachment":"scroll","background-type":"","background-media":"","overlay-type":"","overlay-color":"","overlay-opacity":"","overlay-gradient":""}},"ast-content-background-meta":{"desktop":{"background-color":"var(--ast-global-color-4)","background-image":"","background-repeat":"repeat","background-position":"center center","background-size":"auto","background-attachment":"scroll","background-type":"","background-media":"","overlay-type":"","overlay-color":"","overlay-opacity":"","overlay-gradient":""},"tablet":{"background-color":"var(--ast-global-color-4)","background-image":"","background-repeat":"repeat","background-position":"center center","background-size":"auto","background-attachment":"scroll","background-type":"","background-media":"","overlay-type":"","overlay-color":"","overlay-opacity":"","overlay-gradient":""},"mobile":{"background-color":"var(--ast-global-color-4)","background-image":"","background-repeat":"repeat","background-position":"center center","background-size":"auto","background-attachment":"scroll","background-type":"","background-media":"","overlay-type":"","overlay-color":"","overlay-opacity":"","overlay-gradient":""}}},"product_brand":[],"product_cat":[19],"product_tag":[],"class_list":{"0":"post-8307","1":"product","2":"type-product","3":"status-publish","4":"has-post-thumbnail","6":"product_cat-uncategorized","7":"pa_19225_a5vtalsw-1125","8":"pa_19225_a5vtalsw-1-5","9":"pa_19225_a5vtalsw-1127","10":"pa_19225_a5vtalsw-2-5","11":"pa_19225_a5vtalsw-1129","12":"desktop-align-left","13":"tablet-align-left","14":"mobile-align-left","16":"first","17":"instock","18":"shipping-taxable","19":"purchasable","20":"product-type-variable"},"_links":{"self":[{"href":"https:\/\/ecostera.com\/dk\/wp-json\/wp\/v2\/product\/8307","targetHints":{"allow":["GET"]}}],"collection":[{"href":"https:\/\/ecostera.com\/dk\/wp-json\/wp\/v2\/product"}],"about":[{"href":"https:\/\/ecostera.com\/dk\/wp-json\/wp\/v2\/types\/product"}],"replies":[{"embeddable":true,"href":"https:\/\/ecostera.com\/dk\/wp-json\/wp\/v2\/comments?post=8307"}],"wp:featuredmedia":[{"embeddable":true,"href":"https:\/\/ecostera.com\/dk\/wp-json\/wp\/v2\/media\/8303"}],"wp:attachment":[{"href":"https:\/\/ecostera.com\/dk\/wp-json\/wp\/v2\/media?parent=8307"}],"wp:term":[{"taxonomy":"product_brand","embeddable":true,"href":"https:\/\/ecostera.com\/dk\/wp-json\/wp\/v2\/product_brand?post=8307"},{"taxonomy":"product_cat","embeddable":true,"href":"https:\/\/ecostera.com\/dk\/wp-json\/wp\/v2\/product_cat?post=8307"},{"taxonomy":"product_tag","embeddable":true,"href":"https:\/\/ecostera.com\/dk\/wp-json\/wp\/v2\/product_tag?post=8307"}],"curies":[{"name":"wp","href":"https:\/\/api.w.org\/{rel}","templated":true}]}}