{"id":8323,"date":"2025-08-27T14:32:12","date_gmt":"2025-08-27T11:32:12","guid":{"rendered":"https:\/\/ecostera.com\/dk\/product\/holder-til-solbriller\/"},"modified":"2025-09-12T14:58:14","modified_gmt":"2025-09-12T11:58:14","slug":"holder-til-solbriller","status":"publish","type":"product","link":"https:\/\/ecostera.com\/dk\/product\/holder-til-solbriller\/","title":{"rendered":"Holder til solbriller"},"content":{"rendered":"<h2 style=\"text-align: center\" data-start=\"0\" data-end=\"35\">Holder Dine Briller P\u00e5 Plads<\/h2>\n<p style=\"text-align: center\" data-start=\"36\" data-end=\"265\">Solbrilleholderen s\u00e6ttes fast p\u00e5 bilens solsk\u00e6rm og holder dine briller inden for r\u00e6kkevidde. Den forhindrer, at dine briller bliver v\u00e6k eller beskadiget under k\u00f8rslen. En enkel og sikker m\u00e5de at opbevare dine briller p\u00e5, mens du er p\u00e5 farten.<\/p>\n<p data-start=\"36\" data-end=\"265\"><img decoding=\"async\" class=\"alignnone size-medium wp-image-12764 aligncenter\" src=\"https:\/\/keluvo.com\/template\/wp-content\/uploads\/sites\/5\/2025\/03\/069a7428-756b-4b18-9542-cb5ada263e42.webp\" alt=\"\" \/><\/p>\n<h2 style=\"text-align: center\" data-start=\"267\" data-end=\"292\">Nem At Installere<\/h2>\n<p style=\"text-align: center\" data-start=\"293\" data-end=\"511\">Med sit clip-on-design kan denne solbrilleholder monteres p\u00e5 f\u00e5 sekunder. Der er ikke brug for v\u00e6rkt\u00f8j eller ekstra dele, hvilket g\u00f8r det til en problemfri tilf\u00f8jelse til din bil. Bare s\u00e6t den p\u00e5 visiret, og begynd at bruge den med det samme.<\/p>\n<p data-start=\"293\" data-end=\"511\"><img decoding=\"async\" class=\"alignnone size-medium wp-image-12767 aligncenter\" src=\"https:\/\/keluvo.com\/template\/wp-content\/uploads\/sites\/5\/2025\/03\/S0dc904ff682b4870bbe372de70fcc652f.jpg_960x960q75.jpg_.jpeg\" alt=\"\" \/><\/p>\n","protected":false},"excerpt":{"rendered":"<p>Holder Dine Briller P\u00e5 Plads Solbrilleholderen s\u00e6ttes fast p\u00e5 bilens solsk\u00e6rm og holder dine briller inden for r\u00e6kkevidde. Den forhindrer, [&hellip;]<\/p>\n","protected":false},"featured_media":8319,"comment_status":"open","ping_status":"closed","template":"","meta":{"site-sidebar-layout":"default","site-content-layout":"","ast-site-content-layout":"default","site-content-style":"default","site-sidebar-style":"default","ast-global-header-display":"","ast-banner-title-visibility":"","ast-main-header-display":"","ast-hfb-above-header-display":"","ast-hfb-below-header-display":"","ast-hfb-mobile-header-display":"","site-post-title":"","ast-breadcrumbs-content":"","ast-featured-img":"","footer-sml-layout":"","theme-transparent-header-meta":"default","adv-header-id-meta":"","stick-header-meta":"","header-above-stick-meta":"","header-main-stick-meta":"","header-below-stick-meta":"","astra-migrate-meta-layouts":"set","ast-page-background-enabled":"default","ast-page-background-meta":{"desktop":{"background-color":"var(--ast-global-color-5)","background-image":"","background-repeat":"repeat","background-position":"center center","background-size":"auto","background-attachment":"scroll","background-type":"","background-media":"","overlay-type":"","overlay-color":"","overlay-opacity":"","overlay-gradient":""},"tablet":{"background-color":"","background-image":"","background-repeat":"repeat","background-position":"center center","background-size":"auto","background-attachment":"scroll","background-type":"","background-media":"","overlay-type":"","overlay-color":"","overlay-opacity":"","overlay-gradient":""},"mobile":{"background-color":"","background-image":"","background-repeat":"repeat","background-position":"center center","background-size":"auto","background-attachment":"scroll","background-type":"","background-media":"","overlay-type":"","overlay-color":"","overlay-opacity":"","overlay-gradient":""}},"ast-content-background-meta":{"desktop":{"background-color":"var(--ast-global-color-4)","background-image":"","background-repeat":"repeat","background-position":"center center","background-size":"auto","background-attachment":"scroll","background-type":"","background-media":"","overlay-type":"","overlay-color":"","overlay-opacity":"","overlay-gradient":""},"tablet":{"background-color":"var(--ast-global-color-4)","background-image":"","background-repeat":"repeat","background-position":"center center","background-size":"auto","background-attachment":"scroll","background-type":"","background-media":"","overlay-type":"","overlay-color":"","overlay-opacity":"","overlay-gradient":""},"mobile":{"background-color":"var(--ast-global-color-4)","background-image":"","background-repeat":"repeat","background-position":"center center","background-size":"auto","background-attachment":"scroll","background-type":"","background-media":"","overlay-type":"","overlay-color":"","overlay-opacity":"","overlay-gradient":""}}},"product_brand":[],"product_cat":[19],"product_tag":[],"class_list":{"0":"post-8323","1":"product","2":"type-product","3":"status-publish","4":"has-post-thumbnail","6":"product_cat-uncategorized","7":"pa_19506_96fyo3u5-brun","8":"pa_19506_96fyo3u5-graa","9":"pa_19506_96fyo3u5-sort","10":"desktop-align-left","11":"tablet-align-left","12":"mobile-align-left","14":"first","15":"instock","16":"shipping-taxable","17":"purchasable","18":"product-type-variable"},"_links":{"self":[{"href":"https:\/\/ecostera.com\/dk\/wp-json\/wp\/v2\/product\/8323","targetHints":{"allow":["GET"]}}],"collection":[{"href":"https:\/\/ecostera.com\/dk\/wp-json\/wp\/v2\/product"}],"about":[{"href":"https:\/\/ecostera.com\/dk\/wp-json\/wp\/v2\/types\/product"}],"replies":[{"embeddable":true,"href":"https:\/\/ecostera.com\/dk\/wp-json\/wp\/v2\/comments?post=8323"}],"wp:featuredmedia":[{"embeddable":true,"href":"https:\/\/ecostera.com\/dk\/wp-json\/wp\/v2\/media\/8319"}],"wp:attachment":[{"href":"https:\/\/ecostera.com\/dk\/wp-json\/wp\/v2\/media?parent=8323"}],"wp:term":[{"taxonomy":"product_brand","embeddable":true,"href":"https:\/\/ecostera.com\/dk\/wp-json\/wp\/v2\/product_brand?post=8323"},{"taxonomy":"product_cat","embeddable":true,"href":"https:\/\/ecostera.com\/dk\/wp-json\/wp\/v2\/product_cat?post=8323"},{"taxonomy":"product_tag","embeddable":true,"href":"https:\/\/ecostera.com\/dk\/wp-json\/wp\/v2\/product_tag?post=8323"}],"curies":[{"name":"wp","href":"https:\/\/api.w.org\/{rel}","templated":true}]}}