{"id":8339,"date":"2025-08-27T14:33:21","date_gmt":"2025-08-27T11:33:21","guid":{"rendered":"https:\/\/ecostera.com\/dk\/product\/alarm-til-fiskeri\/"},"modified":"2025-09-12T14:57:04","modified_gmt":"2025-09-12T11:57:04","slug":"alarm-til-fiskeri","status":"publish","type":"product","link":"https:\/\/ecostera.com\/dk\/product\/alarm-til-fiskeri\/","title":{"rendered":"Alarm til fiskeri"},"content":{"rendered":"<h2 style=\"text-align: center\" data-start=\"62\" data-end=\"100\">\ud83d\udee0\ufe0f <strong data-start=\"70\" data-end=\"100\">Nem Ops\u00e6tning For Alle Lystfiskere<\/strong><\/h2>\n<p class=\"\" style=\"text-align: center\" data-start=\"101\" data-end=\"220\"><span class=\"relative -mx-px my-[-0.2rem] rounded px-px py-[0.2rem]\">Fastg\u00f8r alarmen p\u00e5 din fiskestang, vikl linen rundt om rotoren, og t\u00e6nd for den.<\/span> <span class=\"relative -mx-px my-[-0.2rem] rounded px-px py-[0.2rem]\">Uanset om du er nybegynder eller erfaren fisker, g\u00f8r denne enhed det lettere at registrere bid.<\/span><\/p>\n<p class=\"\" style=\"text-align: center\" data-start=\"101\" data-end=\"220\"><img decoding=\"async\" class=\"alignnone size-medium wp-image-13280\" src=\"https:\/\/keluvo.com\/template\/wp-content\/uploads\/sites\/5\/2025\/03\/fishingalarmvideo-ezgif.com-gif-to-webp-converter.webp\" alt=\"\" \/>\u200b<\/p>\n<h2 style=\"text-align: center\" data-start=\"227\" data-end=\"266\">\ud83c\udf26\ufe0f <strong data-start=\"235\" data-end=\"266\">P\u00e5lidelig I Alle Milj\u00f8er<\/strong><\/h2>\n<p class=\"\" style=\"text-align: center\" data-start=\"267\" data-end=\"386\"><span class=\"relative -mx-px my-[-0.2rem] rounded px-px py-[0.2rem]\">Udstyret med en f\u00f8lsom, forst\u00e6rket fjeder minimerer alarmen falske alarmer fra mindre vandbev\u00e6gelser eller briser.<\/span> <span class=\"relative -mx-px my-[-0.2rem] rounded px-px py-[0.2rem]\">Ideel til forskellige fiskescenarier, herunder nat-, distance-, hav-, s\u00f8- og flodfiskeri.<\/span><\/p>\n<p class=\"\" style=\"text-align: center\" data-start=\"267\" data-end=\"386\"><img decoding=\"async\" class=\"alignnone size-medium wp-image-13279\" src=\"https:\/\/keluvo.com\/template\/wp-content\/uploads\/sites\/5\/2025\/03\/710GWa7g1bL._AC_SL1500_.jpg\" alt=\"\" \/>\u200b<\/p>\n<h2 style=\"text-align: center\" data-start=\"393\" data-end=\"427\">\ud83d\udd0a <strong data-start=\"400\" data-end=\"427\">H\u00f8rbare Og Visuelle Alarmer<\/strong><\/h2>\n<p class=\"\" style=\"text-align: center\" data-start=\"428\" data-end=\"547\"><span class=\"relative -mx-px my-[-0.2rem] rounded px-px py-[0.2rem]\">Med en h\u00f8j alarm og en lys LED-indikator f\u00e5r du straks besked om enhver fiskeaktivitet, s\u00e5 du aldrig g\u00e5r glip af en potentiel fangst.<\/span> <span class=\"relative -mx-px my-[-0.2rem] rounded px-px py-[0.2rem]\">Perfekt til natfiskeri eller til personer med nedsat h\u00f8relse.<\/span><\/p>\n<p class=\"\" style=\"text-align: center\" data-start=\"428\" data-end=\"547\"><img decoding=\"async\" class=\"alignnone size-medium wp-image-13278\" src=\"https:\/\/keluvo.com\/template\/wp-content\/uploads\/sites\/5\/2025\/03\/7194keC7tRL._AC_SL1500_.jpg\" alt=\"\" \/>\u200b<\/p>\n<h2 style=\"text-align: center\" data-start=\"554\" data-end=\"593\">\ud83d\udd0b <strong data-start=\"561\" data-end=\"593\">Lang Batterilevetid<\/strong><\/h2>\n<p class=\"\" style=\"text-align: center\" data-start=\"594\" data-end=\"677\"><span class=\"relative -mx-px my-[-0.2rem] rounded px-px py-[0.2rem]\">Drevet af tre LR44\/AG13-batterier kan alarmen bruges i ca. et \u00e5r, n\u00e5r den er slukket mellem sessionerne, hvilket giver mulighed for langvarige, bekymringsfrie fiskeeventyr.<\/span>\u200b<\/p>\n<h2 style=\"text-align: center\" data-start=\"684\" data-end=\"698\">\u2753 <strong data-start=\"690\" data-end=\"698\">Ofte Stillede Sp\u00f8rgsm\u00e5l<\/strong><\/h2>\n<p class=\"\" style=\"text-align: center\" data-start=\"700\" data-end=\"832\"><strong data-start=\"700\" data-end=\"744\">Hvordan fastg\u00f8res alarmen til stangen?<\/strong><br data-start=\"744\" data-end=\"747\" \/><span class=\"relative -mx-px my-[-0.2rem] rounded px-px py-[0.2rem]\">Den klikkes sikkert fast p\u00e5 forskellige stangst\u00f8rrelser ved hj\u00e6lp af en skridsikker silikonepakning.<\/span><\/p>\n<p class=\"\" style=\"text-align: center\" data-start=\"834\" data-end=\"962\"><strong data-start=\"834\" data-end=\"874\">Er den velegnet til natfiskeri?<\/strong><br data-start=\"874\" data-end=\"877\" \/><span class=\"relative -mx-px my-[-0.2rem] rounded px-px py-[0.2rem]\">Absolut! Den klare LED-indikator sikrer synlighed under d\u00e5rlige lysforhold.<\/span>\u200b<\/p>\n<p class=\"\" style=\"text-align: center\" data-start=\"964\" data-end=\"1105\"><strong data-start=\"964\" data-end=\"1017\">Kan den modst\u00e5 forskellige vejrforhold?<\/strong><br data-start=\"1017\" data-end=\"1020\" \/><span class=\"relative -mx-px my-[-0.2rem] rounded px-px py-[0.2rem]\">Ja, den er designet til at fungere effektivt i forskellige milj\u00f8er, fra rolige s\u00f8er til bl\u00e6sende hav.<\/span><\/p>\n","protected":false},"excerpt":{"rendered":"<p>\ud83d\udee0\ufe0f Nem Ops\u00e6tning For Alle Lystfiskere Fastg\u00f8r alarmen p\u00e5 din fiskestang, vikl linen rundt om rotoren, og t\u00e6nd for den. [&hellip;]<\/p>\n","protected":false},"featured_media":8335,"comment_status":"open","ping_status":"closed","template":"","meta":{"site-sidebar-layout":"default","site-content-layout":"","ast-site-content-layout":"default","site-content-style":"default","site-sidebar-style":"default","ast-global-header-display":"","ast-banner-title-visibility":"","ast-main-header-display":"","ast-hfb-above-header-display":"","ast-hfb-below-header-display":"","ast-hfb-mobile-header-display":"","site-post-title":"","ast-breadcrumbs-content":"","ast-featured-img":"","footer-sml-layout":"","theme-transparent-header-meta":"default","adv-header-id-meta":"","stick-header-meta":"","header-above-stick-meta":"","header-main-stick-meta":"","header-below-stick-meta":"","astra-migrate-meta-layouts":"set","ast-page-background-enabled":"default","ast-page-background-meta":{"desktop":{"background-color":"var(--ast-global-color-5)","background-image":"","background-repeat":"repeat","background-position":"center center","background-size":"auto","background-attachment":"scroll","background-type":"","background-media":"","overlay-type":"","overlay-color":"","overlay-opacity":"","overlay-gradient":""},"tablet":{"background-color":"","background-image":"","background-repeat":"repeat","background-position":"center center","background-size":"auto","background-attachment":"scroll","background-type":"","background-media":"","overlay-type":"","overlay-color":"","overlay-opacity":"","overlay-gradient":""},"mobile":{"background-color":"","background-image":"","background-repeat":"repeat","background-position":"center center","background-size":"auto","background-attachment":"scroll","background-type":"","background-media":"","overlay-type":"","overlay-color":"","overlay-opacity":"","overlay-gradient":""}},"ast-content-background-meta":{"desktop":{"background-color":"var(--ast-global-color-4)","background-image":"","background-repeat":"repeat","background-position":"center center","background-size":"auto","background-attachment":"scroll","background-type":"","background-media":"","overlay-type":"","overlay-color":"","overlay-opacity":"","overlay-gradient":""},"tablet":{"background-color":"var(--ast-global-color-4)","background-image":"","background-repeat":"repeat","background-position":"center center","background-size":"auto","background-attachment":"scroll","background-type":"","background-media":"","overlay-type":"","overlay-color":"","overlay-opacity":"","overlay-gradient":""},"mobile":{"background-color":"var(--ast-global-color-4)","background-image":"","background-repeat":"repeat","background-position":"center center","background-size":"auto","background-attachment":"scroll","background-type":"","background-media":"","overlay-type":"","overlay-color":"","overlay-opacity":"","overlay-gradient":""}}},"product_brand":[],"product_cat":[19],"product_tag":[],"class_list":{"0":"post-8339","1":"product","2":"type-product","3":"status-publish","4":"has-post-thumbnail","6":"product_cat-uncategorized","7":"desktop-align-left","8":"tablet-align-left","9":"mobile-align-left","11":"first","12":"instock","13":"shipping-taxable","14":"purchasable","15":"product-type-simple"},"_links":{"self":[{"href":"https:\/\/ecostera.com\/dk\/wp-json\/wp\/v2\/product\/8339","targetHints":{"allow":["GET"]}}],"collection":[{"href":"https:\/\/ecostera.com\/dk\/wp-json\/wp\/v2\/product"}],"about":[{"href":"https:\/\/ecostera.com\/dk\/wp-json\/wp\/v2\/types\/product"}],"replies":[{"embeddable":true,"href":"https:\/\/ecostera.com\/dk\/wp-json\/wp\/v2\/comments?post=8339"}],"wp:featuredmedia":[{"embeddable":true,"href":"https:\/\/ecostera.com\/dk\/wp-json\/wp\/v2\/media\/8335"}],"wp:attachment":[{"href":"https:\/\/ecostera.com\/dk\/wp-json\/wp\/v2\/media?parent=8339"}],"wp:term":[{"taxonomy":"product_brand","embeddable":true,"href":"https:\/\/ecostera.com\/dk\/wp-json\/wp\/v2\/product_brand?post=8339"},{"taxonomy":"product_cat","embeddable":true,"href":"https:\/\/ecostera.com\/dk\/wp-json\/wp\/v2\/product_cat?post=8339"},{"taxonomy":"product_tag","embeddable":true,"href":"https:\/\/ecostera.com\/dk\/wp-json\/wp\/v2\/product_tag?post=8339"}],"curies":[{"name":"wp","href":"https:\/\/api.w.org\/{rel}","templated":true}]}}