{"id":8344,"date":"2025-08-27T14:34:07","date_gmt":"2025-08-27T11:34:07","guid":{"rendered":"https:\/\/ecostera.com\/dk\/product\/foldbar-havesav\/"},"modified":"2025-08-27T14:34:21","modified_gmt":"2025-08-27T11:34:21","slug":"foldbar-havesav","status":"publish","type":"product","link":"https:\/\/ecostera.com\/dk\/product\/foldbar-havesav\/","title":{"rendered":"Foldbar havesav"},"content":{"rendered":"<h2 style=\"text-align: center\" data-start=\"0\" data-end=\"31\">St\u00e6rkt Og Holdbart Design<\/h2>\n<p class=\"\" style=\"text-align: center\" data-start=\"32\" data-end=\"281\">Den sammenklappelige havesav er lavet af metal af h\u00f8j kvalitet, hvilket giver den stor h\u00e5rdhed og lang levetid. Den kan klare h\u00e5rde opgaver som at sk\u00e6re tykke grene eller tr\u00e6stammer uden at g\u00e5 i stykker. Det g\u00f8r den til et p\u00e5lideligt v\u00e6rkt\u00f8j til alle dine udend\u00f8rs sk\u00e6rebehov.<\/p>\n<p data-start=\"32\" data-end=\"281\"><img decoding=\"async\" class=\"alignnone size-medium wp-image-12830 aligncenter\" src=\"https:\/\/keluvo.com\/template\/wp-content\/uploads\/sites\/5\/2025\/03\/Sfc40888870a74a07a30f510af579a48bY.jpg_960x960q75.jpg_.jpeg\" alt=\"\" \/><\/p>\n<h2 style=\"text-align: center\" data-start=\"283\" data-end=\"310\">Hurtig Og Nem Sk\u00e6ring<\/h2>\n<p class=\"\" style=\"text-align: center\" data-start=\"311\" data-end=\"541\">Med sit tresidede gearslibningsdesign sk\u00e6rer denne sav hurtigere og mere j\u00e6vnt end almindelige save. Den s\u00e6tter sig ikke s\u00e5 let fast og fungerer godt p\u00e5 b\u00e5de t\u00f8rt og v\u00e5dt tr\u00e6. Det betyder, at du kan afslutte dine opgaver hurtigt med mindre anstrengelse.<\/p>\n<p data-start=\"311\" data-end=\"541\"><img decoding=\"async\" class=\"alignnone size-medium wp-image-12826 aligncenter\" src=\"https:\/\/keluvo.com\/template\/wp-content\/uploads\/sites\/5\/2025\/03\/S7af7961567754f7aa4e9bf3a290bb84cr.jpg_960x960q75.jpg_.jpeg\" alt=\"\" \/><\/p>\n","protected":false},"excerpt":{"rendered":"<p>St\u00e6rkt Og Holdbart Design Den sammenklappelige havesav er lavet af metal af h\u00f8j kvalitet, hvilket giver den stor h\u00e5rdhed og [&hellip;]<\/p>\n","protected":false},"featured_media":8340,"comment_status":"open","ping_status":"closed","template":"","meta":{"site-sidebar-layout":"default","site-content-layout":"","ast-site-content-layout":"default","site-content-style":"default","site-sidebar-style":"default","ast-global-header-display":"","ast-banner-title-visibility":"","ast-main-header-display":"","ast-hfb-above-header-display":"","ast-hfb-below-header-display":"","ast-hfb-mobile-header-display":"","site-post-title":"","ast-breadcrumbs-content":"","ast-featured-img":"","footer-sml-layout":"","theme-transparent-header-meta":"default","adv-header-id-meta":"","stick-header-meta":"","header-above-stick-meta":"","header-main-stick-meta":"","header-below-stick-meta":"","astra-migrate-meta-layouts":"set","ast-page-background-enabled":"default","ast-page-background-meta":{"desktop":{"background-color":"var(--ast-global-color-5)","background-image":"","background-repeat":"repeat","background-position":"center center","background-size":"auto","background-attachment":"scroll","background-type":"","background-media":"","overlay-type":"","overlay-color":"","overlay-opacity":"","overlay-gradient":""},"tablet":{"background-color":"","background-image":"","background-repeat":"repeat","background-position":"center center","background-size":"auto","background-attachment":"scroll","background-type":"","background-media":"","overlay-type":"","overlay-color":"","overlay-opacity":"","overlay-gradient":""},"mobile":{"background-color":"","background-image":"","background-repeat":"repeat","background-position":"center center","background-size":"auto","background-attachment":"scroll","background-type":"","background-media":"","overlay-type":"","overlay-color":"","overlay-opacity":"","overlay-gradient":""}},"ast-content-background-meta":{"desktop":{"background-color":"var(--ast-global-color-4)","background-image":"","background-repeat":"repeat","background-position":"center center","background-size":"auto","background-attachment":"scroll","background-type":"","background-media":"","overlay-type":"","overlay-color":"","overlay-opacity":"","overlay-gradient":""},"tablet":{"background-color":"var(--ast-global-color-4)","background-image":"","background-repeat":"repeat","background-position":"center center","background-size":"auto","background-attachment":"scroll","background-type":"","background-media":"","overlay-type":"","overlay-color":"","overlay-opacity":"","overlay-gradient":""},"mobile":{"background-color":"var(--ast-global-color-4)","background-image":"","background-repeat":"repeat","background-position":"center center","background-size":"auto","background-attachment":"scroll","background-type":"","background-media":"","overlay-type":"","overlay-color":"","overlay-opacity":"","overlay-gradient":""}}},"product_brand":[],"product_cat":[19],"product_tag":[],"class_list":{"0":"post-8344","1":"product","2":"type-product","3":"status-publish","4":"has-post-thumbnail","6":"product_cat-uncategorized","7":"pa_21358_fv79ne29-13cm","8":"pa_21358_fv79ne29-15-cm","9":"pa_21358_fv79ne29-18-cm","10":"pa_21358_fv79ne29-21cm","11":"pa_21358_fv79ne29-25-cm","12":"pa_21358_fv79ne29-30-cm","13":"desktop-align-left","14":"tablet-align-left","15":"mobile-align-left","17":"first","18":"instock","19":"shipping-taxable","20":"purchasable","21":"product-type-variable"},"_links":{"self":[{"href":"https:\/\/ecostera.com\/dk\/wp-json\/wp\/v2\/product\/8344","targetHints":{"allow":["GET"]}}],"collection":[{"href":"https:\/\/ecostera.com\/dk\/wp-json\/wp\/v2\/product"}],"about":[{"href":"https:\/\/ecostera.com\/dk\/wp-json\/wp\/v2\/types\/product"}],"replies":[{"embeddable":true,"href":"https:\/\/ecostera.com\/dk\/wp-json\/wp\/v2\/comments?post=8344"}],"wp:featuredmedia":[{"embeddable":true,"href":"https:\/\/ecostera.com\/dk\/wp-json\/wp\/v2\/media\/8340"}],"wp:attachment":[{"href":"https:\/\/ecostera.com\/dk\/wp-json\/wp\/v2\/media?parent=8344"}],"wp:term":[{"taxonomy":"product_brand","embeddable":true,"href":"https:\/\/ecostera.com\/dk\/wp-json\/wp\/v2\/product_brand?post=8344"},{"taxonomy":"product_cat","embeddable":true,"href":"https:\/\/ecostera.com\/dk\/wp-json\/wp\/v2\/product_cat?post=8344"},{"taxonomy":"product_tag","embeddable":true,"href":"https:\/\/ecostera.com\/dk\/wp-json\/wp\/v2\/product_tag?post=8344"}],"curies":[{"name":"wp","href":"https:\/\/api.w.org\/{rel}","templated":true}]}}