{"id":8361,"date":"2025-08-27T14:34:32","date_gmt":"2025-08-27T11:34:32","guid":{"rendered":"https:\/\/ecostera.com\/dk\/product\/tepind-infuser\/"},"modified":"2025-09-12T14:57:50","modified_gmt":"2025-09-12T11:57:50","slug":"tepind-infuser","status":"publish","type":"product","link":"https:\/\/ecostera.com\/dk\/product\/tepind-infuser\/","title":{"rendered":"Tepind-infuser"},"content":{"rendered":"<h2 style=\"text-align: center\">Holdbart Design I Rustfrit St\u00e5l<\/h2>\n<p style=\"text-align: center\">Tepinden er fremstillet af rustfrit st\u00e5l af h\u00f8j kvalitet, hvilket g\u00f8r den modstandsdygtig over for rust og bygget til at holde. Dette holdbare materiale sikrer, at tepinden er nem at reng\u00f8re og sikker at bruge ved hver brygning. Nyd dine yndlingsteer uden bekymringer takket v\u00e6re den robuste konstruktion.<\/p>\n<p><img decoding=\"async\" class=\"alignnone size-medium wp-image-2651 aligncenter\" src=\"https:\/\/keluvo.com\/template\/wp-content\/uploads\/sites\/5\/2024\/11\/28e3c2fd-44b6-41e0-8ed1-527b23ae722c.webp\" alt=\"\" \/><\/p>\n<h2 style=\"text-align: center\">Brugervenligt Skubbenet<\/h2>\n<p style=\"text-align: center\">Denne tebreve har et praktisk skubbenet, der \u00e5bner og lukker j\u00e6vnt, hvilket g\u00f8r det nemt at fylde l\u00f8se teblade p\u00e5. Med et enkelt tryk kan du holde teen sikkert inde, s\u00e5 du f\u00e5r en bryggeoplevelse uden rod. Det er en praktisk l\u00f8sning til hurtig og nem tilberedning af te.<\/p>\n<p><img decoding=\"async\" class=\"alignnone size-medium wp-image-2653 aligncenter\" src=\"https:\/\/keluvo.com\/template\/wp-content\/uploads\/sites\/5\/2024\/11\/932ba773-4221-42ed-b676-7d3e84165379.webp\" alt=\"\" \/><\/p>\n","protected":false},"excerpt":{"rendered":"<p>Holdbart Design I Rustfrit St\u00e5l Tepinden er fremstillet af rustfrit st\u00e5l af h\u00f8j kvalitet, hvilket g\u00f8r den modstandsdygtig over for [&hellip;]<\/p>\n","protected":false},"featured_media":8357,"comment_status":"open","ping_status":"closed","template":"","meta":{"site-sidebar-layout":"default","site-content-layout":"","ast-site-content-layout":"default","site-content-style":"default","site-sidebar-style":"default","ast-global-header-display":"","ast-banner-title-visibility":"","ast-main-header-display":"","ast-hfb-above-header-display":"","ast-hfb-below-header-display":"","ast-hfb-mobile-header-display":"","site-post-title":"","ast-breadcrumbs-content":"","ast-featured-img":"","footer-sml-layout":"","theme-transparent-header-meta":"default","adv-header-id-meta":"","stick-header-meta":"","header-above-stick-meta":"","header-main-stick-meta":"","header-below-stick-meta":"","astra-migrate-meta-layouts":"set","ast-page-background-enabled":"default","ast-page-background-meta":{"desktop":{"background-color":"var(--ast-global-color-5)","background-image":"","background-repeat":"repeat","background-position":"center center","background-size":"auto","background-attachment":"scroll","background-type":"","background-media":"","overlay-type":"","overlay-color":"","overlay-opacity":"","overlay-gradient":""},"tablet":{"background-color":"","background-image":"","background-repeat":"repeat","background-position":"center center","background-size":"auto","background-attachment":"scroll","background-type":"","background-media":"","overlay-type":"","overlay-color":"","overlay-opacity":"","overlay-gradient":""},"mobile":{"background-color":"","background-image":"","background-repeat":"repeat","background-position":"center center","background-size":"auto","background-attachment":"scroll","background-type":"","background-media":"","overlay-type":"","overlay-color":"","overlay-opacity":"","overlay-gradient":""}},"ast-content-background-meta":{"desktop":{"background-color":"var(--ast-global-color-4)","background-image":"","background-repeat":"repeat","background-position":"center center","background-size":"auto","background-attachment":"scroll","background-type":"","background-media":"","overlay-type":"","overlay-color":"","overlay-opacity":"","overlay-gradient":""},"tablet":{"background-color":"var(--ast-global-color-4)","background-image":"","background-repeat":"repeat","background-position":"center center","background-size":"auto","background-attachment":"scroll","background-type":"","background-media":"","overlay-type":"","overlay-color":"","overlay-opacity":"","overlay-gradient":""},"mobile":{"background-color":"var(--ast-global-color-4)","background-image":"","background-repeat":"repeat","background-position":"center center","background-size":"auto","background-attachment":"scroll","background-type":"","background-media":"","overlay-type":"","overlay-color":"","overlay-opacity":"","overlay-gradient":""}}},"product_brand":[],"product_cat":[19],"product_tag":[],"class_list":{"0":"post-8361","1":"product","2":"type-product","3":"status-publish","4":"has-post-thumbnail","6":"product_cat-uncategorized","7":"desktop-align-left","8":"tablet-align-left","9":"mobile-align-left","11":"first","12":"instock","13":"shipping-taxable","14":"purchasable","15":"product-type-simple"},"_links":{"self":[{"href":"https:\/\/ecostera.com\/dk\/wp-json\/wp\/v2\/product\/8361","targetHints":{"allow":["GET"]}}],"collection":[{"href":"https:\/\/ecostera.com\/dk\/wp-json\/wp\/v2\/product"}],"about":[{"href":"https:\/\/ecostera.com\/dk\/wp-json\/wp\/v2\/types\/product"}],"replies":[{"embeddable":true,"href":"https:\/\/ecostera.com\/dk\/wp-json\/wp\/v2\/comments?post=8361"}],"wp:featuredmedia":[{"embeddable":true,"href":"https:\/\/ecostera.com\/dk\/wp-json\/wp\/v2\/media\/8357"}],"wp:attachment":[{"href":"https:\/\/ecostera.com\/dk\/wp-json\/wp\/v2\/media?parent=8361"}],"wp:term":[{"taxonomy":"product_brand","embeddable":true,"href":"https:\/\/ecostera.com\/dk\/wp-json\/wp\/v2\/product_brand?post=8361"},{"taxonomy":"product_cat","embeddable":true,"href":"https:\/\/ecostera.com\/dk\/wp-json\/wp\/v2\/product_cat?post=8361"},{"taxonomy":"product_tag","embeddable":true,"href":"https:\/\/ecostera.com\/dk\/wp-json\/wp\/v2\/product_tag?post=8361"}],"curies":[{"name":"wp","href":"https:\/\/api.w.org\/{rel}","templated":true}]}}