{"id":8371,"date":"2025-08-27T14:35:15","date_gmt":"2025-08-27T11:35:15","guid":{"rendered":"https:\/\/ecostera.com\/dk\/product\/vampyrhugtaender\/"},"modified":"2025-09-12T14:57:55","modified_gmt":"2025-09-12T11:57:55","slug":"vampyrhugtaender","status":"publish","type":"product","link":"https:\/\/ecostera.com\/dk\/product\/vampyrhugtaender\/","title":{"rendered":"Vampyrhugt\u00e6nder"},"content":{"rendered":"<h2 style=\"text-align: center\" data-start=\"0\" data-end=\"31\">Realistisk Og Uhyggeligt Udseende<\/h2>\n<p class=\"\" style=\"text-align: center\" data-start=\"32\" data-end=\"282\">Vampyrt\u00e6nderne er designet til at give dig et skarpt og realistisk vampyrudseende. De har en naturlig hvid farve og passer komfortabelt over dine t\u00e6nder. Disse hugt\u00e6nder er perfekte til halloween, cosplay eller udkl\u00e6dningsfester og fuldender dit uhyggelige look.<\/p>\n<p data-start=\"32\" data-end=\"282\"><img decoding=\"async\" class=\"alignnone size-medium wp-image-12848 aligncenter\" src=\"https:\/\/keluvo.com\/template\/wp-content\/uploads\/sites\/5\/2025\/03\/S6e97f96b81884b2195d80bbfd9903bf2T.jpeg\" alt=\"\" \/><\/p>\n<h2 style=\"text-align: center\" data-start=\"284\" data-end=\"303\">Nemme At S\u00e6tte P\u00e5<\/h2>\n<p class=\"\" style=\"text-align: center\" data-start=\"304\" data-end=\"559\">Disse vampyrhugt\u00e6nder leveres med tandlim, der giver en sikker og behagelig pasform. P\u00e5f\u00f8r limen, tryk hugt\u00e6nderne p\u00e5 t\u00e6nderne, og vent et par minutter p\u00e5, at de s\u00e6tter sig fast. De bliver p\u00e5 plads, mens du har dem p\u00e5, og er nemme at fjerne, n\u00e5r du er f\u00e6rdig.<\/p>\n<p data-start=\"304\" data-end=\"559\"><img decoding=\"async\" class=\"alignnone size-medium wp-image-12853 aligncenter\" src=\"https:\/\/keluvo.com\/template\/wp-content\/uploads\/sites\/5\/2025\/03\/Sd4e633edc47845289bf581325b8cad580.jpeg\" alt=\"\" \/><\/p>\n","protected":false},"excerpt":{"rendered":"<p>Realistisk Og Uhyggeligt Udseende Vampyrt\u00e6nderne er designet til at give dig et skarpt og realistisk vampyrudseende. De har en naturlig [&hellip;]<\/p>\n","protected":false},"featured_media":8367,"comment_status":"open","ping_status":"closed","template":"","meta":{"site-sidebar-layout":"default","site-content-layout":"","ast-site-content-layout":"default","site-content-style":"default","site-sidebar-style":"default","ast-global-header-display":"","ast-banner-title-visibility":"","ast-main-header-display":"","ast-hfb-above-header-display":"","ast-hfb-below-header-display":"","ast-hfb-mobile-header-display":"","site-post-title":"","ast-breadcrumbs-content":"","ast-featured-img":"","footer-sml-layout":"","theme-transparent-header-meta":"default","adv-header-id-meta":"","stick-header-meta":"","header-above-stick-meta":"","header-main-stick-meta":"","header-below-stick-meta":"","astra-migrate-meta-layouts":"set","ast-page-background-enabled":"default","ast-page-background-meta":{"desktop":{"background-color":"var(--ast-global-color-5)","background-image":"","background-repeat":"repeat","background-position":"center center","background-size":"auto","background-attachment":"scroll","background-type":"","background-media":"","overlay-type":"","overlay-color":"","overlay-opacity":"","overlay-gradient":""},"tablet":{"background-color":"","background-image":"","background-repeat":"repeat","background-position":"center center","background-size":"auto","background-attachment":"scroll","background-type":"","background-media":"","overlay-type":"","overlay-color":"","overlay-opacity":"","overlay-gradient":""},"mobile":{"background-color":"","background-image":"","background-repeat":"repeat","background-position":"center center","background-size":"auto","background-attachment":"scroll","background-type":"","background-media":"","overlay-type":"","overlay-color":"","overlay-opacity":"","overlay-gradient":""}},"ast-content-background-meta":{"desktop":{"background-color":"var(--ast-global-color-4)","background-image":"","background-repeat":"repeat","background-position":"center center","background-size":"auto","background-attachment":"scroll","background-type":"","background-media":"","overlay-type":"","overlay-color":"","overlay-opacity":"","overlay-gradient":""},"tablet":{"background-color":"var(--ast-global-color-4)","background-image":"","background-repeat":"repeat","background-position":"center center","background-size":"auto","background-attachment":"scroll","background-type":"","background-media":"","overlay-type":"","overlay-color":"","overlay-opacity":"","overlay-gradient":""},"mobile":{"background-color":"var(--ast-global-color-4)","background-image":"","background-repeat":"repeat","background-position":"center center","background-size":"auto","background-attachment":"scroll","background-type":"","background-media":"","overlay-type":"","overlay-color":"","overlay-opacity":"","overlay-gradient":""}}},"product_brand":[],"product_cat":[19],"product_tag":[],"class_list":{"0":"post-8371","1":"product","2":"type-product","3":"status-publish","4":"has-post-thumbnail","6":"product_cat-uncategorized","7":"pa_32023_c335qvys-13cm","8":"pa_32023_c335qvys-15-cm","9":"pa_32023_c335qvys-17-cm","10":"pa_32023_c335qvys-19-cm","11":"desktop-align-left","12":"tablet-align-left","13":"mobile-align-left","15":"first","16":"instock","17":"shipping-taxable","18":"purchasable","19":"product-type-variable"},"_links":{"self":[{"href":"https:\/\/ecostera.com\/dk\/wp-json\/wp\/v2\/product\/8371","targetHints":{"allow":["GET"]}}],"collection":[{"href":"https:\/\/ecostera.com\/dk\/wp-json\/wp\/v2\/product"}],"about":[{"href":"https:\/\/ecostera.com\/dk\/wp-json\/wp\/v2\/types\/product"}],"replies":[{"embeddable":true,"href":"https:\/\/ecostera.com\/dk\/wp-json\/wp\/v2\/comments?post=8371"}],"wp:featuredmedia":[{"embeddable":true,"href":"https:\/\/ecostera.com\/dk\/wp-json\/wp\/v2\/media\/8367"}],"wp:attachment":[{"href":"https:\/\/ecostera.com\/dk\/wp-json\/wp\/v2\/media?parent=8371"}],"wp:term":[{"taxonomy":"product_brand","embeddable":true,"href":"https:\/\/ecostera.com\/dk\/wp-json\/wp\/v2\/product_brand?post=8371"},{"taxonomy":"product_cat","embeddable":true,"href":"https:\/\/ecostera.com\/dk\/wp-json\/wp\/v2\/product_cat?post=8371"},{"taxonomy":"product_tag","embeddable":true,"href":"https:\/\/ecostera.com\/dk\/wp-json\/wp\/v2\/product_tag?post=8371"}],"curies":[{"name":"wp","href":"https:\/\/api.w.org\/{rel}","templated":true}]}}