{"id":8384,"date":"2025-08-27T14:35:58","date_gmt":"2025-08-27T11:35:58","guid":{"rendered":"https:\/\/ecostera.com\/dk\/product\/stjernelys-til-bilens-tag\/"},"modified":"2025-09-13T16:07:34","modified_gmt":"2025-09-13T13:07:34","slug":"stjernelys-til-bilens-tag","status":"publish","type":"product","link":"https:\/\/ecostera.com\/dk\/product\/stjernelys-til-bilens-tag\/","title":{"rendered":"Stjernelys til bilens tag"},"content":{"rendered":"<h2 style=\"text-align: center;\">Fantastisk Stjernehimmel-Effekt<\/h2>\n<p style=\"text-align: center;\">Stjernelyset p\u00e5 biltaget skaber en magisk atmosf\u00e6re med sin r\u00f8de, bl\u00e5 og lilla stjernehimmel-projektion. Nyd en romantisk og stilfuld visuel oplevelse, der lyser din bils interi\u00f8r op. Perfekt til at forbedre natlige k\u00f8reture eller skabe en unik stemning.<\/p>\n<p><img decoding=\"async\" class=\"alignnone size-medium wp-image-4689 aligncenter\" src=\"https:\/\/keluvo.com\/template\/wp-content\/uploads\/sites\/5\/2024\/12\/LED-Car-Roof-Star-Night-Light-Interior-Decor-Light-For-Hyundai-Elantra-I30-Tucson-Accent-I10.jpg_960x960q75.jpg_-2.webp\" alt=\"\" \/><\/p>\n<h2 style=\"text-align: center;\">Justerbart Og Alsidigt Design<\/h2>\n<p style=\"text-align: center;\">Udstyret med et justerbart beslag giver bilens taglampe mulighed for 90 graders rotation for tilpasset belysning. Dens kompakte og lette design g\u00f8r den nem at bruke i biler, computere eller andre USB-drevne enheder. Velegnet til forskellige anvendelser, fra indretning til n\u00f8dbelysning.<\/p>\n<p><img decoding=\"async\" class=\"alignnone size-medium wp-image-4692 aligncenter\" src=\"https:\/\/keluvo.com\/template\/wp-content\/uploads\/sites\/5\/2024\/12\/S37676da78eb74c8a8a9cc6ea6c5aedceA.webp\" alt=\"\" data-wp-editing=\"1\" \/><\/p>\n","protected":false},"excerpt":{"rendered":"<p>Fantastisk Stjernehimmel-Effekt Stjernelyset p\u00e5 biltaget skaber en magisk atmosf\u00e6re med sin r\u00f8de, bl\u00e5 og lilla stjernehimmel-projektion. Nyd en romantisk og [&hellip;]<\/p>\n","protected":false},"featured_media":8380,"comment_status":"open","ping_status":"closed","template":"","meta":{"site-sidebar-layout":"default","site-content-layout":"","ast-site-content-layout":"default","site-content-style":"default","site-sidebar-style":"default","ast-global-header-display":"","ast-banner-title-visibility":"","ast-main-header-display":"","ast-hfb-above-header-display":"","ast-hfb-below-header-display":"","ast-hfb-mobile-header-display":"","site-post-title":"","ast-breadcrumbs-content":"","ast-featured-img":"","footer-sml-layout":"","theme-transparent-header-meta":"default","adv-header-id-meta":"","stick-header-meta":"","header-above-stick-meta":"","header-main-stick-meta":"","header-below-stick-meta":"","astra-migrate-meta-layouts":"set","ast-page-background-enabled":"default","ast-page-background-meta":{"desktop":{"background-color":"var(--ast-global-color-5)","background-image":"","background-repeat":"repeat","background-position":"center center","background-size":"auto","background-attachment":"scroll","background-type":"","background-media":"","overlay-type":"","overlay-color":"","overlay-opacity":"","overlay-gradient":""},"tablet":{"background-color":"","background-image":"","background-repeat":"repeat","background-position":"center center","background-size":"auto","background-attachment":"scroll","background-type":"","background-media":"","overlay-type":"","overlay-color":"","overlay-opacity":"","overlay-gradient":""},"mobile":{"background-color":"","background-image":"","background-repeat":"repeat","background-position":"center center","background-size":"auto","background-attachment":"scroll","background-type":"","background-media":"","overlay-type":"","overlay-color":"","overlay-opacity":"","overlay-gradient":""}},"ast-content-background-meta":{"desktop":{"background-color":"var(--ast-global-color-4)","background-image":"","background-repeat":"repeat","background-position":"center center","background-size":"auto","background-attachment":"scroll","background-type":"","background-media":"","overlay-type":"","overlay-color":"","overlay-opacity":"","overlay-gradient":""},"tablet":{"background-color":"var(--ast-global-color-4)","background-image":"","background-repeat":"repeat","background-position":"center center","background-size":"auto","background-attachment":"scroll","background-type":"","background-media":"","overlay-type":"","overlay-color":"","overlay-opacity":"","overlay-gradient":""},"mobile":{"background-color":"var(--ast-global-color-4)","background-image":"","background-repeat":"repeat","background-position":"center center","background-size":"auto","background-attachment":"scroll","background-type":"","background-media":"","overlay-type":"","overlay-color":"","overlay-opacity":"","overlay-gradient":""}}},"product_brand":[],"product_cat":[19],"product_tag":[],"class_list":{"0":"post-8384","1":"product","2":"type-product","3":"status-publish","4":"has-post-thumbnail","6":"product_cat-uncategorized","7":"pa_32104_p2ckfrqy-lilla","8":"pa_32104_p2ckfrqy-roed","9":"desktop-align-left","10":"tablet-align-left","11":"mobile-align-left","13":"first","14":"instock","15":"shipping-taxable","16":"purchasable","17":"product-type-variable"},"_links":{"self":[{"href":"https:\/\/ecostera.com\/dk\/wp-json\/wp\/v2\/product\/8384","targetHints":{"allow":["GET"]}}],"collection":[{"href":"https:\/\/ecostera.com\/dk\/wp-json\/wp\/v2\/product"}],"about":[{"href":"https:\/\/ecostera.com\/dk\/wp-json\/wp\/v2\/types\/product"}],"replies":[{"embeddable":true,"href":"https:\/\/ecostera.com\/dk\/wp-json\/wp\/v2\/comments?post=8384"}],"wp:featuredmedia":[{"embeddable":true,"href":"https:\/\/ecostera.com\/dk\/wp-json\/wp\/v2\/media\/8380"}],"wp:attachment":[{"href":"https:\/\/ecostera.com\/dk\/wp-json\/wp\/v2\/media?parent=8384"}],"wp:term":[{"taxonomy":"product_brand","embeddable":true,"href":"https:\/\/ecostera.com\/dk\/wp-json\/wp\/v2\/product_brand?post=8384"},{"taxonomy":"product_cat","embeddable":true,"href":"https:\/\/ecostera.com\/dk\/wp-json\/wp\/v2\/product_cat?post=8384"},{"taxonomy":"product_tag","embeddable":true,"href":"https:\/\/ecostera.com\/dk\/wp-json\/wp\/v2\/product_tag?post=8384"}],"curies":[{"name":"wp","href":"https:\/\/api.w.org\/{rel}","templated":true}]}}