{"id":8393,"date":"2025-08-27T14:37:05","date_gmt":"2025-08-27T11:37:05","guid":{"rendered":"https:\/\/ecostera.com\/dk\/product\/sovepose-til-baby\/"},"modified":"2025-08-27T14:37:18","modified_gmt":"2025-08-27T11:37:18","slug":"sovepose-til-baby","status":"publish","type":"product","link":"https:\/\/ecostera.com\/dk\/product\/sovepose-til-baby\/","title":{"rendered":"Sovepose til baby"},"content":{"rendered":"<h2 style=\"text-align: center\" data-start=\"0\" data-end=\"26\">Varmt og hyggeligt design<\/h2>\n<p class=\"\" style=\"text-align: center\" data-start=\"27\" data-end=\"304\">Babysoveposen er lavet af bl\u00f8d imiteret kashmir, der holder din baby varm og komfortabel. Den er perfekt til k\u00f8ligere \u00e5rstider som efter\u00e5r, vinter og tidligt for\u00e5r. Det tykke materiale hj\u00e6lper med at beskytte den lille mod kold luft. Din baby vil f\u00f8le sig tryg og godt tilpas indeni.<\/p>\n<p data-start=\"27\" data-end=\"304\"><img decoding=\"async\" class=\"alignnone size-medium wp-image-12810 aligncenter\" src=\"https:\/\/keluvo.com\/template\/wp-content\/uploads\/sites\/5\/2025\/03\/Scf2b0c1221764c809213d785fb5b3fb8y.jpeg\" alt=\"\" \/><\/p>\n<h2 style=\"text-align: center\" data-start=\"306\" data-end=\"340\">Justerbar for perfekt pasform<\/h2>\n<p class=\"\" style=\"text-align: center\" data-start=\"341\" data-end=\"601\">Denne babysovepose har et justerbart design, s\u00e5 din baby kan pakkes sikkert ind. Du kan nemt sp\u00e6nde den fast og s\u00f8rge for, at din baby har det godt. Den t\u00e6tte pasform hj\u00e6lper din baby med at sove bedre ved at skabe en hyggelig f\u00f8lelse. Den er designet til nyf\u00f8dte og sm\u00e5 babyer.<\/p>\n<p data-start=\"341\" data-end=\"601\"><img decoding=\"async\" class=\"alignnone size-medium wp-image-12805 aligncenter\" src=\"https:\/\/keluvo.com\/template\/wp-content\/uploads\/sites\/5\/2025\/03\/S1f12aef57dda4ea3ac02e1989c2c8c4cb.jpeg\" alt=\"\" \/><\/p>\n","protected":false},"excerpt":{"rendered":"<p>Varmt og hyggeligt design Babysoveposen er lavet af bl\u00f8d imiteret kashmir, der holder din baby varm og komfortabel. Den er [&hellip;]<\/p>\n","protected":false},"featured_media":8389,"comment_status":"open","ping_status":"closed","template":"","meta":{"site-sidebar-layout":"default","site-content-layout":"","ast-site-content-layout":"default","site-content-style":"default","site-sidebar-style":"default","ast-global-header-display":"","ast-banner-title-visibility":"","ast-main-header-display":"","ast-hfb-above-header-display":"","ast-hfb-below-header-display":"","ast-hfb-mobile-header-display":"","site-post-title":"","ast-breadcrumbs-content":"","ast-featured-img":"","footer-sml-layout":"","theme-transparent-header-meta":"default","adv-header-id-meta":"","stick-header-meta":"","header-above-stick-meta":"","header-main-stick-meta":"","header-below-stick-meta":"","astra-migrate-meta-layouts":"set","ast-page-background-enabled":"default","ast-page-background-meta":{"desktop":{"background-color":"var(--ast-global-color-5)","background-image":"","background-repeat":"repeat","background-position":"center center","background-size":"auto","background-attachment":"scroll","background-type":"","background-media":"","overlay-type":"","overlay-color":"","overlay-opacity":"","overlay-gradient":""},"tablet":{"background-color":"","background-image":"","background-repeat":"repeat","background-position":"center center","background-size":"auto","background-attachment":"scroll","background-type":"","background-media":"","overlay-type":"","overlay-color":"","overlay-opacity":"","overlay-gradient":""},"mobile":{"background-color":"","background-image":"","background-repeat":"repeat","background-position":"center center","background-size":"auto","background-attachment":"scroll","background-type":"","background-media":"","overlay-type":"","overlay-color":"","overlay-opacity":"","overlay-gradient":""}},"ast-content-background-meta":{"desktop":{"background-color":"var(--ast-global-color-4)","background-image":"","background-repeat":"repeat","background-position":"center center","background-size":"auto","background-attachment":"scroll","background-type":"","background-media":"","overlay-type":"","overlay-color":"","overlay-opacity":"","overlay-gradient":""},"tablet":{"background-color":"var(--ast-global-color-4)","background-image":"","background-repeat":"repeat","background-position":"center center","background-size":"auto","background-attachment":"scroll","background-type":"","background-media":"","overlay-type":"","overlay-color":"","overlay-opacity":"","overlay-gradient":""},"mobile":{"background-color":"var(--ast-global-color-4)","background-image":"","background-repeat":"repeat","background-position":"center center","background-size":"auto","background-attachment":"scroll","background-type":"","background-media":"","overlay-type":"","overlay-color":"","overlay-opacity":"","overlay-gradient":""}}},"product_brand":[],"product_cat":[19],"product_tag":[],"class_list":{"0":"post-8393","1":"product","2":"type-product","3":"status-publish","4":"has-post-thumbnail","6":"product_cat-uncategorized","7":"pa_43127_fo50hsjn-brun","8":"pa_43127_fo50hsjn-graa","9":"pa_43127_fo50hsjn-hvid","10":"pa_43127_fo50hsjn-lyseblaa","11":"pa_43127_fo50hsjn-lyseroed","12":"desktop-align-left","13":"tablet-align-left","14":"mobile-align-left","16":"first","17":"instock","18":"shipping-taxable","19":"purchasable","20":"product-type-variable"},"_links":{"self":[{"href":"https:\/\/ecostera.com\/dk\/wp-json\/wp\/v2\/product\/8393","targetHints":{"allow":["GET"]}}],"collection":[{"href":"https:\/\/ecostera.com\/dk\/wp-json\/wp\/v2\/product"}],"about":[{"href":"https:\/\/ecostera.com\/dk\/wp-json\/wp\/v2\/types\/product"}],"replies":[{"embeddable":true,"href":"https:\/\/ecostera.com\/dk\/wp-json\/wp\/v2\/comments?post=8393"}],"wp:featuredmedia":[{"embeddable":true,"href":"https:\/\/ecostera.com\/dk\/wp-json\/wp\/v2\/media\/8389"}],"wp:attachment":[{"href":"https:\/\/ecostera.com\/dk\/wp-json\/wp\/v2\/media?parent=8393"}],"wp:term":[{"taxonomy":"product_brand","embeddable":true,"href":"https:\/\/ecostera.com\/dk\/wp-json\/wp\/v2\/product_brand?post=8393"},{"taxonomy":"product_cat","embeddable":true,"href":"https:\/\/ecostera.com\/dk\/wp-json\/wp\/v2\/product_cat?post=8393"},{"taxonomy":"product_tag","embeddable":true,"href":"https:\/\/ecostera.com\/dk\/wp-json\/wp\/v2\/product_tag?post=8393"}],"curies":[{"name":"wp","href":"https:\/\/api.w.org\/{rel}","templated":true}]}}