{"id":8413,"date":"2025-08-27T14:38:00","date_gmt":"2025-08-27T11:38:00","guid":{"rendered":"https:\/\/ecostera.com\/dk\/product\/hylde-der-kan-udvides\/"},"modified":"2025-08-27T14:38:12","modified_gmt":"2025-08-27T11:38:12","slug":"hylde-der-kan-udvides","status":"publish","type":"product","link":"https:\/\/ecostera.com\/dk\/product\/hylde-der-kan-udvides\/","title":{"rendered":"Hylde, der kan udvides"},"content":{"rendered":"<h2 style=\"text-align: center\" data-start=\"0\" data-end=\"33\">Justerbar, s\u00e5 den passer til ethvert rum<\/h2>\n<p class=\"\" style=\"text-align: center\" data-start=\"34\" data-end=\"289\">Den udvidelige hylde kan str\u00e6kkes til forskellige l\u00e6ngder, hvilket g\u00f8r den perfekt til forskellige opbevaringsbehov. Uanset om du har brug for ekstra plads i dit skab, k\u00f8kken eller badev\u00e6relse, kan denne hylde nemt justeres, s\u00e5 den passer. Den giver en enkel m\u00e5de at organisere dit hjem p\u00e5.<\/p>\n<p data-start=\"34\" data-end=\"289\"><img decoding=\"async\" class=\"alignnone size-medium wp-image-12866 aligncenter\" src=\"https:\/\/keluvo.com\/template\/wp-content\/uploads\/sites\/5\/2025\/03\/S581f0d339a42410588ec866321ccbd18T.jpg_960x960q75.jpg_.jpeg\" alt=\"\" \/><\/p>\n<h2 style=\"text-align: center\" data-start=\"291\" data-end=\"322\">St\u00e6rkt og holdbart design<\/h2>\n<p class=\"\" style=\"text-align: center\" data-start=\"323\" data-end=\"556\">Lavet af jern, ABS og PP-materialer er den udvidelige hylde bygget til at holde. Den kan b\u00e6re op til 12 kg, hvilket g\u00f8r den st\u00e6rk nok til t\u00f8j, k\u00f8kkenting eller badev\u00e6relsesartikler. Det robuste design sikrer stabilitet og langvarig brug.<\/p>\n<p data-start=\"323\" data-end=\"556\"><img decoding=\"async\" class=\"alignnone size-medium wp-image-12868 aligncenter\" src=\"https:\/\/keluvo.com\/template\/wp-content\/uploads\/sites\/5\/2025\/03\/Scf8eb36132c24f3381389865592f2dd0i.jpg_960x960q75.jpg_.jpeg\" alt=\"\" \/><\/p>\n","protected":false},"excerpt":{"rendered":"<p>Justerbar, s\u00e5 den passer til ethvert rum Den udvidelige hylde kan str\u00e6kkes til forskellige l\u00e6ngder, hvilket g\u00f8r den perfekt til [&hellip;]<\/p>\n","protected":false},"featured_media":8409,"comment_status":"open","ping_status":"closed","template":"","meta":{"site-sidebar-layout":"default","site-content-layout":"","ast-site-content-layout":"default","site-content-style":"default","site-sidebar-style":"default","ast-global-header-display":"","ast-banner-title-visibility":"","ast-main-header-display":"","ast-hfb-above-header-display":"","ast-hfb-below-header-display":"","ast-hfb-mobile-header-display":"","site-post-title":"","ast-breadcrumbs-content":"","ast-featured-img":"","footer-sml-layout":"","theme-transparent-header-meta":"default","adv-header-id-meta":"","stick-header-meta":"","header-above-stick-meta":"","header-main-stick-meta":"","header-below-stick-meta":"","astra-migrate-meta-layouts":"set","ast-page-background-enabled":"default","ast-page-background-meta":{"desktop":{"background-color":"var(--ast-global-color-5)","background-image":"","background-repeat":"repeat","background-position":"center center","background-size":"auto","background-attachment":"scroll","background-type":"","background-media":"","overlay-type":"","overlay-color":"","overlay-opacity":"","overlay-gradient":""},"tablet":{"background-color":"","background-image":"","background-repeat":"repeat","background-position":"center center","background-size":"auto","background-attachment":"scroll","background-type":"","background-media":"","overlay-type":"","overlay-color":"","overlay-opacity":"","overlay-gradient":""},"mobile":{"background-color":"","background-image":"","background-repeat":"repeat","background-position":"center center","background-size":"auto","background-attachment":"scroll","background-type":"","background-media":"","overlay-type":"","overlay-color":"","overlay-opacity":"","overlay-gradient":""}},"ast-content-background-meta":{"desktop":{"background-color":"var(--ast-global-color-4)","background-image":"","background-repeat":"repeat","background-position":"center center","background-size":"auto","background-attachment":"scroll","background-type":"","background-media":"","overlay-type":"","overlay-color":"","overlay-opacity":"","overlay-gradient":""},"tablet":{"background-color":"var(--ast-global-color-4)","background-image":"","background-repeat":"repeat","background-position":"center center","background-size":"auto","background-attachment":"scroll","background-type":"","background-media":"","overlay-type":"","overlay-color":"","overlay-opacity":"","overlay-gradient":""},"mobile":{"background-color":"var(--ast-global-color-4)","background-image":"","background-repeat":"repeat","background-position":"center center","background-size":"auto","background-attachment":"scroll","background-type":"","background-media":"","overlay-type":"","overlay-color":"","overlay-opacity":"","overlay-gradient":""}}},"product_brand":[],"product_cat":[19],"product_tag":[],"class_list":{"0":"post-8413","1":"product","2":"type-product","3":"status-publish","4":"has-post-thumbnail","6":"product_cat-uncategorized","7":"pa_47557_ao9mwcma-30x40cm","8":"pa_47557_ao9mwcma-38x60cm","9":"pa_47557_ao9mwcma-48x80cm","10":"desktop-align-left","11":"tablet-align-left","12":"mobile-align-left","14":"first","15":"instock","16":"shipping-taxable","17":"purchasable","18":"product-type-variable"},"_links":{"self":[{"href":"https:\/\/ecostera.com\/dk\/wp-json\/wp\/v2\/product\/8413","targetHints":{"allow":["GET"]}}],"collection":[{"href":"https:\/\/ecostera.com\/dk\/wp-json\/wp\/v2\/product"}],"about":[{"href":"https:\/\/ecostera.com\/dk\/wp-json\/wp\/v2\/types\/product"}],"replies":[{"embeddable":true,"href":"https:\/\/ecostera.com\/dk\/wp-json\/wp\/v2\/comments?post=8413"}],"wp:featuredmedia":[{"embeddable":true,"href":"https:\/\/ecostera.com\/dk\/wp-json\/wp\/v2\/media\/8409"}],"wp:attachment":[{"href":"https:\/\/ecostera.com\/dk\/wp-json\/wp\/v2\/media?parent=8413"}],"wp:term":[{"taxonomy":"product_brand","embeddable":true,"href":"https:\/\/ecostera.com\/dk\/wp-json\/wp\/v2\/product_brand?post=8413"},{"taxonomy":"product_cat","embeddable":true,"href":"https:\/\/ecostera.com\/dk\/wp-json\/wp\/v2\/product_cat?post=8413"},{"taxonomy":"product_tag","embeddable":true,"href":"https:\/\/ecostera.com\/dk\/wp-json\/wp\/v2\/product_tag?post=8413"}],"curies":[{"name":"wp","href":"https:\/\/api.w.org\/{rel}","templated":true}]}}