{"id":8480,"date":"2025-08-28T18:44:45","date_gmt":"2025-08-28T15:44:45","guid":{"rendered":"https:\/\/ecostera.com\/dk\/product\/vandtaet-kosmetiktaske\/"},"modified":"2025-08-28T18:44:56","modified_gmt":"2025-08-28T15:44:56","slug":"vandtaet-kosmetiktaske","status":"publish","type":"product","link":"https:\/\/ecostera.com\/dk\/product\/vandtaet-kosmetiktaske\/","title":{"rendered":"Vandt\u00e6t kosmetiktaske"},"content":{"rendered":"<h2 style=\"text-align: center\" data-start=\"0\" data-end=\"35\">Rummelig og nem at organisere<\/h2>\n<p class=\"\" style=\"text-align: center\" data-start=\"36\" data-end=\"300\">Den vandt\u00e6tte kosmetiktaske har en stor kapacitet, som g\u00f8r den perfekt til opbevaring af alle dine sk\u00f8nhedsprodukter. Den \u00e5bne top giver hurtig og nem adgang til dine ting. En indbygget skillev\u00e6g hj\u00e6lper med at holde orden, s\u00e5 du kan finde det, du skal bruge, p\u00e5 f\u00e5 sekunder.<\/p>\n<p class=\"\" style=\"text-align: center\" data-start=\"337\" data-end=\"577\"><img decoding=\"async\" class=\"alignnone size-medium wp-image-13015\" src=\"https:\/\/keluvo.com\/template\/wp-content\/uploads\/sites\/5\/2025\/03\/S3c46c0b31ac346aebfad6f65ca265343q.jpeg_960x960q75.jpeg_.jpeg\" alt=\"\" \/><\/p>\n<h2 style=\"text-align: center\" data-start=\"579\" data-end=\"615\">Praktisk og b\u00e6rbart design<\/h2>\n<p class=\"\" style=\"text-align: center\" data-start=\"616\" data-end=\"847\">Den vandt\u00e6tte kosmetiktaske har et robust h\u00e5ndtag, som g\u00f8r den nem at have med overalt. Dens lette og kompakte design passer nemt i din kuffert eller h\u00e5ndtaske. Uanset om du rejser eller organiserer derhjemme, er denne taske et must-have.<\/p>\n<p data-start=\"616\" data-end=\"847\"><img decoding=\"async\" class=\"alignnone size-medium wp-image-13014 aligncenter\" src=\"https:\/\/keluvo.com\/template\/wp-content\/uploads\/sites\/5\/2025\/03\/S1a75b6c2e908411b8b37ba3cb0ef9e06R.jpeg_960x960q75.jpeg_.jpeg\" alt=\"\" \/><\/p>\n","protected":false},"excerpt":{"rendered":"<p>Rummelig og nem at organisere Den vandt\u00e6tte kosmetiktaske har en stor kapacitet, som g\u00f8r den perfekt til opbevaring af alle [&hellip;]<\/p>\n","protected":false},"featured_media":8476,"comment_status":"open","ping_status":"closed","template":"","meta":{"site-sidebar-layout":"default","site-content-layout":"","ast-site-content-layout":"default","site-content-style":"default","site-sidebar-style":"default","ast-global-header-display":"","ast-banner-title-visibility":"","ast-main-header-display":"","ast-hfb-above-header-display":"","ast-hfb-below-header-display":"","ast-hfb-mobile-header-display":"","site-post-title":"","ast-breadcrumbs-content":"","ast-featured-img":"","footer-sml-layout":"","theme-transparent-header-meta":"default","adv-header-id-meta":"","stick-header-meta":"","header-above-stick-meta":"","header-main-stick-meta":"","header-below-stick-meta":"","astra-migrate-meta-layouts":"set","ast-page-background-enabled":"default","ast-page-background-meta":{"desktop":{"background-color":"var(--ast-global-color-5)","background-image":"","background-repeat":"repeat","background-position":"center center","background-size":"auto","background-attachment":"scroll","background-type":"","background-media":"","overlay-type":"","overlay-color":"","overlay-opacity":"","overlay-gradient":""},"tablet":{"background-color":"","background-image":"","background-repeat":"repeat","background-position":"center center","background-size":"auto","background-attachment":"scroll","background-type":"","background-media":"","overlay-type":"","overlay-color":"","overlay-opacity":"","overlay-gradient":""},"mobile":{"background-color":"","background-image":"","background-repeat":"repeat","background-position":"center center","background-size":"auto","background-attachment":"scroll","background-type":"","background-media":"","overlay-type":"","overlay-color":"","overlay-opacity":"","overlay-gradient":""}},"ast-content-background-meta":{"desktop":{"background-color":"var(--ast-global-color-4)","background-image":"","background-repeat":"repeat","background-position":"center center","background-size":"auto","background-attachment":"scroll","background-type":"","background-media":"","overlay-type":"","overlay-color":"","overlay-opacity":"","overlay-gradient":""},"tablet":{"background-color":"var(--ast-global-color-4)","background-image":"","background-repeat":"repeat","background-position":"center center","background-size":"auto","background-attachment":"scroll","background-type":"","background-media":"","overlay-type":"","overlay-color":"","overlay-opacity":"","overlay-gradient":""},"mobile":{"background-color":"var(--ast-global-color-4)","background-image":"","background-repeat":"repeat","background-position":"center center","background-size":"auto","background-attachment":"scroll","background-type":"","background-media":"","overlay-type":"","overlay-color":"","overlay-opacity":"","overlay-gradient":""}}},"product_brand":[],"product_cat":[19],"product_tag":[],"class_list":{"0":"post-8480","1":"product","2":"type-product","3":"status-publish","4":"has-post-thumbnail","6":"product_cat-uncategorized","7":"pa_16074_52ouhg2y-brun","8":"pa_16074_52ouhg2y-hvid","9":"pa_16074_52ouhg2y-lyseroed","10":"pa_16074_52ouhg2y-sort","11":"desktop-align-left","12":"tablet-align-left","13":"mobile-align-left","15":"first","16":"instock","17":"shipping-taxable","18":"purchasable","19":"product-type-variable"},"_links":{"self":[{"href":"https:\/\/ecostera.com\/dk\/wp-json\/wp\/v2\/product\/8480","targetHints":{"allow":["GET"]}}],"collection":[{"href":"https:\/\/ecostera.com\/dk\/wp-json\/wp\/v2\/product"}],"about":[{"href":"https:\/\/ecostera.com\/dk\/wp-json\/wp\/v2\/types\/product"}],"replies":[{"embeddable":true,"href":"https:\/\/ecostera.com\/dk\/wp-json\/wp\/v2\/comments?post=8480"}],"wp:featuredmedia":[{"embeddable":true,"href":"https:\/\/ecostera.com\/dk\/wp-json\/wp\/v2\/media\/8476"}],"wp:attachment":[{"href":"https:\/\/ecostera.com\/dk\/wp-json\/wp\/v2\/media?parent=8480"}],"wp:term":[{"taxonomy":"product_brand","embeddable":true,"href":"https:\/\/ecostera.com\/dk\/wp-json\/wp\/v2\/product_brand?post=8480"},{"taxonomy":"product_cat","embeddable":true,"href":"https:\/\/ecostera.com\/dk\/wp-json\/wp\/v2\/product_cat?post=8480"},{"taxonomy":"product_tag","embeddable":true,"href":"https:\/\/ecostera.com\/dk\/wp-json\/wp\/v2\/product_tag?post=8480"}],"curies":[{"name":"wp","href":"https:\/\/api.w.org\/{rel}","templated":true}]}}