{"id":8493,"date":"2025-08-28T18:45:23","date_gmt":"2025-08-28T15:45:23","guid":{"rendered":"https:\/\/ecostera.com\/dk\/product\/skovl-til-rensning-af-ukrudt\/"},"modified":"2025-08-28T18:45:39","modified_gmt":"2025-08-28T15:45:39","slug":"skovl-til-rensning-af-ukrudt","status":"publish","type":"product","link":"https:\/\/ecostera.com\/dk\/product\/skovl-til-rensning-af-ukrudt\/","title":{"rendered":"Skovl til rensning af ukrudt"},"content":{"rendered":"<h2 style=\"text-align: center\" data-start=\"0\" data-end=\"33\">St\u00e6rkt og holdbart materiale<\/h2>\n<p class=\"\" style=\"text-align: center\" data-start=\"34\" data-end=\"282\">Ukrudtrensningsspaden er lavet af manganst\u00e5l af h\u00f8j kvalitet, hvilket g\u00f8r den st\u00e6rk og langtidsholdbar. Dens skarpe kant g\u00f8r det nemt at grave og sk\u00e6re gennem h\u00e5rdt ukrudt. Den er designet til kraftig brug og er perfekt til b\u00e5de have- og landbrugsarbejde.<\/p>\n<p data-start=\"34\" data-end=\"282\"><img decoding=\"async\" class=\"alignnone size-medium wp-image-12995 aligncenter\" src=\"https:\/\/keluvo.com\/template\/wp-content\/uploads\/sites\/5\/2025\/03\/f15dbaed-dcf0-4cd5-9543-fb095aeb0ab4.webp\" alt=\"\" \/><\/p>\n<h2 style=\"text-align: center\" data-start=\"284\" data-end=\"316\">Nem og hurtig fjernelse af ukrudt<\/h2>\n<p class=\"\" style=\"text-align: center\" data-start=\"317\" data-end=\"551\">Med ukrudtsspaden er det hurtigt og ubesv\u00e6ret at fjerne u\u00f8nskede planter. Det brede blad d\u00e6kker et st\u00f8rre omr\u00e5de og reducerer den tid, der bruges p\u00e5 at luge. Ingen grund til at b\u00f8je sig eller kn\u00e6le &#8211; s\u00e6t blot et h\u00e5ndtag p\u00e5 for komfortabel og effektiv brug.<\/p>\n<p data-start=\"317\" data-end=\"551\"><img decoding=\"async\" class=\"alignnone size-medium wp-image-12996 aligncenter\" src=\"https:\/\/keluvo.com\/template\/wp-content\/uploads\/sites\/5\/2025\/03\/S1e82d15c147f428f8188ead6e12e54bey.jpg_960x960q75.jpg_.jpeg\" alt=\"\" \/><\/p>\n","protected":false},"excerpt":{"rendered":"<p>St\u00e6rkt og holdbart materiale Ukrudtrensningsspaden er lavet af manganst\u00e5l af h\u00f8j kvalitet, hvilket g\u00f8r den st\u00e6rk og langtidsholdbar. Dens skarpe [&hellip;]<\/p>\n","protected":false},"featured_media":8489,"comment_status":"open","ping_status":"closed","template":"","meta":{"site-sidebar-layout":"default","site-content-layout":"","ast-site-content-layout":"default","site-content-style":"default","site-sidebar-style":"default","ast-global-header-display":"","ast-banner-title-visibility":"","ast-main-header-display":"","ast-hfb-above-header-display":"","ast-hfb-below-header-display":"","ast-hfb-mobile-header-display":"","site-post-title":"","ast-breadcrumbs-content":"","ast-featured-img":"","footer-sml-layout":"","theme-transparent-header-meta":"default","adv-header-id-meta":"","stick-header-meta":"","header-above-stick-meta":"","header-main-stick-meta":"","header-below-stick-meta":"","astra-migrate-meta-layouts":"set","ast-page-background-enabled":"default","ast-page-background-meta":{"desktop":{"background-color":"var(--ast-global-color-5)","background-image":"","background-repeat":"repeat","background-position":"center center","background-size":"auto","background-attachment":"scroll","background-type":"","background-media":"","overlay-type":"","overlay-color":"","overlay-opacity":"","overlay-gradient":""},"tablet":{"background-color":"","background-image":"","background-repeat":"repeat","background-position":"center center","background-size":"auto","background-attachment":"scroll","background-type":"","background-media":"","overlay-type":"","overlay-color":"","overlay-opacity":"","overlay-gradient":""},"mobile":{"background-color":"","background-image":"","background-repeat":"repeat","background-position":"center center","background-size":"auto","background-attachment":"scroll","background-type":"","background-media":"","overlay-type":"","overlay-color":"","overlay-opacity":"","overlay-gradient":""}},"ast-content-background-meta":{"desktop":{"background-color":"var(--ast-global-color-4)","background-image":"","background-repeat":"repeat","background-position":"center center","background-size":"auto","background-attachment":"scroll","background-type":"","background-media":"","overlay-type":"","overlay-color":"","overlay-opacity":"","overlay-gradient":""},"tablet":{"background-color":"var(--ast-global-color-4)","background-image":"","background-repeat":"repeat","background-position":"center center","background-size":"auto","background-attachment":"scroll","background-type":"","background-media":"","overlay-type":"","overlay-color":"","overlay-opacity":"","overlay-gradient":""},"mobile":{"background-color":"var(--ast-global-color-4)","background-image":"","background-repeat":"repeat","background-position":"center center","background-size":"auto","background-attachment":"scroll","background-type":"","background-media":"","overlay-type":"","overlay-color":"","overlay-opacity":"","overlay-gradient":""}}},"product_brand":[],"product_cat":[19],"product_tag":[],"class_list":{"0":"post-8493","1":"product","2":"type-product","3":"status-publish","4":"has-post-thumbnail","6":"product_cat-uncategorized","7":"pa_16252_1bz9autt-20-cm","8":"pa_16252_1bz9autt-25-cm","9":"pa_16252_1bz9autt-30-cm","10":"desktop-align-left","11":"tablet-align-left","12":"mobile-align-left","14":"first","15":"instock","16":"shipping-taxable","17":"purchasable","18":"product-type-variable"},"_links":{"self":[{"href":"https:\/\/ecostera.com\/dk\/wp-json\/wp\/v2\/product\/8493","targetHints":{"allow":["GET"]}}],"collection":[{"href":"https:\/\/ecostera.com\/dk\/wp-json\/wp\/v2\/product"}],"about":[{"href":"https:\/\/ecostera.com\/dk\/wp-json\/wp\/v2\/types\/product"}],"replies":[{"embeddable":true,"href":"https:\/\/ecostera.com\/dk\/wp-json\/wp\/v2\/comments?post=8493"}],"wp:featuredmedia":[{"embeddable":true,"href":"https:\/\/ecostera.com\/dk\/wp-json\/wp\/v2\/media\/8489"}],"wp:attachment":[{"href":"https:\/\/ecostera.com\/dk\/wp-json\/wp\/v2\/media?parent=8493"}],"wp:term":[{"taxonomy":"product_brand","embeddable":true,"href":"https:\/\/ecostera.com\/dk\/wp-json\/wp\/v2\/product_brand?post=8493"},{"taxonomy":"product_cat","embeddable":true,"href":"https:\/\/ecostera.com\/dk\/wp-json\/wp\/v2\/product_cat?post=8493"},{"taxonomy":"product_tag","embeddable":true,"href":"https:\/\/ecostera.com\/dk\/wp-json\/wp\/v2\/product_tag?post=8493"}],"curies":[{"name":"wp","href":"https:\/\/api.w.org\/{rel}","templated":true}]}}