{"id":8504,"date":"2025-08-28T18:45:54","date_gmt":"2025-08-28T15:45:54","guid":{"rendered":"https:\/\/ecostera.com\/dk\/product\/vaerktoej-til-afisolering-af-ledninger\/"},"modified":"2025-09-12T14:41:59","modified_gmt":"2025-09-12T11:41:59","slug":"vaerktoej-til-afisolering-af-ledninger","status":"publish","type":"product","link":"https:\/\/ecostera.com\/dk\/product\/vaerktoej-til-afisolering-af-ledninger\/","title":{"rendered":"V\u00e6rkt\u00f8j til afisolering af ledninger"},"content":{"rendered":"<h2 style=\"text-align: center\" data-start=\"0\" data-end=\"32\">Nem og pr\u00e6cis afisolering<\/h2>\n<p class=\"\" style=\"text-align: center\" data-start=\"33\" data-end=\"255\">Afisoleringsv\u00e6rkt\u00f8jet g\u00f8r det muligt at fjerne isolering fra ledninger hurtigt og pr\u00e6cist. De skarpe sk\u00e6rekanter sikrer rene resultater uden at beskadige ledningen. Perfekt til elektrikere, g\u00f8r-det-selv-entusiaster og reparationer i hjemmet.<\/p>\n<p data-start=\"33\" data-end=\"255\"><img decoding=\"async\" class=\"alignnone size-medium wp-image-13035 aligncenter\" src=\"https:\/\/keluvo.com\/template\/wp-content\/uploads\/sites\/5\/2025\/03\/S6aa7ffbf77f3427cba6cdcba1775a9ad3.jpg_960x960q75.jpg_.jpeg\" alt=\"\" \/><\/p>\n<h2 style=\"text-align: center\" data-start=\"257\" data-end=\"287\">Holdbar og st\u00e6rk konstruktion<\/h2>\n<p class=\"\" style=\"text-align: center\" data-start=\"288\" data-end=\"524\">Fremstillet af materialer af h\u00f8j kvalitet er afisoleringsv\u00e6rkt\u00f8jet bygget til at holde. Dets robuste design sikrer p\u00e5lidelig ydeevne, selv ved hyppig brug. V\u00e6rkt\u00f8jet er modstandsdygtigt over for slitage, hvilket g\u00f8r det til et p\u00e5lideligt valg til ethvert projekt.<\/p>\n<p data-start=\"288\" data-end=\"524\"><img decoding=\"async\" class=\"alignnone size-medium wp-image-13036 aligncenter\" src=\"https:\/\/keluvo.com\/template\/wp-content\/uploads\/sites\/5\/2025\/03\/S840ab8d90aa1468b9b35e58095585820a.jpg_960x960q75.jpg_.jpeg\" alt=\"\" \/><\/p>\n","protected":false},"excerpt":{"rendered":"<p>Nem og pr\u00e6cis afisolering Afisoleringsv\u00e6rkt\u00f8jet g\u00f8r det muligt at fjerne isolering fra ledninger hurtigt og pr\u00e6cist. De skarpe sk\u00e6rekanter sikrer [&hellip;]<\/p>\n","protected":false},"featured_media":8500,"comment_status":"open","ping_status":"closed","template":"","meta":{"site-sidebar-layout":"default","site-content-layout":"","ast-site-content-layout":"default","site-content-style":"default","site-sidebar-style":"default","ast-global-header-display":"","ast-banner-title-visibility":"","ast-main-header-display":"","ast-hfb-above-header-display":"","ast-hfb-below-header-display":"","ast-hfb-mobile-header-display":"","site-post-title":"","ast-breadcrumbs-content":"","ast-featured-img":"","footer-sml-layout":"","theme-transparent-header-meta":"default","adv-header-id-meta":"","stick-header-meta":"","header-above-stick-meta":"","header-main-stick-meta":"","header-below-stick-meta":"","astra-migrate-meta-layouts":"set","ast-page-background-enabled":"default","ast-page-background-meta":{"desktop":{"background-color":"var(--ast-global-color-5)","background-image":"","background-repeat":"repeat","background-position":"center center","background-size":"auto","background-attachment":"scroll","background-type":"","background-media":"","overlay-type":"","overlay-color":"","overlay-opacity":"","overlay-gradient":""},"tablet":{"background-color":"","background-image":"","background-repeat":"repeat","background-position":"center center","background-size":"auto","background-attachment":"scroll","background-type":"","background-media":"","overlay-type":"","overlay-color":"","overlay-opacity":"","overlay-gradient":""},"mobile":{"background-color":"","background-image":"","background-repeat":"repeat","background-position":"center center","background-size":"auto","background-attachment":"scroll","background-type":"","background-media":"","overlay-type":"","overlay-color":"","overlay-opacity":"","overlay-gradient":""}},"ast-content-background-meta":{"desktop":{"background-color":"var(--ast-global-color-4)","background-image":"","background-repeat":"repeat","background-position":"center center","background-size":"auto","background-attachment":"scroll","background-type":"","background-media":"","overlay-type":"","overlay-color":"","overlay-opacity":"","overlay-gradient":""},"tablet":{"background-color":"var(--ast-global-color-4)","background-image":"","background-repeat":"repeat","background-position":"center center","background-size":"auto","background-attachment":"scroll","background-type":"","background-media":"","overlay-type":"","overlay-color":"","overlay-opacity":"","overlay-gradient":""},"mobile":{"background-color":"var(--ast-global-color-4)","background-image":"","background-repeat":"repeat","background-position":"center center","background-size":"auto","background-attachment":"scroll","background-type":"","background-media":"","overlay-type":"","overlay-color":"","overlay-opacity":"","overlay-gradient":""}}},"product_brand":[],"product_cat":[19],"product_tag":[],"class_list":{"0":"post-8504","1":"product","2":"type-product","3":"status-publish","4":"has-post-thumbnail","6":"product_cat-uncategorized","7":"desktop-align-left","8":"tablet-align-left","9":"mobile-align-left","11":"first","12":"instock","13":"shipping-taxable","14":"purchasable","15":"product-type-simple"},"_links":{"self":[{"href":"https:\/\/ecostera.com\/dk\/wp-json\/wp\/v2\/product\/8504","targetHints":{"allow":["GET"]}}],"collection":[{"href":"https:\/\/ecostera.com\/dk\/wp-json\/wp\/v2\/product"}],"about":[{"href":"https:\/\/ecostera.com\/dk\/wp-json\/wp\/v2\/types\/product"}],"replies":[{"embeddable":true,"href":"https:\/\/ecostera.com\/dk\/wp-json\/wp\/v2\/comments?post=8504"}],"wp:featuredmedia":[{"embeddable":true,"href":"https:\/\/ecostera.com\/dk\/wp-json\/wp\/v2\/media\/8500"}],"wp:attachment":[{"href":"https:\/\/ecostera.com\/dk\/wp-json\/wp\/v2\/media?parent=8504"}],"wp:term":[{"taxonomy":"product_brand","embeddable":true,"href":"https:\/\/ecostera.com\/dk\/wp-json\/wp\/v2\/product_brand?post=8504"},{"taxonomy":"product_cat","embeddable":true,"href":"https:\/\/ecostera.com\/dk\/wp-json\/wp\/v2\/product_cat?post=8504"},{"taxonomy":"product_tag","embeddable":true,"href":"https:\/\/ecostera.com\/dk\/wp-json\/wp\/v2\/product_tag?post=8504"}],"curies":[{"name":"wp","href":"https:\/\/api.w.org\/{rel}","templated":true}]}}