{"id":8528,"date":"2025-08-28T18:47:27","date_gmt":"2025-08-28T15:47:27","guid":{"rendered":"https:\/\/ecostera.com\/dk\/product\/boltudtraekkersaet-10-stk\/"},"modified":"2025-09-12T14:42:15","modified_gmt":"2025-09-12T11:42:15","slug":"boltudtraekkersaet-10-stk","status":"publish","type":"product","link":"https:\/\/ecostera.com\/dk\/product\/boltudtraekkersaet-10-stk\/","title":{"rendered":"Boltudtr\u00e6kkers\u00e6t (10 stk.)"},"content":{"rendered":"<h2 style=\"text-align: center\" data-start=\"0\" data-end=\"34\">Fjerner Nemt Beskadigede Bolte<\/h2>\n<p class=\"\" style=\"text-align: center\" data-start=\"35\" data-end=\"285\">Bolteudtr\u00e6kkers\u00e6ttet er designet til at fjerne \u00f8delagte, rustne eller afdrevne bolte med minimal indsats. De st\u00e6rke gribet\u00e6nder giver et sikkert greb, hvilket g\u00f8r udtr\u00e6kningen hurtig og effektiv. Perfekt til reparationer i hjemmet, bilarbejde og g\u00f8r-det-selv-projekter.<\/p>\n<p class=\"\" style=\"text-align: center\" data-start=\"320\" data-end=\"543\"><img decoding=\"async\" class=\"alignnone size-medium wp-image-13058\" src=\"https:\/\/keluvo.com\/template\/wp-content\/uploads\/sites\/5\/2025\/03\/S456a7ae67695465f955f1c36203434393.jpg_960x960q75.jpg_.jpeg\" alt=\"\" \/><\/p>\n<h2 style=\"text-align: center\" data-start=\"545\" data-end=\"574\">Passer Til Forskellige Boltst\u00f8rrelser<\/h2>\n<p class=\"\" style=\"text-align: center\" data-start=\"575\" data-end=\"783\">Med flere udtr\u00e6ksst\u00f8rrelser kan dette s\u00e6t h\u00e5ndtere bolte fra 0,31 cm til 2,22 cm i diameter. Det venstreh\u00e5ndede spiraldesign giver ekstra greb for nem fjernelse. Dette alsidige s\u00e6t er et must-have i enhver v\u00e6rkt\u00f8jskasse.<\/p>\n<p data-start=\"575\" data-end=\"783\"><img decoding=\"async\" class=\"alignnone size-medium wp-image-13057 aligncenter\" src=\"https:\/\/keluvo.com\/template\/wp-content\/uploads\/sites\/5\/2025\/03\/S411b3984a9e04c95ba70ba15a5624e68t.jpg_960x960q75.jpg_.jpeg\" alt=\"\" \/><\/p>\n","protected":false},"excerpt":{"rendered":"<p>Fjerner Nemt Beskadigede Bolte Bolteudtr\u00e6kkers\u00e6ttet er designet til at fjerne \u00f8delagte, rustne eller afdrevne bolte med minimal indsats. De st\u00e6rke [&hellip;]<\/p>\n","protected":false},"featured_media":8524,"comment_status":"open","ping_status":"closed","template":"","meta":{"site-sidebar-layout":"default","site-content-layout":"","ast-site-content-layout":"default","site-content-style":"default","site-sidebar-style":"default","ast-global-header-display":"","ast-banner-title-visibility":"","ast-main-header-display":"","ast-hfb-above-header-display":"","ast-hfb-below-header-display":"","ast-hfb-mobile-header-display":"","site-post-title":"","ast-breadcrumbs-content":"","ast-featured-img":"","footer-sml-layout":"","theme-transparent-header-meta":"default","adv-header-id-meta":"","stick-header-meta":"","header-above-stick-meta":"","header-main-stick-meta":"","header-below-stick-meta":"","astra-migrate-meta-layouts":"set","ast-page-background-enabled":"default","ast-page-background-meta":{"desktop":{"background-color":"var(--ast-global-color-5)","background-image":"","background-repeat":"repeat","background-position":"center center","background-size":"auto","background-attachment":"scroll","background-type":"","background-media":"","overlay-type":"","overlay-color":"","overlay-opacity":"","overlay-gradient":""},"tablet":{"background-color":"","background-image":"","background-repeat":"repeat","background-position":"center center","background-size":"auto","background-attachment":"scroll","background-type":"","background-media":"","overlay-type":"","overlay-color":"","overlay-opacity":"","overlay-gradient":""},"mobile":{"background-color":"","background-image":"","background-repeat":"repeat","background-position":"center center","background-size":"auto","background-attachment":"scroll","background-type":"","background-media":"","overlay-type":"","overlay-color":"","overlay-opacity":"","overlay-gradient":""}},"ast-content-background-meta":{"desktop":{"background-color":"var(--ast-global-color-4)","background-image":"","background-repeat":"repeat","background-position":"center center","background-size":"auto","background-attachment":"scroll","background-type":"","background-media":"","overlay-type":"","overlay-color":"","overlay-opacity":"","overlay-gradient":""},"tablet":{"background-color":"var(--ast-global-color-4)","background-image":"","background-repeat":"repeat","background-position":"center center","background-size":"auto","background-attachment":"scroll","background-type":"","background-media":"","overlay-type":"","overlay-color":"","overlay-opacity":"","overlay-gradient":""},"mobile":{"background-color":"var(--ast-global-color-4)","background-image":"","background-repeat":"repeat","background-position":"center center","background-size":"auto","background-attachment":"scroll","background-type":"","background-media":"","overlay-type":"","overlay-color":"","overlay-opacity":"","overlay-gradient":""}}},"product_brand":[],"product_cat":[19],"product_tag":[],"class_list":{"0":"post-8528","1":"product","2":"type-product","3":"status-publish","4":"has-post-thumbnail","6":"product_cat-uncategorized","7":"desktop-align-left","8":"tablet-align-left","9":"mobile-align-left","11":"first","12":"instock","13":"shipping-taxable","14":"purchasable","15":"product-type-simple"},"_links":{"self":[{"href":"https:\/\/ecostera.com\/dk\/wp-json\/wp\/v2\/product\/8528","targetHints":{"allow":["GET"]}}],"collection":[{"href":"https:\/\/ecostera.com\/dk\/wp-json\/wp\/v2\/product"}],"about":[{"href":"https:\/\/ecostera.com\/dk\/wp-json\/wp\/v2\/types\/product"}],"replies":[{"embeddable":true,"href":"https:\/\/ecostera.com\/dk\/wp-json\/wp\/v2\/comments?post=8528"}],"wp:featuredmedia":[{"embeddable":true,"href":"https:\/\/ecostera.com\/dk\/wp-json\/wp\/v2\/media\/8524"}],"wp:attachment":[{"href":"https:\/\/ecostera.com\/dk\/wp-json\/wp\/v2\/media?parent=8528"}],"wp:term":[{"taxonomy":"product_brand","embeddable":true,"href":"https:\/\/ecostera.com\/dk\/wp-json\/wp\/v2\/product_brand?post=8528"},{"taxonomy":"product_cat","embeddable":true,"href":"https:\/\/ecostera.com\/dk\/wp-json\/wp\/v2\/product_cat?post=8528"},{"taxonomy":"product_tag","embeddable":true,"href":"https:\/\/ecostera.com\/dk\/wp-json\/wp\/v2\/product_tag?post=8528"}],"curies":[{"name":"wp","href":"https:\/\/api.w.org\/{rel}","templated":true}]}}