{"id":8574,"date":"2025-08-28T18:50:03","date_gmt":"2025-08-28T15:50:03","guid":{"rendered":"https:\/\/ecostera.com\/dk\/product\/bordfodboldspil\/"},"modified":"2025-08-28T18:50:03","modified_gmt":"2025-08-28T15:50:03","slug":"bordfodboldspil","status":"publish","type":"product","link":"https:\/\/ecostera.com\/dk\/product\/bordfodboldspil\/","title":{"rendered":"Bordfodboldspil"},"content":{"rendered":"<h2 style=\"text-align: center\" data-start=\"0\" data-end=\"22\">Sjovt for alle aldre<\/h2>\n<p class=\"\" style=\"text-align: center\" data-start=\"23\" data-end=\"241\">Bordfodboldspillet er en fantastisk m\u00e5de at nyde venskabelig konkurrence p\u00e5. Det er designet til to spillere, hvilket g\u00f8r det perfekt til b\u00f8rn og voksne. Spillet hj\u00e6lper med at forbedre h\u00e5nd-\u00f8je-koordinationen, samtidig med at det giver timevis af sjov.<\/p>\n<p data-start=\"23\" data-end=\"241\"><img decoding=\"async\" class=\"alignnone size-medium wp-image-12912 aligncenter\" src=\"https:\/\/keluvo.com\/template\/wp-content\/uploads\/sites\/5\/2025\/03\/7aec4fda-54ce-45cd-8c80-f85942286c83.webp\" alt=\"\" \/><\/p>\n<h2 style=\"text-align: center\" data-start=\"243\" data-end=\"271\">Robust og sikkert design<\/h2>\n<p class=\"\" style=\"text-align: center\" data-start=\"272\" data-end=\"498\">Lavet af ABS-materiale af h\u00f8j kvalitet er dette bordfodboldspil designet til at modst\u00e5 tidens tand. Den st\u00e6rke struktur sikrer holdbarhed, mens de glatte kanter g\u00f8r det sikkert for b\u00f8rn at spille. Nyd bekymringsfri gaming med et robust design.<\/p>\n<p style=\"text-align: center\" data-start=\"272\" data-end=\"498\"><img decoding=\"async\" class=\"alignnone size-medium wp-image-12917\" src=\"https:\/\/keluvo.com\/template\/wp-content\/uploads\/sites\/5\/2025\/03\/Sb46bd320e7e1497ba74621f333be0f329.jpg_960x960q75.jpg_.jpeg\" alt=\"\" \/><\/p>\n","protected":false},"excerpt":{"rendered":"<p>Sjovt for alle aldre Bordfodboldspillet er en fantastisk m\u00e5de at nyde venskabelig konkurrence p\u00e5. Det er designet til to spillere, [&hellip;]<\/p>\n","protected":false},"featured_media":8570,"comment_status":"open","ping_status":"closed","template":"","meta":{"site-sidebar-layout":"default","site-content-layout":"","ast-site-content-layout":"default","site-content-style":"default","site-sidebar-style":"default","ast-global-header-display":"","ast-banner-title-visibility":"","ast-main-header-display":"","ast-hfb-above-header-display":"","ast-hfb-below-header-display":"","ast-hfb-mobile-header-display":"","site-post-title":"","ast-breadcrumbs-content":"","ast-featured-img":"","footer-sml-layout":"","theme-transparent-header-meta":"default","adv-header-id-meta":"","stick-header-meta":"","header-above-stick-meta":"","header-main-stick-meta":"","header-below-stick-meta":"","astra-migrate-meta-layouts":"set","ast-page-background-enabled":"default","ast-page-background-meta":{"desktop":{"background-color":"var(--ast-global-color-5)","background-image":"","background-repeat":"repeat","background-position":"center center","background-size":"auto","background-attachment":"scroll","background-type":"","background-media":"","overlay-type":"","overlay-color":"","overlay-opacity":"","overlay-gradient":""},"tablet":{"background-color":"","background-image":"","background-repeat":"repeat","background-position":"center center","background-size":"auto","background-attachment":"scroll","background-type":"","background-media":"","overlay-type":"","overlay-color":"","overlay-opacity":"","overlay-gradient":""},"mobile":{"background-color":"","background-image":"","background-repeat":"repeat","background-position":"center center","background-size":"auto","background-attachment":"scroll","background-type":"","background-media":"","overlay-type":"","overlay-color":"","overlay-opacity":"","overlay-gradient":""}},"ast-content-background-meta":{"desktop":{"background-color":"var(--ast-global-color-4)","background-image":"","background-repeat":"repeat","background-position":"center center","background-size":"auto","background-attachment":"scroll","background-type":"","background-media":"","overlay-type":"","overlay-color":"","overlay-opacity":"","overlay-gradient":""},"tablet":{"background-color":"var(--ast-global-color-4)","background-image":"","background-repeat":"repeat","background-position":"center center","background-size":"auto","background-attachment":"scroll","background-type":"","background-media":"","overlay-type":"","overlay-color":"","overlay-opacity":"","overlay-gradient":""},"mobile":{"background-color":"var(--ast-global-color-4)","background-image":"","background-repeat":"repeat","background-position":"center center","background-size":"auto","background-attachment":"scroll","background-type":"","background-media":"","overlay-type":"","overlay-color":"","overlay-opacity":"","overlay-gradient":""}}},"product_brand":[],"product_cat":[19],"product_tag":[],"class_list":{"0":"post-8574","1":"product","2":"type-product","3":"status-publish","4":"has-post-thumbnail","6":"product_cat-uncategorized","7":"desktop-align-left","8":"tablet-align-left","9":"mobile-align-left","11":"first","12":"instock","13":"shipping-taxable","14":"purchasable","15":"product-type-simple"},"_links":{"self":[{"href":"https:\/\/ecostera.com\/dk\/wp-json\/wp\/v2\/product\/8574","targetHints":{"allow":["GET"]}}],"collection":[{"href":"https:\/\/ecostera.com\/dk\/wp-json\/wp\/v2\/product"}],"about":[{"href":"https:\/\/ecostera.com\/dk\/wp-json\/wp\/v2\/types\/product"}],"replies":[{"embeddable":true,"href":"https:\/\/ecostera.com\/dk\/wp-json\/wp\/v2\/comments?post=8574"}],"wp:featuredmedia":[{"embeddable":true,"href":"https:\/\/ecostera.com\/dk\/wp-json\/wp\/v2\/media\/8570"}],"wp:attachment":[{"href":"https:\/\/ecostera.com\/dk\/wp-json\/wp\/v2\/media?parent=8574"}],"wp:term":[{"taxonomy":"product_brand","embeddable":true,"href":"https:\/\/ecostera.com\/dk\/wp-json\/wp\/v2\/product_brand?post=8574"},{"taxonomy":"product_cat","embeddable":true,"href":"https:\/\/ecostera.com\/dk\/wp-json\/wp\/v2\/product_cat?post=8574"},{"taxonomy":"product_tag","embeddable":true,"href":"https:\/\/ecostera.com\/dk\/wp-json\/wp\/v2\/product_tag?post=8574"}],"curies":[{"name":"wp","href":"https:\/\/api.w.org\/{rel}","templated":true}]}}