{"id":8579,"date":"2025-08-28T18:50:49","date_gmt":"2025-08-28T15:50:49","guid":{"rendered":"https:\/\/ecostera.com\/dk\/product\/traadloes-telefonoplader-2\/"},"modified":"2025-08-28T18:51:02","modified_gmt":"2025-08-28T15:51:02","slug":"traadloes-telefonoplader-2","status":"publish","type":"product","link":"https:\/\/ecostera.com\/dk\/product\/traadloes-telefonoplader-2\/","title":{"rendered":"Tr\u00e5dl\u00f8s telefonoplader"},"content":{"rendered":"<h2 style=\"text-align: center\">Automatiske Klemmer for Nem Brug<\/h2>\n<p style=\"text-align: center\">Den tr\u00e5dl\u00f8se biloplader har avanceret automatisk sensorteknologi, som g\u00f8r den utrolig brugervenlig. N\u00e5r din telefon placeres i n\u00e6rheden af holderen, lukker klemmerne automatisk for at sikre den. Med et enkelt tryk p\u00e5 holderen frig\u00f8res klemmerne, s\u00e5 du nemt kan hente din telefon, selv mens du k\u00f8rer.<\/p>\n<p><img decoding=\"async\" class=\"alignnone size-medium wp-image-6248 aligncenter\" src=\"https:\/\/keluvo.com\/template\/wp-content\/uploads\/sites\/5\/2025\/01\/491fe4c7-9967-4c4d-85c4-048210694567.webp\" alt=\"\" \/><\/p>\n<h2 style=\"text-align: center\">Hurtig og P\u00e5lidelig Opladning<\/h2>\n<p style=\"text-align: center\">Designet til Qi-aktiverede enheder giver denne oplader sikker og effektiv hurtigopladning med muligheder fra 5W til 30W. Den justerer intelligent str\u00f8mmen, s\u00e5 den matcher din enheds behov og sikrer optimal ydeevne. For at opn\u00e5 de bedste resultater skal du parre den med en QC3.0-bilopladeradapter (medf\u00f8lger ikke) for at f\u00e5 uafbrudt hurtigopladning.<\/p>\n<p><img decoding=\"async\" class=\"alignnone size-medium wp-image-6221 aligncenter\" src=\"https:\/\/keluvo.com\/template\/wp-content\/uploads\/sites\/5\/2025\/01\/a5e4392a-5e6b-42e5-a0da-52c3f25bcca4.webp\" alt=\"\" \/><\/p>\n","protected":false},"excerpt":{"rendered":"<p>Automatiske Klemmer for Nem Brug Den tr\u00e5dl\u00f8se biloplader har avanceret automatisk sensorteknologi, som g\u00f8r den utrolig brugervenlig. N\u00e5r din telefon [&hellip;]<\/p>\n","protected":false},"featured_media":8575,"comment_status":"open","ping_status":"closed","template":"","meta":{"site-sidebar-layout":"default","site-content-layout":"","ast-site-content-layout":"default","site-content-style":"default","site-sidebar-style":"default","ast-global-header-display":"","ast-banner-title-visibility":"","ast-main-header-display":"","ast-hfb-above-header-display":"","ast-hfb-below-header-display":"","ast-hfb-mobile-header-display":"","site-post-title":"","ast-breadcrumbs-content":"","ast-featured-img":"","footer-sml-layout":"","theme-transparent-header-meta":"default","adv-header-id-meta":"","stick-header-meta":"","header-above-stick-meta":"","header-main-stick-meta":"","header-below-stick-meta":"","astra-migrate-meta-layouts":"set","ast-page-background-enabled":"default","ast-page-background-meta":{"desktop":{"background-color":"var(--ast-global-color-5)","background-image":"","background-repeat":"repeat","background-position":"center center","background-size":"auto","background-attachment":"scroll","background-type":"","background-media":"","overlay-type":"","overlay-color":"","overlay-opacity":"","overlay-gradient":""},"tablet":{"background-color":"","background-image":"","background-repeat":"repeat","background-position":"center center","background-size":"auto","background-attachment":"scroll","background-type":"","background-media":"","overlay-type":"","overlay-color":"","overlay-opacity":"","overlay-gradient":""},"mobile":{"background-color":"","background-image":"","background-repeat":"repeat","background-position":"center center","background-size":"auto","background-attachment":"scroll","background-type":"","background-media":"","overlay-type":"","overlay-color":"","overlay-opacity":"","overlay-gradient":""}},"ast-content-background-meta":{"desktop":{"background-color":"var(--ast-global-color-4)","background-image":"","background-repeat":"repeat","background-position":"center center","background-size":"auto","background-attachment":"scroll","background-type":"","background-media":"","overlay-type":"","overlay-color":"","overlay-opacity":"","overlay-gradient":""},"tablet":{"background-color":"var(--ast-global-color-4)","background-image":"","background-repeat":"repeat","background-position":"center center","background-size":"auto","background-attachment":"scroll","background-type":"","background-media":"","overlay-type":"","overlay-color":"","overlay-opacity":"","overlay-gradient":""},"mobile":{"background-color":"var(--ast-global-color-4)","background-image":"","background-repeat":"repeat","background-position":"center center","background-size":"auto","background-attachment":"scroll","background-type":"","background-media":"","overlay-type":"","overlay-color":"","overlay-opacity":"","overlay-gradient":""}}},"product_brand":[],"product_cat":[19],"product_tag":[],"class_list":{"0":"post-8579","1":"product","2":"type-product","3":"status-publish","4":"has-post-thumbnail","6":"product_cat-uncategorized","7":"pa_21761_4k74lx2c-blaa","8":"pa_21761_4k74lx2c-gul","9":"pa_21761_4k74lx2c-roed","10":"pa_21761_4k74lx2c-sort","11":"desktop-align-left","12":"tablet-align-left","13":"mobile-align-left","15":"first","16":"instock","17":"shipping-taxable","18":"purchasable","19":"product-type-variable"},"_links":{"self":[{"href":"https:\/\/ecostera.com\/dk\/wp-json\/wp\/v2\/product\/8579","targetHints":{"allow":["GET"]}}],"collection":[{"href":"https:\/\/ecostera.com\/dk\/wp-json\/wp\/v2\/product"}],"about":[{"href":"https:\/\/ecostera.com\/dk\/wp-json\/wp\/v2\/types\/product"}],"replies":[{"embeddable":true,"href":"https:\/\/ecostera.com\/dk\/wp-json\/wp\/v2\/comments?post=8579"}],"wp:featuredmedia":[{"embeddable":true,"href":"https:\/\/ecostera.com\/dk\/wp-json\/wp\/v2\/media\/8575"}],"wp:attachment":[{"href":"https:\/\/ecostera.com\/dk\/wp-json\/wp\/v2\/media?parent=8579"}],"wp:term":[{"taxonomy":"product_brand","embeddable":true,"href":"https:\/\/ecostera.com\/dk\/wp-json\/wp\/v2\/product_brand?post=8579"},{"taxonomy":"product_cat","embeddable":true,"href":"https:\/\/ecostera.com\/dk\/wp-json\/wp\/v2\/product_cat?post=8579"},{"taxonomy":"product_tag","embeddable":true,"href":"https:\/\/ecostera.com\/dk\/wp-json\/wp\/v2\/product_tag?post=8579"}],"curies":[{"name":"wp","href":"https:\/\/api.w.org\/{rel}","templated":true}]}}