{"id":8603,"date":"2025-08-28T18:52:27","date_gmt":"2025-08-28T15:52:27","guid":{"rendered":"https:\/\/ecostera.com\/dk\/product\/holder-til-bilbriller\/"},"modified":"2025-08-28T18:52:50","modified_gmt":"2025-08-28T15:52:50","slug":"holder-til-bilbriller","status":"publish","type":"product","link":"https:\/\/ecostera.com\/dk\/product\/holder-til-bilbriller\/","title":{"rendered":"Holder til bilbriller"},"content":{"rendered":"<h2 style=\"text-align: center\" data-start=\"0\" data-end=\"32\">Sikker og nem fastg\u00f8relse<\/h2>\n<p class=\"\" style=\"text-align: center\" data-start=\"33\" data-end=\"283\">Bilbrilleholderen har et praktisk clip-on-design, der nemt kan fastg\u00f8res til bilens solsk\u00e6rm. Det sikrer hurtig adgang til dine solbriller, mens du k\u00f8rer. Den st\u00e6rke klips holder holderen p\u00e5 plads og forhindrer, at den glider eller falder ned.<\/p>\n<p data-start=\"33\" data-end=\"283\"><img decoding=\"async\" class=\"alignnone size-medium wp-image-13092 aligncenter\" src=\"https:\/\/keluvo.com\/template\/wp-content\/uploads\/sites\/5\/2025\/03\/S80c3741eac904e10a5d226aad640b292h.jpeg_960x960q75.jpeg_.jpeg\" alt=\"\" \/><\/p>\n<h2 style=\"text-align: center\" data-start=\"285\" data-end=\"312\">Beskytter Dine Briller<\/h2>\n<p class=\"\" style=\"text-align: center\" data-start=\"313\" data-end=\"520\">Med en bl\u00f8d indvendig foring hj\u00e6lper bilbrilleholderen med at beskytte dine solbriller mod ridser og skader. Den magnetiske lukning sikrer en sikker pasform og holder dine briller beskyttet, selv p\u00e5 uj\u00e6vne veje.<\/p>\n<p data-start=\"313\" data-end=\"520\"><img decoding=\"async\" class=\"alignnone size-medium wp-image-13094 aligncenter\" src=\"https:\/\/keluvo.com\/template\/wp-content\/uploads\/sites\/5\/2025\/03\/a03101b4-feb6-4667-ab40-5cf9c96c8175.webp\" alt=\"\" \/><\/p>\n","protected":false},"excerpt":{"rendered":"<p>Sikker og nem fastg\u00f8relse Bilbrilleholderen har et praktisk clip-on-design, der nemt kan fastg\u00f8res til bilens solsk\u00e6rm. Det sikrer hurtig adgang [&hellip;]<\/p>\n","protected":false},"featured_media":8599,"comment_status":"open","ping_status":"closed","template":"","meta":{"site-sidebar-layout":"default","site-content-layout":"","ast-site-content-layout":"default","site-content-style":"default","site-sidebar-style":"default","ast-global-header-display":"","ast-banner-title-visibility":"","ast-main-header-display":"","ast-hfb-above-header-display":"","ast-hfb-below-header-display":"","ast-hfb-mobile-header-display":"","site-post-title":"","ast-breadcrumbs-content":"","ast-featured-img":"","footer-sml-layout":"","theme-transparent-header-meta":"default","adv-header-id-meta":"","stick-header-meta":"","header-above-stick-meta":"","header-main-stick-meta":"","header-below-stick-meta":"","astra-migrate-meta-layouts":"set","ast-page-background-enabled":"default","ast-page-background-meta":{"desktop":{"background-color":"var(--ast-global-color-5)","background-image":"","background-repeat":"repeat","background-position":"center center","background-size":"auto","background-attachment":"scroll","background-type":"","background-media":"","overlay-type":"","overlay-color":"","overlay-opacity":"","overlay-gradient":""},"tablet":{"background-color":"","background-image":"","background-repeat":"repeat","background-position":"center center","background-size":"auto","background-attachment":"scroll","background-type":"","background-media":"","overlay-type":"","overlay-color":"","overlay-opacity":"","overlay-gradient":""},"mobile":{"background-color":"","background-image":"","background-repeat":"repeat","background-position":"center center","background-size":"auto","background-attachment":"scroll","background-type":"","background-media":"","overlay-type":"","overlay-color":"","overlay-opacity":"","overlay-gradient":""}},"ast-content-background-meta":{"desktop":{"background-color":"var(--ast-global-color-4)","background-image":"","background-repeat":"repeat","background-position":"center center","background-size":"auto","background-attachment":"scroll","background-type":"","background-media":"","overlay-type":"","overlay-color":"","overlay-opacity":"","overlay-gradient":""},"tablet":{"background-color":"var(--ast-global-color-4)","background-image":"","background-repeat":"repeat","background-position":"center center","background-size":"auto","background-attachment":"scroll","background-type":"","background-media":"","overlay-type":"","overlay-color":"","overlay-opacity":"","overlay-gradient":""},"mobile":{"background-color":"var(--ast-global-color-4)","background-image":"","background-repeat":"repeat","background-position":"center center","background-size":"auto","background-attachment":"scroll","background-type":"","background-media":"","overlay-type":"","overlay-color":"","overlay-opacity":"","overlay-gradient":""}}},"product_brand":[],"product_cat":[19],"product_tag":[],"class_list":{"0":"post-8603","1":"product","2":"type-product","3":"status-publish","4":"has-post-thumbnail","6":"product_cat-uncategorized","7":"pa_28470_wjjnxzfr-beige","8":"pa_28470_wjjnxzfr-brun","9":"pa_28470_wjjnxzfr-roed","10":"pa_28470_wjjnxzfr-sort","11":"desktop-align-left","12":"tablet-align-left","13":"mobile-align-left","15":"first","16":"instock","17":"shipping-taxable","18":"purchasable","19":"product-type-variable"},"_links":{"self":[{"href":"https:\/\/ecostera.com\/dk\/wp-json\/wp\/v2\/product\/8603","targetHints":{"allow":["GET"]}}],"collection":[{"href":"https:\/\/ecostera.com\/dk\/wp-json\/wp\/v2\/product"}],"about":[{"href":"https:\/\/ecostera.com\/dk\/wp-json\/wp\/v2\/types\/product"}],"replies":[{"embeddable":true,"href":"https:\/\/ecostera.com\/dk\/wp-json\/wp\/v2\/comments?post=8603"}],"wp:featuredmedia":[{"embeddable":true,"href":"https:\/\/ecostera.com\/dk\/wp-json\/wp\/v2\/media\/8599"}],"wp:attachment":[{"href":"https:\/\/ecostera.com\/dk\/wp-json\/wp\/v2\/media?parent=8603"}],"wp:term":[{"taxonomy":"product_brand","embeddable":true,"href":"https:\/\/ecostera.com\/dk\/wp-json\/wp\/v2\/product_brand?post=8603"},{"taxonomy":"product_cat","embeddable":true,"href":"https:\/\/ecostera.com\/dk\/wp-json\/wp\/v2\/product_cat?post=8603"},{"taxonomy":"product_tag","embeddable":true,"href":"https:\/\/ecostera.com\/dk\/wp-json\/wp\/v2\/product_tag?post=8603"}],"curies":[{"name":"wp","href":"https:\/\/api.w.org\/{rel}","templated":true}]}}