{"id":8631,"date":"2025-08-28T18:54:08","date_gmt":"2025-08-28T15:54:08","guid":{"rendered":"https:\/\/ecostera.com\/dk\/product\/blomstervase-i-silikone\/"},"modified":"2025-08-28T18:54:14","modified_gmt":"2025-08-28T15:54:14","slug":"blomstervase-i-silikone","status":"publish","type":"product","link":"https:\/\/ecostera.com\/dk\/product\/blomstervase-i-silikone\/","title":{"rendered":"Blomstervase i silikone"},"content":{"rendered":"<h2 style=\"text-align: center\" data-start=\"0\" data-end=\"31\">Sidder fast p\u00e5 glatte overflader<\/h2>\n<p class=\"\" style=\"text-align: center\" data-start=\"32\" data-end=\"258\">Blomstervasen i silikone kan nemt s\u00e6ttes fast p\u00e5 glatte overflader som vinduer, spejle og k\u00f8leskabe. Der er ikke brug for s\u00f8m eller lim, hvilket g\u00f8r det til en dekoration uden rod. Tryk den blot p\u00e5 overfladen, s\u00e5 sidder den sikkert fast.<\/p>\n<p data-start=\"32\" data-end=\"258\"><img decoding=\"async\" class=\"alignnone size-medium wp-image-12887 aligncenter\" src=\"https:\/\/keluvo.com\/template\/wp-content\/uploads\/sites\/5\/2025\/03\/4f85c9a3-ffc3-426d-8eb6-1c88fe1bdd0c.webp\" alt=\"\" \/><\/p>\n<h2 style=\"text-align: center\" data-start=\"260\" data-end=\"293\">Genanvendelig og nem at fjerne<\/h2>\n<p class=\"\" style=\"text-align: center\" data-start=\"294\" data-end=\"479\">Denne vase kan fjernes og bruges igen uden at efterlade m\u00e6rker. For at genbruge den skal du bare reng\u00f8re bagsiden og s\u00e6tte den fast p\u00e5 en glat overflade igen. Det er en fantastisk m\u00e5de at \u00e6ndre din indretning p\u00e5 uden at beskadige den.<\/p>\n<p style=\"text-align: center\" data-start=\"294\" data-end=\"479\"><img decoding=\"async\" class=\"alignnone size-medium wp-image-12890\" src=\"https:\/\/keluvo.com\/template\/wp-content\/uploads\/sites\/5\/2025\/03\/H5edfd2d9af3f454d965fdf0546d56e6e2.jpg_960x960q75.jpg_.jpeg\" alt=\"\" \/><\/p>\n","protected":false},"excerpt":{"rendered":"<p>Sidder fast p\u00e5 glatte overflader Blomstervasen i silikone kan nemt s\u00e6ttes fast p\u00e5 glatte overflader som vinduer, spejle og k\u00f8leskabe. [&hellip;]<\/p>\n","protected":false},"featured_media":8627,"comment_status":"open","ping_status":"closed","template":"","meta":{"site-sidebar-layout":"default","site-content-layout":"","ast-site-content-layout":"default","site-content-style":"default","site-sidebar-style":"default","ast-global-header-display":"","ast-banner-title-visibility":"","ast-main-header-display":"","ast-hfb-above-header-display":"","ast-hfb-below-header-display":"","ast-hfb-mobile-header-display":"","site-post-title":"","ast-breadcrumbs-content":"","ast-featured-img":"","footer-sml-layout":"","theme-transparent-header-meta":"default","adv-header-id-meta":"","stick-header-meta":"","header-above-stick-meta":"","header-main-stick-meta":"","header-below-stick-meta":"","astra-migrate-meta-layouts":"set","ast-page-background-enabled":"default","ast-page-background-meta":{"desktop":{"background-color":"var(--ast-global-color-5)","background-image":"","background-repeat":"repeat","background-position":"center center","background-size":"auto","background-attachment":"scroll","background-type":"","background-media":"","overlay-type":"","overlay-color":"","overlay-opacity":"","overlay-gradient":""},"tablet":{"background-color":"","background-image":"","background-repeat":"repeat","background-position":"center center","background-size":"auto","background-attachment":"scroll","background-type":"","background-media":"","overlay-type":"","overlay-color":"","overlay-opacity":"","overlay-gradient":""},"mobile":{"background-color":"","background-image":"","background-repeat":"repeat","background-position":"center center","background-size":"auto","background-attachment":"scroll","background-type":"","background-media":"","overlay-type":"","overlay-color":"","overlay-opacity":"","overlay-gradient":""}},"ast-content-background-meta":{"desktop":{"background-color":"var(--ast-global-color-4)","background-image":"","background-repeat":"repeat","background-position":"center center","background-size":"auto","background-attachment":"scroll","background-type":"","background-media":"","overlay-type":"","overlay-color":"","overlay-opacity":"","overlay-gradient":""},"tablet":{"background-color":"var(--ast-global-color-4)","background-image":"","background-repeat":"repeat","background-position":"center center","background-size":"auto","background-attachment":"scroll","background-type":"","background-media":"","overlay-type":"","overlay-color":"","overlay-opacity":"","overlay-gradient":""},"mobile":{"background-color":"var(--ast-global-color-4)","background-image":"","background-repeat":"repeat","background-position":"center center","background-size":"auto","background-attachment":"scroll","background-type":"","background-media":"","overlay-type":"","overlay-color":"","overlay-opacity":"","overlay-gradient":""}}},"product_brand":[],"product_cat":[19],"product_tag":[],"class_list":{"0":"post-8631","1":"product","2":"type-product","3":"status-publish","4":"has-post-thumbnail","6":"product_cat-uncategorized","7":"pa_32571_sjrc2ve6-blaa","8":"pa_32571_sjrc2ve6-hvid","9":"pa_32571_sjrc2ve6-lyseroed","10":"desktop-align-left","11":"tablet-align-left","12":"mobile-align-left","14":"first","15":"instock","16":"shipping-taxable","17":"purchasable","18":"product-type-variable"},"_links":{"self":[{"href":"https:\/\/ecostera.com\/dk\/wp-json\/wp\/v2\/product\/8631","targetHints":{"allow":["GET"]}}],"collection":[{"href":"https:\/\/ecostera.com\/dk\/wp-json\/wp\/v2\/product"}],"about":[{"href":"https:\/\/ecostera.com\/dk\/wp-json\/wp\/v2\/types\/product"}],"replies":[{"embeddable":true,"href":"https:\/\/ecostera.com\/dk\/wp-json\/wp\/v2\/comments?post=8631"}],"wp:featuredmedia":[{"embeddable":true,"href":"https:\/\/ecostera.com\/dk\/wp-json\/wp\/v2\/media\/8627"}],"wp:attachment":[{"href":"https:\/\/ecostera.com\/dk\/wp-json\/wp\/v2\/media?parent=8631"}],"wp:term":[{"taxonomy":"product_brand","embeddable":true,"href":"https:\/\/ecostera.com\/dk\/wp-json\/wp\/v2\/product_brand?post=8631"},{"taxonomy":"product_cat","embeddable":true,"href":"https:\/\/ecostera.com\/dk\/wp-json\/wp\/v2\/product_cat?post=8631"},{"taxonomy":"product_tag","embeddable":true,"href":"https:\/\/ecostera.com\/dk\/wp-json\/wp\/v2\/product_tag?post=8631"}],"curies":[{"name":"wp","href":"https:\/\/api.w.org\/{rel}","templated":true}]}}