{"id":8655,"date":"2025-08-28T18:55:27","date_gmt":"2025-08-28T15:55:27","guid":{"rendered":"https:\/\/ecostera.com\/dk\/product\/silikonespatel-5-spidser\/"},"modified":"2025-09-12T14:57:55","modified_gmt":"2025-09-12T11:57:55","slug":"silikonespatel-5-spidser","status":"publish","type":"product","link":"https:\/\/ecostera.com\/dk\/product\/silikonespatel-5-spidser\/","title":{"rendered":"Silikonespatel (5 spidser)"},"content":{"rendered":"<h2 style=\"text-align: center\" data-start=\"0\" data-end=\"24\">Nem fjernelse af fuger<\/h2>\n<p class=\"\" style=\"text-align: center\" data-start=\"25\" data-end=\"291\">Silikonespatlen er designet til at fjerne gammel fuge hurtigt og nemt. Dens skarpe kant hj\u00e6lper med at skrabe t\u00f8rret fugemasse v\u00e6k uden at beskadige overflader. Det g\u00f8r den perfekt til reparationer af badev\u00e6relser, k\u00f8kkener og vinduer. Et godt v\u00e6rkt\u00f8j til b\u00e5de privat og professionel brug.<\/p>\n<p data-start=\"25\" data-end=\"291\"><img decoding=\"async\" class=\"alignnone size-medium wp-image-12942 aligncenter\" src=\"https:\/\/keluvo.com\/template\/wp-content\/uploads\/sites\/5\/2025\/03\/S369e1c14f435467a83c163e57fd4c5c7T.jpg_960x960q75.jpg_.jpeg\" alt=\"\" \/><\/p>\n<h2 style=\"text-align: center\" data-start=\"293\" data-end=\"327\">Glat og pr\u00e6cis finish<\/h2>\n<p class=\"\" style=\"text-align: center\" data-start=\"328\" data-end=\"586\">Med fem udskiftelige silikonepuder skaber silikonespatlen glatte og j\u00e6vne fuger. Den giver dig mulighed for at v\u00e6lge forskellige vinkler til en perfekt finish. Det giver rene og professionelle fugekanter. Ikke mere rodet eller uj\u00e6vn fugning.<\/p>\n<p style=\"text-align: center\" data-start=\"328\" data-end=\"586\"><img decoding=\"async\" class=\"alignnone size-medium wp-image-12941\" src=\"https:\/\/keluvo.com\/template\/wp-content\/uploads\/sites\/5\/2025\/03\/He9def6ea0d344539ae410d51d1098077u.jpg_960x960q75.jpg_.jpeg\" alt=\"\" \/><\/p>\n","protected":false},"excerpt":{"rendered":"<p>Nem fjernelse af fuger Silikonespatlen er designet til at fjerne gammel fuge hurtigt og nemt. Dens skarpe kant hj\u00e6lper med [&hellip;]<\/p>\n","protected":false},"featured_media":8651,"comment_status":"open","ping_status":"closed","template":"","meta":{"site-sidebar-layout":"default","site-content-layout":"","ast-site-content-layout":"default","site-content-style":"default","site-sidebar-style":"default","ast-global-header-display":"","ast-banner-title-visibility":"","ast-main-header-display":"","ast-hfb-above-header-display":"","ast-hfb-below-header-display":"","ast-hfb-mobile-header-display":"","site-post-title":"","ast-breadcrumbs-content":"","ast-featured-img":"","footer-sml-layout":"","theme-transparent-header-meta":"default","adv-header-id-meta":"","stick-header-meta":"","header-above-stick-meta":"","header-main-stick-meta":"","header-below-stick-meta":"","astra-migrate-meta-layouts":"set","ast-page-background-enabled":"default","ast-page-background-meta":{"desktop":{"background-color":"var(--ast-global-color-5)","background-image":"","background-repeat":"repeat","background-position":"center center","background-size":"auto","background-attachment":"scroll","background-type":"","background-media":"","overlay-type":"","overlay-color":"","overlay-opacity":"","overlay-gradient":""},"tablet":{"background-color":"","background-image":"","background-repeat":"repeat","background-position":"center center","background-size":"auto","background-attachment":"scroll","background-type":"","background-media":"","overlay-type":"","overlay-color":"","overlay-opacity":"","overlay-gradient":""},"mobile":{"background-color":"","background-image":"","background-repeat":"repeat","background-position":"center center","background-size":"auto","background-attachment":"scroll","background-type":"","background-media":"","overlay-type":"","overlay-color":"","overlay-opacity":"","overlay-gradient":""}},"ast-content-background-meta":{"desktop":{"background-color":"var(--ast-global-color-4)","background-image":"","background-repeat":"repeat","background-position":"center center","background-size":"auto","background-attachment":"scroll","background-type":"","background-media":"","overlay-type":"","overlay-color":"","overlay-opacity":"","overlay-gradient":""},"tablet":{"background-color":"var(--ast-global-color-4)","background-image":"","background-repeat":"repeat","background-position":"center center","background-size":"auto","background-attachment":"scroll","background-type":"","background-media":"","overlay-type":"","overlay-color":"","overlay-opacity":"","overlay-gradient":""},"mobile":{"background-color":"var(--ast-global-color-4)","background-image":"","background-repeat":"repeat","background-position":"center center","background-size":"auto","background-attachment":"scroll","background-type":"","background-media":"","overlay-type":"","overlay-color":"","overlay-opacity":"","overlay-gradient":""}}},"product_brand":[],"product_cat":[19],"product_tag":[],"class_list":{"0":"post-8655","1":"product","2":"type-product","3":"status-publish","4":"has-post-thumbnail","6":"product_cat-uncategorized","7":"pa_41782_1bdaflsf-metal","8":"pa_41782_1bdaflsf-plastik","9":"desktop-align-left","10":"tablet-align-left","11":"mobile-align-left","13":"first","14":"instock","15":"shipping-taxable","16":"purchasable","17":"product-type-variable"},"_links":{"self":[{"href":"https:\/\/ecostera.com\/dk\/wp-json\/wp\/v2\/product\/8655","targetHints":{"allow":["GET"]}}],"collection":[{"href":"https:\/\/ecostera.com\/dk\/wp-json\/wp\/v2\/product"}],"about":[{"href":"https:\/\/ecostera.com\/dk\/wp-json\/wp\/v2\/types\/product"}],"replies":[{"embeddable":true,"href":"https:\/\/ecostera.com\/dk\/wp-json\/wp\/v2\/comments?post=8655"}],"wp:featuredmedia":[{"embeddable":true,"href":"https:\/\/ecostera.com\/dk\/wp-json\/wp\/v2\/media\/8651"}],"wp:attachment":[{"href":"https:\/\/ecostera.com\/dk\/wp-json\/wp\/v2\/media?parent=8655"}],"wp:term":[{"taxonomy":"product_brand","embeddable":true,"href":"https:\/\/ecostera.com\/dk\/wp-json\/wp\/v2\/product_brand?post=8655"},{"taxonomy":"product_cat","embeddable":true,"href":"https:\/\/ecostera.com\/dk\/wp-json\/wp\/v2\/product_cat?post=8655"},{"taxonomy":"product_tag","embeddable":true,"href":"https:\/\/ecostera.com\/dk\/wp-json\/wp\/v2\/product_tag?post=8655"}],"curies":[{"name":"wp","href":"https:\/\/api.w.org\/{rel}","templated":true}]}}