{"id":8922,"date":"2025-09-01T13:43:55","date_gmt":"2025-09-01T10:43:55","guid":{"rendered":"https:\/\/ecostera.com\/dk\/product\/haarfanger\/"},"modified":"2025-09-01T15:23:54","modified_gmt":"2025-09-01T12:23:54","slug":"haarfanger","status":"publish","type":"product","link":"https:\/\/ecostera.com\/dk\/product\/haarfanger\/","title":{"rendered":"H\u00e5rfanger"},"content":{"rendered":"<p style=\"text-align: center\" data-start=\"104\" data-end=\"154\"><strong>Fang H\u00e5r, F\u00f8r Det S\u00e6tter Sig Fast P\u00e5 T\u00f8jet \ud83e\uddfa\ud83d\udc3e<\/strong><\/p>\n<p style=\"text-align: center\" data-start=\"156\" data-end=\"417\">Denne blomsterformede h\u00e5rfanger er den perfekte vasket\u00f8jshj\u00e6lper til hjem med k\u00e6ledyr eller folk med langt h\u00e5r. Den flyder oven p\u00e5 vaskevandet og indfanger h\u00e5r, fnug og dun, f\u00f8r de s\u00e6tter sig fast p\u00e5 t\u00f8jet &#8211; og efterlader vasket\u00f8jet renere og friskere uden nogen indsats.<\/p>\n<p data-start=\"156\" data-end=\"417\"><img fetchpriority=\"high\" decoding=\"async\" class=\"size-full wp-image-32859 aligncenter\" src=\"https:\/\/keluvo.com\/template\/wp-content\/uploads\/sites\/5\/2025\/08\/07211-ezgif.com-video-to-webp-converter-1.webp\" alt=\"\" width=\"500\" height=\"500\" \/><\/p>\n<h2 style=\"text-align: center\" data-start=\"419\" data-end=\"440\"><strong>Vigtigste Fordele \u2705<\/strong><\/h2>\n<p data-start=\"443\" data-end=\"510\">\ud83d\udc36 Fanger effektivt dyreh\u00e5r, menneskeh\u00e5r og fnug i hver vask<\/p>\n<p data-start=\"513\" data-end=\"571\">\ud83c\udf38 S\u00f8dt blomsterdesign tilf\u00f8jer charme til din vaskerutine<\/p>\n<p data-start=\"574\" data-end=\"634\">\ud83e\uddfc Holder din vaskemaskine renere og dr\u00e6ner unclogged<\/p>\n<p data-start=\"637\" data-end=\"694\">\u267b\ufe0f Genanvendelig og milj\u00f8venlig &#8211; intet affald eller genopfyldning n\u00f8dvendig<\/p>\n<p data-start=\"697\" data-end=\"754\">\ud83e\uddfa Reducerer behovet for ekstra fnugruller efter t\u00f8rring<\/p>\n<p data-start=\"697\" data-end=\"754\"><img decoding=\"async\" class=\"size-full wp-image-32860 aligncenter\" src=\"https:\/\/keluvo.com\/template\/wp-content\/uploads\/sites\/5\/2025\/08\/Screenshot_1-1.jpg\" alt=\"\" \/><\/p>\n<h2 style=\"text-align: center\" data-start=\"756\" data-end=\"778\"><strong>S\u00e5dan Bruges \ud83c\udf00<\/strong><\/h2>\n<ol data-start=\"779\" data-end=\"1030\">\n<li data-start=\"779\" data-end=\"855\">\n<p data-start=\"782\" data-end=\"855\">Placer h\u00e5rfangeren oven p\u00e5 vasket\u00f8jet inde i vaskemaskinen.<\/p>\n<\/li>\n<li data-start=\"856\" data-end=\"890\">\n<p data-start=\"859\" data-end=\"890\">N\u00e5r vandet bev\u00e6ger sig, flyder fangeren og opsamler l\u00f8st h\u00e5r og snavs.<\/p>\n<\/li>\n<li data-start=\"891\" data-end=\"965\">\n<p data-start=\"894\" data-end=\"965\">Fjern den efter vasken, og t\u00f8m nettet til n\u00e6ste gang.<\/p>\n<\/li>\n<\/ol>\n<h2 style=\"text-align: center\" data-start=\"1032\" data-end=\"1056\"><strong>Produktoplysninger \ud83d\udccf<\/strong><\/h2>\n<ul data-start=\"1057\" data-end=\"1241\">\n<li data-start=\"1057\" data-end=\"1114\">\n<p data-start=\"1059\" data-end=\"1114\">Materiale: Skum af h\u00f8j kvalitet + finmasket polyesternet<\/p>\n<\/li>\n<li data-start=\"1115\" data-end=\"1148\">\n<p data-start=\"1117\" data-end=\"1148\">Form: Flydende blomsterdesign<\/p>\n<\/li>\n<li data-start=\"1149\" data-end=\"1170\">\n<p data-start=\"1151\" data-end=\"1170\">St\u00f8rrelse: 9,5 x 14 cm<\/p>\n<\/li>\n<li data-start=\"1171\" data-end=\"1215\">\n<p data-start=\"1173\" data-end=\"1215\">Genanvendelig: Ja, vaskbar og langtidsholdbar<\/p>\n<\/li>\n<li data-start=\"1216\" data-end=\"1241\">\n<p data-start=\"1218\" data-end=\"1241\">Farver: Pink og bl\u00e5<\/p>\n<\/li>\n<\/ul>\n<h2 style=\"text-align: center\" data-start=\"1480\" data-end=\"1505\"><strong>Pakken Indeholder \ud83d\udcec<\/strong><\/h2>\n<ul data-start=\"1506\" data-end=\"1567\">\n<li data-start=\"1506\" data-end=\"1567\">\n<p data-start=\"1508\" data-end=\"1567\">1, 2, 4x h\u00e5rfanger.<\/p>\n<\/li>\n<\/ul>\n","protected":false},"excerpt":{"rendered":"<p>Fang H\u00e5r, F\u00f8r Det S\u00e6tter Sig Fast P\u00e5 T\u00f8jet \ud83e\uddfa\ud83d\udc3e Denne blomsterformede h\u00e5rfanger er den perfekte vasket\u00f8jshj\u00e6lper til hjem med [&hellip;]<\/p>\n","protected":false},"featured_media":8918,"comment_status":"open","ping_status":"closed","template":"","meta":{"site-sidebar-layout":"default","site-content-layout":"","ast-site-content-layout":"default","site-content-style":"default","site-sidebar-style":"default","ast-global-header-display":"","ast-banner-title-visibility":"","ast-main-header-display":"","ast-hfb-above-header-display":"","ast-hfb-below-header-display":"","ast-hfb-mobile-header-display":"","site-post-title":"","ast-breadcrumbs-content":"","ast-featured-img":"","footer-sml-layout":"","ast-disable-related-posts":"","theme-transparent-header-meta":"default","adv-header-id-meta":"","stick-header-meta":"","header-above-stick-meta":"","header-main-stick-meta":"","header-below-stick-meta":"","astra-migrate-meta-layouts":"set","ast-page-background-enabled":"default","ast-page-background-meta":{"desktop":{"background-color":"var(--ast-global-color-5)","background-image":"","background-repeat":"repeat","background-position":"center center","background-size":"auto","background-attachment":"scroll","background-type":"","background-media":"","overlay-type":"","overlay-color":"","overlay-opacity":"","overlay-gradient":""},"tablet":{"background-color":"","background-image":"","background-repeat":"repeat","background-position":"center center","background-size":"auto","background-attachment":"scroll","background-type":"","background-media":"","overlay-type":"","overlay-color":"","overlay-opacity":"","overlay-gradient":""},"mobile":{"background-color":"","background-image":"","background-repeat":"repeat","background-position":"center center","background-size":"auto","background-attachment":"scroll","background-type":"","background-media":"","overlay-type":"","overlay-color":"","overlay-opacity":"","overlay-gradient":""}},"ast-content-background-meta":{"desktop":{"background-color":"var(--ast-global-color-4)","background-image":"","background-repeat":"repeat","background-position":"center center","background-size":"auto","background-attachment":"scroll","background-type":"","background-media":"","overlay-type":"","overlay-color":"","overlay-opacity":"","overlay-gradient":""},"tablet":{"background-color":"var(--ast-global-color-4)","background-image":"","background-repeat":"repeat","background-position":"center center","background-size":"auto","background-attachment":"scroll","background-type":"","background-media":"","overlay-type":"","overlay-color":"","overlay-opacity":"","overlay-gradient":""},"mobile":{"background-color":"var(--ast-global-color-4)","background-image":"","background-repeat":"repeat","background-position":"center center","background-size":"auto","background-attachment":"scroll","background-type":"","background-media":"","overlay-type":"","overlay-color":"","overlay-opacity":"","overlay-gradient":""}}},"product_brand":[],"product_cat":[19],"product_tag":[],"class_list":{"0":"post-8922","1":"product","2":"type-product","3":"status-publish","4":"has-post-thumbnail","6":"product_cat-uncategorized","7":"pa_46756_d34gs5je-1-stk","8":"pa_46756_d34gs5je-2-stk","9":"pa_46756_d34gs5je-4-stk","10":"pa_46756_rhx9diuz-blaa","11":"pa_46756_rhx9diuz-lyseroed","12":"desktop-align-left","13":"tablet-align-left","14":"mobile-align-left","16":"first","17":"instock","18":"shipping-taxable","19":"purchasable","20":"product-type-variable","21":"has-default-attributes"},"_links":{"self":[{"href":"https:\/\/ecostera.com\/dk\/wp-json\/wp\/v2\/product\/8922","targetHints":{"allow":["GET"]}}],"collection":[{"href":"https:\/\/ecostera.com\/dk\/wp-json\/wp\/v2\/product"}],"about":[{"href":"https:\/\/ecostera.com\/dk\/wp-json\/wp\/v2\/types\/product"}],"replies":[{"embeddable":true,"href":"https:\/\/ecostera.com\/dk\/wp-json\/wp\/v2\/comments?post=8922"}],"wp:featuredmedia":[{"embeddable":true,"href":"https:\/\/ecostera.com\/dk\/wp-json\/wp\/v2\/media\/8918"}],"wp:attachment":[{"href":"https:\/\/ecostera.com\/dk\/wp-json\/wp\/v2\/media?parent=8922"}],"wp:term":[{"taxonomy":"product_brand","embeddable":true,"href":"https:\/\/ecostera.com\/dk\/wp-json\/wp\/v2\/product_brand?post=8922"},{"taxonomy":"product_cat","embeddable":true,"href":"https:\/\/ecostera.com\/dk\/wp-json\/wp\/v2\/product_cat?post=8922"},{"taxonomy":"product_tag","embeddable":true,"href":"https:\/\/ecostera.com\/dk\/wp-json\/wp\/v2\/product_tag?post=8922"}],"curies":[{"name":"wp","href":"https:\/\/api.w.org\/{rel}","templated":true}]}}