{"id":8974,"date":"2025-09-01T13:49:18","date_gmt":"2025-09-01T10:49:18","guid":{"rendered":"https:\/\/ecostera.com\/dk\/product\/svejsemaskine-saet\/"},"modified":"2025-09-13T16:11:55","modified_gmt":"2025-09-13T13:11:55","slug":"svejsemaskine-saet","status":"publish","type":"product","link":"https:\/\/ecostera.com\/dk\/product\/svejsemaskine-saet\/","title":{"rendered":"Svejsemaskine-s\u00e6t"},"content":{"rendered":"<p style=\"text-align: center;\" data-start=\"126\" data-end=\"173\"><strong>Reparer \u00d8delagte Plastdele Som En Professionel \ud83d\udd27\ud83d\udd25<\/strong><\/p>\n<p style=\"text-align: center;\" data-start=\"175\" data-end=\"415\">Dette kraftfulde plastsvejses\u00e6t g\u00f8r det nemt at reparere revner, brud og spr\u00e6kker i plast &#8211; hurtigt og st\u00e6rkt. Uanset om du arbejder p\u00e5 din bils kofanger, instrumentbr\u00e6t eller husholdningsartikler, f\u00e5r dette v\u00e6rkt\u00f8j arbejdet gjort med rene, varige resultater.<\/p>\n<p data-start=\"175\" data-end=\"415\"><img decoding=\"async\" class=\"size-full wp-image-32892 aligncenter\" src=\"https:\/\/keluvo.com\/template\/wp-content\/uploads\/sites\/5\/2025\/08\/07213-ezgif.com-video-to-webp-converter-3.webp\" alt=\"\" \/><\/p>\n<h2 style=\"text-align: center;\" data-start=\"422\" data-end=\"441\"><strong>Vigtigste Fordele \u2705<\/strong><\/h2>\n<p data-start=\"445\" data-end=\"485\">\ud83d\udd25 Opvarmes \u00f8jeblikkeligt til hurtige reparationer<\/p>\n<p data-start=\"488\" data-end=\"547\">\ud83e\uddf0 Fungerer med flere h\u00e6fteformer til forskellige revner<\/p>\n<p data-start=\"550\" data-end=\"610\">\ud83d\udcaa Forst\u00e6rker plast for at g\u00f8re det endnu st\u00e6rkere end f\u00f8r<\/p>\n<p data-start=\"613\" data-end=\"662\">\u270b Enh\u00e5ndsbrug for bedre kontrol og comfort<\/p>\n<p data-start=\"665\" data-end=\"710\">\ud83c\udf21\ufe0f Smart overophedningsbeskyttelse for sikkerhed<\/p>\n<p data-start=\"713\" data-end=\"762\">\ud83d\udd04 Velegnet til b\u00e5de lige og buede revner<\/p>\n<p data-start=\"713\" data-end=\"762\"><img decoding=\"async\" class=\"size-full wp-image-32894 aligncenter\" src=\"https:\/\/keluvo.com\/template\/wp-content\/uploads\/sites\/5\/2025\/08\/BONDMASTER-137328.jpg\" alt=\"\" \/><\/p>\n<h2 style=\"text-align: center;\" data-start=\"769\" data-end=\"789\"><strong>S\u00e5dan Bruges Den \ud83d\udc47<\/strong><\/h2>\n<ol data-start=\"791\" data-end=\"1065\">\n<li data-start=\"791\" data-end=\"839\">\n<p data-start=\"794\" data-end=\"839\">S\u00e6t svejsepistolen i, og inds\u00e6t en h\u00e6fteklamme.<\/p>\n<\/li>\n<li data-start=\"840\" data-end=\"903\">\n<p data-start=\"843\" data-end=\"903\">Tryk p\u00e5 knappen, og skub forsigtigt h\u00e6fteklammen ind i revnen.<\/p>\n<\/li>\n<li data-start=\"904\" data-end=\"954\">\n<p data-start=\"907\" data-end=\"954\">Lad den k\u00f8le af, og sk\u00e6r h\u00e6fteklammernes ender af.<\/p>\n<\/li>\n<li data-start=\"955\" data-end=\"999\">\n<p data-start=\"958\" data-end=\"999\">Du kan eventuelt slibe eller male omr\u00e5det igen for at f\u00e5 en ren finish.<\/p>\n<\/li>\n<\/ol>\n<h2 style=\"text-align: center;\" data-start=\"1072\" data-end=\"1094\"><strong>Produktdetaljer \ud83d\udccc<\/strong><\/h2>\n<ul data-start=\"1096\" data-end=\"1360\">\n<li data-start=\"1096\" data-end=\"1148\">\n<p data-start=\"1098\" data-end=\"1148\">Ergonomisk h\u00e5ndtag til lang brug uden ubehag<\/p>\n<\/li>\n<li data-start=\"1149\" data-end=\"1198\">\n<p data-start=\"1151\" data-end=\"1198\">Skridsikkert greb og kobberr\u00f8r for holdbarhed<\/p>\n<\/li>\n<li data-start=\"1199\" data-end=\"1242\">\n<p data-start=\"1201\" data-end=\"1242\">Underst\u00f8tter U-, V-, M- og flade h\u00e6fteklammer<\/p>\n<\/li>\n<li data-start=\"1243\" data-end=\"1268\">\n<p data-start=\"1245\" data-end=\"1268\">Hurtig opvarmning<\/p>\n<\/li>\n<li data-start=\"1269\" data-end=\"1318\">\n<p data-start=\"1271\" data-end=\"1318\">LED-lys for bedre synlighed under arbejdet<\/p>\n<\/li>\n<li data-start=\"1319\" data-end=\"1360\">\n<p data-start=\"1321\" data-end=\"1360\">Sikker, b\u00e6rbar og begyndervenlig<\/p>\n<\/li>\n<li data-start=\"1319\" data-end=\"1360\">Effekt: 220V<\/li>\n<\/ul>\n<h2 style=\"text-align: center;\" data-start=\"1367\" data-end=\"1390\"><strong>Pakken Indeholder \ud83d\udce6<\/strong><\/h2>\n<ul data-start=\"1392\" data-end=\"1502\">\n<li data-start=\"1392\" data-end=\"1418\">\n<p data-start=\"1394\" data-end=\"1418\">1x svejsepistol<\/p>\n<\/li>\n<li data-start=\"1419\" data-end=\"1483\">\n<p data-start=\"1421\" data-end=\"1483\">1x kasse med forskellige h\u00e6fteklammer (U-form, V-form, M-form, flad)<\/p>\n<\/li>\n<li data-start=\"1484\" data-end=\"1502\">\n<p data-start=\"1486\" data-end=\"1502\">1x brugermanual.<\/p>\n<\/li>\n<\/ul>\n","protected":false},"excerpt":{"rendered":"<p>Reparer \u00d8delagte Plastdele Som En Professionel \ud83d\udd27\ud83d\udd25 Dette kraftfulde plastsvejses\u00e6t g\u00f8r det nemt at reparere revner, brud og spr\u00e6kker i [&hellip;]<\/p>\n","protected":false},"featured_media":8970,"comment_status":"open","ping_status":"closed","template":"","meta":{"site-sidebar-layout":"default","site-content-layout":"","ast-site-content-layout":"default","site-content-style":"default","site-sidebar-style":"default","ast-global-header-display":"","ast-banner-title-visibility":"","ast-main-header-display":"","ast-hfb-above-header-display":"","ast-hfb-below-header-display":"","ast-hfb-mobile-header-display":"","site-post-title":"","ast-breadcrumbs-content":"","ast-featured-img":"","footer-sml-layout":"","theme-transparent-header-meta":"default","adv-header-id-meta":"","stick-header-meta":"","header-above-stick-meta":"","header-main-stick-meta":"","header-below-stick-meta":"","astra-migrate-meta-layouts":"set","ast-page-background-enabled":"default","ast-page-background-meta":{"desktop":{"background-color":"var(--ast-global-color-5)","background-image":"","background-repeat":"repeat","background-position":"center center","background-size":"auto","background-attachment":"scroll","background-type":"","background-media":"","overlay-type":"","overlay-color":"","overlay-opacity":"","overlay-gradient":""},"tablet":{"background-color":"","background-image":"","background-repeat":"repeat","background-position":"center center","background-size":"auto","background-attachment":"scroll","background-type":"","background-media":"","overlay-type":"","overlay-color":"","overlay-opacity":"","overlay-gradient":""},"mobile":{"background-color":"","background-image":"","background-repeat":"repeat","background-position":"center center","background-size":"auto","background-attachment":"scroll","background-type":"","background-media":"","overlay-type":"","overlay-color":"","overlay-opacity":"","overlay-gradient":""}},"ast-content-background-meta":{"desktop":{"background-color":"var(--ast-global-color-4)","background-image":"","background-repeat":"repeat","background-position":"center center","background-size":"auto","background-attachment":"scroll","background-type":"","background-media":"","overlay-type":"","overlay-color":"","overlay-opacity":"","overlay-gradient":""},"tablet":{"background-color":"var(--ast-global-color-4)","background-image":"","background-repeat":"repeat","background-position":"center center","background-size":"auto","background-attachment":"scroll","background-type":"","background-media":"","overlay-type":"","overlay-color":"","overlay-opacity":"","overlay-gradient":""},"mobile":{"background-color":"var(--ast-global-color-4)","background-image":"","background-repeat":"repeat","background-position":"center center","background-size":"auto","background-attachment":"scroll","background-type":"","background-media":"","overlay-type":"","overlay-color":"","overlay-opacity":"","overlay-gradient":""}}},"product_brand":[],"product_cat":[19],"product_tag":[],"class_list":{"0":"post-8974","1":"product","2":"type-product","3":"status-publish","4":"has-post-thumbnail","6":"product_cat-uncategorized","7":"pa_45887_l65fz2ea-a","8":"pa_45887_l65fz2ea-b","9":"pa_45887_l65fz2ea-c","10":"desktop-align-left","11":"tablet-align-left","12":"mobile-align-left","14":"first","15":"instock","16":"shipping-taxable","17":"purchasable","18":"product-type-variable"},"_links":{"self":[{"href":"https:\/\/ecostera.com\/dk\/wp-json\/wp\/v2\/product\/8974","targetHints":{"allow":["GET"]}}],"collection":[{"href":"https:\/\/ecostera.com\/dk\/wp-json\/wp\/v2\/product"}],"about":[{"href":"https:\/\/ecostera.com\/dk\/wp-json\/wp\/v2\/types\/product"}],"replies":[{"embeddable":true,"href":"https:\/\/ecostera.com\/dk\/wp-json\/wp\/v2\/comments?post=8974"}],"wp:featuredmedia":[{"embeddable":true,"href":"https:\/\/ecostera.com\/dk\/wp-json\/wp\/v2\/media\/8970"}],"wp:attachment":[{"href":"https:\/\/ecostera.com\/dk\/wp-json\/wp\/v2\/media?parent=8974"}],"wp:term":[{"taxonomy":"product_brand","embeddable":true,"href":"https:\/\/ecostera.com\/dk\/wp-json\/wp\/v2\/product_brand?post=8974"},{"taxonomy":"product_cat","embeddable":true,"href":"https:\/\/ecostera.com\/dk\/wp-json\/wp\/v2\/product_cat?post=8974"},{"taxonomy":"product_tag","embeddable":true,"href":"https:\/\/ecostera.com\/dk\/wp-json\/wp\/v2\/product_tag?post=8974"}],"curies":[{"name":"wp","href":"https:\/\/api.w.org\/{rel}","templated":true}]}}