{"id":9003,"date":"2025-09-01T13:54:20","date_gmt":"2025-09-01T10:54:20","guid":{"rendered":"https:\/\/ecostera.com\/dk\/product\/alarmsystem\/"},"modified":"2025-09-01T13:54:41","modified_gmt":"2025-09-01T10:54:41","slug":"alarmsystem","status":"publish","type":"product","link":"https:\/\/ecostera.com\/dk\/product\/alarmsystem\/","title":{"rendered":"Alarmsystem"},"content":{"rendered":"<p style=\"text-align: center\" data-start=\"0\" data-end=\"68\"><strong data-start=\"0\" data-end=\"66\">Beskyt dit hjem eller kontor med smart, sikker adgangskontrol. \ud83d\udd12<\/strong><\/p>\n<p style=\"text-align: center\" data-start=\"70\" data-end=\"327\">Dette avancerede alarmsystem kombinerer st\u00e6rke sikkerhedsfunktioner med et slankt design, der giver dig nem, n\u00f8glefri adgang, samtidig med at det holder ubudne g\u00e6ster ude. Det er ideelt til hjem, kontorer eller udlejningsejendomme og tilbyder flere opl\u00e5sningsmuligheder for total bekvemmelighed og sikkerhed.<\/p>\n<p data-start=\"70\" data-end=\"327\"><img decoding=\"async\" class=\"size-full wp-image-33307 aligncenter\" src=\"https:\/\/keluvo.com\/template\/wp-content\/uploads\/sites\/5\/2025\/08\/0721-ezgif.com-video-to-webp-converter-2.webp\" alt=\"\" \/><\/p>\n<h2 style=\"text-align: center\" data-start=\"334\" data-end=\"355\"><strong>Hovedfordele<\/strong><\/h2>\n<p data-start=\"358\" data-end=\"425\">\ud83d\udd12 Adgang med h\u00f8j sikkerhed &#8211; L\u00e5s op med kort (keytab), adgangskode eller begge dele<\/p>\n<p data-start=\"428\" data-end=\"501\">\ud83e\udde0 Opbevaring af op til 500 RFID-kort &#8211; Perfekt til kontorer eller f\u00e6llesarealer<\/p>\n<p data-start=\"504\" data-end=\"572\">\ud83d\udeaa Flere opl\u00e5sningstilstande &#8211; V\u00e6lg kun kort (keytab), kun PIN-kode eller begge dele<\/p>\n<p data-start=\"575\" data-end=\"640\">\ud83d\udd52 Hurtig opl\u00e5sning &#8211; 3 sekunders rel\u00e6tid for hurtig adgang<\/p>\n<p data-start=\"643\" data-end=\"693\">\ud83d\udca7 Holdbart design &#8211; Fungerer fra -10 \u00b0C til 70 \u00b0C<\/p>\n<p data-start=\"696\" data-end=\"753\">\ud83d\udd14 Indbygget d\u00f8rklokke &#8211; Ingen ekstra ops\u00e6tning n\u00f8dvendig<\/p>\n<p data-start=\"696\" data-end=\"753\"><img decoding=\"async\" class=\"size-full wp-image-33310 aligncenter\" src=\"https:\/\/keluvo.com\/template\/wp-content\/uploads\/sites\/5\/2025\/08\/HTB1BmoUjgMPMeJjy1Xbq6AwxVXaq.jpg_960x960q75.jpg_.jpg\" alt=\"\" \/><\/p>\n<h2 style=\"text-align: center\" data-start=\"760\" data-end=\"779\"><strong>S\u00e5dan Bruges<\/strong><\/h2>\n<ol data-start=\"780\" data-end=\"1060\">\n<li data-start=\"780\" data-end=\"814\">\n<p data-start=\"783\" data-end=\"814\">S\u00e6t enheden til med DC 12 V.<\/p>\n<\/li>\n<li data-start=\"815\" data-end=\"872\">\n<p data-start=\"818\" data-end=\"872\">Programmer op til 500 RFID-kort, og indstil PIN-koder efter behov.<\/p>\n<\/li>\n<li data-start=\"873\" data-end=\"922\">\n<p data-start=\"876\" data-end=\"922\">monter enheden p\u00e5 din d\u00f8r n\u00e6r h\u00e5ndtaget.<\/p>\n<\/li>\n<li data-start=\"923\" data-end=\"983\">\n<p data-start=\"926\" data-end=\"983\">v\u00e6lg din opl\u00e5sningstilstand (kun kort (keytab), kun PIN-kode eller begge dele).<\/p>\n<\/li>\n<li data-start=\"984\" data-end=\"1060\">\n<p data-start=\"987\" data-end=\"1060\">for at l\u00e5se op skal du enten scanne et registreret RFID-kort (keytab) eller indtaste den korrekte PIN-kode.<\/p>\n<\/li>\n<\/ol>\n<h2 style=\"text-align: center\" data-start=\"1067\" data-end=\"1091\"><strong>Produktdetaljer<\/strong><\/h2>\n<ul data-start=\"1092\" data-end=\"1433\">\n<li data-start=\"1092\" data-end=\"1115\">\n<p data-start=\"1094\" data-end=\"1115\">Sp\u00e6nding: DC 12V<\/p>\n<\/li>\n<li data-start=\"1154\" data-end=\"1183\">\n<p data-start=\"1156\" data-end=\"1183\">L\u00e6seafstand: 5-15mm<\/p>\n<\/li>\n<li data-start=\"1184\" data-end=\"1213\">\n<p data-start=\"1186\" data-end=\"1213\">Rel\u00e6tid: 3 sekunder<\/p>\n<\/li>\n<li data-start=\"1214\" data-end=\"1259\">\n<p data-start=\"1216\" data-end=\"1259\">Kompatible kort: EM eller EM-kompatible<\/p>\n<\/li>\n<li data-start=\"1318\" data-end=\"1362\">\n<p data-start=\"1320\" data-end=\"1362\">Driftstemperatur: -10 \u00b0C til 70 \u00b0C<\/p>\n<\/li>\n<li data-start=\"1363\" data-end=\"1400\">\n<p data-start=\"1365\" data-end=\"1400\">St\u00f8rrelse: 11,8 cm x 11,8 cm x 2,3 cm<\/p>\n<\/li>\n<li data-start=\"1401\" data-end=\"1433\">\n<p data-start=\"1403\" data-end=\"1433\">Farve: Som vist p\u00e5 billedet<\/p>\n<\/li>\n<li>\n<p data-spm-anchor-id=\"a2g0o.detail.1000023.i1.3805NEpUNEpU71\">RFID-kortkapacitet: 500 kort, en &#8220;personlig pinkode&#8221; f\u00f8lger med hvert kort<\/p>\n<\/li>\n<li>\n<p data-spm-anchor-id=\"a2g0o.detail.1000023.i2.3805NEpUNEpU71\">D\u00f8r\u00e5bningsmuligheder (kan v\u00e6lges af administratorbrugeren) : Kort (n\u00f8glebrik) &amp; PIN, kun kort (n\u00f8glebrik), kun PIN.<\/p>\n<\/li>\n<\/ul>\n<h2 style=\"text-align: center\" data-start=\"1440\" data-end=\"1465\"><strong>Pakken Indeholder<\/strong><\/h2>\n<ul data-start=\"1466\" data-end=\"1570\">\n<li data-start=\"1466\" data-end=\"1491\">\n<p data-start=\"1468\" data-end=\"1491\">Alternativ A: 1x RFID-adgangskontrolpanel<\/p>\n<\/li>\n<li data-start=\"1466\" data-end=\"1491\">\n<p data-start=\"1468\" data-end=\"1491\">Alternativ B: 1x RFID-adgangskontrolpanel, 10x n\u00f8glefaner<\/p>\n<\/li>\n<li data-start=\"1466\" data-end=\"1491\">Alternativ C: 1x RFID-adgangskontrolpanel, 10x RFID 125khz-kort.<\/li>\n<\/ul>\n","protected":false},"excerpt":{"rendered":"<p>Beskyt dit hjem eller kontor med smart, sikker adgangskontrol. \ud83d\udd12 Dette avancerede alarmsystem kombinerer st\u00e6rke sikkerhedsfunktioner med et slankt design, [&hellip;]<\/p>\n","protected":false},"featured_media":8999,"comment_status":"open","ping_status":"closed","template":"","meta":{"site-sidebar-layout":"default","site-content-layout":"","ast-site-content-layout":"default","site-content-style":"default","site-sidebar-style":"default","ast-global-header-display":"","ast-banner-title-visibility":"","ast-main-header-display":"","ast-hfb-above-header-display":"","ast-hfb-below-header-display":"","ast-hfb-mobile-header-display":"","site-post-title":"","ast-breadcrumbs-content":"","ast-featured-img":"","footer-sml-layout":"","theme-transparent-header-meta":"default","adv-header-id-meta":"","stick-header-meta":"","header-above-stick-meta":"","header-main-stick-meta":"","header-below-stick-meta":"","astra-migrate-meta-layouts":"set","ast-page-background-enabled":"default","ast-page-background-meta":{"desktop":{"background-color":"var(--ast-global-color-5)","background-image":"","background-repeat":"repeat","background-position":"center center","background-size":"auto","background-attachment":"scroll","background-type":"","background-media":"","overlay-type":"","overlay-color":"","overlay-opacity":"","overlay-gradient":""},"tablet":{"background-color":"","background-image":"","background-repeat":"repeat","background-position":"center center","background-size":"auto","background-attachment":"scroll","background-type":"","background-media":"","overlay-type":"","overlay-color":"","overlay-opacity":"","overlay-gradient":""},"mobile":{"background-color":"","background-image":"","background-repeat":"repeat","background-position":"center center","background-size":"auto","background-attachment":"scroll","background-type":"","background-media":"","overlay-type":"","overlay-color":"","overlay-opacity":"","overlay-gradient":""}},"ast-content-background-meta":{"desktop":{"background-color":"var(--ast-global-color-4)","background-image":"","background-repeat":"repeat","background-position":"center center","background-size":"auto","background-attachment":"scroll","background-type":"","background-media":"","overlay-type":"","overlay-color":"","overlay-opacity":"","overlay-gradient":""},"tablet":{"background-color":"var(--ast-global-color-4)","background-image":"","background-repeat":"repeat","background-position":"center center","background-size":"auto","background-attachment":"scroll","background-type":"","background-media":"","overlay-type":"","overlay-color":"","overlay-opacity":"","overlay-gradient":""},"mobile":{"background-color":"var(--ast-global-color-4)","background-image":"","background-repeat":"repeat","background-position":"center center","background-size":"auto","background-attachment":"scroll","background-type":"","background-media":"","overlay-type":"","overlay-color":"","overlay-opacity":"","overlay-gradient":""}}},"product_brand":[],"product_cat":[19],"product_tag":[],"class_list":{"0":"post-9003","1":"product","2":"type-product","3":"status-publish","4":"has-post-thumbnail","6":"product_cat-uncategorized","7":"pa_19667_8kllo0o4-a","8":"pa_19667_8kllo0o4-b","9":"pa_19667_8kllo0o4-c","10":"desktop-align-left","11":"tablet-align-left","12":"mobile-align-left","14":"first","15":"instock","16":"shipping-taxable","17":"purchasable","18":"product-type-variable"},"_links":{"self":[{"href":"https:\/\/ecostera.com\/dk\/wp-json\/wp\/v2\/product\/9003","targetHints":{"allow":["GET"]}}],"collection":[{"href":"https:\/\/ecostera.com\/dk\/wp-json\/wp\/v2\/product"}],"about":[{"href":"https:\/\/ecostera.com\/dk\/wp-json\/wp\/v2\/types\/product"}],"replies":[{"embeddable":true,"href":"https:\/\/ecostera.com\/dk\/wp-json\/wp\/v2\/comments?post=9003"}],"wp:featuredmedia":[{"embeddable":true,"href":"https:\/\/ecostera.com\/dk\/wp-json\/wp\/v2\/media\/8999"}],"wp:attachment":[{"href":"https:\/\/ecostera.com\/dk\/wp-json\/wp\/v2\/media?parent=9003"}],"wp:term":[{"taxonomy":"product_brand","embeddable":true,"href":"https:\/\/ecostera.com\/dk\/wp-json\/wp\/v2\/product_brand?post=9003"},{"taxonomy":"product_cat","embeddable":true,"href":"https:\/\/ecostera.com\/dk\/wp-json\/wp\/v2\/product_cat?post=9003"},{"taxonomy":"product_tag","embeddable":true,"href":"https:\/\/ecostera.com\/dk\/wp-json\/wp\/v2\/product_tag?post=9003"}],"curies":[{"name":"wp","href":"https:\/\/api.w.org\/{rel}","templated":true}]}}