{"id":9059,"date":"2025-09-01T14:01:27","date_gmt":"2025-09-01T11:01:27","guid":{"rendered":"https:\/\/ecostera.com\/dk\/product\/haandtaske\/"},"modified":"2025-09-12T14:36:28","modified_gmt":"2025-09-12T11:36:28","slug":"haandtaske","status":"publish","type":"product","link":"https:\/\/ecostera.com\/dk\/product\/haandtaske\/","title":{"rendered":"H\u00e5ndtaske"},"content":{"rendered":"<p style=\"text-align: center\" data-start=\"172\" data-end=\"221\"><strong>Lav Et Dristigt Statement Med Vintagecharme \ud83d\udc5c\ud83d\udc3b<\/strong><\/p>\n<p style=\"text-align: center\" data-start=\"223\" data-end=\"452\">Denne retroh\u00e5ndtaske v\u00e6kker opsigt med sit legesyge design og klassiske struktur. Den er udformet med henblik p\u00e5 stil og funktion og har plads nok til alle dine daglige must-haves, hvilket g\u00f8r den til den perfekte blanding af mode og funktionalitet.<\/p>\n<p data-start=\"223\" data-end=\"452\"><img decoding=\"async\" class=\"size-full wp-image-32956 aligncenter\" src=\"https:\/\/keluvo.com\/template\/wp-content\/uploads\/sites\/5\/2025\/08\/07214-ezgif.com-video-to-webp-converter-3.webp\" alt=\"\" \/><\/p>\n<h2 style=\"text-align: center\" data-start=\"459\" data-end=\"478\">Hovedfordele \u2705<\/h2>\n<p data-start=\"482\" data-end=\"530\">\ud83e\uddf5 Unikt bj\u00f8rnem\u00e6rke-design giver vintage-flair<\/p>\n<p data-start=\"533\" data-end=\"590\">\ud83d\udcbc Rummeligt interi\u00f8r til telefon, pung, n\u00f8gler og meget mere<\/p>\n<p data-start=\"593\" data-end=\"639\">\ud83d\udd04 Kan b\u00e6res som h\u00e5ndtaske eller crossbody-taske<\/p>\n<p data-start=\"642\" data-end=\"684\">\ud83d\udcaa Robuste stropper og PVC-l\u00e6der af h\u00f8j kvalitet<\/p>\n<p data-start=\"687\" data-end=\"738\">\ud83c\udf81 Fantastisk gaveid\u00e9 til kvinder, teenagere eller kolleger<\/p>\n<p data-start=\"741\" data-end=\"796\">\ud83e\uddf3 Ideel til daglig brug, fester, rejser og shopping<\/p>\n<p data-start=\"741\" data-end=\"796\"><img decoding=\"async\" class=\"size-full wp-image-32952 aligncenter\" src=\"https:\/\/keluvo.com\/template\/wp-content\/uploads\/sites\/5\/2025\/08\/10_601bbbfe-bef3-415e-97d8-ee2779f0e47e_720x.webp\" alt=\"\" \/><\/p>\n<h2 style=\"text-align: center\" data-start=\"803\" data-end=\"823\">S\u00e5dan Bruges Den \ud83d\udc47<\/h2>\n<ol data-start=\"825\" data-end=\"1103\">\n<li data-start=\"825\" data-end=\"881\">\n<p data-start=\"828\" data-end=\"881\">V\u00e6lg dit yndlingsoutfit, og match tasken med det.<\/p>\n<\/li>\n<li data-start=\"882\" data-end=\"944\">\n<p data-start=\"885\" data-end=\"944\">Brug den som en stilfuld h\u00e5ndtaske, eller s\u00e6t skulderremmen p\u00e5.<\/p>\n<\/li>\n<li data-start=\"945\" data-end=\"1013\">\n<p data-start=\"948\" data-end=\"1013\">Opbevar dine vigtigste ting i hovedrummet og de sm\u00e5 lommer.<\/p>\n<\/li>\n<li data-start=\"1014\" data-end=\"1050\">\n<p data-start=\"1017\" data-end=\"1050\">Lyn den op, og g\u00e5 ud med stil.<\/p>\n<\/li>\n<li data-start=\"1051\" data-end=\"1103\">\n<p data-start=\"1054\" data-end=\"1103\">T\u00f8r den nemt af med en fugtig klud, n\u00e5r det er n\u00f8dvendigt.<\/p>\n<\/li>\n<\/ol>\n<h2 style=\"text-align: center\" data-start=\"1110\" data-end=\"1132\">Produktdetaljer \ud83d\udccc<\/h2>\n<ul data-start=\"1134\" data-end=\"1294\">\n<li data-start=\"1134\" data-end=\"1167\">\n<p data-start=\"1136\" data-end=\"1167\">Materiale: Slidst\u00e6rkt PVC-l\u00e6der<\/p>\n<\/li>\n<li data-start=\"1168\" data-end=\"1199\">\n<p data-start=\"1170\" data-end=\"1199\">Farvemuligheder: Brun og Khaki<\/p>\n<\/li>\n<li data-start=\"1200\" data-end=\"1217\">\n<p data-start=\"1202\" data-end=\"1217\">V\u00e6gt: 300 g<\/p>\n<\/li>\n<li data-start=\"1218\" data-end=\"1259\">\n<p data-start=\"1220\" data-end=\"1259\">B\u00e6restil: H\u00e5ndtaske og crossbody<\/p>\n<\/li>\n<li data-start=\"1218\" data-end=\"1259\">\n<p data-start=\"1220\" data-end=\"1259\">St\u00f8rrelse: 20 x 18 x 9 cm<\/p>\n<\/li>\n<\/ul>\n<h2 style=\"text-align: center\" data-start=\"1301\" data-end=\"1324\">Pakken Indeholder \ud83d\udce6<\/h2>\n<ul data-start=\"1326\" data-end=\"1412\">\n<li data-start=\"1326\" data-end=\"1379\">\n<p data-start=\"1328\" data-end=\"1379\">1x retro h\u00e5ndtaske<\/p>\n<\/li>\n<li data-start=\"1380\" data-end=\"1412\">\n<p data-start=\"1382\" data-end=\"1412\">1x justerbar skulderrem.<\/p>\n<\/li>\n<\/ul>\n","protected":false},"excerpt":{"rendered":"<p>Lav Et Dristigt Statement Med Vintagecharme \ud83d\udc5c\ud83d\udc3b Denne retroh\u00e5ndtaske v\u00e6kker opsigt med sit legesyge design og klassiske struktur. Den er [&hellip;]<\/p>\n","protected":false},"featured_media":9055,"comment_status":"open","ping_status":"closed","template":"","meta":{"site-sidebar-layout":"default","site-content-layout":"","ast-site-content-layout":"default","site-content-style":"default","site-sidebar-style":"default","ast-global-header-display":"","ast-banner-title-visibility":"","ast-main-header-display":"","ast-hfb-above-header-display":"","ast-hfb-below-header-display":"","ast-hfb-mobile-header-display":"","site-post-title":"","ast-breadcrumbs-content":"","ast-featured-img":"","footer-sml-layout":"","ast-disable-related-posts":"","theme-transparent-header-meta":"default","adv-header-id-meta":"","stick-header-meta":"","header-above-stick-meta":"","header-main-stick-meta":"","header-below-stick-meta":"","astra-migrate-meta-layouts":"set","ast-page-background-enabled":"default","ast-page-background-meta":{"desktop":{"background-color":"var(--ast-global-color-5)","background-image":"","background-repeat":"repeat","background-position":"center center","background-size":"auto","background-attachment":"scroll","background-type":"","background-media":"","overlay-type":"","overlay-color":"","overlay-opacity":"","overlay-gradient":""},"tablet":{"background-color":"","background-image":"","background-repeat":"repeat","background-position":"center center","background-size":"auto","background-attachment":"scroll","background-type":"","background-media":"","overlay-type":"","overlay-color":"","overlay-opacity":"","overlay-gradient":""},"mobile":{"background-color":"","background-image":"","background-repeat":"repeat","background-position":"center center","background-size":"auto","background-attachment":"scroll","background-type":"","background-media":"","overlay-type":"","overlay-color":"","overlay-opacity":"","overlay-gradient":""}},"ast-content-background-meta":{"desktop":{"background-color":"var(--ast-global-color-4)","background-image":"","background-repeat":"repeat","background-position":"center center","background-size":"auto","background-attachment":"scroll","background-type":"","background-media":"","overlay-type":"","overlay-color":"","overlay-opacity":"","overlay-gradient":""},"tablet":{"background-color":"var(--ast-global-color-4)","background-image":"","background-repeat":"repeat","background-position":"center center","background-size":"auto","background-attachment":"scroll","background-type":"","background-media":"","overlay-type":"","overlay-color":"","overlay-opacity":"","overlay-gradient":""},"mobile":{"background-color":"var(--ast-global-color-4)","background-image":"","background-repeat":"repeat","background-position":"center center","background-size":"auto","background-attachment":"scroll","background-type":"","background-media":"","overlay-type":"","overlay-color":"","overlay-opacity":"","overlay-gradient":""}}},"product_brand":[],"product_cat":[19],"product_tag":[],"class_list":{"0":"post-9059","1":"product","2":"type-product","3":"status-publish","4":"has-post-thumbnail","6":"product_cat-uncategorized","7":"pa_21451_ewkqvzcl-brun","8":"pa_21451_ewkqvzcl-khaki","9":"desktop-align-left","10":"tablet-align-left","11":"mobile-align-left","13":"first","14":"instock","15":"shipping-taxable","16":"purchasable","17":"product-type-variable"},"_links":{"self":[{"href":"https:\/\/ecostera.com\/dk\/wp-json\/wp\/v2\/product\/9059","targetHints":{"allow":["GET"]}}],"collection":[{"href":"https:\/\/ecostera.com\/dk\/wp-json\/wp\/v2\/product"}],"about":[{"href":"https:\/\/ecostera.com\/dk\/wp-json\/wp\/v2\/types\/product"}],"replies":[{"embeddable":true,"href":"https:\/\/ecostera.com\/dk\/wp-json\/wp\/v2\/comments?post=9059"}],"wp:featuredmedia":[{"embeddable":true,"href":"https:\/\/ecostera.com\/dk\/wp-json\/wp\/v2\/media\/9055"}],"wp:attachment":[{"href":"https:\/\/ecostera.com\/dk\/wp-json\/wp\/v2\/media?parent=9059"}],"wp:term":[{"taxonomy":"product_brand","embeddable":true,"href":"https:\/\/ecostera.com\/dk\/wp-json\/wp\/v2\/product_brand?post=9059"},{"taxonomy":"product_cat","embeddable":true,"href":"https:\/\/ecostera.com\/dk\/wp-json\/wp\/v2\/product_cat?post=9059"},{"taxonomy":"product_tag","embeddable":true,"href":"https:\/\/ecostera.com\/dk\/wp-json\/wp\/v2\/product_tag?post=9059"}],"curies":[{"name":"wp","href":"https:\/\/api.w.org\/{rel}","templated":true}]}}