{"id":9083,"date":"2025-09-01T14:04:28","date_gmt":"2025-09-01T11:04:28","guid":{"rendered":"https:\/\/ecostera.com\/dk\/product\/konturmaaler\/"},"modified":"2025-09-30T11:03:57","modified_gmt":"2025-09-30T08:03:57","slug":"konturmaaler","status":"publish","type":"product","link":"https:\/\/ecostera.com\/dk\/product\/konturmaaler\/","title":{"rendered":"Konturm\u00e5ler"},"content":{"rendered":"<p style=\"text-align: center\" data-start=\"177\" data-end=\"233\"><strong>Kopier Enhver Form Med Perfekt N\u00f8jagtighed P\u00e5 F\u00e5 Sekunder \u270f\ufe0f\ud83d\udcd0<\/strong><\/p>\n<p style=\"text-align: center\" data-start=\"235\" data-end=\"474\">Med denne konturm\u00e5ler med h\u00f8j pr\u00e6cision kan du nemt spore, markere og kopiere komplekse kanter og kurver. Uanset om du l\u00e6gger fliser, sk\u00e6rer gulve eller laver trimarbejde, sparer den tid og garanterer en perfekt pasform &#8211; hver gang.<\/p>\n<p data-start=\"235\" data-end=\"474\"><img decoding=\"async\" class=\"size-full wp-image-32998 aligncenter\" src=\"https:\/\/keluvo.com\/template\/wp-content\/uploads\/sites\/5\/2025\/08\/913022651048395025ec9710f99bf42fcf0ec156.webp\" alt=\"\" \/><\/p>\n<h2 style=\"text-align: center\" data-start=\"481\" data-end=\"500\">Hovedfordele \u2705<\/h2>\n<p data-start=\"504\" data-end=\"560\">\ud83e\uddf1 Duplikerer enhver form eller kant hurtigt og accurately<\/p>\n<p data-start=\"563\" data-end=\"612\">\u270f\ufe0f G\u00f8r m\u00e6rkning og sk\u00e6ring hurtigere og renere<\/p>\n<p data-start=\"615\" data-end=\"674\">\ud83d\udd27 Ideel til gulve, tr\u00e6arbejde, fliser, lister og meget mere<\/p>\n<p data-start=\"677\" data-end=\"740\">\ud83d\udd04 Fungerer p\u00e5 hj\u00f8rner, kurver, ulige vinkler og uregelm\u00e6ssige former<\/p>\n<p data-start=\"743\" data-end=\"784\">\ud83d\udcaa St\u00e6rkt ABS-materiale er bygget til at holde<\/p>\n<p data-start=\"787\" data-end=\"838\">\ud83e\uddf0 Let og nem at have med i v\u00e6rkt\u00f8jstasken<\/p>\n<p data-start=\"787\" data-end=\"838\"><img decoding=\"async\" class=\"size-full wp-image-32999 aligncenter\" src=\"https:\/\/keluvo.com\/template\/wp-content\/uploads\/sites\/5\/2025\/08\/d92de13bbd0a03e7bbff4fdc015c1db1607022b0.gif\" alt=\"\" \/><\/p>\n<h2 style=\"text-align: center\" data-start=\"845\" data-end=\"865\">S\u00e5dan Bruges Den \ud83d\udc47<\/h2>\n<ol data-start=\"867\" data-end=\"1136\">\n<li data-start=\"867\" data-end=\"932\">\n<p data-start=\"870\" data-end=\"932\">Tryk v\u00e6rkt\u00f8jet mod det objekt eller den form, du vil afm\u00e6rke.<\/p>\n<\/li>\n<li data-start=\"933\" data-end=\"1005\">\n<p data-start=\"936\" data-end=\"1005\">Lad rullerne tilpasse sig overfladen for at fange kurven eller vinklen.<\/p>\n<\/li>\n<li data-start=\"1006\" data-end=\"1034\">\n<p data-start=\"1009\" data-end=\"1034\">L\u00e5s formen p\u00e5 plads.<\/p>\n<\/li>\n<li data-start=\"1035\" data-end=\"1087\">\n<p data-start=\"1038\" data-end=\"1087\">Overf\u00f8r omridset til dit materiale, og sk\u00e6r.<\/p>\n<\/li>\n<li data-start=\"1088\" data-end=\"1136\">\n<p data-start=\"1091\" data-end=\"1136\">F\u00e6rdig\u2014perfekt pasform uden g\u00e6tterier eller fejl.<\/p>\n<\/li>\n<\/ol>\n<h2 style=\"text-align: center\" data-start=\"1143\" data-end=\"1165\">Produktdetaljer \ud83d\udccc<\/h2>\n<ul data-start=\"1167\" data-end=\"1463\">\n<li data-start=\"1167\" data-end=\"1200\">\n<p data-start=\"1169\" data-end=\"1200\">Materiale: Holdbar ABS-plast<\/p>\n<\/li>\n<li data-start=\"1201\" data-end=\"1247\">\n<p data-start=\"1203\" data-end=\"1247\">Funktioner: Sporing, markering, formkopiering<\/p>\n<\/li>\n<li data-start=\"1248\" data-end=\"1306\">\n<p data-start=\"1250\" data-end=\"1306\">Funktioner: Indbygget remskive + mark\u00f8r til j\u00e6vn sporing<\/p>\n<\/li>\n<li data-start=\"1307\" data-end=\"1369\">\n<p data-start=\"1309\" data-end=\"1369\">Anvendelsestilf\u00e6lde: Gulvbel\u00e6gning, r\u00f8r, fliser, tr\u00e6bearbejdning, trim osv.<\/p>\n<\/li>\n<li data-start=\"1370\" data-end=\"1400\">\n<p data-start=\"1372\" data-end=\"1400\">St\u00f8rrelse: Kompakt og b\u00e6rbar<\/p>\n<\/li>\n<li data-start=\"1401\" data-end=\"1463\">\n<p data-start=\"1403\" data-end=\"1463\">Velegnet til: G\u00f8r-det-selv-folk, t\u00f8mrere, dekorat\u00f8rer og bygherrer<\/p>\n<\/li>\n<\/ul>\n<h2 style=\"text-align: center\" data-start=\"1470\" data-end=\"1493\">Pakken Indeholder \ud83d\udce6<\/h2>\n<ul data-start=\"1495\" data-end=\"1560\">\n<li data-start=\"1495\" data-end=\"1542\">\n<p data-start=\"1497\" data-end=\"1542\">1x konturm\u00e5ler<\/p>\n<\/li>\n<li data-start=\"1495\" data-end=\"1542\">\n<p data-start=\"1497\" data-end=\"1542\">1x blyant<\/p>\n<\/li>\n<li data-start=\"1543\" data-end=\"1560\">\n<p data-start=\"1545\" data-end=\"1560\">1x brugervejledning.<\/p>\n<\/li>\n<\/ul>\n","protected":false},"excerpt":{"rendered":"<p>Kopier Enhver Form Med Perfekt N\u00f8jagtighed P\u00e5 F\u00e5 Sekunder \u270f\ufe0f\ud83d\udcd0 Med denne konturm\u00e5ler med h\u00f8j pr\u00e6cision kan du nemt spore, [&hellip;]<\/p>\n","protected":false},"featured_media":9081,"comment_status":"open","ping_status":"closed","template":"","meta":{"site-sidebar-layout":"default","site-content-layout":"","ast-site-content-layout":"default","site-content-style":"default","site-sidebar-style":"default","ast-global-header-display":"","ast-banner-title-visibility":"","ast-main-header-display":"","ast-hfb-above-header-display":"","ast-hfb-below-header-display":"","ast-hfb-mobile-header-display":"","site-post-title":"","ast-breadcrumbs-content":"","ast-featured-img":"","footer-sml-layout":"","theme-transparent-header-meta":"default","adv-header-id-meta":"","stick-header-meta":"","header-above-stick-meta":"","header-main-stick-meta":"","header-below-stick-meta":"","astra-migrate-meta-layouts":"set","ast-page-background-enabled":"default","ast-page-background-meta":{"desktop":{"background-color":"var(--ast-global-color-5)","background-image":"","background-repeat":"repeat","background-position":"center center","background-size":"auto","background-attachment":"scroll","background-type":"","background-media":"","overlay-type":"","overlay-color":"","overlay-opacity":"","overlay-gradient":""},"tablet":{"background-color":"","background-image":"","background-repeat":"repeat","background-position":"center center","background-size":"auto","background-attachment":"scroll","background-type":"","background-media":"","overlay-type":"","overlay-color":"","overlay-opacity":"","overlay-gradient":""},"mobile":{"background-color":"","background-image":"","background-repeat":"repeat","background-position":"center center","background-size":"auto","background-attachment":"scroll","background-type":"","background-media":"","overlay-type":"","overlay-color":"","overlay-opacity":"","overlay-gradient":""}},"ast-content-background-meta":{"desktop":{"background-color":"var(--ast-global-color-4)","background-image":"","background-repeat":"repeat","background-position":"center center","background-size":"auto","background-attachment":"scroll","background-type":"","background-media":"","overlay-type":"","overlay-color":"","overlay-opacity":"","overlay-gradient":""},"tablet":{"background-color":"var(--ast-global-color-4)","background-image":"","background-repeat":"repeat","background-position":"center center","background-size":"auto","background-attachment":"scroll","background-type":"","background-media":"","overlay-type":"","overlay-color":"","overlay-opacity":"","overlay-gradient":""},"mobile":{"background-color":"var(--ast-global-color-4)","background-image":"","background-repeat":"repeat","background-position":"center center","background-size":"auto","background-attachment":"scroll","background-type":"","background-media":"","overlay-type":"","overlay-color":"","overlay-opacity":"","overlay-gradient":""}}},"product_brand":[],"product_cat":[19],"product_tag":[],"class_list":{"0":"post-9083","1":"product","2":"type-product","3":"status-publish","4":"has-post-thumbnail","6":"product_cat-uncategorized","7":"desktop-align-left","8":"tablet-align-left","9":"mobile-align-left","11":"first","12":"instock","13":"shipping-taxable","14":"purchasable","15":"product-type-simple"},"_links":{"self":[{"href":"https:\/\/ecostera.com\/dk\/wp-json\/wp\/v2\/product\/9083","targetHints":{"allow":["GET"]}}],"collection":[{"href":"https:\/\/ecostera.com\/dk\/wp-json\/wp\/v2\/product"}],"about":[{"href":"https:\/\/ecostera.com\/dk\/wp-json\/wp\/v2\/types\/product"}],"replies":[{"embeddable":true,"href":"https:\/\/ecostera.com\/dk\/wp-json\/wp\/v2\/comments?post=9083"}],"wp:featuredmedia":[{"embeddable":true,"href":"https:\/\/ecostera.com\/dk\/wp-json\/wp\/v2\/media\/9081"}],"wp:attachment":[{"href":"https:\/\/ecostera.com\/dk\/wp-json\/wp\/v2\/media?parent=9083"}],"wp:term":[{"taxonomy":"product_brand","embeddable":true,"href":"https:\/\/ecostera.com\/dk\/wp-json\/wp\/v2\/product_brand?post=9083"},{"taxonomy":"product_cat","embeddable":true,"href":"https:\/\/ecostera.com\/dk\/wp-json\/wp\/v2\/product_cat?post=9083"},{"taxonomy":"product_tag","embeddable":true,"href":"https:\/\/ecostera.com\/dk\/wp-json\/wp\/v2\/product_tag?post=9083"}],"curies":[{"name":"wp","href":"https:\/\/api.w.org\/{rel}","templated":true}]}}