{"id":9139,"date":"2025-09-01T14:12:55","date_gmt":"2025-09-01T11:12:55","guid":{"rendered":"https:\/\/ecostera.com\/dk\/product\/saet-med-borekroner\/"},"modified":"2025-09-01T14:12:55","modified_gmt":"2025-09-01T11:12:55","slug":"saet-med-borekroner","status":"publish","type":"product","link":"https:\/\/ecostera.com\/dk\/product\/saet-med-borekroner\/","title":{"rendered":"S\u00e6t med borekroner"},"content":{"rendered":"<p style=\"text-align: center\" data-start=\"184\" data-end=\"246\"><strong>Bor J\u00e6vnere, Hurtigere Og L\u00e6ngere Med Titaniumkraft \ud83d\udd29\u26a1<\/strong><\/p>\n<p style=\"text-align: center\" data-start=\"248\" data-end=\"475\">Dette titaniumbelagte bores\u00e6t med 99 dele giver dig alle de st\u00f8rrelser, du har brug for til tr\u00e6-, metal- og plastprojekter. Disse bits er bygget til holdbarhed og pr\u00e6cision, og de forbliver skarpe l\u00e6ngere og giver renere huller &#8211; selv ved hyppig brug.<\/p>\n<p data-start=\"248\" data-end=\"475\"><img decoding=\"async\" class=\"size-full wp-image-33072 aligncenter\" src=\"https:\/\/keluvo.com\/template\/wp-content\/uploads\/sites\/5\/2025\/08\/072111-ezgif.com-video-to-webp-converter-2.webp\" alt=\"\" \/><\/p>\n<h2 style=\"text-align: center\" data-start=\"482\" data-end=\"501\">Vigtigste Fordele \u2705<\/h2>\n<p data-start=\"505\" data-end=\"558\">\ud83d\udee0\ufe0f Indeholder 99 af de mest popul\u00e6re borest\u00f8rrelser<\/p>\n<p data-start=\"561\" data-end=\"621\">\ud83d\udd29 Titaniumbel\u00e6gning giver ekstra styrke og slidstyrke<\/p>\n<p data-start=\"624\" data-end=\"675\">\ud83c\udf00 J\u00e6vn boring med minimal friktion og varme<\/p>\n<p data-start=\"678\" data-end=\"732\">\ud83d\udcbc Leveres i et robust etui til nem opbevaring<\/p>\n<p data-start=\"735\" data-end=\"792\">\ud83e\uddf0 Perfekt til tr\u00e6, plast, aluminium og bl\u00f8de metaller<\/p>\n<p data-start=\"795\" data-end=\"846\">\u2705 Passer til almindelige elektriske boremaskiner og boremaskiner<\/p>\n<p data-start=\"795\" data-end=\"846\"><img decoding=\"async\" class=\"size-full wp-image-33073 aligncenter\" src=\"https:\/\/keluvo.com\/template\/wp-content\/uploads\/sites\/5\/2025\/08\/2c92e29951fa88182068c3e618bb31e0.webp\" alt=\"\" \/><\/p>\n<h2 style=\"text-align: center\" data-start=\"853\" data-end=\"873\">S\u00e5dan Bruges Det \ud83d\udc47<\/h2>\n<ol data-start=\"875\" data-end=\"1118\">\n<li data-start=\"875\" data-end=\"922\">\n<p data-start=\"878\" data-end=\"922\">V\u00e6lg den borest\u00f8rrelse, der passer til dit projekt.<\/p>\n<\/li>\n<li data-start=\"923\" data-end=\"970\">\n<p data-start=\"926\" data-end=\"970\">S\u00e6t det i borepatronen, og sp\u00e6nd det fast.<\/p>\n<\/li>\n<li data-start=\"971\" data-end=\"1012\">\n<p data-start=\"974\" data-end=\"1012\">juster og bor med et j\u00e6vnt tryk.<\/p>\n<\/li>\n<li data-start=\"1013\" data-end=\"1070\">\n<p data-start=\"1016\" data-end=\"1070\">udskift slidte bits efter behov &#8211; ingen slibning er n\u00f8dvendig.<\/p>\n<\/li>\n<li data-start=\"1071\" data-end=\"1118\">\n<p data-start=\"1074\" data-end=\"1118\">opbevar det i kufferten, s\u00e5 alt er organiseret.<\/p>\n<\/li>\n<\/ol>\n<h2 style=\"text-align: center\" data-start=\"1125\" data-end=\"1147\">Produktoplysninger \ud83d\udccc<\/h2>\n<ul data-start=\"1149\" data-end=\"1386\">\n<li data-start=\"1149\" data-end=\"1190\">\n<p data-start=\"1151\" data-end=\"1190\">Bit-type: Titaniumbelagt spiralbor<\/p>\n<\/li>\n<li data-start=\"1191\" data-end=\"1246\">\n<p data-start=\"1193\" data-end=\"1246\">St\u00f8rrelser: 1,5 mm til 10 mm (de mest almindelige st\u00f8rrelser er inkluderet)<\/p>\n<\/li>\n<li data-start=\"1247\" data-end=\"1274\">\n<p data-start=\"1249\" data-end=\"1274\">Skafttype: Rundt skaft<\/p>\n<\/li>\n<li data-start=\"1275\" data-end=\"1330\">\n<p data-start=\"1277\" data-end=\"1330\">Materiale: H\u00f8jhastighedsst\u00e5l (HSS) + titaniumbel\u00e6gning<\/p>\n<\/li>\n<li data-start=\"1331\" data-end=\"1386\">\n<p data-start=\"1333\" data-end=\"1386\">Kompatibilitet: Fungerer med alle almindelige boremaskiner<\/p>\n<\/li>\n<\/ul>\n<h2 style=\"text-align: center\" data-start=\"1393\" data-end=\"1416\">Pakken Indeholder \ud83d\udce6<\/h2>\n<ul data-start=\"1418\" data-end=\"1482\">\n<li data-start=\"1418\" data-end=\"1452\">\n<p data-start=\"1420\" data-end=\"1452\">99x titaniumbelagt bores\u00e6t<\/p>\n<\/li>\n<li data-start=\"1453\" data-end=\"1482\">\n<p data-start=\"1455\" data-end=\"1482\">1x kompakt organiseringsetui.<\/p>\n<\/li>\n<\/ul>\n","protected":false},"excerpt":{"rendered":"<p>Bor J\u00e6vnere, Hurtigere Og L\u00e6ngere Med Titaniumkraft \ud83d\udd29\u26a1 Dette titaniumbelagte bores\u00e6t med 99 dele giver dig alle de st\u00f8rrelser, du [&hellip;]<\/p>\n","protected":false},"featured_media":9135,"comment_status":"open","ping_status":"closed","template":"","meta":{"site-sidebar-layout":"default","site-content-layout":"","ast-site-content-layout":"default","site-content-style":"default","site-sidebar-style":"default","ast-global-header-display":"","ast-banner-title-visibility":"","ast-main-header-display":"","ast-hfb-above-header-display":"","ast-hfb-below-header-display":"","ast-hfb-mobile-header-display":"","site-post-title":"","ast-breadcrumbs-content":"","ast-featured-img":"","footer-sml-layout":"","theme-transparent-header-meta":"default","adv-header-id-meta":"","stick-header-meta":"","header-above-stick-meta":"","header-main-stick-meta":"","header-below-stick-meta":"","astra-migrate-meta-layouts":"set","ast-page-background-enabled":"default","ast-page-background-meta":{"desktop":{"background-color":"var(--ast-global-color-5)","background-image":"","background-repeat":"repeat","background-position":"center center","background-size":"auto","background-attachment":"scroll","background-type":"","background-media":"","overlay-type":"","overlay-color":"","overlay-opacity":"","overlay-gradient":""},"tablet":{"background-color":"","background-image":"","background-repeat":"repeat","background-position":"center center","background-size":"auto","background-attachment":"scroll","background-type":"","background-media":"","overlay-type":"","overlay-color":"","overlay-opacity":"","overlay-gradient":""},"mobile":{"background-color":"","background-image":"","background-repeat":"repeat","background-position":"center center","background-size":"auto","background-attachment":"scroll","background-type":"","background-media":"","overlay-type":"","overlay-color":"","overlay-opacity":"","overlay-gradient":""}},"ast-content-background-meta":{"desktop":{"background-color":"var(--ast-global-color-4)","background-image":"","background-repeat":"repeat","background-position":"center center","background-size":"auto","background-attachment":"scroll","background-type":"","background-media":"","overlay-type":"","overlay-color":"","overlay-opacity":"","overlay-gradient":""},"tablet":{"background-color":"var(--ast-global-color-4)","background-image":"","background-repeat":"repeat","background-position":"center center","background-size":"auto","background-attachment":"scroll","background-type":"","background-media":"","overlay-type":"","overlay-color":"","overlay-opacity":"","overlay-gradient":""},"mobile":{"background-color":"var(--ast-global-color-4)","background-image":"","background-repeat":"repeat","background-position":"center center","background-size":"auto","background-attachment":"scroll","background-type":"","background-media":"","overlay-type":"","overlay-color":"","overlay-opacity":"","overlay-gradient":""}}},"product_brand":[],"product_cat":[19],"product_tag":[],"class_list":{"0":"post-9139","1":"product","2":"type-product","3":"status-publish","4":"has-post-thumbnail","6":"product_cat-uncategorized","7":"desktop-align-left","8":"tablet-align-left","9":"mobile-align-left","11":"first","12":"instock","13":"shipping-taxable","14":"purchasable","15":"product-type-simple"},"_links":{"self":[{"href":"https:\/\/ecostera.com\/dk\/wp-json\/wp\/v2\/product\/9139","targetHints":{"allow":["GET"]}}],"collection":[{"href":"https:\/\/ecostera.com\/dk\/wp-json\/wp\/v2\/product"}],"about":[{"href":"https:\/\/ecostera.com\/dk\/wp-json\/wp\/v2\/types\/product"}],"replies":[{"embeddable":true,"href":"https:\/\/ecostera.com\/dk\/wp-json\/wp\/v2\/comments?post=9139"}],"wp:featuredmedia":[{"embeddable":true,"href":"https:\/\/ecostera.com\/dk\/wp-json\/wp\/v2\/media\/9135"}],"wp:attachment":[{"href":"https:\/\/ecostera.com\/dk\/wp-json\/wp\/v2\/media?parent=9139"}],"wp:term":[{"taxonomy":"product_brand","embeddable":true,"href":"https:\/\/ecostera.com\/dk\/wp-json\/wp\/v2\/product_brand?post=9139"},{"taxonomy":"product_cat","embeddable":true,"href":"https:\/\/ecostera.com\/dk\/wp-json\/wp\/v2\/product_cat?post=9139"},{"taxonomy":"product_tag","embeddable":true,"href":"https:\/\/ecostera.com\/dk\/wp-json\/wp\/v2\/product_tag?post=9139"}],"curies":[{"name":"wp","href":"https:\/\/api.w.org\/{rel}","templated":true}]}}