{"id":9163,"date":"2025-09-01T14:18:25","date_gmt":"2025-09-01T11:18:25","guid":{"rendered":"https:\/\/ecostera.com\/dk\/product\/haarpudder\/"},"modified":"2025-09-13T16:09:14","modified_gmt":"2025-09-13T13:09:14","slug":"haarpudder","status":"publish","type":"product","link":"https:\/\/ecostera.com\/dk\/product\/haarpudder\/","title":{"rendered":"H\u00e5rpudder"},"content":{"rendered":"<p style=\"text-align: center;\" data-start=\"115\" data-end=\"180\"><strong data-start=\"115\" data-end=\"180\">Udfyld \u00f8jeblikkeligt tynde h\u00e5rgr\u00e6nser for et mere fyldigt, naturligt look. \ud83d\udd8c\ufe0f<\/strong><\/p>\n<p style=\"text-align: center;\" data-start=\"182\" data-end=\"450\">Dette h\u00e5rpudder er en let og b\u00e6rbar l\u00f8sning til at skjule tynde pletter, omforme din h\u00e5rgr\u00e6nse eller endda definere dine bryn og ansigtskonturer. Den blander sig naturligt med din h\u00e5rfarve, bliver p\u00e5 plads hele dagen og giver dig et selvsikkert, poleret look p\u00e5 f\u00e5 sekunder.<\/p>\n<p data-start=\"182\" data-end=\"450\"><img decoding=\"async\" class=\"size-full wp-image-33104 aligncenter\" src=\"https:\/\/keluvo.com\/template\/wp-content\/uploads\/sites\/5\/2025\/08\/072113-ezgif.com-video-to-webp-converter-2.webp\" alt=\"\" \/><\/p>\n<h2 style=\"text-align: center;\" data-start=\"457\" data-end=\"476\">Vigtigste fordele<\/h2>\n<p data-start=\"480\" data-end=\"557\">\ud83d\udd8c\ufe0f Nem udfyldning af h\u00e5rgr\u00e6nsen &#8211; D\u00e6kker huller og giver et tykkere udseende<\/p>\n<p data-start=\"560\" data-end=\"637\">\ud83c\udfaf Formel til flere form\u00e5l &#8211; Kan bruges p\u00e5 \u00f8jenbryn og til ansigtskonturering<\/p>\n<p data-start=\"640\" data-end=\"707\">\ud83d\udca7 Vand- og svedsikker &#8211; Bliver siddende hele dagen uden at falme<\/p>\n<p data-start=\"710\" data-end=\"778\">\ud83d\udcbc Kompakt og b\u00e6rbar &#8211; Tag den med overalt til hurtige touch-ups<\/p>\n<p data-start=\"781\" data-end=\"844\">\ud83c\udf3f Naturlig finish &#8211; Blander sig j\u00e6vnt med din h\u00e5rfarve<\/p>\n<p data-start=\"847\" data-end=\"909\">\ud83d\udc71 Universelle nuancemuligheder &#8211; F\u00e5s i sort og brun<\/p>\n<p data-start=\"847\" data-end=\"909\"><img decoding=\"async\" class=\"size-full wp-image-33108 aligncenter\" src=\"https:\/\/keluvo.com\/template\/wp-content\/uploads\/sites\/5\/2025\/08\/b8421501ceee8ed8defa49d79fc692df_4e4573a1-574b-45fe-858b-b6fc89714e90_720x.webp\" alt=\"\" \/><\/p>\n<h2 style=\"text-align: center;\" data-start=\"916\" data-end=\"933\">S\u00e5dan bruges<\/h2>\n<ol data-start=\"935\" data-end=\"1139\">\n<li data-start=\"935\" data-end=\"967\">\n<p data-start=\"938\" data-end=\"967\">S\u00f8rg for, at dit h\u00e5r er t\u00f8rt.<\/p>\n<\/li>\n<li data-start=\"968\" data-end=\"1015\">\n<p data-start=\"971\" data-end=\"1015\">Dyp forsigtigt applikatoren i pudderet.<\/p>\n<\/li>\n<li data-start=\"1016\" data-end=\"1069\">\n<p data-start=\"1019\" data-end=\"1069\">Dup det let p\u00e5 h\u00e5rgr\u00e6nsen eller de tyndere omr\u00e5der.<\/p>\n<\/li>\n<li data-start=\"1070\" data-end=\"1139\">\n<p data-start=\"1073\" data-end=\"1139\">Bland sm\u00e5 m\u00e6ngder i, indtil det matcher din naturlige h\u00e5rfarve.<\/p>\n<\/li>\n<\/ol>\n<h2 style=\"text-align: center;\" data-start=\"1146\" data-end=\"1168\">Produktdetaljer<\/h2>\n<ul data-start=\"1170\" data-end=\"1543\">\n<li data-start=\"1170\" data-end=\"1198\">\n<p data-start=\"1172\" data-end=\"1198\">Farver: Sort, Brun<\/p>\n<\/li>\n<li data-start=\"1199\" data-end=\"1224\">\n<p data-start=\"1201\" data-end=\"1224\">Nettoindhold: 1,1 g<\/p>\n<\/li>\n<li data-start=\"1225\" data-end=\"1261\">\n<p data-start=\"1227\" data-end=\"1261\">St\u00f8rrelse: ca. 3 x 3 x 8,5 cm<\/p>\n<\/li>\n<li data-start=\"1262\" data-end=\"1345\">\n<p data-start=\"1264\" data-end=\"1345\">Hovedingredienser: Syntetisk fluorguldglimmer, tinoxid, magnesiumstearat<\/p>\n<\/li>\n<li data-start=\"1346\" data-end=\"1373\">\n<p data-start=\"1348\" data-end=\"1373\">Holdbarhed: 3 \u00e5r<\/p>\n<\/li>\n<li data-start=\"1431\" data-end=\"1479\">\n<p data-start=\"1433\" data-end=\"1479\">Velegnet til: Alle hudtyper og k\u00f8n<\/p>\n<\/li>\n<li data-start=\"1480\" data-end=\"1543\">\n<p data-start=\"1482\" data-end=\"1543\">Effekt: Udfyldning af h\u00e5rgr\u00e6nsen, konturering, formning af \u00f8jenbryn<\/p>\n<\/li>\n<\/ul>\n<h2 style=\"text-align: center;\" data-start=\"1550\" data-end=\"1573\">Pakke inkluderer<\/h2>\n<ul data-start=\"1575\" data-end=\"1598\">\n<li data-start=\"1575\" data-end=\"1598\">\n<p data-start=\"1577\" data-end=\"1598\">1x h\u00e5rpudder.<\/p>\n<\/li>\n<\/ul>\n","protected":false},"excerpt":{"rendered":"<p>Udfyld \u00f8jeblikkeligt tynde h\u00e5rgr\u00e6nser for et mere fyldigt, naturligt look. \ud83d\udd8c\ufe0f Dette h\u00e5rpudder er en let og b\u00e6rbar l\u00f8sning til [&hellip;]<\/p>\n","protected":false},"featured_media":9159,"comment_status":"open","ping_status":"closed","template":"","meta":{"site-sidebar-layout":"default","site-content-layout":"","ast-site-content-layout":"default","site-content-style":"default","site-sidebar-style":"default","ast-global-header-display":"","ast-banner-title-visibility":"","ast-main-header-display":"","ast-hfb-above-header-display":"","ast-hfb-below-header-display":"","ast-hfb-mobile-header-display":"","site-post-title":"","ast-breadcrumbs-content":"","ast-featured-img":"","footer-sml-layout":"","theme-transparent-header-meta":"default","adv-header-id-meta":"","stick-header-meta":"","header-above-stick-meta":"","header-main-stick-meta":"","header-below-stick-meta":"","astra-migrate-meta-layouts":"set","ast-page-background-enabled":"default","ast-page-background-meta":{"desktop":{"background-color":"var(--ast-global-color-5)","background-image":"","background-repeat":"repeat","background-position":"center center","background-size":"auto","background-attachment":"scroll","background-type":"","background-media":"","overlay-type":"","overlay-color":"","overlay-opacity":"","overlay-gradient":""},"tablet":{"background-color":"","background-image":"","background-repeat":"repeat","background-position":"center center","background-size":"auto","background-attachment":"scroll","background-type":"","background-media":"","overlay-type":"","overlay-color":"","overlay-opacity":"","overlay-gradient":""},"mobile":{"background-color":"","background-image":"","background-repeat":"repeat","background-position":"center center","background-size":"auto","background-attachment":"scroll","background-type":"","background-media":"","overlay-type":"","overlay-color":"","overlay-opacity":"","overlay-gradient":""}},"ast-content-background-meta":{"desktop":{"background-color":"var(--ast-global-color-4)","background-image":"","background-repeat":"repeat","background-position":"center center","background-size":"auto","background-attachment":"scroll","background-type":"","background-media":"","overlay-type":"","overlay-color":"","overlay-opacity":"","overlay-gradient":""},"tablet":{"background-color":"var(--ast-global-color-4)","background-image":"","background-repeat":"repeat","background-position":"center center","background-size":"auto","background-attachment":"scroll","background-type":"","background-media":"","overlay-type":"","overlay-color":"","overlay-opacity":"","overlay-gradient":""},"mobile":{"background-color":"var(--ast-global-color-4)","background-image":"","background-repeat":"repeat","background-position":"center center","background-size":"auto","background-attachment":"scroll","background-type":"","background-media":"","overlay-type":"","overlay-color":"","overlay-opacity":"","overlay-gradient":""}}},"product_brand":[],"product_cat":[19],"product_tag":[],"class_list":{"0":"post-9163","1":"product","2":"type-product","3":"status-publish","4":"has-post-thumbnail","6":"product_cat-uncategorized","7":"pa_36525_09vz44nv-brun","8":"pa_36525_09vz44nv-sort","9":"desktop-align-left","10":"tablet-align-left","11":"mobile-align-left","13":"first","14":"instock","15":"shipping-taxable","16":"purchasable","17":"product-type-variable"},"_links":{"self":[{"href":"https:\/\/ecostera.com\/dk\/wp-json\/wp\/v2\/product\/9163","targetHints":{"allow":["GET"]}}],"collection":[{"href":"https:\/\/ecostera.com\/dk\/wp-json\/wp\/v2\/product"}],"about":[{"href":"https:\/\/ecostera.com\/dk\/wp-json\/wp\/v2\/types\/product"}],"replies":[{"embeddable":true,"href":"https:\/\/ecostera.com\/dk\/wp-json\/wp\/v2\/comments?post=9163"}],"wp:featuredmedia":[{"embeddable":true,"href":"https:\/\/ecostera.com\/dk\/wp-json\/wp\/v2\/media\/9159"}],"wp:attachment":[{"href":"https:\/\/ecostera.com\/dk\/wp-json\/wp\/v2\/media?parent=9163"}],"wp:term":[{"taxonomy":"product_brand","embeddable":true,"href":"https:\/\/ecostera.com\/dk\/wp-json\/wp\/v2\/product_brand?post=9163"},{"taxonomy":"product_cat","embeddable":true,"href":"https:\/\/ecostera.com\/dk\/wp-json\/wp\/v2\/product_cat?post=9163"},{"taxonomy":"product_tag","embeddable":true,"href":"https:\/\/ecostera.com\/dk\/wp-json\/wp\/v2\/product_tag?post=9163"}],"curies":[{"name":"wp","href":"https:\/\/api.w.org\/{rel}","templated":true}]}}