{"id":9194,"date":"2025-09-01T14:21:43","date_gmt":"2025-09-01T11:21:43","guid":{"rendered":"https:\/\/ecostera.com\/dk\/product\/fjernelse-af-oliefilm\/"},"modified":"2025-09-12T14:57:59","modified_gmt":"2025-09-12T11:57:59","slug":"fjernelse-af-oliefilm","status":"publish","type":"product","link":"https:\/\/ecostera.com\/dk\/product\/fjernelse-af-oliefilm\/","title":{"rendered":"Fjernelse af oliefilm"},"content":{"rendered":"<p style=\"text-align: center\" data-start=\"180\" data-end=\"238\"><strong>Ryd Forruden Med Det Samme, S\u00e5 Du Kan K\u00f8re Mere Sikkert \ud83d\ude97\ud83e\uddfc<\/strong><\/p>\n<p style=\"text-align: center\" data-start=\"240\" data-end=\"449\">Denne kraftfulde oliefilmfjerner fjerner genstridig oliefilm, vandpletter og bl\u00e6nding fra bilens forrude &#8211; og genskaber et krystalklart udsyn p\u00e5 f\u00e5 sekunder. Sig farvel til disede natk\u00f8rsler og farlige blinde vinkler.<\/p>\n<p data-start=\"240\" data-end=\"449\"><img decoding=\"async\" class=\"size-full wp-image-33131 aligncenter\" src=\"https:\/\/keluvo.com\/template\/wp-content\/uploads\/sites\/5\/2025\/08\/94f11e3f2a70d3c08b0c170b6375de21b459e3ac.gif\" alt=\"\" \/><\/p>\n<h2 style=\"text-align: center\" data-start=\"456\" data-end=\"475\"><strong>Vigtigste Fordele \u2705<\/strong><\/h2>\n<p data-start=\"479\" data-end=\"533\">\ud83c\udf27\ufe0f Fjerner oliefilm, regnpletter og viskerrester<\/p>\n<p data-start=\"536\" data-end=\"579\">\ud83c\udf1f Gendanner klart, stribefri synlighed<\/p>\n<p data-start=\"582\" data-end=\"634\">\ud83c\udf19 Reducerer bl\u00e6nding fra modk\u00f8rende forlygter om natten<\/p>\n<p data-start=\"637\" data-end=\"683\">\ud83e\uddfd Let at p\u00e5f\u00f8re med en svamp eller et h\u00e5ndkl\u00e6de<\/p>\n<p data-start=\"686\" data-end=\"728\">\ud83d\udd2c Sikker p\u00e5 alle bilglasoverflader<\/p>\n<p data-start=\"731\" data-end=\"775\">\ud83d\udca7 Afviser vand for l\u00e6ngerevarende klarhed<\/p>\n<p data-start=\"731\" data-end=\"775\"><img decoding=\"async\" class=\"size-full wp-image-33130 aligncenter\" src=\"https:\/\/keluvo.com\/template\/wp-content\/uploads\/sites\/5\/2025\/08\/65bb1959eab924ab0e656467b8c7743fa6608410.webp\" alt=\"\" \/><\/p>\n<h2 style=\"text-align: center\" data-start=\"782\" data-end=\"802\"><strong>S\u00e5dan Bruges Det \ud83d\udc47<\/strong><\/h2>\n<ol data-start=\"804\" data-end=\"1067\">\n<li data-start=\"804\" data-end=\"853\">\n<p data-start=\"807\" data-end=\"853\">Skyl eller t\u00f8r forruden af med vand.<\/p>\n<\/li>\n<li data-start=\"854\" data-end=\"913\">\n<p data-start=\"857\" data-end=\"913\">P\u00e5f\u00f8r en lille m\u00e6ngde reng\u00f8ringsmiddel p\u00e5 en svamp eller et h\u00e5ndkl\u00e6de.<\/p>\n<\/li>\n<li data-start=\"914\" data-end=\"974\">\n<p data-start=\"917\" data-end=\"974\">Gnid j\u00e6vnt over glasoverfladen i cirkul\u00e6re bev\u00e6gelser.<\/p>\n<\/li>\n<li data-start=\"975\" data-end=\"1017\">\n<p data-start=\"978\" data-end=\"1017\">Skyl eller t\u00f8r af efter 1-2 minutter.<\/p>\n<\/li>\n<li data-start=\"1018\" data-end=\"1067\">\n<p data-start=\"1021\" data-end=\"1067\">Nyd sikrere, klarere og bl\u00e6ndfri k\u00f8rsel<\/p>\n<\/li>\n<li data-start=\"1018\" data-end=\"1067\">\n<p data-start=\"1021\" data-end=\"1067\">Du kan ogs\u00e5 \u00e5bne viskerens vandtank, h\u00e6lde dette produkt og tilf\u00f8je en passende m\u00e6ngde vand for at fortynde det.<\/p>\n<\/li>\n<\/ol>\n<h2 style=\"text-align: center\" data-start=\"1074\" data-end=\"1096\"><strong>Produktoplysninger \ud83d\udccc<\/strong><\/h2>\n<ul data-start=\"1098\" data-end=\"1338\">\n<li data-start=\"1147\" data-end=\"1206\">\n<p data-start=\"1149\" data-end=\"1206\">Anvendelse: Udvendigt glas (forrude, sideruder, spejle)<\/p>\n<\/li>\n<li data-start=\"1207\" data-end=\"1237\">\n<p data-start=\"1209\" data-end=\"1237\">Volumen: 150 ml pr. flaske<\/p>\n<\/li>\n<li data-start=\"1238\" data-end=\"1293\">\n<p data-start=\"1240\" data-end=\"1293\">Anvendelsesmetode: Manuel aft\u00f8rring (uden brug af v\u00e6rkt\u00f8j)<\/p>\n<\/li>\n<li data-start=\"1294\" data-end=\"1338\">\n<p data-start=\"1296\" data-end=\"1338\">Sikker til: Alle bilmodeller og glastyper<\/p>\n<\/li>\n<\/ul>\n<h2 style=\"text-align: center\" data-start=\"1345\" data-end=\"1368\"><strong>Pakken Indeholder \ud83d\udce6<\/strong><\/h2>\n<ul data-start=\"1370\" data-end=\"1471\">\n<li data-start=\"1370\" data-end=\"1418\">\n<p data-start=\"1372\" data-end=\"1418\">1, 2, 3x oliefilmfjerner.<\/p>\n<\/li>\n<\/ul>\n","protected":false},"excerpt":{"rendered":"<p>Ryd Forruden Med Det Samme, S\u00e5 Du Kan K\u00f8re Mere Sikkert \ud83d\ude97\ud83e\uddfc Denne kraftfulde oliefilmfjerner fjerner genstridig oliefilm, vandpletter og [&hellip;]<\/p>\n","protected":false},"featured_media":9190,"comment_status":"open","ping_status":"closed","template":"","meta":{"site-sidebar-layout":"default","site-content-layout":"","ast-site-content-layout":"default","site-content-style":"default","site-sidebar-style":"default","ast-global-header-display":"","ast-banner-title-visibility":"","ast-main-header-display":"","ast-hfb-above-header-display":"","ast-hfb-below-header-display":"","ast-hfb-mobile-header-display":"","site-post-title":"","ast-breadcrumbs-content":"","ast-featured-img":"","footer-sml-layout":"","theme-transparent-header-meta":"default","adv-header-id-meta":"","stick-header-meta":"","header-above-stick-meta":"","header-main-stick-meta":"","header-below-stick-meta":"","astra-migrate-meta-layouts":"set","ast-page-background-enabled":"default","ast-page-background-meta":{"desktop":{"background-color":"var(--ast-global-color-5)","background-image":"","background-repeat":"repeat","background-position":"center center","background-size":"auto","background-attachment":"scroll","background-type":"","background-media":"","overlay-type":"","overlay-color":"","overlay-opacity":"","overlay-gradient":""},"tablet":{"background-color":"","background-image":"","background-repeat":"repeat","background-position":"center center","background-size":"auto","background-attachment":"scroll","background-type":"","background-media":"","overlay-type":"","overlay-color":"","overlay-opacity":"","overlay-gradient":""},"mobile":{"background-color":"","background-image":"","background-repeat":"repeat","background-position":"center center","background-size":"auto","background-attachment":"scroll","background-type":"","background-media":"","overlay-type":"","overlay-color":"","overlay-opacity":"","overlay-gradient":""}},"ast-content-background-meta":{"desktop":{"background-color":"var(--ast-global-color-4)","background-image":"","background-repeat":"repeat","background-position":"center center","background-size":"auto","background-attachment":"scroll","background-type":"","background-media":"","overlay-type":"","overlay-color":"","overlay-opacity":"","overlay-gradient":""},"tablet":{"background-color":"var(--ast-global-color-4)","background-image":"","background-repeat":"repeat","background-position":"center center","background-size":"auto","background-attachment":"scroll","background-type":"","background-media":"","overlay-type":"","overlay-color":"","overlay-opacity":"","overlay-gradient":""},"mobile":{"background-color":"var(--ast-global-color-4)","background-image":"","background-repeat":"repeat","background-position":"center center","background-size":"auto","background-attachment":"scroll","background-type":"","background-media":"","overlay-type":"","overlay-color":"","overlay-opacity":"","overlay-gradient":""}}},"product_brand":[],"product_cat":[19],"product_tag":[],"class_list":{"0":"post-9194","1":"product","2":"type-product","3":"status-publish","4":"has-post-thumbnail","6":"product_cat-uncategorized","7":"pa_29814_x5u5tf83-1-stk","8":"pa_29814_x5u5tf83-2-stk","9":"pa_29814_x5u5tf83-3-stk","10":"desktop-align-left","11":"tablet-align-left","12":"mobile-align-left","14":"first","15":"instock","16":"shipping-taxable","17":"purchasable","18":"product-type-variable"},"_links":{"self":[{"href":"https:\/\/ecostera.com\/dk\/wp-json\/wp\/v2\/product\/9194","targetHints":{"allow":["GET"]}}],"collection":[{"href":"https:\/\/ecostera.com\/dk\/wp-json\/wp\/v2\/product"}],"about":[{"href":"https:\/\/ecostera.com\/dk\/wp-json\/wp\/v2\/types\/product"}],"replies":[{"embeddable":true,"href":"https:\/\/ecostera.com\/dk\/wp-json\/wp\/v2\/comments?post=9194"}],"wp:featuredmedia":[{"embeddable":true,"href":"https:\/\/ecostera.com\/dk\/wp-json\/wp\/v2\/media\/9190"}],"wp:attachment":[{"href":"https:\/\/ecostera.com\/dk\/wp-json\/wp\/v2\/media?parent=9194"}],"wp:term":[{"taxonomy":"product_brand","embeddable":true,"href":"https:\/\/ecostera.com\/dk\/wp-json\/wp\/v2\/product_brand?post=9194"},{"taxonomy":"product_cat","embeddable":true,"href":"https:\/\/ecostera.com\/dk\/wp-json\/wp\/v2\/product_cat?post=9194"},{"taxonomy":"product_tag","embeddable":true,"href":"https:\/\/ecostera.com\/dk\/wp-json\/wp\/v2\/product_tag?post=9194"}],"curies":[{"name":"wp","href":"https:\/\/api.w.org\/{rel}","templated":true}]}}