{"id":9209,"date":"2025-09-01T14:23:06","date_gmt":"2025-09-01T11:23:06","guid":{"rendered":"https:\/\/ecostera.com\/dk\/product\/vaegur\/"},"modified":"2025-11-24T15:48:48","modified_gmt":"2025-11-24T13:48:48","slug":"vaegur","status":"publish","type":"product","link":"https:\/\/ecostera.com\/dk\/product\/vaegur\/","title":{"rendered":"V\u00e6gur"},"content":{"rendered":"<p style=\"text-align: center\" data-start=\"149\" data-end=\"191\"><strong>V\u00e6guret, Der G\u00f8r Tiden Sjov \ud83d\udd52\ud83d\ude04<\/strong><\/p>\n<p style=\"text-align: center\" data-start=\"193\" data-end=\"338\">Bring et smil til dit rum, hver gang du tjekker uret! Dette muntre v\u00e6gurdesign er ikke bare et ur &#8211; det er en samtalestarter. Uanset om det er i stuen, p\u00e5 kontoret eller i sovev\u00e6relset, giver dette ur et legende og moderne touch. Det er lavet af holdbart plast og drives af et enkelt AA-batteri, og det er let og lydl\u00f8st &#8211; ingen irriterende tikkelyde!<\/p>\n<p data-start=\"193\" data-end=\"338\"><img decoding=\"async\" class=\"size-full wp-image-33147 aligncenter\" src=\"https:\/\/keluvo.com\/template\/wp-content\/uploads\/sites\/5\/2025\/08\/160016a8accd1d5214b2817b7f3c1392_480x480.webp\" alt=\"\" \/><\/p>\n<h2 style=\"text-align: center\">Vigtigste Fordele \ud83c\udf1f<\/h2>\n<p data-start=\"582\" data-end=\"638\">\ud83d\udd7a Unikt og i\u00f8jnefaldende design, der fanger opm\u00e6rksomheden<\/p>\n<p data-start=\"641\" data-end=\"690\">\ud83e\udd2b Helt lydl\u00f8s drift &#8211; ingen tikken noise<\/p>\n<p data-start=\"693\" data-end=\"759\">\ud83d\udecb\ufe0f Perfekt til ethvert rum: sovev\u00e6relse, stue, kontor eller arbejdsv\u00e6relse<\/p>\n<p data-start=\"762\" data-end=\"811\">\ud83d\udcaa Lavet af langtidsholdbar plast i h\u00f8j kvalitet<\/p>\n<p data-start=\"814\" data-end=\"864\">\ud83e\uddf1 Let at h\u00e6nge op og passer til alle former for boligindretning<\/p>\n<p data-start=\"867\" data-end=\"932\">\ud83c\udf81 Fantastisk gaveid\u00e9 til indflytterfest, f\u00f8dselsdag eller bare fordi!<\/p>\n<p data-start=\"867\" data-end=\"932\"><img decoding=\"async\" class=\"size-full wp-image-33146 aligncenter\" src=\"https:\/\/keluvo.com\/template\/wp-content\/uploads\/sites\/5\/2025\/08\/5_5be56562-577f-4cf9-b80a-544c756eb7aa_480x480.webp\" alt=\"\" \/><\/p>\n<h2 style=\"text-align: center\">S\u00e5dan Bruger Du Det \ud83d\udd27<\/h2>\n<ol data-start=\"960\" data-end=\"1155\">\n<li data-start=\"960\" data-end=\"1028\">\n<p data-start=\"963\" data-end=\"1028\">S\u00e6t et AA-batteri i bag p\u00e5 uret (medf\u00f8lger ikke).<\/p>\n<\/li>\n<li data-start=\"1029\" data-end=\"1090\">\n<p data-start=\"1032\" data-end=\"1090\">H\u00e6ng uret op p\u00e5 den \u00f8nskede v\u00e6g med en krog eller et s\u00f8m.<\/p>\n<\/li>\n<li data-start=\"1091\" data-end=\"1155\">\n<p data-start=\"1094\" data-end=\"1155\">Nyd den sjove og lydl\u00f8se charme ved dit nye v\u00e6gur!<\/p>\n<\/li>\n<\/ol>\n<h2 style=\"text-align: center\" data-start=\"1162\" data-end=\"1183\">Produktdetaljer \ud83d\udccf<\/h2>\n<ul data-start=\"1185\" data-end=\"1336\">\n<li data-start=\"1185\" data-end=\"1219\">\n<p data-start=\"1187\" data-end=\"1219\">Materiale: Plastik af h\u00f8j kvalitet<\/p>\n<\/li>\n<li data-start=\"1220\" data-end=\"1259\">\n<p data-start=\"1222\" data-end=\"1259\">Effekt: 1x AA-batteri (medf\u00f8lger ikke)<\/p>\n<\/li>\n<li data-start=\"1260\" data-end=\"1296\">\n<p data-start=\"1262\" data-end=\"1296\">Tilg\u00e6ngelige farver: Sort eller hvid<\/p>\n<\/li>\n<li data-start=\"1297\" data-end=\"1314\">\n<p data-start=\"1299\" data-end=\"1314\">V\u00e6gt: 260 g<\/p>\n<\/li>\n<li data-start=\"1315\" data-end=\"1336\">\n<p data-start=\"1317\" data-end=\"1336\">St\u00f8rrelse: 25 cm x 25 cm<\/p>\n<\/li>\n<\/ul>\n<h2 style=\"text-align: center\" data-start=\"1343\" data-end=\"1365\">Pakken Indeholder \ud83d\udce6<\/h2>\n<ul data-start=\"1367\" data-end=\"1421\">\n<li data-start=\"1367\" data-end=\"1421\">\n<p data-start=\"1369\" data-end=\"1421\">1x v\u00e6gur.<\/p>\n<\/li>\n<\/ul>\n","protected":false},"excerpt":{"rendered":"<p>V\u00e6guret, Der G\u00f8r Tiden Sjov \ud83d\udd52\ud83d\ude04 Bring et smil til dit rum, hver gang du tjekker uret! Dette muntre v\u00e6gurdesign [&hellip;]<\/p>\n","protected":false},"featured_media":9205,"comment_status":"open","ping_status":"closed","template":"","meta":{"site-sidebar-layout":"default","site-content-layout":"","ast-site-content-layout":"default","site-content-style":"default","site-sidebar-style":"default","ast-global-header-display":"","ast-banner-title-visibility":"","ast-main-header-display":"","ast-hfb-above-header-display":"","ast-hfb-below-header-display":"","ast-hfb-mobile-header-display":"","site-post-title":"","ast-breadcrumbs-content":"","ast-featured-img":"","footer-sml-layout":"","theme-transparent-header-meta":"default","adv-header-id-meta":"","stick-header-meta":"","header-above-stick-meta":"","header-main-stick-meta":"","header-below-stick-meta":"","astra-migrate-meta-layouts":"set","ast-page-background-enabled":"default","ast-page-background-meta":{"desktop":{"background-color":"var(--ast-global-color-5)","background-image":"","background-repeat":"repeat","background-position":"center center","background-size":"auto","background-attachment":"scroll","background-type":"","background-media":"","overlay-type":"","overlay-color":"","overlay-opacity":"","overlay-gradient":""},"tablet":{"background-color":"","background-image":"","background-repeat":"repeat","background-position":"center center","background-size":"auto","background-attachment":"scroll","background-type":"","background-media":"","overlay-type":"","overlay-color":"","overlay-opacity":"","overlay-gradient":""},"mobile":{"background-color":"","background-image":"","background-repeat":"repeat","background-position":"center center","background-size":"auto","background-attachment":"scroll","background-type":"","background-media":"","overlay-type":"","overlay-color":"","overlay-opacity":"","overlay-gradient":""}},"ast-content-background-meta":{"desktop":{"background-color":"var(--ast-global-color-4)","background-image":"","background-repeat":"repeat","background-position":"center center","background-size":"auto","background-attachment":"scroll","background-type":"","background-media":"","overlay-type":"","overlay-color":"","overlay-opacity":"","overlay-gradient":""},"tablet":{"background-color":"var(--ast-global-color-4)","background-image":"","background-repeat":"repeat","background-position":"center center","background-size":"auto","background-attachment":"scroll","background-type":"","background-media":"","overlay-type":"","overlay-color":"","overlay-opacity":"","overlay-gradient":""},"mobile":{"background-color":"var(--ast-global-color-4)","background-image":"","background-repeat":"repeat","background-position":"center center","background-size":"auto","background-attachment":"scroll","background-type":"","background-media":"","overlay-type":"","overlay-color":"","overlay-opacity":"","overlay-gradient":""}}},"product_brand":[],"product_cat":[19],"product_tag":[],"class_list":{"0":"post-9209","1":"product","2":"type-product","3":"status-publish","4":"has-post-thumbnail","6":"product_cat-uncategorized","7":"pa_21899_3bj9yj5e-hvid","8":"pa_21899_3bj9yj5e-sort","9":"desktop-align-left","10":"tablet-align-left","11":"mobile-align-left","13":"first","14":"instock","15":"shipping-taxable","16":"purchasable","17":"product-type-variable"},"_links":{"self":[{"href":"https:\/\/ecostera.com\/dk\/wp-json\/wp\/v2\/product\/9209","targetHints":{"allow":["GET"]}}],"collection":[{"href":"https:\/\/ecostera.com\/dk\/wp-json\/wp\/v2\/product"}],"about":[{"href":"https:\/\/ecostera.com\/dk\/wp-json\/wp\/v2\/types\/product"}],"replies":[{"embeddable":true,"href":"https:\/\/ecostera.com\/dk\/wp-json\/wp\/v2\/comments?post=9209"}],"wp:featuredmedia":[{"embeddable":true,"href":"https:\/\/ecostera.com\/dk\/wp-json\/wp\/v2\/media\/9205"}],"wp:attachment":[{"href":"https:\/\/ecostera.com\/dk\/wp-json\/wp\/v2\/media?parent=9209"}],"wp:term":[{"taxonomy":"product_brand","embeddable":true,"href":"https:\/\/ecostera.com\/dk\/wp-json\/wp\/v2\/product_brand?post=9209"},{"taxonomy":"product_cat","embeddable":true,"href":"https:\/\/ecostera.com\/dk\/wp-json\/wp\/v2\/product_cat?post=9209"},{"taxonomy":"product_tag","embeddable":true,"href":"https:\/\/ecostera.com\/dk\/wp-json\/wp\/v2\/product_tag?post=9209"}],"curies":[{"name":"wp","href":"https:\/\/api.w.org\/{rel}","templated":true}]}}