{"id":9293,"date":"2025-09-01T14:31:27","date_gmt":"2025-09-01T11:31:27","guid":{"rendered":"https:\/\/ecostera.com\/dk\/product\/forsegler-til-foedevarer\/"},"modified":"2025-09-01T14:31:57","modified_gmt":"2025-09-01T11:31:57","slug":"forsegler-til-foedevarer","status":"publish","type":"product","link":"https:\/\/ecostera.com\/dk\/product\/forsegler-til-foedevarer\/","title":{"rendered":"Forsegler til f\u00f8devarer"},"content":{"rendered":"<p style=\"text-align: center\" data-start=\"210\" data-end=\"247\"><strong>Forsegl Dine Snacks P\u00e5 F\u00e5 Sekunder \ud83c\udf6a\ud83d\udd12<\/strong><\/p>\n<p style=\"text-align: center\" data-start=\"249\" data-end=\"467\">Er du tr\u00e6t af gamle chips eller spildte snacks? Med denne lille f\u00f8devareforsegler kan du genforsegle plastikposer p\u00e5 f\u00e5 sekunder og holde din mad frisk og fri for spild. Den er lille, b\u00e6rbar og supernem at bruge &#8211; bare tryk og skub! Den er perfekt til k\u00f8kkenet, kontoret eller rejsetasken, hj\u00e6lper med at forhindre spild og holder alting t\u00e6t forseglet uden brug af clips eller b\u00e5nd.<\/p>\n<p data-start=\"249\" data-end=\"467\"><img decoding=\"async\" class=\"size-full wp-image-33322 aligncenter\" src=\"https:\/\/keluvo.com\/template\/wp-content\/uploads\/sites\/5\/2025\/08\/07212-ezgif.com-video-to-webp-converter-4.webp\" alt=\"\" \/><\/p>\n<h2 style=\"text-align: center\">Vigtigste Fordele \ud83d\udecd\ufe0f<\/h2>\n<p data-start=\"636\" data-end=\"687\">\ud83d\udd25 Forsegler hurtigt plastikposer med et enkelt tryk<\/p>\n<p data-start=\"690\" data-end=\"742\">\ud83e\udd57 Holder snacks, krydderurter og rester friske l\u00e6ngere<\/p>\n<p data-start=\"745\" data-end=\"807\">\ud83d\udcbc Lille og b\u00e6rbar &#8211; passer i skuffer, tasker, eller endda lommer<\/p>\n<p data-start=\"810\" data-end=\"854\">\ud83e\uddf2 Indbygget magnet til nem opbevaring i k\u00f8leskabet<\/p>\n<p data-start=\"857\" data-end=\"909\">\ud83e\uddf4 Fungerer p\u00e5 chipsposer, fryseposer og emballage<\/p>\n<p data-start=\"912\" data-end=\"954\">\ud83e\uddd2 Nem at bruge &#8211; ingen ops\u00e6tning eller opl\u00e6ring n\u00f8dvendig<\/p>\n<p data-start=\"912\" data-end=\"954\"><img decoding=\"async\" class=\"size-full wp-image-33326 aligncenter\" src=\"https:\/\/keluvo.com\/template\/wp-content\/uploads\/sites\/5\/2025\/08\/Sca8a861ec3a3481bb0ec9f7dcfd5fc31f.webp\" alt=\"\" \/><\/p>\n<h2 style=\"text-align: center\" data-start=\"961\" data-end=\"980\">S\u00e5dan Bruges Den \ud83e\uddf0<\/h2>\n<ol data-start=\"982\" data-end=\"1177\">\n<li data-start=\"982\" data-end=\"1025\">\n<p data-start=\"985\" data-end=\"1025\">S\u00e6t to AA-batterier i (medf\u00f8lger ikke).<\/p>\n<\/li>\n<li data-start=\"1026\" data-end=\"1080\">\n<p data-start=\"1029\" data-end=\"1080\">Tryk de to ender af forseglingsmaskinen sammen for at opvarme.<\/p>\n<\/li>\n<li data-start=\"1081\" data-end=\"1130\">\n<p data-start=\"1084\" data-end=\"1130\">skub langsomt langs posens \u00e5bning for at forsegle.<\/p>\n<\/li>\n<li data-start=\"1131\" data-end=\"1177\">\n<p data-start=\"1134\" data-end=\"1177\">slip og opbevar den ved hj\u00e6lp af den magnetiske bagside.<\/p>\n<\/li>\n<\/ol>\n<h2 style=\"text-align: center\" data-start=\"1184\" data-end=\"1205\">Produktdetaljer \ud83d\udccf<\/h2>\n<ul data-start=\"1207\" data-end=\"1409\">\n<li data-start=\"1207\" data-end=\"1236\">\n<p data-start=\"1209\" data-end=\"1236\">Materiale: Holdbar plast<\/p>\n<\/li>\n<li data-start=\"1237\" data-end=\"1259\">\n<p data-start=\"1239\" data-end=\"1259\">St\u00f8rrelse: 9 x 3 x 3,5 cm<\/p>\n<\/li>\n<li data-start=\"1260\" data-end=\"1301\">\n<p data-start=\"1262\" data-end=\"1301\">Str\u00f8m: 2x AA-batterier (medf\u00f8lger ikke)<\/p>\n<\/li>\n<li data-start=\"1302\" data-end=\"1363\">\n<p data-start=\"1304\" data-end=\"1363\">Funktioner: Magnetisk bagside, kompakt st\u00f8rrelse, hurtig varmeforsegling<\/p>\n<\/li>\n<li data-start=\"1364\" data-end=\"1409\">\n<p data-start=\"1366\" data-end=\"1409\">Farve: Bl\u00e5, Pink, Gul, Hvid<\/p>\n<\/li>\n<\/ul>\n<h2 style=\"text-align: center\" data-start=\"1416\" data-end=\"1438\">Pakken Indeholder \ud83d\udce6<\/h2>\n<ul data-start=\"1440\" data-end=\"1490\">\n<li data-start=\"1440\" data-end=\"1490\">\n<p data-start=\"1442\" data-end=\"1490\">1x f\u00f8devareforsegler.<\/p>\n<\/li>\n<\/ul>\n","protected":false},"excerpt":{"rendered":"<p>Forsegl Dine Snacks P\u00e5 F\u00e5 Sekunder \ud83c\udf6a\ud83d\udd12 Er du tr\u00e6t af gamle chips eller spildte snacks? Med denne lille f\u00f8devareforsegler [&hellip;]<\/p>\n","protected":false},"featured_media":9289,"comment_status":"open","ping_status":"closed","template":"","meta":{"site-sidebar-layout":"default","site-content-layout":"","ast-site-content-layout":"default","site-content-style":"default","site-sidebar-style":"default","ast-global-header-display":"","ast-banner-title-visibility":"","ast-main-header-display":"","ast-hfb-above-header-display":"","ast-hfb-below-header-display":"","ast-hfb-mobile-header-display":"","site-post-title":"","ast-breadcrumbs-content":"","ast-featured-img":"","footer-sml-layout":"","theme-transparent-header-meta":"default","adv-header-id-meta":"","stick-header-meta":"","header-above-stick-meta":"","header-main-stick-meta":"","header-below-stick-meta":"","astra-migrate-meta-layouts":"set","ast-page-background-enabled":"default","ast-page-background-meta":{"desktop":{"background-color":"var(--ast-global-color-5)","background-image":"","background-repeat":"repeat","background-position":"center center","background-size":"auto","background-attachment":"scroll","background-type":"","background-media":"","overlay-type":"","overlay-color":"","overlay-opacity":"","overlay-gradient":""},"tablet":{"background-color":"","background-image":"","background-repeat":"repeat","background-position":"center center","background-size":"auto","background-attachment":"scroll","background-type":"","background-media":"","overlay-type":"","overlay-color":"","overlay-opacity":"","overlay-gradient":""},"mobile":{"background-color":"","background-image":"","background-repeat":"repeat","background-position":"center center","background-size":"auto","background-attachment":"scroll","background-type":"","background-media":"","overlay-type":"","overlay-color":"","overlay-opacity":"","overlay-gradient":""}},"ast-content-background-meta":{"desktop":{"background-color":"var(--ast-global-color-4)","background-image":"","background-repeat":"repeat","background-position":"center center","background-size":"auto","background-attachment":"scroll","background-type":"","background-media":"","overlay-type":"","overlay-color":"","overlay-opacity":"","overlay-gradient":""},"tablet":{"background-color":"var(--ast-global-color-4)","background-image":"","background-repeat":"repeat","background-position":"center center","background-size":"auto","background-attachment":"scroll","background-type":"","background-media":"","overlay-type":"","overlay-color":"","overlay-opacity":"","overlay-gradient":""},"mobile":{"background-color":"var(--ast-global-color-4)","background-image":"","background-repeat":"repeat","background-position":"center center","background-size":"auto","background-attachment":"scroll","background-type":"","background-media":"","overlay-type":"","overlay-color":"","overlay-opacity":"","overlay-gradient":""}}},"product_brand":[],"product_cat":[19],"product_tag":[],"class_list":{"0":"post-9293","1":"product","2":"type-product","3":"status-publish","4":"has-post-thumbnail","6":"product_cat-uncategorized","7":"pa_43014_k8ce4tt4-blaa","8":"pa_43014_k8ce4tt4-gul","9":"pa_43014_k8ce4tt4-hvid","10":"pa_43014_k8ce4tt4-lyseroed","11":"desktop-align-left","12":"tablet-align-left","13":"mobile-align-left","15":"first","16":"instock","17":"shipping-taxable","18":"purchasable","19":"product-type-variable"},"_links":{"self":[{"href":"https:\/\/ecostera.com\/dk\/wp-json\/wp\/v2\/product\/9293","targetHints":{"allow":["GET"]}}],"collection":[{"href":"https:\/\/ecostera.com\/dk\/wp-json\/wp\/v2\/product"}],"about":[{"href":"https:\/\/ecostera.com\/dk\/wp-json\/wp\/v2\/types\/product"}],"replies":[{"embeddable":true,"href":"https:\/\/ecostera.com\/dk\/wp-json\/wp\/v2\/comments?post=9293"}],"wp:featuredmedia":[{"embeddable":true,"href":"https:\/\/ecostera.com\/dk\/wp-json\/wp\/v2\/media\/9289"}],"wp:attachment":[{"href":"https:\/\/ecostera.com\/dk\/wp-json\/wp\/v2\/media?parent=9293"}],"wp:term":[{"taxonomy":"product_brand","embeddable":true,"href":"https:\/\/ecostera.com\/dk\/wp-json\/wp\/v2\/product_brand?post=9293"},{"taxonomy":"product_cat","embeddable":true,"href":"https:\/\/ecostera.com\/dk\/wp-json\/wp\/v2\/product_cat?post=9293"},{"taxonomy":"product_tag","embeddable":true,"href":"https:\/\/ecostera.com\/dk\/wp-json\/wp\/v2\/product_tag?post=9293"}],"curies":[{"name":"wp","href":"https:\/\/api.w.org\/{rel}","templated":true}]}}