{"id":9310,"date":"2025-09-01T14:33:32","date_gmt":"2025-09-01T11:33:32","guid":{"rendered":"https:\/\/ecostera.com\/dk\/product\/saet-med-ratbetraek\/"},"modified":"2025-09-01T14:34:45","modified_gmt":"2025-09-01T11:34:45","slug":"saet-med-ratbetraek","status":"publish","type":"product","link":"https:\/\/ecostera.com\/dk\/product\/saet-med-ratbetraek\/","title":{"rendered":"S\u00e6t med ratbetr\u00e6k"},"content":{"rendered":"<p style=\"text-align: center\" data-start=\"79\" data-end=\"132\"><strong data-start=\"79\" data-end=\"130\">Hold dig varm og stilfuld, hver gang du k\u00f8rer \ud83e\udde4\ud83d\ude97<\/strong><\/p>\n<p style=\"text-align: center\" data-start=\"134\" data-end=\"284\">F\u00f8j komfort, beskyttelse og et hyggeligt look til din bil med dette 3-delte ratbetr\u00e6k i plys. Perfekt til kolde morgener og stil \u00e5ret rundt.<\/p>\n<p data-start=\"134\" data-end=\"284\"><img decoding=\"async\" class=\"size-full wp-image-33336 aligncenter\" src=\"https:\/\/keluvo.com\/template\/wp-content\/uploads\/sites\/5\/2025\/08\/07213-ezgif.com-video-to-webp-converter-4.webp\" alt=\"\" \/><\/p>\n<h2 style=\"text-align: center\" data-start=\"291\" data-end=\"312\"><strong>Hovedfordele<\/strong><\/h2>\n<p data-start=\"315\" data-end=\"373\">\ud83e\uddf8 Bl\u00f8d plysfornemmelse &#8211; Behageligt greb til varme h\u00e6nder<\/p>\n<p data-start=\"376\" data-end=\"436\">\u2744\ufe0f Ideel til vinter &#8211; Ikke mere frysende rat<\/p>\n<p data-start=\"439\" data-end=\"515\">\ud83c\udf21\ufe0f Varmebestandig op til 105\u00b0C &#8211; Beskytter dine h\u00e6nder mod varme overflader<\/p>\n<p data-start=\"518\" data-end=\"591\">\ud83c\udfa8 Stilfulde farver &#8211; F\u00e5s i sort, pink, brun, beige, gul<\/p>\n<p data-start=\"594\" data-end=\"673\">\ud83e\uddfc Beskyttende &amp; dekorativ &#8211; Beskytter mod slitage og opgraderer dit interi\u00f8r<\/p>\n<p data-start=\"676\" data-end=\"740\">\ud83c\udf81 Perfekt gave &#8211; Perfekt til familie, venner eller bilelskere<\/p>\n<p data-start=\"676\" data-end=\"740\"><img decoding=\"async\" class=\"size-full wp-image-33339 aligncenter\" src=\"https:\/\/keluvo.com\/template\/wp-content\/uploads\/sites\/5\/2025\/08\/1_8_0e8b25b0-9c88-4791-8eb6-a2e050c54e43.webp\" alt=\"\" \/><\/p>\n<h2 style=\"text-align: center\" data-start=\"747\" data-end=\"766\"><strong>S\u00e5dan Bruges<\/strong><\/h2>\n<ol data-start=\"767\" data-end=\"957\">\n<li data-start=\"767\" data-end=\"826\">\n<p data-start=\"770\" data-end=\"826\">Tr\u00e6k ratbetr\u00e6kket over dit 38 cm hjul.<\/p>\n<\/li>\n<li data-start=\"827\" data-end=\"870\">\n<p data-start=\"830\" data-end=\"870\">Skub betr\u00e6kket til gearskifteren p\u00e5 plads.<\/p>\n<\/li>\n<li data-start=\"871\" data-end=\"916\">\n<p data-start=\"874\" data-end=\"916\">S\u00e6t betr\u00e6kket til h\u00e5ndbremsen p\u00e5 h\u00e5ndtaget.<\/p>\n<\/li>\n<li data-start=\"917\" data-end=\"957\">\n<p data-start=\"920\" data-end=\"957\">Just\u00e9r, s\u00e5 det sidder t\u00e6t og centreret.<\/p>\n<\/li>\n<\/ol>\n<h2 style=\"text-align: center\" data-start=\"1004\" data-end=\"1028\"><strong>Produktdetaljer<\/strong><\/h2>\n<ul data-start=\"1029\" data-end=\"1331\">\n<li data-start=\"1029\" data-end=\"1052\">\n<p data-start=\"1031\" data-end=\"1052\">Materiale: Plys<\/p>\n<\/li>\n<li data-start=\"1107\" data-end=\"1166\">\n<p data-start=\"1109\" data-end=\"1166\">Passer til: Rat med en diameter p\u00e5 38 cm (standardst\u00f8rrelse)<\/p>\n<\/li>\n<li data-start=\"1217\" data-end=\"1260\">\n<p data-start=\"1219\" data-end=\"1260\">Temperaturbestandighed: Op til 105\u00b0C<\/p>\n<\/li>\n<li data-start=\"1261\" data-end=\"1295\">\n<p data-start=\"1263\" data-end=\"1295\">M\u00e6ngde: 3 stk. pr. s\u00e6t<\/p>\n<\/li>\n<li data-start=\"1296\" data-end=\"1331\">\n<p data-start=\"1298\" data-end=\"1331\">S\u00e6son: Bedst til vinterbrug<\/p>\n<\/li>\n<\/ul>\n<h2 style=\"text-align: center\" data-start=\"1338\" data-end=\"1363\"><strong>Pakken Indeholder<\/strong><\/h2>\n<ul data-start=\"1364\" data-end=\"1438\">\n<li data-start=\"1364\" data-end=\"1391\">\n<p data-start=\"1366\" data-end=\"1391\">1x ratbetr\u00e6k<\/p>\n<\/li>\n<li data-start=\"1392\" data-end=\"1415\">\n<p data-start=\"1394\" data-end=\"1415\">1x gearskiftebetr\u00e6k<\/p>\n<\/li>\n<li data-start=\"1416\" data-end=\"1438\">\n<p data-start=\"1418\" data-end=\"1438\">1x h\u00e5ndbremsebetr\u00e6k.<\/p>\n<\/li>\n<\/ul>\n","protected":false},"excerpt":{"rendered":"<p>Hold dig varm og stilfuld, hver gang du k\u00f8rer \ud83e\udde4\ud83d\ude97 F\u00f8j komfort, beskyttelse og et hyggeligt look til din bil [&hellip;]<\/p>\n","protected":false},"featured_media":9306,"comment_status":"open","ping_status":"closed","template":"","meta":{"site-sidebar-layout":"default","site-content-layout":"","ast-site-content-layout":"default","site-content-style":"default","site-sidebar-style":"default","ast-global-header-display":"","ast-banner-title-visibility":"","ast-main-header-display":"","ast-hfb-above-header-display":"","ast-hfb-below-header-display":"","ast-hfb-mobile-header-display":"","site-post-title":"","ast-breadcrumbs-content":"","ast-featured-img":"","footer-sml-layout":"","theme-transparent-header-meta":"default","adv-header-id-meta":"","stick-header-meta":"","header-above-stick-meta":"","header-main-stick-meta":"","header-below-stick-meta":"","astra-migrate-meta-layouts":"set","ast-page-background-enabled":"default","ast-page-background-meta":{"desktop":{"background-color":"var(--ast-global-color-5)","background-image":"","background-repeat":"repeat","background-position":"center center","background-size":"auto","background-attachment":"scroll","background-type":"","background-media":"","overlay-type":"","overlay-color":"","overlay-opacity":"","overlay-gradient":""},"tablet":{"background-color":"","background-image":"","background-repeat":"repeat","background-position":"center center","background-size":"auto","background-attachment":"scroll","background-type":"","background-media":"","overlay-type":"","overlay-color":"","overlay-opacity":"","overlay-gradient":""},"mobile":{"background-color":"","background-image":"","background-repeat":"repeat","background-position":"center center","background-size":"auto","background-attachment":"scroll","background-type":"","background-media":"","overlay-type":"","overlay-color":"","overlay-opacity":"","overlay-gradient":""}},"ast-content-background-meta":{"desktop":{"background-color":"var(--ast-global-color-4)","background-image":"","background-repeat":"repeat","background-position":"center center","background-size":"auto","background-attachment":"scroll","background-type":"","background-media":"","overlay-type":"","overlay-color":"","overlay-opacity":"","overlay-gradient":""},"tablet":{"background-color":"var(--ast-global-color-4)","background-image":"","background-repeat":"repeat","background-position":"center center","background-size":"auto","background-attachment":"scroll","background-type":"","background-media":"","overlay-type":"","overlay-color":"","overlay-opacity":"","overlay-gradient":""},"mobile":{"background-color":"var(--ast-global-color-4)","background-image":"","background-repeat":"repeat","background-position":"center center","background-size":"auto","background-attachment":"scroll","background-type":"","background-media":"","overlay-type":"","overlay-color":"","overlay-opacity":"","overlay-gradient":""}}},"product_brand":[],"product_cat":[19],"product_tag":[],"class_list":{"0":"post-9310","1":"product","2":"type-product","3":"status-publish","4":"has-post-thumbnail","6":"product_cat-uncategorized","7":"pa_18444_oi3du74f-beige","8":"pa_18444_oi3du74f-brun","9":"pa_18444_oi3du74f-gul","10":"pa_18444_oi3du74f-lyseroed","11":"pa_18444_oi3du74f-sort","12":"desktop-align-left","13":"tablet-align-left","14":"mobile-align-left","16":"first","17":"instock","18":"shipping-taxable","19":"purchasable","20":"product-type-variable"},"_links":{"self":[{"href":"https:\/\/ecostera.com\/dk\/wp-json\/wp\/v2\/product\/9310","targetHints":{"allow":["GET"]}}],"collection":[{"href":"https:\/\/ecostera.com\/dk\/wp-json\/wp\/v2\/product"}],"about":[{"href":"https:\/\/ecostera.com\/dk\/wp-json\/wp\/v2\/types\/product"}],"replies":[{"embeddable":true,"href":"https:\/\/ecostera.com\/dk\/wp-json\/wp\/v2\/comments?post=9310"}],"wp:featuredmedia":[{"embeddable":true,"href":"https:\/\/ecostera.com\/dk\/wp-json\/wp\/v2\/media\/9306"}],"wp:attachment":[{"href":"https:\/\/ecostera.com\/dk\/wp-json\/wp\/v2\/media?parent=9310"}],"wp:term":[{"taxonomy":"product_brand","embeddable":true,"href":"https:\/\/ecostera.com\/dk\/wp-json\/wp\/v2\/product_brand?post=9310"},{"taxonomy":"product_cat","embeddable":true,"href":"https:\/\/ecostera.com\/dk\/wp-json\/wp\/v2\/product_cat?post=9310"},{"taxonomy":"product_tag","embeddable":true,"href":"https:\/\/ecostera.com\/dk\/wp-json\/wp\/v2\/product_tag?post=9310"}],"curies":[{"name":"wp","href":"https:\/\/api.w.org\/{rel}","templated":true}]}}