{"id":9328,"date":"2025-09-01T14:35:46","date_gmt":"2025-09-01T11:35:46","guid":{"rendered":"https:\/\/ecostera.com\/dk\/product\/baeresele-til-baby\/"},"modified":"2025-09-12T14:45:19","modified_gmt":"2025-09-12T11:45:19","slug":"baeresele-til-baby","status":"publish","type":"product","link":"https:\/\/ecostera.com\/dk\/product\/baeresele-til-baby\/","title":{"rendered":"B\u00e6resele til baby"},"content":{"rendered":"<p style=\"text-align: center\" data-start=\"195\" data-end=\"238\"><strong>Kram Din Baby Sikkert Og H\u00e5ndfrit \ud83d\udc97\ud83d\udc76<\/strong><\/p>\n<p style=\"text-align: center\" data-start=\"240\" data-end=\"455\">G\u00f8r det lettere og mere behageligt at b\u00e6re din baby med denne b\u00e6rbare b\u00e6resele. Den er designet til at st\u00f8tte babyer fra 0 til 36 m\u00e5neder og hj\u00e6lper dig med at holde dit barn sikkert, mens du har h\u00e6nderne fri til daglige opgaver. Uanset om du er ude at g\u00e5 en tur eller laver opgaver derhjemme, giver denne slynge en god pasform, behageligt stof og ro i sindet &#8211; s\u00e5 din baby forbliver t\u00e6t p\u00e5, og du forbliver mobil.<\/p>\n<p data-start=\"240\" data-end=\"455\"><img decoding=\"async\" class=\"size-full wp-image-33356 aligncenter\" src=\"https:\/\/keluvo.com\/template\/wp-content\/uploads\/sites\/5\/2025\/08\/1_3ebe3ec3-822c-4a2a-becd-9c1d2becea3a_480x480.webp\" alt=\"\" \/><\/p>\n<h2 style=\"text-align: center\">Vigtigste Fordele \ud83c\udf7c<\/h2>\n<p data-start=\"649\" data-end=\"694\">\ud83e\udd31 Holder din baby sikkert og komfortabelt<\/p>\n<p data-start=\"697\" data-end=\"739\">\u270b Frig\u00f8r dine h\u00e6nder til hverdagens opgaver<\/p>\n<p data-start=\"742\" data-end=\"798\">\ud83e\uddf5 Lavet af bl\u00f8dt, \u00e5ndbart bomuld for maksimal komfort<\/p>\n<p data-start=\"801\" data-end=\"842\">\ud83e\uddcd Justerbar strop passer til alle kroppe types<\/p>\n<p data-start=\"845\" data-end=\"892\">\u23f1\ufe0f Hurtig at have p\u00e5 &#8211; tages p\u00e5 og af p\u00e5 f\u00e5 sekunder<\/p>\n<p data-start=\"895\" data-end=\"941\">\ud83d\udc5c Let og sammenklappelig &#8211; perfekt til rejser<\/p>\n<p data-start=\"895\" data-end=\"941\"><img decoding=\"async\" class=\"size-full wp-image-33355 aligncenter\" src=\"https:\/\/keluvo.com\/template\/wp-content\/uploads\/sites\/5\/2025\/08\/2_97ea2644-8a5c-4a62-abd3-4e176b6b8f5f_480x480.webp\" alt=\"\" \/><\/p>\n<h2 style=\"text-align: center\" data-start=\"948\" data-end=\"970\">S\u00e5dan Bruges \ud83d\udc69\u200d\ud83c\udf7c<\/h2>\n<ol data-start=\"972\" data-end=\"1255\">\n<li data-start=\"972\" data-end=\"1021\">\n<p data-start=\"975\" data-end=\"1021\">B\u00e6reselen over den ene skulder som et sk\u00e6rf.<\/p>\n<\/li>\n<li data-start=\"1022\" data-end=\"1094\">\n<p data-start=\"1025\" data-end=\"1094\">Juster stroppen, indtil posen hviler behageligt over din krop.<\/p>\n<\/li>\n<li data-start=\"1095\" data-end=\"1186\">\n<p data-start=\"1098\" data-end=\"1186\">Placer din baby forsigtigt inde i b\u00e6reselen med benene gemt eller h\u00e6ngende (afh\u00e6ngigt af alder).<\/p>\n<\/li>\n<li data-start=\"1187\" data-end=\"1255\">\n<p data-start=\"1190\" data-end=\"1255\">S\u00f8rg for, at din baby er sikker, st\u00f8ttet og t\u00e6t p\u00e5 dit bryst.<\/p>\n<\/li>\n<\/ol>\n<h2 style=\"text-align: center\" data-start=\"1262\" data-end=\"1283\">Produktoplysninger \ud83d\udccf<\/h2>\n<ul data-start=\"1285\" data-end=\"1418\">\n<li data-start=\"1285\" data-end=\"1305\">\n<p data-start=\"1287\" data-end=\"1305\">Materiale: Bomuld<\/p>\n<\/li>\n<li data-start=\"1306\" data-end=\"1323\">\n<p data-start=\"1308\" data-end=\"1323\">V\u00e6gt: 150 g<\/p>\n<\/li>\n<li data-start=\"1324\" data-end=\"1346\">\n<p data-start=\"1326\" data-end=\"1346\">St\u00f8rrelse: 45 x 13 cm<\/p>\n<\/li>\n<li data-start=\"1347\" data-end=\"1383\">\n<p data-start=\"1349\" data-end=\"1383\">Farvemuligheder: Gr\u00f8n, Pink, Gr\u00e5<\/p>\n<\/li>\n<li data-start=\"1384\" data-end=\"1418\">\n<p data-start=\"1386\" data-end=\"1418\">Velegnet til babyer: 2-36 m\u00e5neder<\/p>\n<\/li>\n<\/ul>\n<h2 style=\"text-align: center\" data-start=\"1425\" data-end=\"1447\">Pakken Indeholder \ud83d\udce6<\/h2>\n<ul data-start=\"1449\" data-end=\"1501\">\n<li data-start=\"1449\" data-end=\"1501\">\n<p data-start=\"1451\" data-end=\"1501\">1x b\u00e6resele.<\/p>\n<\/li>\n<\/ul>\n","protected":false},"excerpt":{"rendered":"<p>Kram Din Baby Sikkert Og H\u00e5ndfrit \ud83d\udc97\ud83d\udc76 G\u00f8r det lettere og mere behageligt at b\u00e6re din baby med denne b\u00e6rbare [&hellip;]<\/p>\n","protected":false},"featured_media":9324,"comment_status":"open","ping_status":"closed","template":"","meta":{"site-sidebar-layout":"default","site-content-layout":"","ast-site-content-layout":"default","site-content-style":"default","site-sidebar-style":"default","ast-global-header-display":"","ast-banner-title-visibility":"","ast-main-header-display":"","ast-hfb-above-header-display":"","ast-hfb-below-header-display":"","ast-hfb-mobile-header-display":"","site-post-title":"","ast-breadcrumbs-content":"","ast-featured-img":"","footer-sml-layout":"","theme-transparent-header-meta":"default","adv-header-id-meta":"","stick-header-meta":"","header-above-stick-meta":"","header-main-stick-meta":"","header-below-stick-meta":"","astra-migrate-meta-layouts":"set","ast-page-background-enabled":"default","ast-page-background-meta":{"desktop":{"background-color":"var(--ast-global-color-5)","background-image":"","background-repeat":"repeat","background-position":"center center","background-size":"auto","background-attachment":"scroll","background-type":"","background-media":"","overlay-type":"","overlay-color":"","overlay-opacity":"","overlay-gradient":""},"tablet":{"background-color":"","background-image":"","background-repeat":"repeat","background-position":"center center","background-size":"auto","background-attachment":"scroll","background-type":"","background-media":"","overlay-type":"","overlay-color":"","overlay-opacity":"","overlay-gradient":""},"mobile":{"background-color":"","background-image":"","background-repeat":"repeat","background-position":"center center","background-size":"auto","background-attachment":"scroll","background-type":"","background-media":"","overlay-type":"","overlay-color":"","overlay-opacity":"","overlay-gradient":""}},"ast-content-background-meta":{"desktop":{"background-color":"var(--ast-global-color-4)","background-image":"","background-repeat":"repeat","background-position":"center center","background-size":"auto","background-attachment":"scroll","background-type":"","background-media":"","overlay-type":"","overlay-color":"","overlay-opacity":"","overlay-gradient":""},"tablet":{"background-color":"var(--ast-global-color-4)","background-image":"","background-repeat":"repeat","background-position":"center center","background-size":"auto","background-attachment":"scroll","background-type":"","background-media":"","overlay-type":"","overlay-color":"","overlay-opacity":"","overlay-gradient":""},"mobile":{"background-color":"var(--ast-global-color-4)","background-image":"","background-repeat":"repeat","background-position":"center center","background-size":"auto","background-attachment":"scroll","background-type":"","background-media":"","overlay-type":"","overlay-color":"","overlay-opacity":"","overlay-gradient":""}}},"product_brand":[],"product_cat":[19],"product_tag":[],"class_list":{"0":"post-9328","1":"product","2":"type-product","3":"status-publish","4":"has-post-thumbnail","6":"product_cat-uncategorized","7":"pa_21744_bmwjq0yh-graa","8":"pa_21744_bmwjq0yh-groen","9":"pa_21744_bmwjq0yh-lyseroed","10":"desktop-align-left","11":"tablet-align-left","12":"mobile-align-left","14":"first","15":"instock","16":"shipping-taxable","17":"purchasable","18":"product-type-variable"},"_links":{"self":[{"href":"https:\/\/ecostera.com\/dk\/wp-json\/wp\/v2\/product\/9328","targetHints":{"allow":["GET"]}}],"collection":[{"href":"https:\/\/ecostera.com\/dk\/wp-json\/wp\/v2\/product"}],"about":[{"href":"https:\/\/ecostera.com\/dk\/wp-json\/wp\/v2\/types\/product"}],"replies":[{"embeddable":true,"href":"https:\/\/ecostera.com\/dk\/wp-json\/wp\/v2\/comments?post=9328"}],"wp:featuredmedia":[{"embeddable":true,"href":"https:\/\/ecostera.com\/dk\/wp-json\/wp\/v2\/media\/9324"}],"wp:attachment":[{"href":"https:\/\/ecostera.com\/dk\/wp-json\/wp\/v2\/media?parent=9328"}],"wp:term":[{"taxonomy":"product_brand","embeddable":true,"href":"https:\/\/ecostera.com\/dk\/wp-json\/wp\/v2\/product_brand?post=9328"},{"taxonomy":"product_cat","embeddable":true,"href":"https:\/\/ecostera.com\/dk\/wp-json\/wp\/v2\/product_cat?post=9328"},{"taxonomy":"product_tag","embeddable":true,"href":"https:\/\/ecostera.com\/dk\/wp-json\/wp\/v2\/product_tag?post=9328"}],"curies":[{"name":"wp","href":"https:\/\/api.w.org\/{rel}","templated":true}]}}