{"id":9399,"date":"2025-09-01T14:42:59","date_gmt":"2025-09-01T11:42:59","guid":{"rendered":"https:\/\/ecostera.com\/dk\/product\/selvlaasende-roertang\/"},"modified":"2025-09-01T14:43:41","modified_gmt":"2025-09-01T11:43:41","slug":"selvlaasende-roertang","status":"publish","type":"product","link":"https:\/\/ecostera.com\/dk\/product\/selvlaasende-roertang\/","title":{"rendered":"Selvl\u00e5sende r\u00f8rtang"},"content":{"rendered":"<p style=\"text-align: center\" data-start=\"126\" data-end=\"188\"><strong data-start=\"126\" data-end=\"186\">Grib, L\u00e5s Og Drej Ubesv\u00e6ret &#8211; Alt Sammen Med \u00c9t V\u00e6rkt\u00f8j \ud83d\udd27<\/strong><\/p>\n<p style=\"text-align: center\" data-start=\"190\" data-end=\"384\">Denne selvl\u00e5sende r\u00f8rtang g\u00f8r ethvert VVS-, bygge- eller reparationsjob nemmere og hurtigere. Den er bygget til styrke og pr\u00e6cision og er et must-have-v\u00e6rkt\u00f8j til daglige opgaver eller professionel brug.<\/p>\n<p data-start=\"190\" data-end=\"384\"><img decoding=\"async\" class=\"size-full wp-image-33427 aligncenter\" src=\"https:\/\/keluvo.com\/template\/wp-content\/uploads\/sites\/5\/2025\/08\/de2c4d98717d779f5b93568623f0b20c-ezgif.com-video-to-webp-converter.webp\" alt=\"\" \/><\/p>\n<h2 style=\"text-align: center\" data-start=\"391\" data-end=\"412\">\u2705 Hovedfordele<\/h2>\n<p data-start=\"415\" data-end=\"485\">\ud83d\udd12 Selvl\u00e5sende greb &#8211; Holder fast med \u00e9n h\u00e5nd for maksimal kontrol<\/p>\n<p data-start=\"488\" data-end=\"559\">\ud83d\udcaa Kraftig konstruktion &#8211; Fremstillet af h\u00e5rdf\u00f8r krom-vanadium-legering steel<\/p>\n<p data-start=\"562\" data-end=\"635\">\u23f1\ufe0f Hurtig justering &#8211; Hurtigt, skridsikkert greb med dobbelte gevindt\u00e6nder<\/p>\n<p data-start=\"638\" data-end=\"699\">\ud83e\uddf0 Multifunktionel brug &#8211; Fungerer p\u00e5 r\u00f8r, skruer og m\u00f8trikker<\/p>\n<p data-start=\"702\" data-end=\"771\">\ud83d\udc4b Ergonomisk h\u00e5ndtag &#8211; Behageligt at holde p\u00e5, reducerer belastningen af h\u00e5ndleddet<\/p>\n<p data-start=\"774\" data-end=\"844\">\ud83d\udd28 Ekstra lirkefunktion &#8211; Halen kan bruges til at mejsle eller lirke med<\/p>\n<p data-start=\"774\" data-end=\"844\"><img decoding=\"async\" class=\"size-full wp-image-33426 aligncenter\" src=\"https:\/\/keluvo.com\/template\/wp-content\/uploads\/sites\/5\/2025\/08\/40cc8dc40053a8600b7d4c4cd09eab8e-ezgif.com-video-to-webp-converter.webp\" alt=\"\" \/><\/p>\n<h2 style=\"text-align: center\" data-start=\"851\" data-end=\"870\">\ud83d\udccc S\u00e5dan Bruges<\/h2>\n<ol data-start=\"871\" data-end=\"1146\">\n<li data-start=\"871\" data-end=\"928\">\n<p data-start=\"874\" data-end=\"928\">V\u00e6lg den rigtige st\u00f8rrelse ud fra fastsp\u00e6ndingsomr\u00e5det.<\/p>\n<\/li>\n<li data-start=\"929\" data-end=\"989\">\n<p data-start=\"932\" data-end=\"989\">\u00c5bn skruen\u00f8glen, og placer den omkring r\u00f8ret eller m\u00f8trikken.<\/p>\n<\/li>\n<li data-start=\"990\" data-end=\"1035\">\n<p data-start=\"993\" data-end=\"1035\">Klem for at aktivere det selvl\u00e5sende greb.<\/p>\n<\/li>\n<li data-start=\"1036\" data-end=\"1085\">\n<p data-start=\"1039\" data-end=\"1085\">Drej eller vrid med sikkerhed &#8211; uden at glide!<\/p>\n<\/li>\n<li data-start=\"1086\" data-end=\"1146\">\n<p data-start=\"1089\" data-end=\"1146\">Brug den h\u00e6rdede hale til at lirke eller skrabe, hvis det er n\u00f8dvendigt.<\/p>\n<\/li>\n<\/ol>\n<h2 style=\"text-align: center\" data-start=\"1153\" data-end=\"1177\">\ud83d\udcd0 Produktdetaljer<\/h2>\n<ul data-start=\"1178\" data-end=\"1600\">\n<li data-start=\"1178\" data-end=\"1223\">\n<p data-start=\"1180\" data-end=\"1223\">Materiale: Krom-vanadiumlegeret st\u00e5l<\/p>\n<\/li>\n<li data-start=\"1178\" data-end=\"1223\">\n<p data-start=\"1180\" data-end=\"1223\">St\u00f8rrelser: 15cm, 20cm, 25cm, 30cm<\/p>\n<\/li>\n<li data-start=\"1224\" data-end=\"1324\">\n<p data-start=\"1226\" data-end=\"1248\">Klemmeomr\u00e5der:<\/p>\n<ul data-start=\"1251\" data-end=\"1324\">\n<li data-start=\"1251\" data-end=\"1266\">\n<p data-start=\"1253\" data-end=\"1266\">15cm \u2192 7-15mm<\/p>\n<\/li>\n<li data-start=\"1269\" data-end=\"1284\">\n<p data-start=\"1271\" data-end=\"1284\">20cm \u2192 9-25mm<\/p>\n<\/li>\n<li data-start=\"1287\" data-end=\"1304\">\n<p data-start=\"1289\" data-end=\"1304\">25cm \u2192 15-35mm<\/p>\n<\/li>\n<li data-start=\"1307\" data-end=\"1324\">\n<p data-start=\"1309\" data-end=\"1324\">30cm \u2192 19-43mm<\/p>\n<\/li>\n<\/ul>\n<\/li>\n<li data-start=\"1325\" data-end=\"1410\">\n<p data-start=\"1327\" data-end=\"1340\">L\u00e6ngde:<\/p>\n<ul data-start=\"1343\" data-end=\"1410\">\n<li data-start=\"1343\" data-end=\"1357\">\n<p data-start=\"1345\" data-end=\"1357\">15cm = 150mm<\/p>\n<\/li>\n<li data-start=\"1360\" data-end=\"1374\">\n<p data-start=\"1362\" data-end=\"1374\">20cm = 200mm<\/p>\n<\/li>\n<li data-start=\"1377\" data-end=\"1392\">\n<p data-start=\"1379\" data-end=\"1392\">25cm = 286mm<\/p>\n<\/li>\n<li data-start=\"1395\" data-end=\"1410\">\n<p data-start=\"1397\" data-end=\"1410\">30cm = 300mm<\/p>\n<\/li>\n<\/ul>\n<\/li>\n<li data-start=\"1411\" data-end=\"1491\">\n<p data-start=\"1413\" data-end=\"1426\">V\u00e6gt:<\/p>\n<ul data-start=\"1429\" data-end=\"1491\">\n<li data-start=\"1429\" data-end=\"1441\">\n<p data-start=\"1431\" data-end=\"1441\">15cm = 85g<\/p>\n<\/li>\n<li data-start=\"1444\" data-end=\"1457\">\n<p data-start=\"1446\" data-end=\"1457\">20cm = 214g<\/p>\n<\/li>\n<li data-start=\"1460\" data-end=\"1474\">\n<p data-start=\"1462\" data-end=\"1474\">25cm = 286g<\/p>\n<\/li>\n<li data-start=\"1477\" data-end=\"1491\">\n<p data-start=\"1479\" data-end=\"1491\">30cm = 549g<\/p>\n<\/li>\n<\/ul>\n<\/li>\n<li data-start=\"1492\" data-end=\"1522\">\n<p data-start=\"1494\" data-end=\"1522\">H\u00e5rdhed: Op til HRC 60<\/p>\n<\/li>\n<li data-start=\"1523\" data-end=\"1600\">\n<p data-start=\"1525\" data-end=\"1600\">Anvendelsesomr\u00e5der: R\u00f8rmontering, m\u00f8trikker, skruer, husholdnings- og industriopgaver<\/p>\n<\/li>\n<\/ul>\n<h2 style=\"text-align: center\" data-start=\"1607\" data-end=\"1632\">\ud83d\udce6 Pakken Indeholder<\/h2>\n<ul data-start=\"1633\" data-end=\"1711\">\n<li data-start=\"1633\" data-end=\"1711\">\n<p data-start=\"1635\" data-end=\"1711\">1x selvl\u00e5sende r\u00f8rtang.<\/p>\n<\/li>\n<\/ul>\n","protected":false},"excerpt":{"rendered":"<p>Grib, L\u00e5s Og Drej Ubesv\u00e6ret &#8211; Alt Sammen Med \u00c9t V\u00e6rkt\u00f8j \ud83d\udd27 Denne selvl\u00e5sende r\u00f8rtang g\u00f8r ethvert VVS-, bygge- eller [&hellip;]<\/p>\n","protected":false},"featured_media":9395,"comment_status":"open","ping_status":"closed","template":"","meta":{"site-sidebar-layout":"default","site-content-layout":"","ast-site-content-layout":"default","site-content-style":"default","site-sidebar-style":"default","ast-global-header-display":"","ast-banner-title-visibility":"","ast-main-header-display":"","ast-hfb-above-header-display":"","ast-hfb-below-header-display":"","ast-hfb-mobile-header-display":"","site-post-title":"","ast-breadcrumbs-content":"","ast-featured-img":"","footer-sml-layout":"","theme-transparent-header-meta":"default","adv-header-id-meta":"","stick-header-meta":"","header-above-stick-meta":"","header-main-stick-meta":"","header-below-stick-meta":"","astra-migrate-meta-layouts":"set","ast-page-background-enabled":"default","ast-page-background-meta":{"desktop":{"background-color":"var(--ast-global-color-5)","background-image":"","background-repeat":"repeat","background-position":"center center","background-size":"auto","background-attachment":"scroll","background-type":"","background-media":"","overlay-type":"","overlay-color":"","overlay-opacity":"","overlay-gradient":""},"tablet":{"background-color":"","background-image":"","background-repeat":"repeat","background-position":"center center","background-size":"auto","background-attachment":"scroll","background-type":"","background-media":"","overlay-type":"","overlay-color":"","overlay-opacity":"","overlay-gradient":""},"mobile":{"background-color":"","background-image":"","background-repeat":"repeat","background-position":"center center","background-size":"auto","background-attachment":"scroll","background-type":"","background-media":"","overlay-type":"","overlay-color":"","overlay-opacity":"","overlay-gradient":""}},"ast-content-background-meta":{"desktop":{"background-color":"var(--ast-global-color-4)","background-image":"","background-repeat":"repeat","background-position":"center center","background-size":"auto","background-attachment":"scroll","background-type":"","background-media":"","overlay-type":"","overlay-color":"","overlay-opacity":"","overlay-gradient":""},"tablet":{"background-color":"var(--ast-global-color-4)","background-image":"","background-repeat":"repeat","background-position":"center center","background-size":"auto","background-attachment":"scroll","background-type":"","background-media":"","overlay-type":"","overlay-color":"","overlay-opacity":"","overlay-gradient":""},"mobile":{"background-color":"var(--ast-global-color-4)","background-image":"","background-repeat":"repeat","background-position":"center center","background-size":"auto","background-attachment":"scroll","background-type":"","background-media":"","overlay-type":"","overlay-color":"","overlay-opacity":"","overlay-gradient":""}}},"product_brand":[],"product_cat":[19],"product_tag":[],"class_list":{"0":"post-9399","1":"product","2":"type-product","3":"status-publish","4":"has-post-thumbnail","6":"product_cat-uncategorized","7":"pa_29860_v6bqgmnc-15-cm","8":"pa_29860_v6bqgmnc-20-cm","9":"pa_29860_v6bqgmnc-25-cm","10":"pa_29860_v6bqgmnc-30-cm","11":"desktop-align-left","12":"tablet-align-left","13":"mobile-align-left","15":"first","16":"instock","17":"shipping-taxable","18":"purchasable","19":"product-type-variable"},"_links":{"self":[{"href":"https:\/\/ecostera.com\/dk\/wp-json\/wp\/v2\/product\/9399","targetHints":{"allow":["GET"]}}],"collection":[{"href":"https:\/\/ecostera.com\/dk\/wp-json\/wp\/v2\/product"}],"about":[{"href":"https:\/\/ecostera.com\/dk\/wp-json\/wp\/v2\/types\/product"}],"replies":[{"embeddable":true,"href":"https:\/\/ecostera.com\/dk\/wp-json\/wp\/v2\/comments?post=9399"}],"wp:featuredmedia":[{"embeddable":true,"href":"https:\/\/ecostera.com\/dk\/wp-json\/wp\/v2\/media\/9395"}],"wp:attachment":[{"href":"https:\/\/ecostera.com\/dk\/wp-json\/wp\/v2\/media?parent=9399"}],"wp:term":[{"taxonomy":"product_brand","embeddable":true,"href":"https:\/\/ecostera.com\/dk\/wp-json\/wp\/v2\/product_brand?post=9399"},{"taxonomy":"product_cat","embeddable":true,"href":"https:\/\/ecostera.com\/dk\/wp-json\/wp\/v2\/product_cat?post=9399"},{"taxonomy":"product_tag","embeddable":true,"href":"https:\/\/ecostera.com\/dk\/wp-json\/wp\/v2\/product_tag?post=9399"}],"curies":[{"name":"wp","href":"https:\/\/api.w.org\/{rel}","templated":true}]}}