{"id":9499,"date":"2025-09-01T15:44:06","date_gmt":"2025-09-01T12:44:06","guid":{"rendered":"https:\/\/ecostera.com\/dk\/product\/serum-til-vaekst-af-oejenvipper\/"},"modified":"2025-09-12T14:36:39","modified_gmt":"2025-09-12T11:36:39","slug":"serum-til-vaekst-af-oejenvipper","status":"publish","type":"product","link":"https:\/\/ecostera.com\/dk\/product\/serum-til-vaekst-af-oejenvipper\/","title":{"rendered":"Serum til v\u00e6kst af \u00f8jenvipper"},"content":{"rendered":"<p style=\"text-align: center\" data-start=\"146\" data-end=\"190\"><strong>F\u00e5 L\u00e6ngere Og Fyldigere Vipper &#8211; Naturligt \u2728\ud83d\udc41\ufe0f<\/strong><\/p>\n<p style=\"text-align: center\" data-start=\"192\" data-end=\"419\">Dette \u00f8jenvippeserum n\u00e6rer og styrke dine vipper, s\u00e5 de vokser sig l\u00e6ngere, tykkere og fyldigere. Den er sk\u00e5nsom mod huden, nem at p\u00e5f\u00f8re og perfekt til alle, der \u00f8nsker naturligt smukke vipper uden extensions.<\/p>\n<p data-start=\"192\" data-end=\"419\"><img decoding=\"async\" class=\"size-full wp-image-33060 aligncenter\" src=\"https:\/\/keluvo.com\/template\/wp-content\/uploads\/sites\/5\/2025\/08\/07219-ezgif.com-video-to-webp-converter-2.webp\" alt=\"\" \/><\/p>\n<h2 style=\"text-align: center\" data-start=\"426\" data-end=\"445\"><strong>Vigtigste Fordele \u2705<\/strong><\/h2>\n<p data-start=\"449\" data-end=\"485\">\ud83c\udf3f Styrker og fortykker vipperne<\/p>\n<p data-start=\"488\" data-end=\"538\">\ud83d\udca7 Hydrerer h\u00e5rs\u00e6kkene og forebygger brud<\/p>\n<p data-start=\"541\" data-end=\"587\">\u2728 Fremmer naturlig \u00f8jenvippev\u00e6kst og volumen<\/p>\n<p data-start=\"590\" data-end=\"648\">\ud83e\uddea Beriget med kollagen, E-vitamin og planter extracts<\/p>\n<p data-start=\"651\" data-end=\"694\">\ud83d\udc41\ufe0f Sikker til f\u00f8lsom hud og daglig brug use<\/p>\n<p data-start=\"697\" data-end=\"737\">\u23f1\ufe0f Synlige resultater p\u00e5 f\u00e5 uger<\/p>\n<p data-start=\"697\" data-end=\"737\"><img decoding=\"async\" class=\"size-full wp-image-33056 aligncenter\" src=\"https:\/\/keluvo.com\/template\/wp-content\/uploads\/sites\/5\/2025\/08\/6_89391af2-8d5a-474a-a79b-30919dc8efcf.webp\" alt=\"\" \/><\/p>\n<h2 style=\"text-align: center\" data-start=\"744\" data-end=\"764\"><strong>S\u00e5dan Bruges Den \ud83d\udc47<\/strong><\/h2>\n<ol data-start=\"766\" data-end=\"1000\">\n<li data-start=\"766\" data-end=\"808\">\n<p data-start=\"769\" data-end=\"808\">Rens ansigtet, og fjern al makeup.<\/p>\n<\/li>\n<li data-start=\"809\" data-end=\"874\">\n<p data-start=\"812\" data-end=\"874\">P\u00e5f\u00f8r et tyndt lag serum p\u00e5 vippekanten (som eyeliner).<\/p>\n<\/li>\n<li data-start=\"875\" data-end=\"915\">\n<p data-start=\"878\" data-end=\"915\">Brug en gang dagligt, helst om natten.<\/p>\n<\/li>\n<li data-start=\"916\" data-end=\"951\">\n<p data-start=\"919\" data-end=\"951\">Undg\u00e5 direkte kontakt med \u00f8jnene.<\/p>\n<\/li>\n<li data-start=\"952\" data-end=\"1000\">\n<p data-start=\"955\" data-end=\"1000\">For de bedste resultater skal du forts\u00e6tte med at bruge det konsekvent.<\/p>\n<\/li>\n<\/ol>\n<h2 style=\"text-align: center\" data-start=\"1007\" data-end=\"1029\"><strong>Produktoplysninger \ud83d\udccc<\/strong><\/h2>\n<ul data-start=\"1031\" data-end=\"1274\">\n<li data-start=\"1031\" data-end=\"1093\">\n<p data-start=\"1033\" data-end=\"1093\">Formula: Kollagen, E-vitamin, peptider, botaniske ekstrakter<\/p>\n<\/li>\n<li data-start=\"1094\" data-end=\"1139\">\n<p data-start=\"1096\" data-end=\"1139\">Anvendelse: Pr\u00e6cisionsb\u00f8rste til nem brug<\/p>\n<\/li>\n<li data-start=\"1140\" data-end=\"1176\">\n<p data-start=\"1142\" data-end=\"1176\">Konsistens: Let, ikke-fedtet<\/p>\n<\/li>\n<li data-start=\"1177\" data-end=\"1219\">\n<p data-start=\"1179\" data-end=\"1219\">Hudtype: Velegnet til alle hudtyper<\/p>\n<\/li>\n<li data-start=\"1220\" data-end=\"1274\">\n<p data-start=\"1222\" data-end=\"1274\">Effekt: Fyldigere, l\u00e6ngere og sundere vipper over tid<\/p>\n<\/li>\n<\/ul>\n<h2 style=\"text-align: center\" data-start=\"1281\" data-end=\"1304\"><strong>Pakken Indeholder \ud83d\udce6<\/strong><\/h2>\n<ul data-start=\"1306\" data-end=\"1386\">\n<li data-start=\"1306\" data-end=\"1361\">\n<p data-start=\"1308\" data-end=\"1361\">1x \u00f8jenvippev\u00e6kstserum.<\/p>\n<\/li>\n<\/ul>\n","protected":false},"excerpt":{"rendered":"<p>F\u00e5 L\u00e6ngere Og Fyldigere Vipper &#8211; Naturligt \u2728\ud83d\udc41\ufe0f Dette \u00f8jenvippeserum n\u00e6rer og styrke dine vipper, s\u00e5 de vokser sig l\u00e6ngere, [&hellip;]<\/p>\n","protected":false},"featured_media":9495,"comment_status":"open","ping_status":"closed","template":"","meta":{"site-sidebar-layout":"default","site-content-layout":"","ast-site-content-layout":"default","site-content-style":"default","site-sidebar-style":"default","ast-global-header-display":"","ast-banner-title-visibility":"","ast-main-header-display":"","ast-hfb-above-header-display":"","ast-hfb-below-header-display":"","ast-hfb-mobile-header-display":"","site-post-title":"","ast-breadcrumbs-content":"","ast-featured-img":"","footer-sml-layout":"","theme-transparent-header-meta":"default","adv-header-id-meta":"","stick-header-meta":"","header-above-stick-meta":"","header-main-stick-meta":"","header-below-stick-meta":"","astra-migrate-meta-layouts":"set","ast-page-background-enabled":"default","ast-page-background-meta":{"desktop":{"background-color":"var(--ast-global-color-5)","background-image":"","background-repeat":"repeat","background-position":"center center","background-size":"auto","background-attachment":"scroll","background-type":"","background-media":"","overlay-type":"","overlay-color":"","overlay-opacity":"","overlay-gradient":""},"tablet":{"background-color":"","background-image":"","background-repeat":"repeat","background-position":"center center","background-size":"auto","background-attachment":"scroll","background-type":"","background-media":"","overlay-type":"","overlay-color":"","overlay-opacity":"","overlay-gradient":""},"mobile":{"background-color":"","background-image":"","background-repeat":"repeat","background-position":"center center","background-size":"auto","background-attachment":"scroll","background-type":"","background-media":"","overlay-type":"","overlay-color":"","overlay-opacity":"","overlay-gradient":""}},"ast-content-background-meta":{"desktop":{"background-color":"var(--ast-global-color-4)","background-image":"","background-repeat":"repeat","background-position":"center center","background-size":"auto","background-attachment":"scroll","background-type":"","background-media":"","overlay-type":"","overlay-color":"","overlay-opacity":"","overlay-gradient":""},"tablet":{"background-color":"var(--ast-global-color-4)","background-image":"","background-repeat":"repeat","background-position":"center center","background-size":"auto","background-attachment":"scroll","background-type":"","background-media":"","overlay-type":"","overlay-color":"","overlay-opacity":"","overlay-gradient":""},"mobile":{"background-color":"var(--ast-global-color-4)","background-image":"","background-repeat":"repeat","background-position":"center center","background-size":"auto","background-attachment":"scroll","background-type":"","background-media":"","overlay-type":"","overlay-color":"","overlay-opacity":"","overlay-gradient":""}}},"product_brand":[],"product_cat":[19],"product_tag":[],"class_list":{"0":"post-9499","1":"product","2":"type-product","3":"status-publish","4":"has-post-thumbnail","6":"product_cat-uncategorized","7":"desktop-align-left","8":"tablet-align-left","9":"mobile-align-left","11":"first","12":"instock","13":"shipping-taxable","14":"purchasable","15":"product-type-simple"},"_links":{"self":[{"href":"https:\/\/ecostera.com\/dk\/wp-json\/wp\/v2\/product\/9499","targetHints":{"allow":["GET"]}}],"collection":[{"href":"https:\/\/ecostera.com\/dk\/wp-json\/wp\/v2\/product"}],"about":[{"href":"https:\/\/ecostera.com\/dk\/wp-json\/wp\/v2\/types\/product"}],"replies":[{"embeddable":true,"href":"https:\/\/ecostera.com\/dk\/wp-json\/wp\/v2\/comments?post=9499"}],"wp:featuredmedia":[{"embeddable":true,"href":"https:\/\/ecostera.com\/dk\/wp-json\/wp\/v2\/media\/9495"}],"wp:attachment":[{"href":"https:\/\/ecostera.com\/dk\/wp-json\/wp\/v2\/media?parent=9499"}],"wp:term":[{"taxonomy":"product_brand","embeddable":true,"href":"https:\/\/ecostera.com\/dk\/wp-json\/wp\/v2\/product_brand?post=9499"},{"taxonomy":"product_cat","embeddable":true,"href":"https:\/\/ecostera.com\/dk\/wp-json\/wp\/v2\/product_cat?post=9499"},{"taxonomy":"product_tag","embeddable":true,"href":"https:\/\/ecostera.com\/dk\/wp-json\/wp\/v2\/product_tag?post=9499"}],"curies":[{"name":"wp","href":"https:\/\/api.w.org\/{rel}","templated":true}]}}