{"id":9647,"date":"2025-09-03T09:38:36","date_gmt":"2025-09-03T06:38:36","guid":{"rendered":"https:\/\/ecostera.com\/dk\/product\/boejleforbindelses-kroge\/"},"modified":"2025-09-03T09:39:04","modified_gmt":"2025-09-03T06:39:04","slug":"boejleforbindelses-kroge","status":"publish","type":"product","link":"https:\/\/ecostera.com\/dk\/product\/boejleforbindelses-kroge\/","title":{"rendered":"B\u00f8jleforbindelses-kroge"},"content":{"rendered":"<h2 style=\"text-align: center\">Maksimer Skabspladsen<\/h2>\n<p style=\"text-align: center\">Med b\u00f8jlekroge kan du h\u00e6nge flere b\u00f8jler i en kaskadestil, s\u00e5 du sparer v\u00e6rdifuld skabsplads. Disse kroge er perfekte til at organisere dit t\u00f8j og holde din garderobe p\u00e6n og ryddelig.<\/p>\n<p><img decoding=\"async\" class=\"alignnone size-full wp-image-33504 aligncenter\" src=\"https:\/\/keluvo.com\/template\/wp-content\/uploads\/sites\/5\/2024\/12\/coat-hangerr.jpg\" \/><\/p>\n<h2 style=\"text-align: center\">Holdbar Og Let<\/h2>\n<p style=\"text-align: center\">Lavet af plast i h\u00f8j kvalitet er b\u00f8jlesamlekroge robuste nok til at holde dit t\u00f8j sikkert. P\u00e5 trods af deres holdbarhed er de lette og kompakte, hvilket g\u00f8r dem nemme at bruge og b\u00e6re.<\/p>\n<p><img decoding=\"async\" class=\"alignnone size-medium wp-image-5396 aligncenter\" src=\"https:\/\/keluvo.com\/template\/wp-content\/uploads\/sites\/5\/2024\/12\/S5c11964917f84a42a54a4bd8f9377166A.webp\" alt=\"\" \/><\/p>\n","protected":false},"excerpt":{"rendered":"<p>Maksimer Skabspladsen Med b\u00f8jlekroge kan du h\u00e6nge flere b\u00f8jler i en kaskadestil, s\u00e5 du sparer v\u00e6rdifuld skabsplads. Disse kroge er [&hellip;]<\/p>\n","protected":false},"featured_media":9643,"comment_status":"open","ping_status":"closed","template":"","meta":{"site-sidebar-layout":"default","site-content-layout":"","ast-site-content-layout":"default","site-content-style":"default","site-sidebar-style":"default","ast-global-header-display":"","ast-banner-title-visibility":"","ast-main-header-display":"","ast-hfb-above-header-display":"","ast-hfb-below-header-display":"","ast-hfb-mobile-header-display":"","site-post-title":"","ast-breadcrumbs-content":"","ast-featured-img":"","footer-sml-layout":"","theme-transparent-header-meta":"default","adv-header-id-meta":"","stick-header-meta":"","header-above-stick-meta":"","header-main-stick-meta":"","header-below-stick-meta":"","astra-migrate-meta-layouts":"set","ast-page-background-enabled":"default","ast-page-background-meta":{"desktop":{"background-color":"var(--ast-global-color-5)","background-image":"","background-repeat":"repeat","background-position":"center center","background-size":"auto","background-attachment":"scroll","background-type":"","background-media":"","overlay-type":"","overlay-color":"","overlay-opacity":"","overlay-gradient":""},"tablet":{"background-color":"","background-image":"","background-repeat":"repeat","background-position":"center center","background-size":"auto","background-attachment":"scroll","background-type":"","background-media":"","overlay-type":"","overlay-color":"","overlay-opacity":"","overlay-gradient":""},"mobile":{"background-color":"","background-image":"","background-repeat":"repeat","background-position":"center center","background-size":"auto","background-attachment":"scroll","background-type":"","background-media":"","overlay-type":"","overlay-color":"","overlay-opacity":"","overlay-gradient":""}},"ast-content-background-meta":{"desktop":{"background-color":"var(--ast-global-color-4)","background-image":"","background-repeat":"repeat","background-position":"center center","background-size":"auto","background-attachment":"scroll","background-type":"","background-media":"","overlay-type":"","overlay-color":"","overlay-opacity":"","overlay-gradient":""},"tablet":{"background-color":"var(--ast-global-color-4)","background-image":"","background-repeat":"repeat","background-position":"center center","background-size":"auto","background-attachment":"scroll","background-type":"","background-media":"","overlay-type":"","overlay-color":"","overlay-opacity":"","overlay-gradient":""},"mobile":{"background-color":"var(--ast-global-color-4)","background-image":"","background-repeat":"repeat","background-position":"center center","background-size":"auto","background-attachment":"scroll","background-type":"","background-media":"","overlay-type":"","overlay-color":"","overlay-opacity":"","overlay-gradient":""}}},"product_brand":[],"product_cat":[19],"product_tag":[],"class_list":{"0":"post-9647","1":"product","2":"type-product","3":"status-publish","4":"has-post-thumbnail","6":"product_cat-uncategorized","7":"pa_18035_d5dx294o-5-stk","8":"pa_18035_d5dx294o-10-stk","9":"pa_18035_vniba4z9-blaa","10":"pa_18035_vniba4z9-groen","11":"pa_18035_vniba4z9-hvid","12":"pa_18035_vniba4z9-lyseroed","13":"desktop-align-left","14":"tablet-align-left","15":"mobile-align-left","17":"first","18":"instock","19":"shipping-taxable","20":"purchasable","21":"product-type-variable","22":"has-default-attributes"},"_links":{"self":[{"href":"https:\/\/ecostera.com\/dk\/wp-json\/wp\/v2\/product\/9647","targetHints":{"allow":["GET"]}}],"collection":[{"href":"https:\/\/ecostera.com\/dk\/wp-json\/wp\/v2\/product"}],"about":[{"href":"https:\/\/ecostera.com\/dk\/wp-json\/wp\/v2\/types\/product"}],"replies":[{"embeddable":true,"href":"https:\/\/ecostera.com\/dk\/wp-json\/wp\/v2\/comments?post=9647"}],"wp:featuredmedia":[{"embeddable":true,"href":"https:\/\/ecostera.com\/dk\/wp-json\/wp\/v2\/media\/9643"}],"wp:attachment":[{"href":"https:\/\/ecostera.com\/dk\/wp-json\/wp\/v2\/media?parent=9647"}],"wp:term":[{"taxonomy":"product_brand","embeddable":true,"href":"https:\/\/ecostera.com\/dk\/wp-json\/wp\/v2\/product_brand?post=9647"},{"taxonomy":"product_cat","embeddable":true,"href":"https:\/\/ecostera.com\/dk\/wp-json\/wp\/v2\/product_cat?post=9647"},{"taxonomy":"product_tag","embeddable":true,"href":"https:\/\/ecostera.com\/dk\/wp-json\/wp\/v2\/product_tag?post=9647"}],"curies":[{"name":"wp","href":"https:\/\/api.w.org\/{rel}","templated":true}]}}